{"id":747,"date":"2020-10-21T22:09:45","date_gmt":"2020-10-21T20:09:45","guid":{"rendered":"https:\/\/www.naturessenzen.com\/?post_type=product&#038;p=747"},"modified":"2023-09-26T11:29:14","modified_gmt":"2023-09-26T09:29:14","slug":"rotes-weinlaub-tinktur-vitis-vinifera-kraeutertropfen","status":"publish","type":"product","link":"https:\/\/www.naturessenzen.com\/produkt\/rotes-weinlaub-tinktur-vitis-vinifera-kraeutertropfen\/","title":{"rendered":"Rotes Weinlaub Tinktur"},"content":{"rendered":"<h2>Rotes Weinlaub Tinktur &#8211; vitis vinifera Tropfen<\/h2>\n<p>Die nat\u00fcrlichen Inhaltsstoffe der<strong> Rotes Weinlaub Tinktur &#8211; vitis vinifera Tropfen <\/strong>sind: Wasser, Alkohol, Rotes Weinlaub.<\/p>\n<p>F\u00fcr die Herstellung dieser sehr wertvollen Tropfen verwenden wir die Bl\u00e4tter.<\/p>\n<p>Der lateinische Name &#8222;vitis&#8220; kann mit &#8222;sich winden&#8220; \u00fcbersetzt werden. &#8222;vinifera&#8220; setzt sich aus &#8222;vinum&#8220; = &#8222;Wein&#8220; und &#8222;fer&#8220; = &#8222;tragend&#8220; zusammen.<\/p>\n<p>Die rote Weinrebe geh\u00f6rt zur Familie der Weinrebengew\u00e4chse (vitaceae). Sie wird in Mittel- und S\u00fcdeuropa, Australien und S\u00fcdafrika angebaut. Weltweit gibt es 60 verschiedene Arten und \u00fcber 16.000 Sorten. Die bekanntesten Kulturformen gehen auf die &#8222;echte&#8220; Weinrebe, die vitis vinifera, zur\u00fcck.<\/p>\n<p>Die Weinreben klettern mit Sprossranken bis zu 20 Meter hoch. Der holzige Stamm tr\u00e4gt rundliche bis herzf\u00f6rmige Bl\u00e4tter. Die Bl\u00e4tter sind drei- bis f\u00fcnflappig und am Rand grob gez\u00e4hnt. Die Blattunterseite ist filzig behaart. Die unscheinbaren, gelbgr\u00fcnen, in Rispen oder Trugdolden wachsende Bl\u00fcten locken Bienen und andere Insekten an. In der kurzen Bl\u00fctezeit umschwirren die Insekten die Pflanze. Aus den Bl\u00fcten werden gr\u00fcne bis dunkelviolette Beeren (Fr\u00fcchte), die wir als Weintrauben so sch\u00e4tzen. Im Herbst f\u00e4rben sich die Bl\u00e4tter tiefrot. Im getrockneten Zustand haben die Bl\u00e4tter eine hellrote Farbe.<\/p>\n<p>Bereits die R\u00f6mer beschrieben den gesundheitlichen Nutzen der Weinbl\u00e4tter. Die neuzeitliche Phytotherapie entdeckt die vielseitigen Einsatzm\u00f6glichkeiten neu. Neben den gesundheitlichen Verwendungszwecken ist der kulinarische Genuss nicht zu vergessen. Rund ums Mittelmeer gibt es Rezepte mit gef\u00fcllten Weinbl\u00e4ttern. Klassisch werden sie mit Reis oder Fleisch gef\u00fcllt. In Frankreich wickelt man die Weinbl\u00e4tter gerne um K\u00e4se.<\/p>\n<p>Der &#8222;Verein zur F\u00f6rderung der naturgem\u00e4\u00dfen Heilweise nach Theophrastus Bombastus von Hohenheim, genannt Paracelsus e.V.&#8220; hat die Weinrebe zur Heilpflanze des Jahres 2023 erkl\u00e4rt.<\/p>\n","protected":false},"excerpt":{"rendered":"<ul>\n<li>Anwendungsgebiete: Venen, Beine, Besenrei\u00dfer, Krampfadern<\/li>\n<li>Reinsubstanz \u2013 nur Wirkstoffe der Kr\u00e4uter enthalten<\/li>\n<li>Arzneimittelqualit\u00e4t der Kr\u00e4uter<\/li>\n<li>Gute Alternative zu Kapseln oder Tee<\/li>\n<li>Ausreichend f\u00fcr 50 Tage Kr\u00e4uterkur<\/li>\n<li>H\u00f6chste Qualit\u00e4tsstandards und Hygienerichtlinien<\/li>\n<li>Frei von k\u00fcnstlichen Zus\u00e4tzen und Farbstoffen<\/li>\n<li>Hergestellt nach traditionellen alchemistischen Grunds\u00e4tzen &#8211; nach Ansicht von Paracelsus<\/li>\n<\/ul>\n<p>Alchemische<strong> nat\u00fcrliche Tinktur, 50 ml<\/strong> Glasflasche<strong><br \/>\n<\/strong><\/p>\n","protected":false},"featured_media":913,"comment_status":"closed","ping_status":"closed","template":"","meta":{"inline_featured_image":false},"product_cat":[19],"product_tag":[],"acf":[],"yoast_head":"<!-- This site is optimized with the Yoast SEO plugin v20.11 - https:\/\/yoast.com\/wordpress\/plugins\/seo\/ -->\n<title>Rotes Weinlaub Tinktur - vitis vinifera Tropfen kaufen<\/title>\n<meta name=\"description\" content=\"Rotes Weinlaub Tinktur - vitis vinifera Tropfen kaufen \u2713 rein pflanzlich \u2713 versandkostenfrei \u2713 besondere Tropfen aus K\u00e4rnten\" \/>\n<meta name=\"robots\" content=\"index, follow, max-snippet:-1, max-image-preview:large, max-video-preview:-1\" \/>\n<link rel=\"canonical\" href=\"https:\/\/www.naturessenzen.com\/produkt\/rotes-weinlaub-tinktur-vitis-vinifera-kraeutertropfen\/\" \/>\n<meta property=\"og:locale\" content=\"de_DE\" \/>\n<meta property=\"og:type\" content=\"article\" \/>\n<meta property=\"og:title\" content=\"Rotes Weinlaub Tinktur - vitis vinifera Tropfen kaufen\" \/>\n<meta property=\"og:description\" content=\"Rotes Weinlaub Tinktur - vitis vinifera Tropfen kaufen \u2713 rein pflanzlich \u2713 versandkostenfrei \u2713 besondere Tropfen aus K\u00e4rnten\" \/>\n<meta property=\"og:url\" content=\"https:\/\/www.naturessenzen.com\/produkt\/rotes-weinlaub-tinktur-vitis-vinifera-kraeutertropfen\/\" \/>\n<meta property=\"og:site_name\" content=\"Duschlbaur&#039;s Kr\u00e4uter Shop - Tinktur Kr\u00e4utertinktur kaufen! Qualit\u00e4t seit 1917!\" \/>\n<meta property=\"article:modified_time\" content=\"2023-09-26T09:29:14+00:00\" \/>\n<meta property=\"og:image\" content=\"https:\/\/www.naturessenzen.com\/wp-content\/uploads\/2020\/11\/kraeuteressenz_kraeutertinktur_rotesweinlaub_venen_beine_besenreisser_krampfadern_heilmittel.png\" \/>\n\t<meta property=\"og:image:width\" content=\"1000\" \/>\n\t<meta property=\"og:image:height\" content=\"1000\" \/>\n\t<meta property=\"og:image:type\" content=\"image\/jpeg\" \/>\n<meta name=\"twitter:card\" content=\"summary_large_image\" \/>\n<meta name=\"twitter:label1\" content=\"Gesch\u00e4tzte Lesezeit\" \/>\n\t<meta name=\"twitter:data1\" content=\"2\u00a0Minuten\" \/>\n<script type=\"application\/ld+json\" class=\"yoast-schema-graph\">{\"@context\":\"https:\/\/schema.org\",\"@graph\":[{\"@type\":\"WebPage\",\"@id\":\"https:\/\/www.naturessenzen.com\/produkt\/rotes-weinlaub-tinktur-vitis-vinifera-kraeutertropfen\/\",\"url\":\"https:\/\/www.naturessenzen.com\/produkt\/rotes-weinlaub-tinktur-vitis-vinifera-kraeutertropfen\/\",\"name\":\"Rotes Weinlaub Tinktur - vitis vinifera Tropfen kaufen\",\"isPartOf\":{\"@id\":\"https:\/\/www.naturessenzen.com\/#website\"},\"datePublished\":\"2020-10-21T20:09:45+00:00\",\"dateModified\":\"2023-09-26T09:29:14+00:00\",\"description\":\"Rotes Weinlaub Tinktur - vitis vinifera Tropfen kaufen \u2713 rein pflanzlich \u2713 versandkostenfrei \u2713 besondere Tropfen aus K\u00e4rnten\",\"breadcrumb\":{\"@id\":\"https:\/\/www.naturessenzen.com\/produkt\/rotes-weinlaub-tinktur-vitis-vinifera-kraeutertropfen\/#breadcrumb\"},\"inLanguage\":\"de\",\"potentialAction\":[{\"@type\":\"ReadAction\",\"target\":[\"https:\/\/www.naturessenzen.com\/produkt\/rotes-weinlaub-tinktur-vitis-vinifera-kraeutertropfen\/\"]}]},{\"@type\":\"BreadcrumbList\",\"@id\":\"https:\/\/www.naturessenzen.com\/produkt\/rotes-weinlaub-tinktur-vitis-vinifera-kraeutertropfen\/#breadcrumb\",\"itemListElement\":[{\"@type\":\"ListItem\",\"position\":1,\"name\":\"Startseite\",\"item\":\"https:\/\/www.naturessenzen.com\/\"},{\"@type\":\"ListItem\",\"position\":2,\"name\":\"Shop\",\"item\":\"https:\/\/www.naturessenzen.com\/heilpflanzen-heilkraeuter-online-tinktur-kaufen\/\"},{\"@type\":\"ListItem\",\"position\":3,\"name\":\"Rotes Weinlaub Tinktur\"}]},{\"@type\":\"WebSite\",\"@id\":\"https:\/\/www.naturessenzen.com\/#website\",\"url\":\"https:\/\/www.naturessenzen.com\/\",\"name\":\"Duschlbaur&#039;s Kr\u00e4uter Shop - Tinktur Kr\u00e4utertinktur kaufen! Qualit\u00e4t seit 1917!\",\"description\":\"Wir haben einen gro\u00dfe Auswahl an Kr\u00e4utertinkturen in unserem Shop! Tinktur Kr\u00e4utertinktur kaufen!\",\"potentialAction\":[{\"@type\":\"SearchAction\",\"target\":{\"@type\":\"EntryPoint\",\"urlTemplate\":\"https:\/\/www.naturessenzen.com\/?s={search_term_string}\"},\"query-input\":\"required name=search_term_string\"}],\"inLanguage\":\"de\"}]}<\/script>\n<!-- \/ Yoast SEO plugin. -->","yoast_head_json":{"title":"Rotes Weinlaub Tinktur - vitis vinifera Tropfen kaufen","description":"Rotes Weinlaub Tinktur - vitis vinifera Tropfen kaufen \u2713 rein pflanzlich \u2713 versandkostenfrei \u2713 besondere Tropfen aus K\u00e4rnten","robots":{"index":"index","follow":"follow","max-snippet":"max-snippet:-1","max-image-preview":"max-image-preview:large","max-video-preview":"max-video-preview:-1"},"canonical":"https:\/\/www.naturessenzen.com\/produkt\/rotes-weinlaub-tinktur-vitis-vinifera-kraeutertropfen\/","og_locale":"de_DE","og_type":"article","og_title":"Rotes Weinlaub Tinktur - vitis vinifera Tropfen kaufen","og_description":"Rotes Weinlaub Tinktur - vitis vinifera Tropfen kaufen \u2713 rein pflanzlich \u2713 versandkostenfrei \u2713 besondere Tropfen aus K\u00e4rnten","og_url":"https:\/\/www.naturessenzen.com\/produkt\/rotes-weinlaub-tinktur-vitis-vinifera-kraeutertropfen\/","og_site_name":"Duschlbaur&#039;s Kr\u00e4uter Shop - Tinktur Kr\u00e4utertinktur kaufen! Qualit\u00e4t seit 1917!","article_modified_time":"2023-09-26T09:29:14+00:00","og_image":[{"width":1000,"height":1000,"url":"https:\/\/www.naturessenzen.com\/wp-content\/uploads\/2020\/11\/kraeuteressenz_kraeutertinktur_rotesweinlaub_venen_beine_besenreisser_krampfadern_heilmittel.png","type":"image\/jpeg"}],"twitter_card":"summary_large_image","twitter_misc":{"Gesch\u00e4tzte Lesezeit":"2\u00a0Minuten"},"schema":{"@context":"https:\/\/schema.org","@graph":[{"@type":"WebPage","@id":"https:\/\/www.naturessenzen.com\/produkt\/rotes-weinlaub-tinktur-vitis-vinifera-kraeutertropfen\/","url":"https:\/\/www.naturessenzen.com\/produkt\/rotes-weinlaub-tinktur-vitis-vinifera-kraeutertropfen\/","name":"Rotes Weinlaub Tinktur - vitis vinifera Tropfen kaufen","isPartOf":{"@id":"https:\/\/www.naturessenzen.com\/#website"},"datePublished":"2020-10-21T20:09:45+00:00","dateModified":"2023-09-26T09:29:14+00:00","description":"Rotes Weinlaub Tinktur - vitis vinifera Tropfen kaufen \u2713 rein pflanzlich \u2713 versandkostenfrei \u2713 besondere Tropfen aus K\u00e4rnten","breadcrumb":{"@id":"https:\/\/www.naturessenzen.com\/produkt\/rotes-weinlaub-tinktur-vitis-vinifera-kraeutertropfen\/#breadcrumb"},"inLanguage":"de","potentialAction":[{"@type":"ReadAction","target":["https:\/\/www.naturessenzen.com\/produkt\/rotes-weinlaub-tinktur-vitis-vinifera-kraeutertropfen\/"]}]},{"@type":"BreadcrumbList","@id":"https:\/\/www.naturessenzen.com\/produkt\/rotes-weinlaub-tinktur-vitis-vinifera-kraeutertropfen\/#breadcrumb","itemListElement":[{"@type":"ListItem","position":1,"name":"Startseite","item":"https:\/\/www.naturessenzen.com\/"},{"@type":"ListItem","position":2,"name":"Shop","item":"https:\/\/www.naturessenzen.com\/heilpflanzen-heilkraeuter-online-tinktur-kaufen\/"},{"@type":"ListItem","position":3,"name":"Rotes Weinlaub Tinktur"}]},{"@type":"WebSite","@id":"https:\/\/www.naturessenzen.com\/#website","url":"https:\/\/www.naturessenzen.com\/","name":"Duschlbaur&#039;s Kr\u00e4uter Shop - Tinktur Kr\u00e4utertinktur kaufen! Qualit\u00e4t seit 1917!","description":"Wir haben einen gro\u00dfe Auswahl an Kr\u00e4utertinkturen in unserem Shop! Tinktur Kr\u00e4utertinktur kaufen!","potentialAction":[{"@type":"SearchAction","target":{"@type":"EntryPoint","urlTemplate":"https:\/\/www.naturessenzen.com\/?s={search_term_string}"},"query-input":"required name=search_term_string"}],"inLanguage":"de"}]}},"_links":{"self":[{"href":"https:\/\/www.naturessenzen.com\/wp-json\/wp\/v2\/product\/747"}],"collection":[{"href":"https:\/\/www.naturessenzen.com\/wp-json\/wp\/v2\/product"}],"about":[{"href":"https:\/\/www.naturessenzen.com\/wp-json\/wp\/v2\/types\/product"}],"replies":[{"embeddable":true,"href":"https:\/\/www.naturessenzen.com\/wp-json\/wp\/v2\/comments?post=747"}],"wp:featuredmedia":[{"embeddable":true,"href":"https:\/\/www.naturessenzen.com\/wp-json\/wp\/v2\/media\/913"}],"wp:attachment":[{"href":"https:\/\/www.naturessenzen.com\/wp-json\/wp\/v2\/media?parent=747"}],"wp:term":[{"taxonomy":"product_cat","embeddable":true,"href":"https:\/\/www.naturessenzen.com\/wp-json\/wp\/v2\/product_cat?post=747"},{"taxonomy":"product_tag","embeddable":true,"href":"https:\/\/www.naturessenzen.com\/wp-json\/wp\/v2\/product_tag?post=747"}],"curies":[{"name":"wp","href":"https:\/\/api.w.org\/{rel}","templated":true}]}}