{"id":746,"date":"2020-10-21T22:07:06","date_gmt":"2020-10-21T20:07:06","guid":{"rendered":"https:\/\/www.naturessenzen.com\/?post_type=product&#038;p=746"},"modified":"2023-09-26T10:58:14","modified_gmt":"2023-09-26T08:58:14","slug":"kuerbis-tinktur-essenz-kraeutertropfen","status":"publish","type":"product","link":"https:\/\/www.naturessenzen.com\/produkt\/kuerbis-tinktur-essenz-kraeutertropfen\/","title":{"rendered":"K\u00fcrbis Tinktur"},"content":{"rendered":"<h2>K\u00fcrbis Tinktur Kr\u00e4utertropfen &#8211; cucurbita pepo Tropfen<\/h2>\n<p>Die nat\u00fcrlichen Inhaltsstoffe der <strong>K\u00fcrbis Tinktur Kr\u00e4utertropfen <\/strong>sind: Wasser, Alkohol, K\u00fcrbis.<\/p>\n<p>F\u00fcr die Herstellung dieser sehr wertvollen Tropfen verwenden wir die Pflanze mit Bl\u00fcte und Frucht.<\/p>\n<p>Bereits um 10.000 vor Christi Geburt bauten die Ureinwohner des amerikanischen Kontinents die K\u00fcrbispflanze an. Von dieser Wildart a\u00dfen die Menschen nur die \u00f6lhaltigen Kerne. Die anderen Pflanzenteile waren zu bitter und durch das Alkaloid Cucurbitacin giftig. Die heutigen Z\u00fcchtungen sind ungiftig. Nur Zierk\u00fcrbisse enthalten noch das giftige Alkaloid.<\/p>\n<p>Aus botanischer Sicht handelt es sich bei den Fr\u00fcchten der K\u00fcrbispflanze um Beeren. Im reifen Zustand verholzt die Au\u00dfenseite der K\u00fcrbisse. Dieses Merkmal reiht sie den Panzerbeeren zu. Die verschiedenen K\u00fcrbissorten unterscheiden sich durch Gr\u00f6\u00dfe, Form und Farbe.<\/p>\n<p>Die rauen Bl\u00e4tter des K\u00fcrbisses sind bis zu 50 cm breit und einzelne Triebe der Pflanze k\u00f6nnen bis zu zehn Meter lang werden. F\u00fcr eine gelingende Befruchtung m\u00fcssen m\u00e4nnliche und weibliche Bl\u00fcten zur selben Zeit bl\u00fchen. Die gro\u00dfen Bl\u00fcten sind von einer leuchtend gelben F\u00e4rbung. Der K\u00fcrbis entwickelt sich aus den weiblichen Bl\u00fcten. Die bis zu mehreren Kilogramm schweren K\u00fcrbisse sind innen hohl und mit dickschichtigem Fruchtfleisch ausgekleidet. Im Hohlraum ist eine weiche, lockere K\u00fcrbismasse mit wei\u00dflichem Kernen. Diese Kerne sind ger\u00f6stet eine gesunde Knabberei.<\/p>\n","protected":false},"excerpt":{"rendered":"<ul>\n<li>Anwendungsgebiete: Reizblase, Prostata, Harn<\/li>\n<li>Reinsubstanz \u2013 nur Wirkstoffe der Kr\u00e4uter enthalten<\/li>\n<li>Arzneimittelqualit\u00e4t der Kr\u00e4uter<\/li>\n<li>Gute Alternative zu Kapseln oder Tee<\/li>\n<li>Ausreichend f\u00fcr 50 Tage Kr\u00e4uterkur<\/li>\n<li>H\u00f6chste Qualit\u00e4tsstandards und Hygienerichtlinien<\/li>\n<li>Frei von k\u00fcnstlichen Zus\u00e4tzen und Farbstoffen<\/li>\n<li>Hergestellt nach traditionellen alchemistischen Grunds\u00e4tzen &#8211; nach Ansicht von Paracelsus<\/li>\n<\/ul>\n<p>Alchemische<strong> nat\u00fcrliche Tinktur, 50 ml<\/strong> Glasflasche<strong><br \/>\n<\/strong><\/p>\n","protected":false},"featured_media":901,"comment_status":"closed","ping_status":"closed","template":"","meta":{"inline_featured_image":false},"product_cat":[19],"product_tag":[],"acf":[],"yoast_head":"<!-- This site is optimized with the Yoast SEO plugin v20.11 - https:\/\/yoast.com\/wordpress\/plugins\/seo\/ -->\n<title>K\u00fcrbis Tinktur Kr\u00e4utertropfen kaufen - cucurbita pepo Tropfen<\/title>\n<meta name=\"description\" content=\"K\u00fcrbis Tinktur Kr\u00e4utertropfen kaufen \u2713 rein pflanzlich \u2713 Jetzt auf Rechnung bestellen \u2713 versandkostenfrei \u2713 beste Tropfen aus K\u00e4rnten\" \/>\n<meta name=\"robots\" content=\"index, follow, max-snippet:-1, max-image-preview:large, max-video-preview:-1\" \/>\n<link rel=\"canonical\" href=\"https:\/\/www.naturessenzen.com\/produkt\/kuerbis-tinktur-essenz-kraeutertropfen\/\" \/>\n<meta property=\"og:locale\" content=\"de_DE\" \/>\n<meta property=\"og:type\" content=\"article\" \/>\n<meta property=\"og:title\" content=\"K\u00fcrbis Tinktur Kr\u00e4utertropfen kaufen - cucurbita pepo Tropfen\" \/>\n<meta property=\"og:description\" content=\"K\u00fcrbis Tinktur Kr\u00e4utertropfen kaufen \u2713 rein pflanzlich \u2713 Jetzt auf Rechnung bestellen \u2713 versandkostenfrei \u2713 beste Tropfen aus K\u00e4rnten\" \/>\n<meta property=\"og:url\" content=\"https:\/\/www.naturessenzen.com\/produkt\/kuerbis-tinktur-essenz-kraeutertropfen\/\" \/>\n<meta property=\"og:site_name\" content=\"Duschlbaur&#039;s Kr\u00e4uter Shop - Tinktur Kr\u00e4utertinktur kaufen! Qualit\u00e4t seit 1917!\" \/>\n<meta property=\"article:modified_time\" content=\"2023-09-26T08:58:14+00:00\" \/>\n<meta property=\"og:image\" content=\"https:\/\/www.naturessenzen.com\/wp-content\/uploads\/2020\/11\/kraeuteressenz_kraeutertinktur_kuerbis_reizblase_prostata_harn_heilmittel.png\" \/>\n\t<meta property=\"og:image:width\" content=\"1000\" \/>\n\t<meta property=\"og:image:height\" content=\"1000\" \/>\n\t<meta property=\"og:image:type\" content=\"image\/jpeg\" \/>\n<meta name=\"twitter:card\" content=\"summary_large_image\" \/>\n<meta name=\"twitter:label1\" content=\"Gesch\u00e4tzte Lesezeit\" \/>\n\t<meta name=\"twitter:data1\" content=\"2\u00a0Minuten\" \/>\n<script type=\"application\/ld+json\" class=\"yoast-schema-graph\">{\"@context\":\"https:\/\/schema.org\",\"@graph\":[{\"@type\":\"WebPage\",\"@id\":\"https:\/\/www.naturessenzen.com\/produkt\/kuerbis-tinktur-essenz-kraeutertropfen\/\",\"url\":\"https:\/\/www.naturessenzen.com\/produkt\/kuerbis-tinktur-essenz-kraeutertropfen\/\",\"name\":\"K\u00fcrbis Tinktur Kr\u00e4utertropfen kaufen - cucurbita pepo Tropfen\",\"isPartOf\":{\"@id\":\"https:\/\/www.naturessenzen.com\/#website\"},\"datePublished\":\"2020-10-21T20:07:06+00:00\",\"dateModified\":\"2023-09-26T08:58:14+00:00\",\"description\":\"K\u00fcrbis Tinktur Kr\u00e4utertropfen kaufen \u2713 rein pflanzlich \u2713 Jetzt auf Rechnung bestellen \u2713 versandkostenfrei \u2713 beste Tropfen aus K\u00e4rnten\",\"breadcrumb\":{\"@id\":\"https:\/\/www.naturessenzen.com\/produkt\/kuerbis-tinktur-essenz-kraeutertropfen\/#breadcrumb\"},\"inLanguage\":\"de\",\"potentialAction\":[{\"@type\":\"ReadAction\",\"target\":[\"https:\/\/www.naturessenzen.com\/produkt\/kuerbis-tinktur-essenz-kraeutertropfen\/\"]}]},{\"@type\":\"BreadcrumbList\",\"@id\":\"https:\/\/www.naturessenzen.com\/produkt\/kuerbis-tinktur-essenz-kraeutertropfen\/#breadcrumb\",\"itemListElement\":[{\"@type\":\"ListItem\",\"position\":1,\"name\":\"Startseite\",\"item\":\"https:\/\/www.naturessenzen.com\/\"},{\"@type\":\"ListItem\",\"position\":2,\"name\":\"Shop\",\"item\":\"https:\/\/www.naturessenzen.com\/heilpflanzen-heilkraeuter-online-tinktur-kaufen\/\"},{\"@type\":\"ListItem\",\"position\":3,\"name\":\"K\u00fcrbis Tinktur\"}]},{\"@type\":\"WebSite\",\"@id\":\"https:\/\/www.naturessenzen.com\/#website\",\"url\":\"https:\/\/www.naturessenzen.com\/\",\"name\":\"Duschlbaur&#039;s Kr\u00e4uter Shop - Tinktur Kr\u00e4utertinktur kaufen! Qualit\u00e4t seit 1917!\",\"description\":\"Wir haben einen gro\u00dfe Auswahl an Kr\u00e4utertinkturen in unserem Shop! Tinktur Kr\u00e4utertinktur kaufen!\",\"potentialAction\":[{\"@type\":\"SearchAction\",\"target\":{\"@type\":\"EntryPoint\",\"urlTemplate\":\"https:\/\/www.naturessenzen.com\/?s={search_term_string}\"},\"query-input\":\"required name=search_term_string\"}],\"inLanguage\":\"de\"}]}<\/script>\n<!-- \/ Yoast SEO plugin. -->","yoast_head_json":{"title":"K\u00fcrbis Tinktur Kr\u00e4utertropfen kaufen - cucurbita pepo Tropfen","description":"K\u00fcrbis Tinktur Kr\u00e4utertropfen kaufen \u2713 rein pflanzlich \u2713 Jetzt auf Rechnung bestellen \u2713 versandkostenfrei \u2713 beste Tropfen aus K\u00e4rnten","robots":{"index":"index","follow":"follow","max-snippet":"max-snippet:-1","max-image-preview":"max-image-preview:large","max-video-preview":"max-video-preview:-1"},"canonical":"https:\/\/www.naturessenzen.com\/produkt\/kuerbis-tinktur-essenz-kraeutertropfen\/","og_locale":"de_DE","og_type":"article","og_title":"K\u00fcrbis Tinktur Kr\u00e4utertropfen kaufen - cucurbita pepo Tropfen","og_description":"K\u00fcrbis Tinktur Kr\u00e4utertropfen kaufen \u2713 rein pflanzlich \u2713 Jetzt auf Rechnung bestellen \u2713 versandkostenfrei \u2713 beste Tropfen aus K\u00e4rnten","og_url":"https:\/\/www.naturessenzen.com\/produkt\/kuerbis-tinktur-essenz-kraeutertropfen\/","og_site_name":"Duschlbaur&#039;s Kr\u00e4uter Shop - Tinktur Kr\u00e4utertinktur kaufen! Qualit\u00e4t seit 1917!","article_modified_time":"2023-09-26T08:58:14+00:00","og_image":[{"width":1000,"height":1000,"url":"https:\/\/www.naturessenzen.com\/wp-content\/uploads\/2020\/11\/kraeuteressenz_kraeutertinktur_kuerbis_reizblase_prostata_harn_heilmittel.png","type":"image\/jpeg"}],"twitter_card":"summary_large_image","twitter_misc":{"Gesch\u00e4tzte Lesezeit":"2\u00a0Minuten"},"schema":{"@context":"https:\/\/schema.org","@graph":[{"@type":"WebPage","@id":"https:\/\/www.naturessenzen.com\/produkt\/kuerbis-tinktur-essenz-kraeutertropfen\/","url":"https:\/\/www.naturessenzen.com\/produkt\/kuerbis-tinktur-essenz-kraeutertropfen\/","name":"K\u00fcrbis Tinktur Kr\u00e4utertropfen kaufen - cucurbita pepo Tropfen","isPartOf":{"@id":"https:\/\/www.naturessenzen.com\/#website"},"datePublished":"2020-10-21T20:07:06+00:00","dateModified":"2023-09-26T08:58:14+00:00","description":"K\u00fcrbis Tinktur Kr\u00e4utertropfen kaufen \u2713 rein pflanzlich \u2713 Jetzt auf Rechnung bestellen \u2713 versandkostenfrei \u2713 beste Tropfen aus K\u00e4rnten","breadcrumb":{"@id":"https:\/\/www.naturessenzen.com\/produkt\/kuerbis-tinktur-essenz-kraeutertropfen\/#breadcrumb"},"inLanguage":"de","potentialAction":[{"@type":"ReadAction","target":["https:\/\/www.naturessenzen.com\/produkt\/kuerbis-tinktur-essenz-kraeutertropfen\/"]}]},{"@type":"BreadcrumbList","@id":"https:\/\/www.naturessenzen.com\/produkt\/kuerbis-tinktur-essenz-kraeutertropfen\/#breadcrumb","itemListElement":[{"@type":"ListItem","position":1,"name":"Startseite","item":"https:\/\/www.naturessenzen.com\/"},{"@type":"ListItem","position":2,"name":"Shop","item":"https:\/\/www.naturessenzen.com\/heilpflanzen-heilkraeuter-online-tinktur-kaufen\/"},{"@type":"ListItem","position":3,"name":"K\u00fcrbis Tinktur"}]},{"@type":"WebSite","@id":"https:\/\/www.naturessenzen.com\/#website","url":"https:\/\/www.naturessenzen.com\/","name":"Duschlbaur&#039;s Kr\u00e4uter Shop - Tinktur Kr\u00e4utertinktur kaufen! Qualit\u00e4t seit 1917!","description":"Wir haben einen gro\u00dfe Auswahl an Kr\u00e4utertinkturen in unserem Shop! Tinktur Kr\u00e4utertinktur kaufen!","potentialAction":[{"@type":"SearchAction","target":{"@type":"EntryPoint","urlTemplate":"https:\/\/www.naturessenzen.com\/?s={search_term_string}"},"query-input":"required name=search_term_string"}],"inLanguage":"de"}]}},"_links":{"self":[{"href":"https:\/\/www.naturessenzen.com\/wp-json\/wp\/v2\/product\/746"}],"collection":[{"href":"https:\/\/www.naturessenzen.com\/wp-json\/wp\/v2\/product"}],"about":[{"href":"https:\/\/www.naturessenzen.com\/wp-json\/wp\/v2\/types\/product"}],"replies":[{"embeddable":true,"href":"https:\/\/www.naturessenzen.com\/wp-json\/wp\/v2\/comments?post=746"}],"wp:featuredmedia":[{"embeddable":true,"href":"https:\/\/www.naturessenzen.com\/wp-json\/wp\/v2\/media\/901"}],"wp:attachment":[{"href":"https:\/\/www.naturessenzen.com\/wp-json\/wp\/v2\/media?parent=746"}],"wp:term":[{"taxonomy":"product_cat","embeddable":true,"href":"https:\/\/www.naturessenzen.com\/wp-json\/wp\/v2\/product_cat?post=746"},{"taxonomy":"product_tag","embeddable":true,"href":"https:\/\/www.naturessenzen.com\/wp-json\/wp\/v2\/product_tag?post=746"}],"curies":[{"name":"wp","href":"https:\/\/api.w.org\/{rel}","templated":true}]}}