{"id":741,"date":"2020-10-21T21:56:33","date_gmt":"2020-10-21T19:56:33","guid":{"rendered":"https:\/\/www.naturessenzen.com\/?post_type=product&#038;p=741"},"modified":"2023-09-26T12:26:38","modified_gmt":"2023-09-26T10:26:38","slug":"wermut-tinktur-essenz-kraeutertropfen","status":"publish","type":"product","link":"https:\/\/www.naturessenzen.com\/produkt\/wermut-tinktur-essenz-kraeutertropfen\/","title":{"rendered":"Wermut Tinktur"},"content":{"rendered":"<h2>Wermut Tinktur &#8211; artemisia absinthium Tropfen<\/h2>\n<p>Die nat\u00fcrlichen Inhaltsstoffe der<strong> Wermut Tinktur Tropfen<\/strong> sind: Wasser, Alkohol, Wermut.<\/p>\n<p>F\u00fcr die Herstellung dieser sehr wertvollen Tropfen verwenden wir das Kraut mit der Bl\u00fcte.<\/p>\n<p>\u201eartemisia\u201c leitet sich von der griechischen G\u00f6ttin Artemis ab. In der Mythologie ist sie die G\u00f6ttin der Jagd, des Waldes, der Geburt und des Mondes. Sie gilt als Besch\u00fctzerin von Frauen und Kindern. \u201eabsinthium\u201c stammt vom griechischen \u201eapsinthion\u201c = Wermut.<\/p>\n<p>Die Wermut-Pflanze duftet herb-w\u00fcrzig und hat einen ausgepr\u00e4gt bitteren Geschmack \u2013 ein sprichw\u00f6rtlicher \u201eWermutstropfen\u201c. Der Geschmack ist eigenwillig und spielt daher im K\u00fcchenalltag keine gro\u00dfe Rolle. Wermut passt sehr gut zu deftigen Speisen. Es sollte jedoch sparsam verwenden werden, da sein starkes Aroma das W\u00fcrzaroma der anderen Zutaten aufheben kann.<\/p>\n<p>Bekannt geworden ist Wermut durch den Kr\u00e4uterwein Absinth.<\/p>\n<p>Botanisch gesehen geh\u00f6rt Wermut zur Familie der Korbbl\u00fctler (asteraceae) und zur Gattung der Artemisiengew\u00e4chse (artemisia). Die Gattung der Artemisiengew\u00e4chse umfasst \u00fcber 500 Arten.<\/p>\n<p>Der eher unscheinbare Wermut ist eine ausdauernde, krautige und mehrj\u00e4hrige Pflanze mit einer Wuchsh\u00f6he von bis zu einem Meter. Die Wermut-Pflanze tr\u00e4gt zwei- bis dreifach gefiederte Bl\u00e4tter mit einer dichten wei\u00df-seidigen Behaarung.<br \/>\nVon Juli bis September zeigen sich kleine, kugelige, gelbe Bl\u00fctenk\u00f6pfe, welche in Rispen angeordnet sind. Zerreibt man diese Bl\u00fcten zwischen den Fingern, verstr\u00f6men die darin enthaltenen \u00e4therischen \u00d6le einen aromatischen Duft.<\/p>\n<p>Zur Fruchtreife bilden sich gelbe bis ockerfarbene, l\u00e4ngliche Nussfr\u00fcchte.<\/p>\n","protected":false},"excerpt":{"rendered":"<ul>\n<li>Anwendungsgebiete: Magen, Darm, Galle, Gallenwege, Gallenblase<\/li>\n<li>Reinsubstanz \u2013 nur Wirkstoffe der Kr\u00e4uter enthalten<\/li>\n<li>Arzneimittelqualit\u00e4t der Kr\u00e4uter<\/li>\n<li>Gute Alternative zu Kapseln oder Tee<\/li>\n<li>Ausreichend f\u00fcr 50 Tage Kr\u00e4uterkur<\/li>\n<li>H\u00f6chste Qualit\u00e4tsstandards und Hygienerichtlinien<\/li>\n<li>Frei von k\u00fcnstlichen Zus\u00e4tzen und Farbstoffen<\/li>\n<li>Hergestellt nach traditionellen alchemistischen Grunds\u00e4tzen &#8211; nach Ansicht von Paracelsus<\/li>\n<\/ul>\n<p>Alchemische<strong> nat\u00fcrliche Tinktur, 50 ml<\/strong> Glasflasche<strong><br \/>\n<\/strong><\/p>\n","protected":false},"featured_media":929,"comment_status":"closed","ping_status":"closed","template":"","meta":{"inline_featured_image":false},"product_cat":[19],"product_tag":[],"acf":[],"yoast_head":"<!-- This site is optimized with the Yoast SEO plugin v20.11 - https:\/\/yoast.com\/wordpress\/plugins\/seo\/ -->\n<title>Wermut Tinktur Tropfen - artemisia absinthium Tropfen<\/title>\n<meta name=\"description\" content=\"Wermut Tinktur kaufen \u2713 rein pflanzliche Essenz \u2713 Jetzt auf Rechnung bestellen \u2713 versandkostenfrei \u2713 beste Tropfen aus K\u00e4rnten\" \/>\n<meta name=\"robots\" content=\"index, follow, max-snippet:-1, max-image-preview:large, max-video-preview:-1\" \/>\n<link rel=\"canonical\" href=\"https:\/\/www.naturessenzen.com\/produkt\/wermut-tinktur-essenz-kraeutertropfen\/\" \/>\n<meta property=\"og:locale\" content=\"de_DE\" \/>\n<meta property=\"og:type\" content=\"article\" \/>\n<meta property=\"og:title\" content=\"Wermut Tinktur Tropfen - artemisia absinthium Tropfen\" \/>\n<meta property=\"og:description\" content=\"Wermut Tinktur kaufen \u2713 rein pflanzliche Essenz \u2713 Jetzt auf Rechnung bestellen \u2713 versandkostenfrei \u2713 beste Tropfen aus K\u00e4rnten\" \/>\n<meta property=\"og:url\" content=\"https:\/\/www.naturessenzen.com\/produkt\/wermut-tinktur-essenz-kraeutertropfen\/\" \/>\n<meta property=\"og:site_name\" content=\"Duschlbaur&#039;s Kr\u00e4uter Shop - Tinktur Kr\u00e4utertinktur kaufen! Qualit\u00e4t seit 1917!\" \/>\n<meta property=\"article:modified_time\" content=\"2023-09-26T10:26:38+00:00\" \/>\n<meta property=\"og:image\" content=\"https:\/\/www.naturessenzen.com\/wp-content\/uploads\/2020\/11\/kraeuteressenz_kraeutertinktur_wermut_magen_darm_blaehungen_gallenwege_gallensteine.png\" \/>\n\t<meta property=\"og:image:width\" content=\"1000\" \/>\n\t<meta property=\"og:image:height\" content=\"1000\" \/>\n\t<meta property=\"og:image:type\" content=\"image\/jpeg\" \/>\n<meta name=\"twitter:card\" content=\"summary_large_image\" \/>\n<meta name=\"twitter:label1\" content=\"Gesch\u00e4tzte Lesezeit\" \/>\n\t<meta name=\"twitter:data1\" content=\"2\u00a0Minuten\" \/>\n<script type=\"application\/ld+json\" class=\"yoast-schema-graph\">{\"@context\":\"https:\/\/schema.org\",\"@graph\":[{\"@type\":\"WebPage\",\"@id\":\"https:\/\/www.naturessenzen.com\/produkt\/wermut-tinktur-essenz-kraeutertropfen\/\",\"url\":\"https:\/\/www.naturessenzen.com\/produkt\/wermut-tinktur-essenz-kraeutertropfen\/\",\"name\":\"Wermut Tinktur Tropfen - artemisia absinthium Tropfen\",\"isPartOf\":{\"@id\":\"https:\/\/www.naturessenzen.com\/#website\"},\"datePublished\":\"2020-10-21T19:56:33+00:00\",\"dateModified\":\"2023-09-26T10:26:38+00:00\",\"description\":\"Wermut Tinktur kaufen \u2713 rein pflanzliche Essenz \u2713 Jetzt auf Rechnung bestellen \u2713 versandkostenfrei \u2713 beste Tropfen aus K\u00e4rnten\",\"breadcrumb\":{\"@id\":\"https:\/\/www.naturessenzen.com\/produkt\/wermut-tinktur-essenz-kraeutertropfen\/#breadcrumb\"},\"inLanguage\":\"de\",\"potentialAction\":[{\"@type\":\"ReadAction\",\"target\":[\"https:\/\/www.naturessenzen.com\/produkt\/wermut-tinktur-essenz-kraeutertropfen\/\"]}]},{\"@type\":\"BreadcrumbList\",\"@id\":\"https:\/\/www.naturessenzen.com\/produkt\/wermut-tinktur-essenz-kraeutertropfen\/#breadcrumb\",\"itemListElement\":[{\"@type\":\"ListItem\",\"position\":1,\"name\":\"Startseite\",\"item\":\"https:\/\/www.naturessenzen.com\/\"},{\"@type\":\"ListItem\",\"position\":2,\"name\":\"Shop\",\"item\":\"https:\/\/www.naturessenzen.com\/heilpflanzen-heilkraeuter-online-tinktur-kaufen\/\"},{\"@type\":\"ListItem\",\"position\":3,\"name\":\"Wermut Tinktur\"}]},{\"@type\":\"WebSite\",\"@id\":\"https:\/\/www.naturessenzen.com\/#website\",\"url\":\"https:\/\/www.naturessenzen.com\/\",\"name\":\"Duschlbaur&#039;s Kr\u00e4uter Shop - Tinktur Kr\u00e4utertinktur kaufen! Qualit\u00e4t seit 1917!\",\"description\":\"Wir haben einen gro\u00dfe Auswahl an Kr\u00e4utertinkturen in unserem Shop! Tinktur Kr\u00e4utertinktur kaufen!\",\"potentialAction\":[{\"@type\":\"SearchAction\",\"target\":{\"@type\":\"EntryPoint\",\"urlTemplate\":\"https:\/\/www.naturessenzen.com\/?s={search_term_string}\"},\"query-input\":\"required name=search_term_string\"}],\"inLanguage\":\"de\"}]}<\/script>\n<!-- \/ Yoast SEO plugin. -->","yoast_head_json":{"title":"Wermut Tinktur Tropfen - artemisia absinthium Tropfen","description":"Wermut Tinktur kaufen \u2713 rein pflanzliche Essenz \u2713 Jetzt auf Rechnung bestellen \u2713 versandkostenfrei \u2713 beste Tropfen aus K\u00e4rnten","robots":{"index":"index","follow":"follow","max-snippet":"max-snippet:-1","max-image-preview":"max-image-preview:large","max-video-preview":"max-video-preview:-1"},"canonical":"https:\/\/www.naturessenzen.com\/produkt\/wermut-tinktur-essenz-kraeutertropfen\/","og_locale":"de_DE","og_type":"article","og_title":"Wermut Tinktur Tropfen - artemisia absinthium Tropfen","og_description":"Wermut Tinktur kaufen \u2713 rein pflanzliche Essenz \u2713 Jetzt auf Rechnung bestellen \u2713 versandkostenfrei \u2713 beste Tropfen aus K\u00e4rnten","og_url":"https:\/\/www.naturessenzen.com\/produkt\/wermut-tinktur-essenz-kraeutertropfen\/","og_site_name":"Duschlbaur&#039;s Kr\u00e4uter Shop - Tinktur Kr\u00e4utertinktur kaufen! Qualit\u00e4t seit 1917!","article_modified_time":"2023-09-26T10:26:38+00:00","og_image":[{"width":1000,"height":1000,"url":"https:\/\/www.naturessenzen.com\/wp-content\/uploads\/2020\/11\/kraeuteressenz_kraeutertinktur_wermut_magen_darm_blaehungen_gallenwege_gallensteine.png","type":"image\/jpeg"}],"twitter_card":"summary_large_image","twitter_misc":{"Gesch\u00e4tzte Lesezeit":"2\u00a0Minuten"},"schema":{"@context":"https:\/\/schema.org","@graph":[{"@type":"WebPage","@id":"https:\/\/www.naturessenzen.com\/produkt\/wermut-tinktur-essenz-kraeutertropfen\/","url":"https:\/\/www.naturessenzen.com\/produkt\/wermut-tinktur-essenz-kraeutertropfen\/","name":"Wermut Tinktur Tropfen - artemisia absinthium Tropfen","isPartOf":{"@id":"https:\/\/www.naturessenzen.com\/#website"},"datePublished":"2020-10-21T19:56:33+00:00","dateModified":"2023-09-26T10:26:38+00:00","description":"Wermut Tinktur kaufen \u2713 rein pflanzliche Essenz \u2713 Jetzt auf Rechnung bestellen \u2713 versandkostenfrei \u2713 beste Tropfen aus K\u00e4rnten","breadcrumb":{"@id":"https:\/\/www.naturessenzen.com\/produkt\/wermut-tinktur-essenz-kraeutertropfen\/#breadcrumb"},"inLanguage":"de","potentialAction":[{"@type":"ReadAction","target":["https:\/\/www.naturessenzen.com\/produkt\/wermut-tinktur-essenz-kraeutertropfen\/"]}]},{"@type":"BreadcrumbList","@id":"https:\/\/www.naturessenzen.com\/produkt\/wermut-tinktur-essenz-kraeutertropfen\/#breadcrumb","itemListElement":[{"@type":"ListItem","position":1,"name":"Startseite","item":"https:\/\/www.naturessenzen.com\/"},{"@type":"ListItem","position":2,"name":"Shop","item":"https:\/\/www.naturessenzen.com\/heilpflanzen-heilkraeuter-online-tinktur-kaufen\/"},{"@type":"ListItem","position":3,"name":"Wermut Tinktur"}]},{"@type":"WebSite","@id":"https:\/\/www.naturessenzen.com\/#website","url":"https:\/\/www.naturessenzen.com\/","name":"Duschlbaur&#039;s Kr\u00e4uter Shop - Tinktur Kr\u00e4utertinktur kaufen! Qualit\u00e4t seit 1917!","description":"Wir haben einen gro\u00dfe Auswahl an Kr\u00e4utertinkturen in unserem Shop! Tinktur Kr\u00e4utertinktur kaufen!","potentialAction":[{"@type":"SearchAction","target":{"@type":"EntryPoint","urlTemplate":"https:\/\/www.naturessenzen.com\/?s={search_term_string}"},"query-input":"required name=search_term_string"}],"inLanguage":"de"}]}},"_links":{"self":[{"href":"https:\/\/www.naturessenzen.com\/wp-json\/wp\/v2\/product\/741"}],"collection":[{"href":"https:\/\/www.naturessenzen.com\/wp-json\/wp\/v2\/product"}],"about":[{"href":"https:\/\/www.naturessenzen.com\/wp-json\/wp\/v2\/types\/product"}],"replies":[{"embeddable":true,"href":"https:\/\/www.naturessenzen.com\/wp-json\/wp\/v2\/comments?post=741"}],"wp:featuredmedia":[{"embeddable":true,"href":"https:\/\/www.naturessenzen.com\/wp-json\/wp\/v2\/media\/929"}],"wp:attachment":[{"href":"https:\/\/www.naturessenzen.com\/wp-json\/wp\/v2\/media?parent=741"}],"wp:term":[{"taxonomy":"product_cat","embeddable":true,"href":"https:\/\/www.naturessenzen.com\/wp-json\/wp\/v2\/product_cat?post=741"},{"taxonomy":"product_tag","embeddable":true,"href":"https:\/\/www.naturessenzen.com\/wp-json\/wp\/v2\/product_tag?post=741"}],"curies":[{"name":"wp","href":"https:\/\/api.w.org\/{rel}","templated":true}]}}