{"id":738,"date":"2020-10-21T21:52:25","date_gmt":"2020-10-21T19:52:25","guid":{"rendered":"https:\/\/www.naturessenzen.com\/?post_type=product&#038;p=738"},"modified":"2023-09-26T11:59:35","modified_gmt":"2023-09-26T09:59:35","slug":"weberkarde-tinktur-essenz-kraeutertropfen","status":"publish","type":"product","link":"https:\/\/www.naturessenzen.com\/produkt\/weberkarde-tinktur-essenz-kraeutertropfen\/","title":{"rendered":"Weberkarde Tinktur"},"content":{"rendered":"<h2>Weberkarde Tinktur &#8211; dipsacus sativus Tropfen<\/h2>\n<p>Die nat\u00fcrlichen Inhaltsstoffe der<strong> Weberkarde Tinktur Tropfen<\/strong> sind<strong>:<\/strong> Wasser, Alkohol, Weberkarde.<\/p>\n<p>F\u00fcr die Herstellung dieser sehr wertvollen Tropfen verwenden wir die Wurzel.<\/p>\n<p>Regenwasser und Tau sammeln sich in ihren verwinkelten Blattachsen. V\u00f6gel nutzen das als Trinkwasserquelle.<\/p>\n<p>In der \u00e4lteren Eisenzeit werden die abgebl\u00fchten Bl\u00fctenk\u00f6pfe zum Aufrauen und Abdichten von fertig gewebtem Tuch verwendet. Ein Bild aus dem 16. Jahrhundert zeigt Kardenmacher bei der Arbeit. Die Arbeiter durchbohren die Samenst\u00e4nde der Weberkarde der L\u00e4nge nach und stecken sie auf rotierende Stangen. Mit dieser Konstruktion raut man die zu bearbeitenden Gewebe schonend an. Die Bez\u00fcge von Billardtischen bearbeitet man noch heute auf diese Weise. Bis ins 20. Jahrhundert hinein nutzte man die abgebl\u00fchten Kardenk\u00f6pfe zum K\u00e4mmen von ungesponnener Wolle.<\/p>\n<p>Die Weberkarde bildet im ersten Jahr eine grundst\u00e4ndige Rosette. Die Bl\u00e4tter sind hellgr\u00fcn und unbewehrt. Die weichen R\u00e4nder sind leicht gewellt oder gez\u00e4hnt. Im zweiten Jahr sprie\u00dft ein bis zu 2 m hoher St\u00e4ngel. Direkt am Stamm entstehen zwei gro\u00dfe Bl\u00e4tter, deren Anwachsstelle als Auffanggef\u00e4\u00df f\u00fcr Regenwasser dient. Es gibt zwei Theorien f\u00fcr den Zweck dieser \u201eAuffangbecken\u201c. M\u00f6glicherweise sollen die Bl\u00fcten vor kriechenden Schadinsekten gesch\u00fctzt werden. Es kann ebenso sein, dass sich die Pflanze von ertrunkenen Insekten ern\u00e4hrt.<\/p>\n<p>Die Bl\u00fcten sind zuerst gr\u00fcn und beginnen dann von der Mitte aus wei\u00df- bis violettfarbig zu bl\u00fchen. Die Bl\u00fchzone bewegt sich gleichzeitig nach oben und unten. Sp\u00e4ter werden daraus die oben beschriebenen stacheligen Bl\u00fctenk\u00f6pfe.<\/p>\n","protected":false},"excerpt":{"rendered":"<ul>\n<li>Anwendungsgebiete: Kopf, Abwehrkr\u00e4fte, Borreliose, Entgiftung, Entschlackung<\/li>\n<li>Reinsubstanz \u2013 nur Wirkstoffe der Kr\u00e4uter enthalten<\/li>\n<li>Arzneimittelqualit\u00e4t der Kr\u00e4uter<\/li>\n<li>Gute Alternative zu Kapseln oder Tee<\/li>\n<li>Ausreichend f\u00fcr 50 Tage Kr\u00e4uterkur<\/li>\n<li>H\u00f6chste Qualit\u00e4tsstandards und Hygienerichtlinien<\/li>\n<li>Frei von k\u00fcnstlichen Zus\u00e4tzen und Farbstoffen<\/li>\n<li>Hergestellt nach traditionellen alchemistischen Grunds\u00e4tzen &#8211; nach Ansicht von Paracelsus<\/li>\n<\/ul>\n<p>Alchemische<strong> nat\u00fcrliche Tinktur, 50 ml<\/strong> Glasflasche<strong><br \/>\n<\/strong><\/p>\n","protected":false},"featured_media":925,"comment_status":"closed","ping_status":"closed","template":"","meta":{"inline_featured_image":false},"product_cat":[19],"product_tag":[],"acf":[],"yoast_head":"<!-- This site is optimized with the Yoast SEO plugin v20.11 - https:\/\/yoast.com\/wordpress\/plugins\/seo\/ -->\n<title>Weberkarde Tinktur - dipsacus sativus Tropfen<\/title>\n<meta name=\"description\" content=\"Weberkarde Tinktur kaufen \u2713 rein pflanzlich \u2713 Jetzt auf Rechnung bestellen \u2713 versandkostenfrei \u2713 beste Tropfen aus K\u00e4rnten\" \/>\n<meta name=\"robots\" content=\"index, follow, max-snippet:-1, max-image-preview:large, max-video-preview:-1\" \/>\n<link rel=\"canonical\" href=\"https:\/\/www.naturessenzen.com\/produkt\/weberkarde-tinktur-essenz-kraeutertropfen\/\" \/>\n<meta property=\"og:locale\" content=\"de_DE\" \/>\n<meta property=\"og:type\" content=\"article\" \/>\n<meta property=\"og:title\" content=\"Weberkarde Tinktur - dipsacus sativus Tropfen\" \/>\n<meta property=\"og:description\" content=\"Weberkarde Tinktur kaufen \u2713 rein pflanzlich \u2713 Jetzt auf Rechnung bestellen \u2713 versandkostenfrei \u2713 beste Tropfen aus K\u00e4rnten\" \/>\n<meta property=\"og:url\" content=\"https:\/\/www.naturessenzen.com\/produkt\/weberkarde-tinktur-essenz-kraeutertropfen\/\" \/>\n<meta property=\"og:site_name\" content=\"Duschlbaur&#039;s Kr\u00e4uter Shop - Tinktur Kr\u00e4utertinktur kaufen! Qualit\u00e4t seit 1917!\" \/>\n<meta property=\"article:modified_time\" content=\"2023-09-26T09:59:35+00:00\" \/>\n<meta property=\"og:image\" content=\"https:\/\/www.naturessenzen.com\/wp-content\/uploads\/2020\/11\/kraeuteressenz_kraeutertinktur_weberkarde_borreliose_kopfschmerzen_entgiftung_heilmittel.png\" \/>\n\t<meta property=\"og:image:width\" content=\"1000\" \/>\n\t<meta property=\"og:image:height\" content=\"1000\" \/>\n\t<meta property=\"og:image:type\" content=\"image\/jpeg\" \/>\n<meta name=\"twitter:card\" content=\"summary_large_image\" \/>\n<meta name=\"twitter:label1\" content=\"Gesch\u00e4tzte Lesezeit\" \/>\n\t<meta name=\"twitter:data1\" content=\"2\u00a0Minuten\" \/>\n<script type=\"application\/ld+json\" class=\"yoast-schema-graph\">{\"@context\":\"https:\/\/schema.org\",\"@graph\":[{\"@type\":\"WebPage\",\"@id\":\"https:\/\/www.naturessenzen.com\/produkt\/weberkarde-tinktur-essenz-kraeutertropfen\/\",\"url\":\"https:\/\/www.naturessenzen.com\/produkt\/weberkarde-tinktur-essenz-kraeutertropfen\/\",\"name\":\"Weberkarde Tinktur - dipsacus sativus Tropfen\",\"isPartOf\":{\"@id\":\"https:\/\/www.naturessenzen.com\/#website\"},\"datePublished\":\"2020-10-21T19:52:25+00:00\",\"dateModified\":\"2023-09-26T09:59:35+00:00\",\"description\":\"Weberkarde Tinktur kaufen \u2713 rein pflanzlich \u2713 Jetzt auf Rechnung bestellen \u2713 versandkostenfrei \u2713 beste Tropfen aus K\u00e4rnten\",\"breadcrumb\":{\"@id\":\"https:\/\/www.naturessenzen.com\/produkt\/weberkarde-tinktur-essenz-kraeutertropfen\/#breadcrumb\"},\"inLanguage\":\"de\",\"potentialAction\":[{\"@type\":\"ReadAction\",\"target\":[\"https:\/\/www.naturessenzen.com\/produkt\/weberkarde-tinktur-essenz-kraeutertropfen\/\"]}]},{\"@type\":\"BreadcrumbList\",\"@id\":\"https:\/\/www.naturessenzen.com\/produkt\/weberkarde-tinktur-essenz-kraeutertropfen\/#breadcrumb\",\"itemListElement\":[{\"@type\":\"ListItem\",\"position\":1,\"name\":\"Startseite\",\"item\":\"https:\/\/www.naturessenzen.com\/\"},{\"@type\":\"ListItem\",\"position\":2,\"name\":\"Shop\",\"item\":\"https:\/\/www.naturessenzen.com\/heilpflanzen-heilkraeuter-online-tinktur-kaufen\/\"},{\"@type\":\"ListItem\",\"position\":3,\"name\":\"Weberkarde Tinktur\"}]},{\"@type\":\"WebSite\",\"@id\":\"https:\/\/www.naturessenzen.com\/#website\",\"url\":\"https:\/\/www.naturessenzen.com\/\",\"name\":\"Duschlbaur&#039;s Kr\u00e4uter Shop - Tinktur Kr\u00e4utertinktur kaufen! Qualit\u00e4t seit 1917!\",\"description\":\"Wir haben einen gro\u00dfe Auswahl an Kr\u00e4utertinkturen in unserem Shop! Tinktur Kr\u00e4utertinktur kaufen!\",\"potentialAction\":[{\"@type\":\"SearchAction\",\"target\":{\"@type\":\"EntryPoint\",\"urlTemplate\":\"https:\/\/www.naturessenzen.com\/?s={search_term_string}\"},\"query-input\":\"required name=search_term_string\"}],\"inLanguage\":\"de\"}]}<\/script>\n<!-- \/ Yoast SEO plugin. -->","yoast_head_json":{"title":"Weberkarde Tinktur - dipsacus sativus Tropfen","description":"Weberkarde Tinktur kaufen \u2713 rein pflanzlich \u2713 Jetzt auf Rechnung bestellen \u2713 versandkostenfrei \u2713 beste Tropfen aus K\u00e4rnten","robots":{"index":"index","follow":"follow","max-snippet":"max-snippet:-1","max-image-preview":"max-image-preview:large","max-video-preview":"max-video-preview:-1"},"canonical":"https:\/\/www.naturessenzen.com\/produkt\/weberkarde-tinktur-essenz-kraeutertropfen\/","og_locale":"de_DE","og_type":"article","og_title":"Weberkarde Tinktur - dipsacus sativus Tropfen","og_description":"Weberkarde Tinktur kaufen \u2713 rein pflanzlich \u2713 Jetzt auf Rechnung bestellen \u2713 versandkostenfrei \u2713 beste Tropfen aus K\u00e4rnten","og_url":"https:\/\/www.naturessenzen.com\/produkt\/weberkarde-tinktur-essenz-kraeutertropfen\/","og_site_name":"Duschlbaur&#039;s Kr\u00e4uter Shop - Tinktur Kr\u00e4utertinktur kaufen! Qualit\u00e4t seit 1917!","article_modified_time":"2023-09-26T09:59:35+00:00","og_image":[{"width":1000,"height":1000,"url":"https:\/\/www.naturessenzen.com\/wp-content\/uploads\/2020\/11\/kraeuteressenz_kraeutertinktur_weberkarde_borreliose_kopfschmerzen_entgiftung_heilmittel.png","type":"image\/jpeg"}],"twitter_card":"summary_large_image","twitter_misc":{"Gesch\u00e4tzte Lesezeit":"2\u00a0Minuten"},"schema":{"@context":"https:\/\/schema.org","@graph":[{"@type":"WebPage","@id":"https:\/\/www.naturessenzen.com\/produkt\/weberkarde-tinktur-essenz-kraeutertropfen\/","url":"https:\/\/www.naturessenzen.com\/produkt\/weberkarde-tinktur-essenz-kraeutertropfen\/","name":"Weberkarde Tinktur - dipsacus sativus Tropfen","isPartOf":{"@id":"https:\/\/www.naturessenzen.com\/#website"},"datePublished":"2020-10-21T19:52:25+00:00","dateModified":"2023-09-26T09:59:35+00:00","description":"Weberkarde Tinktur kaufen \u2713 rein pflanzlich \u2713 Jetzt auf Rechnung bestellen \u2713 versandkostenfrei \u2713 beste Tropfen aus K\u00e4rnten","breadcrumb":{"@id":"https:\/\/www.naturessenzen.com\/produkt\/weberkarde-tinktur-essenz-kraeutertropfen\/#breadcrumb"},"inLanguage":"de","potentialAction":[{"@type":"ReadAction","target":["https:\/\/www.naturessenzen.com\/produkt\/weberkarde-tinktur-essenz-kraeutertropfen\/"]}]},{"@type":"BreadcrumbList","@id":"https:\/\/www.naturessenzen.com\/produkt\/weberkarde-tinktur-essenz-kraeutertropfen\/#breadcrumb","itemListElement":[{"@type":"ListItem","position":1,"name":"Startseite","item":"https:\/\/www.naturessenzen.com\/"},{"@type":"ListItem","position":2,"name":"Shop","item":"https:\/\/www.naturessenzen.com\/heilpflanzen-heilkraeuter-online-tinktur-kaufen\/"},{"@type":"ListItem","position":3,"name":"Weberkarde Tinktur"}]},{"@type":"WebSite","@id":"https:\/\/www.naturessenzen.com\/#website","url":"https:\/\/www.naturessenzen.com\/","name":"Duschlbaur&#039;s Kr\u00e4uter Shop - Tinktur Kr\u00e4utertinktur kaufen! Qualit\u00e4t seit 1917!","description":"Wir haben einen gro\u00dfe Auswahl an Kr\u00e4utertinkturen in unserem Shop! Tinktur Kr\u00e4utertinktur kaufen!","potentialAction":[{"@type":"SearchAction","target":{"@type":"EntryPoint","urlTemplate":"https:\/\/www.naturessenzen.com\/?s={search_term_string}"},"query-input":"required name=search_term_string"}],"inLanguage":"de"}]}},"_links":{"self":[{"href":"https:\/\/www.naturessenzen.com\/wp-json\/wp\/v2\/product\/738"}],"collection":[{"href":"https:\/\/www.naturessenzen.com\/wp-json\/wp\/v2\/product"}],"about":[{"href":"https:\/\/www.naturessenzen.com\/wp-json\/wp\/v2\/types\/product"}],"replies":[{"embeddable":true,"href":"https:\/\/www.naturessenzen.com\/wp-json\/wp\/v2\/comments?post=738"}],"wp:featuredmedia":[{"embeddable":true,"href":"https:\/\/www.naturessenzen.com\/wp-json\/wp\/v2\/media\/925"}],"wp:attachment":[{"href":"https:\/\/www.naturessenzen.com\/wp-json\/wp\/v2\/media?parent=738"}],"wp:term":[{"taxonomy":"product_cat","embeddable":true,"href":"https:\/\/www.naturessenzen.com\/wp-json\/wp\/v2\/product_cat?post=738"},{"taxonomy":"product_tag","embeddable":true,"href":"https:\/\/www.naturessenzen.com\/wp-json\/wp\/v2\/product_tag?post=738"}],"curies":[{"name":"wp","href":"https:\/\/api.w.org\/{rel}","templated":true}]}}