{"id":737,"date":"2020-10-21T21:50:50","date_gmt":"2020-10-21T19:50:50","guid":{"rendered":"https:\/\/www.naturessenzen.com\/?post_type=product&#038;p=737"},"modified":"2023-09-26T11:51:18","modified_gmt":"2023-09-26T09:51:18","slug":"thymian-tinktur-essenz-kraeutertropfen","status":"publish","type":"product","link":"https:\/\/www.naturessenzen.com\/produkt\/thymian-tinktur-essenz-kraeutertropfen\/","title":{"rendered":"Thymian Tinktur"},"content":{"rendered":"<h2>Thymian Tinktur &#8211; thymus vulgaris Tropfen<\/h2>\n<p>Die nat\u00fcrlichen Inhaltsstoffe der <strong>Thymian Tinktur Tropfen <\/strong>sind<strong>:<\/strong> Wasser, Alkohol, Thymian.<\/p>\n<p>F\u00fcr die Herstellung dieser sehr wertvollen Tropfen verwenden wir das Kraut mit der Bl\u00fcte.<\/p>\n<p>Heutzutage wird er in ganz Europa kultiviert und hat seinen festen Platz im Herzen eines jeden Gartenliebhabers. Mit seinem aromatischen Duft lockt er Bienen an und bringt mediterranes Flair in jedes St\u00fcckchen Gr\u00fcn.<\/p>\n<p>Thymian wird in vielen Gerichten zum W\u00fcrzen und Garnieren verwendet. Sein Geschmack ist einzigartig: etwas pfeffrig-pikant, zugleich leicht s\u00fc\u00dflich. Neben dem Thymian vulgaris haben sich weltweit \u00fcber 200 Arten entwickelt. Die Arten unterscheiden sich im Wuchs, in der Blatt- und Bl\u00fctenf\u00e4rbung und im Aroma. Die Sorten weisen unterschiedliche Konzentrationen an \u00e4therischen \u00d6len auf, sogenannte Chemotypen. Abh\u00e4ngig von Standort und Klimabedingungen enth\u00e4lt ein in h\u00fcgeligen Regionen wachsender Thymian mehr vom \u00e4therischen \u00d6l Thymol. Die im Flachland gedeihende Sorte enth\u00e4lt weniger.<\/p>\n<p>Der Ursprung des Namens \u201ethymus\u201c ist eine Reise durch die Geschichte. Bereits im Alt\u00e4gyptischen wird mit \u201eTham\u201c eine intensiv duftende Pflanze erw\u00e4hnt, welche zur Einbalsamierung genutzt wurde. Im Griechischen gibt es zwei Wortst\u00e4mme. \u201ethymos\u201c \u2013 steht f\u00fcr Mut und Kraft \u2013 und \u201ethymiama\u201c \u2013 bedeutet R\u00e4ucherwerk. Der Thymian wurde wegen seines sehr intensiven Aromas als Brandopfer dargebracht. Bei den alten R\u00f6mern wurde er als \u201ethymus\u201c vielseitig verwendet. In Mitteleuropa begann die Verbreitung der Thymian- Pflanze im 11. Jahrhundert. \u00dcber die Klosterg\u00e4rten konnte der Thymian seinen Weg in die Bauerng\u00e4rten und somit in die Volksmedizin finden.<\/p>\n<h4>Thymian-Pflanze:<\/h4>\n<p>Der Thymian geh\u00f6rt zur Familie der Lippenbl\u00fctler (lamiaceae) und ist verwandt mit der Pfeffermine, dem Salbei und dem Rosmarin.<\/p>\n<p>Als kleiner, mehrj\u00e4hriger Halbstrauch w\u00e4chst er bis zu 50 cm hoch. Die Wuchsh\u00f6he ist abh\u00e4ngig davon ob es sich um eine kriechende oder aufrechte Art handelt. Seine St\u00e4ngel verholzen im Laufe eines Jahres. Die kleinen, silbrig-gr\u00fcnen Bl\u00e4tter haben einen nach unten eingerollten Blattrand und kleine, runde \u00d6ldr\u00fcsen. Die \u00d6ldr\u00fcsen enthalten die geschmackstragenden \u00d6le. Die Bl\u00e4tter verstr\u00f6men einen kr\u00e4ftigen, aromatischen Duft.<\/p>\n<p>Die kleinen blassrosa bis hellviolette, trichterartige Bl\u00fcten erfreuen uns von Juni bis Oktober. Die Thymianbl\u00fcte setzt sich aus f\u00fcnf Kronbl\u00e4ttern und vier Staubbl\u00e4ttern zusammen. Diese wachsen in Kugeln oder \u00c4hren an den St\u00e4ngeln. Nach der Bl\u00fctezeit bilden sich kugelige, dunkelbraune Nussfr\u00fcchte.<\/p>\n","protected":false},"excerpt":{"rendered":"<ul>\n<li>Anwendungsgebiete: Lunge, Bronchien, Schleiml\u00f6sung, Antiviral, Antibakteriell, Blutdruck<\/li>\n<li>Reinsubstanz \u2013 nur Wirkstoffe der Kr\u00e4uter enthalten<\/li>\n<li>Arzneimittelqualit\u00e4t der Kr\u00e4uter<\/li>\n<li>Gute Alternative zu Kapseln oder Tee<\/li>\n<li>Ausreichend f\u00fcr 50 Tage Kr\u00e4uterkur<\/li>\n<li>H\u00f6chste Qualit\u00e4tsstandards und Hygienerichtlinien<\/li>\n<li>Frei von k\u00fcnstlichen Zus\u00e4tzen und Farbstoffen<\/li>\n<li>Hergestellt nach traditionellen alchemistischen Grunds\u00e4tzen &#8211; nach Ansicht von Paracelsus<\/li>\n<\/ul>\n<p>Alchemische<strong> nat\u00fcrliche Tinktur, 50 ml<\/strong> Glasflasche<strong><br \/>\n<\/strong><\/p>\n","protected":false},"featured_media":1161,"comment_status":"closed","ping_status":"closed","template":"","meta":{"inline_featured_image":false},"product_cat":[19],"product_tag":[],"acf":[],"yoast_head":"<!-- This site is optimized with the Yoast SEO plugin v20.11 - https:\/\/yoast.com\/wordpress\/plugins\/seo\/ -->\n<title>Thymian Tinktur kaufen - thymus vulgaris Tropfen<\/title>\n<meta name=\"description\" content=\"Thymian Tinktur kaufen \u2713 rein pflanzliche Essenz \u2713 Jetzt auf Rechnung bestellen \u2713 versandkostenfrei \u2713 beste Tropfen aus K\u00e4rnten\" \/>\n<meta name=\"robots\" content=\"index, follow, max-snippet:-1, max-image-preview:large, max-video-preview:-1\" \/>\n<link rel=\"canonical\" href=\"https:\/\/www.naturessenzen.com\/produkt\/thymian-tinktur-essenz-kraeutertropfen\/\" \/>\n<meta property=\"og:locale\" content=\"de_DE\" \/>\n<meta property=\"og:type\" content=\"article\" \/>\n<meta property=\"og:title\" content=\"Thymian Tinktur kaufen - thymus vulgaris Tropfen\" \/>\n<meta property=\"og:description\" content=\"Thymian Tinktur kaufen \u2713 rein pflanzliche Essenz \u2713 Jetzt auf Rechnung bestellen \u2713 versandkostenfrei \u2713 beste Tropfen aus K\u00e4rnten\" \/>\n<meta property=\"og:url\" content=\"https:\/\/www.naturessenzen.com\/produkt\/thymian-tinktur-essenz-kraeutertropfen\/\" \/>\n<meta property=\"og:site_name\" content=\"Duschlbaur&#039;s Kr\u00e4uter Shop - Tinktur Kr\u00e4utertinktur kaufen! Qualit\u00e4t seit 1917!\" \/>\n<meta property=\"article:modified_time\" content=\"2023-09-26T09:51:18+00:00\" \/>\n<meta property=\"og:image\" content=\"https:\/\/www.naturessenzen.com\/wp-content\/uploads\/2020\/10\/kraeuteressenz_kraeutertinktur_thymian_husten_bronchitis_erkaeltung_blutdruck_schleimloesend.png\" \/>\n\t<meta property=\"og:image:width\" content=\"1000\" \/>\n\t<meta property=\"og:image:height\" content=\"1000\" \/>\n\t<meta property=\"og:image:type\" content=\"image\/png\" \/>\n<meta name=\"twitter:card\" content=\"summary_large_image\" \/>\n<meta name=\"twitter:label1\" content=\"Gesch\u00e4tzte Lesezeit\" \/>\n\t<meta name=\"twitter:data1\" content=\"2\u00a0Minuten\" \/>\n<script type=\"application\/ld+json\" class=\"yoast-schema-graph\">{\"@context\":\"https:\/\/schema.org\",\"@graph\":[{\"@type\":\"WebPage\",\"@id\":\"https:\/\/www.naturessenzen.com\/produkt\/thymian-tinktur-essenz-kraeutertropfen\/\",\"url\":\"https:\/\/www.naturessenzen.com\/produkt\/thymian-tinktur-essenz-kraeutertropfen\/\",\"name\":\"Thymian Tinktur kaufen - thymus vulgaris Tropfen\",\"isPartOf\":{\"@id\":\"https:\/\/www.naturessenzen.com\/#website\"},\"datePublished\":\"2020-10-21T19:50:50+00:00\",\"dateModified\":\"2023-09-26T09:51:18+00:00\",\"description\":\"Thymian Tinktur kaufen \u2713 rein pflanzliche Essenz \u2713 Jetzt auf Rechnung bestellen \u2713 versandkostenfrei \u2713 beste Tropfen aus K\u00e4rnten\",\"breadcrumb\":{\"@id\":\"https:\/\/www.naturessenzen.com\/produkt\/thymian-tinktur-essenz-kraeutertropfen\/#breadcrumb\"},\"inLanguage\":\"de\",\"potentialAction\":[{\"@type\":\"ReadAction\",\"target\":[\"https:\/\/www.naturessenzen.com\/produkt\/thymian-tinktur-essenz-kraeutertropfen\/\"]}]},{\"@type\":\"BreadcrumbList\",\"@id\":\"https:\/\/www.naturessenzen.com\/produkt\/thymian-tinktur-essenz-kraeutertropfen\/#breadcrumb\",\"itemListElement\":[{\"@type\":\"ListItem\",\"position\":1,\"name\":\"Startseite\",\"item\":\"https:\/\/www.naturessenzen.com\/\"},{\"@type\":\"ListItem\",\"position\":2,\"name\":\"Shop\",\"item\":\"https:\/\/www.naturessenzen.com\/heilpflanzen-heilkraeuter-online-tinktur-kaufen\/\"},{\"@type\":\"ListItem\",\"position\":3,\"name\":\"Thymian Tinktur\"}]},{\"@type\":\"WebSite\",\"@id\":\"https:\/\/www.naturessenzen.com\/#website\",\"url\":\"https:\/\/www.naturessenzen.com\/\",\"name\":\"Duschlbaur&#039;s Kr\u00e4uter Shop - Tinktur Kr\u00e4utertinktur kaufen! Qualit\u00e4t seit 1917!\",\"description\":\"Wir haben einen gro\u00dfe Auswahl an Kr\u00e4utertinkturen in unserem Shop! Tinktur Kr\u00e4utertinktur kaufen!\",\"potentialAction\":[{\"@type\":\"SearchAction\",\"target\":{\"@type\":\"EntryPoint\",\"urlTemplate\":\"https:\/\/www.naturessenzen.com\/?s={search_term_string}\"},\"query-input\":\"required name=search_term_string\"}],\"inLanguage\":\"de\"}]}<\/script>\n<!-- \/ Yoast SEO plugin. -->","yoast_head_json":{"title":"Thymian Tinktur kaufen - thymus vulgaris Tropfen","description":"Thymian Tinktur kaufen \u2713 rein pflanzliche Essenz \u2713 Jetzt auf Rechnung bestellen \u2713 versandkostenfrei \u2713 beste Tropfen aus K\u00e4rnten","robots":{"index":"index","follow":"follow","max-snippet":"max-snippet:-1","max-image-preview":"max-image-preview:large","max-video-preview":"max-video-preview:-1"},"canonical":"https:\/\/www.naturessenzen.com\/produkt\/thymian-tinktur-essenz-kraeutertropfen\/","og_locale":"de_DE","og_type":"article","og_title":"Thymian Tinktur kaufen - thymus vulgaris Tropfen","og_description":"Thymian Tinktur kaufen \u2713 rein pflanzliche Essenz \u2713 Jetzt auf Rechnung bestellen \u2713 versandkostenfrei \u2713 beste Tropfen aus K\u00e4rnten","og_url":"https:\/\/www.naturessenzen.com\/produkt\/thymian-tinktur-essenz-kraeutertropfen\/","og_site_name":"Duschlbaur&#039;s Kr\u00e4uter Shop - Tinktur Kr\u00e4utertinktur kaufen! Qualit\u00e4t seit 1917!","article_modified_time":"2023-09-26T09:51:18+00:00","og_image":[{"width":1000,"height":1000,"url":"https:\/\/www.naturessenzen.com\/wp-content\/uploads\/2020\/10\/kraeuteressenz_kraeutertinktur_thymian_husten_bronchitis_erkaeltung_blutdruck_schleimloesend.png","type":"image\/png"}],"twitter_card":"summary_large_image","twitter_misc":{"Gesch\u00e4tzte Lesezeit":"2\u00a0Minuten"},"schema":{"@context":"https:\/\/schema.org","@graph":[{"@type":"WebPage","@id":"https:\/\/www.naturessenzen.com\/produkt\/thymian-tinktur-essenz-kraeutertropfen\/","url":"https:\/\/www.naturessenzen.com\/produkt\/thymian-tinktur-essenz-kraeutertropfen\/","name":"Thymian Tinktur kaufen - thymus vulgaris Tropfen","isPartOf":{"@id":"https:\/\/www.naturessenzen.com\/#website"},"datePublished":"2020-10-21T19:50:50+00:00","dateModified":"2023-09-26T09:51:18+00:00","description":"Thymian Tinktur kaufen \u2713 rein pflanzliche Essenz \u2713 Jetzt auf Rechnung bestellen \u2713 versandkostenfrei \u2713 beste Tropfen aus K\u00e4rnten","breadcrumb":{"@id":"https:\/\/www.naturessenzen.com\/produkt\/thymian-tinktur-essenz-kraeutertropfen\/#breadcrumb"},"inLanguage":"de","potentialAction":[{"@type":"ReadAction","target":["https:\/\/www.naturessenzen.com\/produkt\/thymian-tinktur-essenz-kraeutertropfen\/"]}]},{"@type":"BreadcrumbList","@id":"https:\/\/www.naturessenzen.com\/produkt\/thymian-tinktur-essenz-kraeutertropfen\/#breadcrumb","itemListElement":[{"@type":"ListItem","position":1,"name":"Startseite","item":"https:\/\/www.naturessenzen.com\/"},{"@type":"ListItem","position":2,"name":"Shop","item":"https:\/\/www.naturessenzen.com\/heilpflanzen-heilkraeuter-online-tinktur-kaufen\/"},{"@type":"ListItem","position":3,"name":"Thymian Tinktur"}]},{"@type":"WebSite","@id":"https:\/\/www.naturessenzen.com\/#website","url":"https:\/\/www.naturessenzen.com\/","name":"Duschlbaur&#039;s Kr\u00e4uter Shop - Tinktur Kr\u00e4utertinktur kaufen! Qualit\u00e4t seit 1917!","description":"Wir haben einen gro\u00dfe Auswahl an Kr\u00e4utertinkturen in unserem Shop! Tinktur Kr\u00e4utertinktur kaufen!","potentialAction":[{"@type":"SearchAction","target":{"@type":"EntryPoint","urlTemplate":"https:\/\/www.naturessenzen.com\/?s={search_term_string}"},"query-input":"required name=search_term_string"}],"inLanguage":"de"}]}},"_links":{"self":[{"href":"https:\/\/www.naturessenzen.com\/wp-json\/wp\/v2\/product\/737"}],"collection":[{"href":"https:\/\/www.naturessenzen.com\/wp-json\/wp\/v2\/product"}],"about":[{"href":"https:\/\/www.naturessenzen.com\/wp-json\/wp\/v2\/types\/product"}],"replies":[{"embeddable":true,"href":"https:\/\/www.naturessenzen.com\/wp-json\/wp\/v2\/comments?post=737"}],"wp:featuredmedia":[{"embeddable":true,"href":"https:\/\/www.naturessenzen.com\/wp-json\/wp\/v2\/media\/1161"}],"wp:attachment":[{"href":"https:\/\/www.naturessenzen.com\/wp-json\/wp\/v2\/media?parent=737"}],"wp:term":[{"taxonomy":"product_cat","embeddable":true,"href":"https:\/\/www.naturessenzen.com\/wp-json\/wp\/v2\/product_cat?post=737"},{"taxonomy":"product_tag","embeddable":true,"href":"https:\/\/www.naturessenzen.com\/wp-json\/wp\/v2\/product_tag?post=737"}],"curies":[{"name":"wp","href":"https:\/\/api.w.org\/{rel}","templated":true}]}}