{"id":734,"date":"2020-10-21T21:49:32","date_gmt":"2020-10-21T19:49:32","guid":{"rendered":"https:\/\/www.naturessenzen.com\/?post_type=product&#038;p=734"},"modified":"2023-09-26T11:48:26","modified_gmt":"2023-09-26T09:48:26","slug":"teufelskralle-tinktur-kraeutertropfen","status":"publish","type":"product","link":"https:\/\/www.naturessenzen.com\/produkt\/teufelskralle-tinktur-kraeutertropfen\/","title":{"rendered":"Teufelskralle Tinktur"},"content":{"rendered":"<h2>Teufelskralle Tinktur &#8211; harpagophytum procumbens Tropfen<\/h2>\n<p>Die nat\u00fcrlichen Inhaltsstoffe der<strong> Teufelskralle Tinktur Tropfen <\/strong>sind: Wasser, Alkohol, Teufelskralle.<\/p>\n<p>F\u00fcr die Herstellung dieser sehr wertvollen Tropfen verwenden wir das Kraut mit Bl\u00fcte und Wurzel.<\/p>\n<p>\u201eHarpagophytum\u201c wird vom Griechischen \u201eharpagos\u201c = Enterhaken abgeleitet und bezieht sich wie die deutsche Bezeichnung \u201eTeufelskralle\u201c auf seine mit kr\u00e4ftigen Widerhaken versehenen Fr\u00fcchte. Die armartigen Ausw\u00fcchse der Samenkapseln verholzen nach dem Aufspringen der Kapseln und bohren sich mit spitzen Widerhaken in die Hufe der Tiere. Das verursacht bis zum Tode f\u00fchrende Infektionen.<\/p>\n<p>Harpagophytum procumbens ist der Familie der Sesamgew\u00e4chse (pedaliaceae) zuzuordnen und ein Verwandter der Art Sesam (sesamum indicum). Die in Europa vorkommende \u201eSchwarze oder \u00c4hrige Teufelskralle\u201c geh\u00f6rt zur Familie der Glockenblumengew\u00e4chse und hat mit der Afrikanischen Teufelskralle nichts gemein.<\/p>\n<p>Die Afrikanische Teufelskralle ist ein mehrj\u00e4hriger, krautige Pflanze, welche mit ihren langen Sprossen bis zu 1,5 Meter am Boden kriecht. Die Bl\u00e4tter sind dunkelgr\u00fcn, gestielt, tief gelappt und sondern \u00fcber mehrere Dr\u00fcsenhaare ein \u00f6lartiges Sekret ab. Man vermutet, dass dieses Sekret entweder als Schutz vor Sch\u00e4dlingen dient oder notwendig f\u00fcr das Wachstum neuer Bl\u00e4tter ist.<\/p>\n<p>Die gelblich-braunen Wurzeln der Teufelskralle sind sogenannte Speicherwurzeln. Die in ihre enthaltenen N\u00e4hrsalze und sekund\u00e4ren Pflanzenstoffe machen die Teufelskralle so wertvoll.<\/p>\n<p>Die Teufelskralle bl\u00fcht zwischen Dezember und Februar mit bis zu 7 cm gro\u00dfen, hellrosa, rotvioletten, trichterf\u00f6rmigen Bl\u00fcten.<br \/>\nAus den Bl\u00fcten werden die zuvor beschriebenen krallenartigen, holzigen Fr\u00fcchte.<\/p>\n","protected":false},"excerpt":{"rendered":"<ul>\n<li>Anwendungsgebiete: Gelenke, Entz\u00fcndungen, Schmerzen, Verdauung<\/li>\n<li>Reinsubstanz \u2013 nur Wirkstoffe der Kr\u00e4uter enthalten<\/li>\n<li>Arzneimittelqualit\u00e4t der Kr\u00e4uter<\/li>\n<li>Gute Alternative zu Kapseln oder Tee<\/li>\n<li>Ausreichend f\u00fcr 50 Tage Kr\u00e4uterkur<\/li>\n<li>H\u00f6chste Qualit\u00e4tsstandards und Hygienerichtlinien<\/li>\n<li>Frei von k\u00fcnstlichen Zus\u00e4tzen und Farbstoffen<\/li>\n<li>Hergestellt nach traditionellen alchemistischen Grunds\u00e4tzen &#8211; nach Ansicht von Paracelsus<\/li>\n<\/ul>\n<p>Alchemische<strong> nat\u00fcrliche Tinktur, 50 ml<\/strong> Glasflasche<strong><br \/>\n<\/strong><\/p>\n","protected":false},"featured_media":923,"comment_status":"closed","ping_status":"closed","template":"","meta":{"inline_featured_image":false},"product_cat":[19],"product_tag":[],"acf":[],"yoast_head":"<!-- This site is optimized with the Yoast SEO plugin v20.11 - https:\/\/yoast.com\/wordpress\/plugins\/seo\/ -->\n<title>Teufelskralle Tinktur Tropfen - harpagophytum proc. Tropfen<\/title>\n<meta name=\"description\" content=\"Teufelskralle Tinktur kaufen \u2713 rein pflanzliche Essenz \u2713 Jetzt auf Rechnung bestellen \u2713 versandkostenfrei \u2713 beste Tropfen aus K\u00e4rnten\" \/>\n<meta name=\"robots\" content=\"index, follow, max-snippet:-1, max-image-preview:large, max-video-preview:-1\" \/>\n<link rel=\"canonical\" href=\"https:\/\/www.naturessenzen.com\/produkt\/teufelskralle-tinktur-kraeutertropfen\/\" \/>\n<meta property=\"og:locale\" content=\"de_DE\" \/>\n<meta property=\"og:type\" content=\"article\" \/>\n<meta property=\"og:title\" content=\"Teufelskralle Tinktur Tropfen - harpagophytum proc. Tropfen\" \/>\n<meta property=\"og:description\" content=\"Teufelskralle Tinktur kaufen \u2713 rein pflanzliche Essenz \u2713 Jetzt auf Rechnung bestellen \u2713 versandkostenfrei \u2713 beste Tropfen aus K\u00e4rnten\" \/>\n<meta property=\"og:url\" content=\"https:\/\/www.naturessenzen.com\/produkt\/teufelskralle-tinktur-kraeutertropfen\/\" \/>\n<meta property=\"og:site_name\" content=\"Duschlbaur&#039;s Kr\u00e4uter Shop - Tinktur Kr\u00e4utertinktur kaufen! Qualit\u00e4t seit 1917!\" \/>\n<meta property=\"article:modified_time\" content=\"2023-09-26T09:48:26+00:00\" \/>\n<meta property=\"og:image\" content=\"https:\/\/www.naturessenzen.com\/wp-content\/uploads\/2020\/11\/kraeuteressenz_kraeutertinktur_teufelskralle_schmerzen_entzuendung_gelenke_heilmittel.png\" \/>\n\t<meta property=\"og:image:width\" content=\"1000\" \/>\n\t<meta property=\"og:image:height\" content=\"1000\" \/>\n\t<meta property=\"og:image:type\" content=\"image\/jpeg\" \/>\n<meta name=\"twitter:card\" content=\"summary_large_image\" \/>\n<meta name=\"twitter:label1\" content=\"Gesch\u00e4tzte Lesezeit\" \/>\n\t<meta name=\"twitter:data1\" content=\"2\u00a0Minuten\" \/>\n<script type=\"application\/ld+json\" class=\"yoast-schema-graph\">{\"@context\":\"https:\/\/schema.org\",\"@graph\":[{\"@type\":\"WebPage\",\"@id\":\"https:\/\/www.naturessenzen.com\/produkt\/teufelskralle-tinktur-kraeutertropfen\/\",\"url\":\"https:\/\/www.naturessenzen.com\/produkt\/teufelskralle-tinktur-kraeutertropfen\/\",\"name\":\"Teufelskralle Tinktur Tropfen - harpagophytum proc. Tropfen\",\"isPartOf\":{\"@id\":\"https:\/\/www.naturessenzen.com\/#website\"},\"datePublished\":\"2020-10-21T19:49:32+00:00\",\"dateModified\":\"2023-09-26T09:48:26+00:00\",\"description\":\"Teufelskralle Tinktur kaufen \u2713 rein pflanzliche Essenz \u2713 Jetzt auf Rechnung bestellen \u2713 versandkostenfrei \u2713 beste Tropfen aus K\u00e4rnten\",\"breadcrumb\":{\"@id\":\"https:\/\/www.naturessenzen.com\/produkt\/teufelskralle-tinktur-kraeutertropfen\/#breadcrumb\"},\"inLanguage\":\"de\",\"potentialAction\":[{\"@type\":\"ReadAction\",\"target\":[\"https:\/\/www.naturessenzen.com\/produkt\/teufelskralle-tinktur-kraeutertropfen\/\"]}]},{\"@type\":\"BreadcrumbList\",\"@id\":\"https:\/\/www.naturessenzen.com\/produkt\/teufelskralle-tinktur-kraeutertropfen\/#breadcrumb\",\"itemListElement\":[{\"@type\":\"ListItem\",\"position\":1,\"name\":\"Startseite\",\"item\":\"https:\/\/www.naturessenzen.com\/\"},{\"@type\":\"ListItem\",\"position\":2,\"name\":\"Shop\",\"item\":\"https:\/\/www.naturessenzen.com\/heilpflanzen-heilkraeuter-online-tinktur-kaufen\/\"},{\"@type\":\"ListItem\",\"position\":3,\"name\":\"Teufelskralle Tinktur\"}]},{\"@type\":\"WebSite\",\"@id\":\"https:\/\/www.naturessenzen.com\/#website\",\"url\":\"https:\/\/www.naturessenzen.com\/\",\"name\":\"Duschlbaur&#039;s Kr\u00e4uter Shop - Tinktur Kr\u00e4utertinktur kaufen! Qualit\u00e4t seit 1917!\",\"description\":\"Wir haben einen gro\u00dfe Auswahl an Kr\u00e4utertinkturen in unserem Shop! Tinktur Kr\u00e4utertinktur kaufen!\",\"potentialAction\":[{\"@type\":\"SearchAction\",\"target\":{\"@type\":\"EntryPoint\",\"urlTemplate\":\"https:\/\/www.naturessenzen.com\/?s={search_term_string}\"},\"query-input\":\"required name=search_term_string\"}],\"inLanguage\":\"de\"}]}<\/script>\n<!-- \/ Yoast SEO plugin. -->","yoast_head_json":{"title":"Teufelskralle Tinktur Tropfen - harpagophytum proc. Tropfen","description":"Teufelskralle Tinktur kaufen \u2713 rein pflanzliche Essenz \u2713 Jetzt auf Rechnung bestellen \u2713 versandkostenfrei \u2713 beste Tropfen aus K\u00e4rnten","robots":{"index":"index","follow":"follow","max-snippet":"max-snippet:-1","max-image-preview":"max-image-preview:large","max-video-preview":"max-video-preview:-1"},"canonical":"https:\/\/www.naturessenzen.com\/produkt\/teufelskralle-tinktur-kraeutertropfen\/","og_locale":"de_DE","og_type":"article","og_title":"Teufelskralle Tinktur Tropfen - harpagophytum proc. Tropfen","og_description":"Teufelskralle Tinktur kaufen \u2713 rein pflanzliche Essenz \u2713 Jetzt auf Rechnung bestellen \u2713 versandkostenfrei \u2713 beste Tropfen aus K\u00e4rnten","og_url":"https:\/\/www.naturessenzen.com\/produkt\/teufelskralle-tinktur-kraeutertropfen\/","og_site_name":"Duschlbaur&#039;s Kr\u00e4uter Shop - Tinktur Kr\u00e4utertinktur kaufen! Qualit\u00e4t seit 1917!","article_modified_time":"2023-09-26T09:48:26+00:00","og_image":[{"width":1000,"height":1000,"url":"https:\/\/www.naturessenzen.com\/wp-content\/uploads\/2020\/11\/kraeuteressenz_kraeutertinktur_teufelskralle_schmerzen_entzuendung_gelenke_heilmittel.png","type":"image\/jpeg"}],"twitter_card":"summary_large_image","twitter_misc":{"Gesch\u00e4tzte Lesezeit":"2\u00a0Minuten"},"schema":{"@context":"https:\/\/schema.org","@graph":[{"@type":"WebPage","@id":"https:\/\/www.naturessenzen.com\/produkt\/teufelskralle-tinktur-kraeutertropfen\/","url":"https:\/\/www.naturessenzen.com\/produkt\/teufelskralle-tinktur-kraeutertropfen\/","name":"Teufelskralle Tinktur Tropfen - harpagophytum proc. Tropfen","isPartOf":{"@id":"https:\/\/www.naturessenzen.com\/#website"},"datePublished":"2020-10-21T19:49:32+00:00","dateModified":"2023-09-26T09:48:26+00:00","description":"Teufelskralle Tinktur kaufen \u2713 rein pflanzliche Essenz \u2713 Jetzt auf Rechnung bestellen \u2713 versandkostenfrei \u2713 beste Tropfen aus K\u00e4rnten","breadcrumb":{"@id":"https:\/\/www.naturessenzen.com\/produkt\/teufelskralle-tinktur-kraeutertropfen\/#breadcrumb"},"inLanguage":"de","potentialAction":[{"@type":"ReadAction","target":["https:\/\/www.naturessenzen.com\/produkt\/teufelskralle-tinktur-kraeutertropfen\/"]}]},{"@type":"BreadcrumbList","@id":"https:\/\/www.naturessenzen.com\/produkt\/teufelskralle-tinktur-kraeutertropfen\/#breadcrumb","itemListElement":[{"@type":"ListItem","position":1,"name":"Startseite","item":"https:\/\/www.naturessenzen.com\/"},{"@type":"ListItem","position":2,"name":"Shop","item":"https:\/\/www.naturessenzen.com\/heilpflanzen-heilkraeuter-online-tinktur-kaufen\/"},{"@type":"ListItem","position":3,"name":"Teufelskralle Tinktur"}]},{"@type":"WebSite","@id":"https:\/\/www.naturessenzen.com\/#website","url":"https:\/\/www.naturessenzen.com\/","name":"Duschlbaur&#039;s Kr\u00e4uter Shop - Tinktur Kr\u00e4utertinktur kaufen! Qualit\u00e4t seit 1917!","description":"Wir haben einen gro\u00dfe Auswahl an Kr\u00e4utertinkturen in unserem Shop! Tinktur Kr\u00e4utertinktur kaufen!","potentialAction":[{"@type":"SearchAction","target":{"@type":"EntryPoint","urlTemplate":"https:\/\/www.naturessenzen.com\/?s={search_term_string}"},"query-input":"required name=search_term_string"}],"inLanguage":"de"}]}},"_links":{"self":[{"href":"https:\/\/www.naturessenzen.com\/wp-json\/wp\/v2\/product\/734"}],"collection":[{"href":"https:\/\/www.naturessenzen.com\/wp-json\/wp\/v2\/product"}],"about":[{"href":"https:\/\/www.naturessenzen.com\/wp-json\/wp\/v2\/types\/product"}],"replies":[{"embeddable":true,"href":"https:\/\/www.naturessenzen.com\/wp-json\/wp\/v2\/comments?post=734"}],"wp:featuredmedia":[{"embeddable":true,"href":"https:\/\/www.naturessenzen.com\/wp-json\/wp\/v2\/media\/923"}],"wp:attachment":[{"href":"https:\/\/www.naturessenzen.com\/wp-json\/wp\/v2\/media?parent=734"}],"wp:term":[{"taxonomy":"product_cat","embeddable":true,"href":"https:\/\/www.naturessenzen.com\/wp-json\/wp\/v2\/product_cat?post=734"},{"taxonomy":"product_tag","embeddable":true,"href":"https:\/\/www.naturessenzen.com\/wp-json\/wp\/v2\/product_tag?post=734"}],"curies":[{"name":"wp","href":"https:\/\/api.w.org\/{rel}","templated":true}]}}