{"id":733,"date":"2020-10-21T21:45:41","date_gmt":"2020-10-21T19:45:41","guid":{"rendered":"https:\/\/www.naturessenzen.com\/?post_type=product&#038;p=733"},"modified":"2023-09-26T11:46:34","modified_gmt":"2023-09-26T09:46:34","slug":"tausendgueldenkraut-tinktur-essenz-kraeutertropfen","status":"publish","type":"product","link":"https:\/\/www.naturessenzen.com\/produkt\/tausendgueldenkraut-tinktur-essenz-kraeutertropfen\/","title":{"rendered":"Tausendg\u00fcldenkraut Tinktur"},"content":{"rendered":"<h2>Tausendg\u00fcldenkraut Tinktur &#8211; centaurium erythraea Tropfen<\/h2>\n<p>Die nat\u00fcrlichen Inhaltsstoffe der<strong> Tausendg\u00fcldenkraut Tinktur Tropfen <\/strong>sind: Wasser, Alkohol, Tausendg\u00fcldenkraut.<\/p>\n<p>F\u00fcr die Herstellung dieser sehr wertvollen Tropfen verwenden wir das Kraut mit der Bl\u00fcte.<\/p>\n<p>Tausendg\u00fcldenkraut steht auf der roten Liste der vom Aussterben bedrohten Pflanzen, ist daher gesch\u00fctzt und darf in der freien Natur nicht gesammelt werden.<\/p>\n<p>Die lateinische Bezeichnung \u201eCentaurium\u201c fu\u00dft auf \u201ecentum\u201c = einhundert &#8211; deshalb der urspr\u00fcngliche Name \u201eHundertguldenkraut\u201c. Mit zunehmender Bedeutung f\u00fcr die Menschen wertete der Volksmund seine Bezeichnung auf \u201eTauseng\u00fcldenkraut\u201c auf. \u201eaurum\u201c bedeutet auf lateinisch \u201eGold\u201c. \u201eerythraea\u201c kommt von lateinischen \u201eerythraeus\u201c = r\u00f6tlich und ist ein Hinweis auf die rosaroten Bl\u00fcten des Tausendg\u00fcldenkrautes.<\/p>\n<p>Das Tausendg\u00fcldenkraut ist ein Vertreter der Familie der Enziangew\u00e4chse (gentianaceae). Synonym wird das Tausendg\u00fcldenkraut auch Gottesgnadenkraut, Fieberkraut, Bitterkraut oder Roter Laurin genannt.<\/p>\n<p>Die ein- bis zweij\u00e4hrige krautige Pflanze wurzelt flach und breit verzweigt. An Wuchsh\u00f6he erreicht das Tausendg\u00fcldenkraut eine Wuchsh\u00f6he von bis zu 50 cm. Seine St\u00e4ngel sind d\u00fcnn, unbehaart und vierkantig. Rosettenbl\u00e4tter wachsen am Grund der Pflanze, sind dunkler gef\u00e4rbt und gr\u00f6\u00dfer als die aus dem St\u00e4ngel sprie\u00dfenden Laubbl\u00e4tter.<\/p>\n<p>In der Bl\u00fctezeit vom Juni bis Anfang Oktober zeigen sich die typischen hellrosa bis purpurne Bl\u00fcten, die in einer Trugdolde stehen. Eindrucksvoll leuchten aus dem Bl\u00fcteninneren den typischen, gelben Griffeln. Bei Dunkelheit sind die Bl\u00fcten beinahe geschlossen, bei Sonnenschein und mindestens 20 Grad \u00f6ffnen sich bis zu 1,5 cm gro\u00dfe Bl\u00fcten mit f\u00fcnf Kelchbl\u00e4ttern.<\/p>\n<p>Aus den Bl\u00fcten des Tausendg\u00fcldenkrautes werden kleine, mit zahlreichen Samen gef\u00fcllte Kapselfr\u00fcchte.<\/p>\n","protected":false},"excerpt":{"rendered":"<ul>\n<li>Anwendungsgebiete: Verdauung, Sodbrennen, Harnblase, Vitalisierung, Kr\u00e4ftigung<\/li>\n<li>Reinsubstanz \u2013 nur Wirkstoffe der Kr\u00e4uter enthalten<\/li>\n<li>Arzneimittelqualit\u00e4t der Kr\u00e4uter<\/li>\n<li>Gute Alternative zu Kapseln oder Tee<\/li>\n<li>Ausreichend f\u00fcr 50 Tage Kr\u00e4uterkur<\/li>\n<li>H\u00f6chste Qualit\u00e4tsstandards und Hygienerichtlinien<\/li>\n<li>Frei von k\u00fcnstlichen Zus\u00e4tzen und Farbstoffen<\/li>\n<li>Hergestellt nach traditionellen alchemistischen Grunds\u00e4tzen &#8211; nach Ansicht von Paracelsus<\/li>\n<\/ul>\n<p>Alchemische<strong> nat\u00fcrliche Tinktur, 50 ml<\/strong> Glasflasche<strong><br \/>\n<\/strong><\/p>\n","protected":false},"featured_media":922,"comment_status":"closed","ping_status":"closed","template":"","meta":{"inline_featured_image":false},"product_cat":[19],"product_tag":[],"acf":[],"yoast_head":"<!-- This site is optimized with the Yoast SEO plugin v20.11 - https:\/\/yoast.com\/wordpress\/plugins\/seo\/ -->\n<title>Tausendg\u00fcldenkraut Tinktur Tropfen - centaurium ery. Tropfen<\/title>\n<meta name=\"description\" content=\"Tausendg\u00fcldenkraut Tinktur kaufen \u2713 rein pflanzlich \u2713 Jetzt auf Rechnung bestellen \u2713 versandkostenfrei \u2713 Tropfen aus K\u00e4rnten\" \/>\n<meta name=\"robots\" content=\"index, follow, max-snippet:-1, max-image-preview:large, max-video-preview:-1\" \/>\n<link rel=\"canonical\" href=\"https:\/\/www.naturessenzen.com\/produkt\/tausendgueldenkraut-tinktur-essenz-kraeutertropfen\/\" \/>\n<meta property=\"og:locale\" content=\"de_DE\" \/>\n<meta property=\"og:type\" content=\"article\" \/>\n<meta property=\"og:title\" content=\"Tausendg\u00fcldenkraut Tinktur Tropfen - centaurium ery. Tropfen\" \/>\n<meta property=\"og:description\" content=\"Tausendg\u00fcldenkraut Tinktur kaufen \u2713 rein pflanzlich \u2713 Jetzt auf Rechnung bestellen \u2713 versandkostenfrei \u2713 Tropfen aus K\u00e4rnten\" \/>\n<meta property=\"og:url\" content=\"https:\/\/www.naturessenzen.com\/produkt\/tausendgueldenkraut-tinktur-essenz-kraeutertropfen\/\" \/>\n<meta property=\"og:site_name\" content=\"Duschlbaur&#039;s Kr\u00e4uter Shop - Tinktur Kr\u00e4utertinktur kaufen! Qualit\u00e4t seit 1917!\" \/>\n<meta property=\"article:modified_time\" content=\"2023-09-26T09:46:34+00:00\" \/>\n<meta property=\"og:image\" content=\"https:\/\/www.naturessenzen.com\/wp-content\/uploads\/2020\/11\/kraeuteressenz_kraeutertinktur_tausendgueldenkraut_verdauung_sodbrennen_appetit_ermuedung.png\" \/>\n\t<meta property=\"og:image:width\" content=\"1000\" \/>\n\t<meta property=\"og:image:height\" content=\"1000\" \/>\n\t<meta property=\"og:image:type\" content=\"image\/jpeg\" \/>\n<meta name=\"twitter:card\" content=\"summary_large_image\" \/>\n<meta name=\"twitter:label1\" content=\"Gesch\u00e4tzte Lesezeit\" \/>\n\t<meta name=\"twitter:data1\" content=\"2\u00a0Minuten\" \/>\n<script type=\"application\/ld+json\" class=\"yoast-schema-graph\">{\"@context\":\"https:\/\/schema.org\",\"@graph\":[{\"@type\":\"WebPage\",\"@id\":\"https:\/\/www.naturessenzen.com\/produkt\/tausendgueldenkraut-tinktur-essenz-kraeutertropfen\/\",\"url\":\"https:\/\/www.naturessenzen.com\/produkt\/tausendgueldenkraut-tinktur-essenz-kraeutertropfen\/\",\"name\":\"Tausendg\u00fcldenkraut Tinktur Tropfen - centaurium ery. Tropfen\",\"isPartOf\":{\"@id\":\"https:\/\/www.naturessenzen.com\/#website\"},\"datePublished\":\"2020-10-21T19:45:41+00:00\",\"dateModified\":\"2023-09-26T09:46:34+00:00\",\"description\":\"Tausendg\u00fcldenkraut Tinktur kaufen \u2713 rein pflanzlich \u2713 Jetzt auf Rechnung bestellen \u2713 versandkostenfrei \u2713 Tropfen aus K\u00e4rnten\",\"breadcrumb\":{\"@id\":\"https:\/\/www.naturessenzen.com\/produkt\/tausendgueldenkraut-tinktur-essenz-kraeutertropfen\/#breadcrumb\"},\"inLanguage\":\"de\",\"potentialAction\":[{\"@type\":\"ReadAction\",\"target\":[\"https:\/\/www.naturessenzen.com\/produkt\/tausendgueldenkraut-tinktur-essenz-kraeutertropfen\/\"]}]},{\"@type\":\"BreadcrumbList\",\"@id\":\"https:\/\/www.naturessenzen.com\/produkt\/tausendgueldenkraut-tinktur-essenz-kraeutertropfen\/#breadcrumb\",\"itemListElement\":[{\"@type\":\"ListItem\",\"position\":1,\"name\":\"Startseite\",\"item\":\"https:\/\/www.naturessenzen.com\/\"},{\"@type\":\"ListItem\",\"position\":2,\"name\":\"Shop\",\"item\":\"https:\/\/www.naturessenzen.com\/heilpflanzen-heilkraeuter-online-tinktur-kaufen\/\"},{\"@type\":\"ListItem\",\"position\":3,\"name\":\"Tausendg\u00fcldenkraut Tinktur\"}]},{\"@type\":\"WebSite\",\"@id\":\"https:\/\/www.naturessenzen.com\/#website\",\"url\":\"https:\/\/www.naturessenzen.com\/\",\"name\":\"Duschlbaur&#039;s Kr\u00e4uter Shop - Tinktur Kr\u00e4utertinktur kaufen! Qualit\u00e4t seit 1917!\",\"description\":\"Wir haben einen gro\u00dfe Auswahl an Kr\u00e4utertinkturen in unserem Shop! Tinktur Kr\u00e4utertinktur kaufen!\",\"potentialAction\":[{\"@type\":\"SearchAction\",\"target\":{\"@type\":\"EntryPoint\",\"urlTemplate\":\"https:\/\/www.naturessenzen.com\/?s={search_term_string}\"},\"query-input\":\"required name=search_term_string\"}],\"inLanguage\":\"de\"}]}<\/script>\n<!-- \/ Yoast SEO plugin. -->","yoast_head_json":{"title":"Tausendg\u00fcldenkraut Tinktur Tropfen - centaurium ery. Tropfen","description":"Tausendg\u00fcldenkraut Tinktur kaufen \u2713 rein pflanzlich \u2713 Jetzt auf Rechnung bestellen \u2713 versandkostenfrei \u2713 Tropfen aus K\u00e4rnten","robots":{"index":"index","follow":"follow","max-snippet":"max-snippet:-1","max-image-preview":"max-image-preview:large","max-video-preview":"max-video-preview:-1"},"canonical":"https:\/\/www.naturessenzen.com\/produkt\/tausendgueldenkraut-tinktur-essenz-kraeutertropfen\/","og_locale":"de_DE","og_type":"article","og_title":"Tausendg\u00fcldenkraut Tinktur Tropfen - centaurium ery. Tropfen","og_description":"Tausendg\u00fcldenkraut Tinktur kaufen \u2713 rein pflanzlich \u2713 Jetzt auf Rechnung bestellen \u2713 versandkostenfrei \u2713 Tropfen aus K\u00e4rnten","og_url":"https:\/\/www.naturessenzen.com\/produkt\/tausendgueldenkraut-tinktur-essenz-kraeutertropfen\/","og_site_name":"Duschlbaur&#039;s Kr\u00e4uter Shop - Tinktur Kr\u00e4utertinktur kaufen! Qualit\u00e4t seit 1917!","article_modified_time":"2023-09-26T09:46:34+00:00","og_image":[{"width":1000,"height":1000,"url":"https:\/\/www.naturessenzen.com\/wp-content\/uploads\/2020\/11\/kraeuteressenz_kraeutertinktur_tausendgueldenkraut_verdauung_sodbrennen_appetit_ermuedung.png","type":"image\/jpeg"}],"twitter_card":"summary_large_image","twitter_misc":{"Gesch\u00e4tzte Lesezeit":"2\u00a0Minuten"},"schema":{"@context":"https:\/\/schema.org","@graph":[{"@type":"WebPage","@id":"https:\/\/www.naturessenzen.com\/produkt\/tausendgueldenkraut-tinktur-essenz-kraeutertropfen\/","url":"https:\/\/www.naturessenzen.com\/produkt\/tausendgueldenkraut-tinktur-essenz-kraeutertropfen\/","name":"Tausendg\u00fcldenkraut Tinktur Tropfen - centaurium ery. Tropfen","isPartOf":{"@id":"https:\/\/www.naturessenzen.com\/#website"},"datePublished":"2020-10-21T19:45:41+00:00","dateModified":"2023-09-26T09:46:34+00:00","description":"Tausendg\u00fcldenkraut Tinktur kaufen \u2713 rein pflanzlich \u2713 Jetzt auf Rechnung bestellen \u2713 versandkostenfrei \u2713 Tropfen aus K\u00e4rnten","breadcrumb":{"@id":"https:\/\/www.naturessenzen.com\/produkt\/tausendgueldenkraut-tinktur-essenz-kraeutertropfen\/#breadcrumb"},"inLanguage":"de","potentialAction":[{"@type":"ReadAction","target":["https:\/\/www.naturessenzen.com\/produkt\/tausendgueldenkraut-tinktur-essenz-kraeutertropfen\/"]}]},{"@type":"BreadcrumbList","@id":"https:\/\/www.naturessenzen.com\/produkt\/tausendgueldenkraut-tinktur-essenz-kraeutertropfen\/#breadcrumb","itemListElement":[{"@type":"ListItem","position":1,"name":"Startseite","item":"https:\/\/www.naturessenzen.com\/"},{"@type":"ListItem","position":2,"name":"Shop","item":"https:\/\/www.naturessenzen.com\/heilpflanzen-heilkraeuter-online-tinktur-kaufen\/"},{"@type":"ListItem","position":3,"name":"Tausendg\u00fcldenkraut Tinktur"}]},{"@type":"WebSite","@id":"https:\/\/www.naturessenzen.com\/#website","url":"https:\/\/www.naturessenzen.com\/","name":"Duschlbaur&#039;s Kr\u00e4uter Shop - Tinktur Kr\u00e4utertinktur kaufen! Qualit\u00e4t seit 1917!","description":"Wir haben einen gro\u00dfe Auswahl an Kr\u00e4utertinkturen in unserem Shop! Tinktur Kr\u00e4utertinktur kaufen!","potentialAction":[{"@type":"SearchAction","target":{"@type":"EntryPoint","urlTemplate":"https:\/\/www.naturessenzen.com\/?s={search_term_string}"},"query-input":"required name=search_term_string"}],"inLanguage":"de"}]}},"_links":{"self":[{"href":"https:\/\/www.naturessenzen.com\/wp-json\/wp\/v2\/product\/733"}],"collection":[{"href":"https:\/\/www.naturessenzen.com\/wp-json\/wp\/v2\/product"}],"about":[{"href":"https:\/\/www.naturessenzen.com\/wp-json\/wp\/v2\/types\/product"}],"replies":[{"embeddable":true,"href":"https:\/\/www.naturessenzen.com\/wp-json\/wp\/v2\/comments?post=733"}],"wp:featuredmedia":[{"embeddable":true,"href":"https:\/\/www.naturessenzen.com\/wp-json\/wp\/v2\/media\/922"}],"wp:attachment":[{"href":"https:\/\/www.naturessenzen.com\/wp-json\/wp\/v2\/media?parent=733"}],"wp:term":[{"taxonomy":"product_cat","embeddable":true,"href":"https:\/\/www.naturessenzen.com\/wp-json\/wp\/v2\/product_cat?post=733"},{"taxonomy":"product_tag","embeddable":true,"href":"https:\/\/www.naturessenzen.com\/wp-json\/wp\/v2\/product_tag?post=733"}],"curies":[{"name":"wp","href":"https:\/\/api.w.org\/{rel}","templated":true}]}}