{"id":731,"date":"2020-10-21T21:39:35","date_gmt":"2020-10-21T19:39:35","guid":{"rendered":"https:\/\/www.naturessenzen.com\/?post_type=product&#038;p=731"},"modified":"2023-09-26T11:42:48","modified_gmt":"2023-09-26T09:42:48","slug":"schwarzkuemmel-tinktur-essenz-kraeutertropfen","status":"publish","type":"product","link":"https:\/\/www.naturessenzen.com\/produkt\/schwarzkuemmel-tinktur-essenz-kraeutertropfen\/","title":{"rendered":"Schwarzk\u00fcmmel Tinktur"},"content":{"rendered":"<h2>Schwarzk\u00fcmmel Tinktur &#8211; nigella sativa Tropfen<\/h2>\n<p>Die nat\u00fcrlichen Inhaltsstoffe der <strong>Schwarzk\u00fcmmel Tinktur Tropfen <\/strong>sind: Wasser, Alkohol, Schwarzk\u00fcmmel.<\/p>\n<p>F\u00fcr die Herstellung dieser sehr wertvollen Tropfen verwenden wir die Samen.<\/p>\n<p>Die schwarzen Samen der Pflanze verfeinern mit einem w\u00fcrzig-fruchtigen, nussigen Geschmack Gem\u00fcse- und Fleischgerichte und geben Geb\u00e4ck und Brot eine interessante Geschmacksnote. Im f\u00fcnften Jahrhundert l\u00f6ste der Pfeffer den Schwarzk\u00fcmmel als Gew\u00fcrz ab.<\/p>\n<p>In Europa findet Schwarzk\u00fcmmel erstmals im 9. Jahrhundert in der Landg\u00fcterverordnung (Capitulare des villis) von Karl dem Gro\u00dfen Erw\u00e4hnung. Zeitgleich wird sie auch im St. Galler Klosterplan \u2013 die fr\u00fcheste Darstellung eines Klosterbezirkes aus dem Mittelalter \u2013 aufgelistet.<\/p>\n<p>Der Schwarzk\u00fcmmel (Nigella sativa) geh\u00f6rt zur Pflanzenfamilie der Hahnenfu\u00dfgew\u00e4chse (Ranunculaceae). Die aufrecht wachsende, einj\u00e4hrige Pflanze wird ca. 50 cm hoch und breitet sich bis zu 20 cm aus. An rauhaarigen St\u00e4ngeln finden sich gr\u00fcne, zwei- bis dreifach gefiederte Bl\u00e4tter.<br \/>\nIn der Bl\u00fctezeit von Ende Mai bis Juli bilden sich Bl\u00fcten, deren Farben von wei\u00df, rosafarben, blau bis violett sein k\u00f6nnen. In der Mitte der Bl\u00fcte steht der Fruchtknoten und mehrere br\u00e4unliche Staubbl\u00e4tter.<\/p>\n<p>Aus den Bl\u00fcten entstehen zur Fruchtreife bis zu 2 cm lange Balgfr\u00fcchte. Zuerst von gr\u00fcner Farbe f\u00e4rben sich die Balgfr\u00fcchte braun. Dann kann man aus einer Frucht bis zu 100 einzelne, 2 mm kleine, schwarzbraunen, kantigen und \u00f6lhaltigen Samen ernten.<\/p>\n","protected":false},"excerpt":{"rendered":"<ul>\n<li>Anwendungsgebiete: Magen, Darm, Schleim, Erk\u00e4ltungen, Immunsystem, Gastritis<\/li>\n<li>Reinsubstanz \u2013 nur Wirkstoffe der Kr\u00e4uter enthalten<\/li>\n<li>Arzneimittelqualit\u00e4t der Kr\u00e4uter<\/li>\n<li>Gute Alternative zu Kapseln oder Tee<\/li>\n<li>Ausreichend f\u00fcr 50 Tage Kr\u00e4uterkur<\/li>\n<li>H\u00f6chste Qualit\u00e4tsstandards und Hygienerichtlinien<\/li>\n<li>Frei von k\u00fcnstlichen Zus\u00e4tzen und Farbstoffen<\/li>\n<li>Hergestellt nach traditionellen alchemistischen Grunds\u00e4tzen &#8211; nach Ansicht von Paracelsus<\/li>\n<\/ul>\n<p>Alchemische<strong> nat\u00fcrliche Tinktur, 50 ml<\/strong> Glasflasche<strong><br \/>\n<\/strong><\/p>\n","protected":false},"featured_media":920,"comment_status":"closed","ping_status":"closed","template":"","meta":{"inline_featured_image":false},"product_cat":[19],"product_tag":[],"acf":[],"yoast_head":"<!-- This site is optimized with the Yoast SEO plugin v20.11 - https:\/\/yoast.com\/wordpress\/plugins\/seo\/ -->\n<title>Schwarzk\u00fcmmel Tinktur Tropfen kaufen - nigella sativa Tropfen<\/title>\n<meta name=\"description\" content=\"Schwarzk\u00fcmmel Tinktur Tropfen kaufen \u2713 rein pflanzlich \u2713 Jetzt auf Rechnung bestellen \u2713 versandkostenfrei \u2713 K\u00e4rntner Tropfen\" \/>\n<meta name=\"robots\" content=\"index, follow, max-snippet:-1, max-image-preview:large, max-video-preview:-1\" \/>\n<link rel=\"canonical\" href=\"https:\/\/www.naturessenzen.com\/produkt\/schwarzkuemmel-tinktur-essenz-kraeutertropfen\/\" \/>\n<meta property=\"og:locale\" content=\"de_DE\" \/>\n<meta property=\"og:type\" content=\"article\" \/>\n<meta property=\"og:title\" content=\"Schwarzk\u00fcmmel Tinktur Tropfen kaufen - nigella sativa Tropfen\" \/>\n<meta property=\"og:description\" content=\"Schwarzk\u00fcmmel Tinktur Tropfen kaufen \u2713 rein pflanzlich \u2713 Jetzt auf Rechnung bestellen \u2713 versandkostenfrei \u2713 K\u00e4rntner Tropfen\" \/>\n<meta property=\"og:url\" content=\"https:\/\/www.naturessenzen.com\/produkt\/schwarzkuemmel-tinktur-essenz-kraeutertropfen\/\" \/>\n<meta property=\"og:site_name\" content=\"Duschlbaur&#039;s Kr\u00e4uter Shop - Tinktur Kr\u00e4utertinktur kaufen! Qualit\u00e4t seit 1917!\" \/>\n<meta property=\"article:modified_time\" content=\"2023-09-26T09:42:48+00:00\" \/>\n<meta property=\"og:image\" content=\"https:\/\/www.naturessenzen.com\/wp-content\/uploads\/2020\/11\/kraeuteressenz_kraeutertinktur_schwarzkuemmel_immunsystem_erkaeltung_magen_darm_asthma.png\" \/>\n\t<meta property=\"og:image:width\" content=\"1000\" \/>\n\t<meta property=\"og:image:height\" content=\"1000\" \/>\n\t<meta property=\"og:image:type\" content=\"image\/jpeg\" \/>\n<meta name=\"twitter:card\" content=\"summary_large_image\" \/>\n<meta name=\"twitter:label1\" content=\"Gesch\u00e4tzte Lesezeit\" \/>\n\t<meta name=\"twitter:data1\" content=\"2\u00a0Minuten\" \/>\n<script type=\"application\/ld+json\" class=\"yoast-schema-graph\">{\"@context\":\"https:\/\/schema.org\",\"@graph\":[{\"@type\":\"WebPage\",\"@id\":\"https:\/\/www.naturessenzen.com\/produkt\/schwarzkuemmel-tinktur-essenz-kraeutertropfen\/\",\"url\":\"https:\/\/www.naturessenzen.com\/produkt\/schwarzkuemmel-tinktur-essenz-kraeutertropfen\/\",\"name\":\"Schwarzk\u00fcmmel Tinktur Tropfen kaufen - nigella sativa Tropfen\",\"isPartOf\":{\"@id\":\"https:\/\/www.naturessenzen.com\/#website\"},\"datePublished\":\"2020-10-21T19:39:35+00:00\",\"dateModified\":\"2023-09-26T09:42:48+00:00\",\"description\":\"Schwarzk\u00fcmmel Tinktur Tropfen kaufen \u2713 rein pflanzlich \u2713 Jetzt auf Rechnung bestellen \u2713 versandkostenfrei \u2713 K\u00e4rntner Tropfen\",\"breadcrumb\":{\"@id\":\"https:\/\/www.naturessenzen.com\/produkt\/schwarzkuemmel-tinktur-essenz-kraeutertropfen\/#breadcrumb\"},\"inLanguage\":\"de\",\"potentialAction\":[{\"@type\":\"ReadAction\",\"target\":[\"https:\/\/www.naturessenzen.com\/produkt\/schwarzkuemmel-tinktur-essenz-kraeutertropfen\/\"]}]},{\"@type\":\"BreadcrumbList\",\"@id\":\"https:\/\/www.naturessenzen.com\/produkt\/schwarzkuemmel-tinktur-essenz-kraeutertropfen\/#breadcrumb\",\"itemListElement\":[{\"@type\":\"ListItem\",\"position\":1,\"name\":\"Startseite\",\"item\":\"https:\/\/www.naturessenzen.com\/\"},{\"@type\":\"ListItem\",\"position\":2,\"name\":\"Shop\",\"item\":\"https:\/\/www.naturessenzen.com\/heilpflanzen-heilkraeuter-online-tinktur-kaufen\/\"},{\"@type\":\"ListItem\",\"position\":3,\"name\":\"Schwarzk\u00fcmmel Tinktur\"}]},{\"@type\":\"WebSite\",\"@id\":\"https:\/\/www.naturessenzen.com\/#website\",\"url\":\"https:\/\/www.naturessenzen.com\/\",\"name\":\"Duschlbaur&#039;s Kr\u00e4uter Shop - Tinktur Kr\u00e4utertinktur kaufen! Qualit\u00e4t seit 1917!\",\"description\":\"Wir haben einen gro\u00dfe Auswahl an Kr\u00e4utertinkturen in unserem Shop! Tinktur Kr\u00e4utertinktur kaufen!\",\"potentialAction\":[{\"@type\":\"SearchAction\",\"target\":{\"@type\":\"EntryPoint\",\"urlTemplate\":\"https:\/\/www.naturessenzen.com\/?s={search_term_string}\"},\"query-input\":\"required name=search_term_string\"}],\"inLanguage\":\"de\"}]}<\/script>\n<!-- \/ Yoast SEO plugin. -->","yoast_head_json":{"title":"Schwarzk\u00fcmmel Tinktur Tropfen kaufen - nigella sativa Tropfen","description":"Schwarzk\u00fcmmel Tinktur Tropfen kaufen \u2713 rein pflanzlich \u2713 Jetzt auf Rechnung bestellen \u2713 versandkostenfrei \u2713 K\u00e4rntner Tropfen","robots":{"index":"index","follow":"follow","max-snippet":"max-snippet:-1","max-image-preview":"max-image-preview:large","max-video-preview":"max-video-preview:-1"},"canonical":"https:\/\/www.naturessenzen.com\/produkt\/schwarzkuemmel-tinktur-essenz-kraeutertropfen\/","og_locale":"de_DE","og_type":"article","og_title":"Schwarzk\u00fcmmel Tinktur Tropfen kaufen - nigella sativa Tropfen","og_description":"Schwarzk\u00fcmmel Tinktur Tropfen kaufen \u2713 rein pflanzlich \u2713 Jetzt auf Rechnung bestellen \u2713 versandkostenfrei \u2713 K\u00e4rntner Tropfen","og_url":"https:\/\/www.naturessenzen.com\/produkt\/schwarzkuemmel-tinktur-essenz-kraeutertropfen\/","og_site_name":"Duschlbaur&#039;s Kr\u00e4uter Shop - Tinktur Kr\u00e4utertinktur kaufen! Qualit\u00e4t seit 1917!","article_modified_time":"2023-09-26T09:42:48+00:00","og_image":[{"width":1000,"height":1000,"url":"https:\/\/www.naturessenzen.com\/wp-content\/uploads\/2020\/11\/kraeuteressenz_kraeutertinktur_schwarzkuemmel_immunsystem_erkaeltung_magen_darm_asthma.png","type":"image\/jpeg"}],"twitter_card":"summary_large_image","twitter_misc":{"Gesch\u00e4tzte Lesezeit":"2\u00a0Minuten"},"schema":{"@context":"https:\/\/schema.org","@graph":[{"@type":"WebPage","@id":"https:\/\/www.naturessenzen.com\/produkt\/schwarzkuemmel-tinktur-essenz-kraeutertropfen\/","url":"https:\/\/www.naturessenzen.com\/produkt\/schwarzkuemmel-tinktur-essenz-kraeutertropfen\/","name":"Schwarzk\u00fcmmel Tinktur Tropfen kaufen - nigella sativa Tropfen","isPartOf":{"@id":"https:\/\/www.naturessenzen.com\/#website"},"datePublished":"2020-10-21T19:39:35+00:00","dateModified":"2023-09-26T09:42:48+00:00","description":"Schwarzk\u00fcmmel Tinktur Tropfen kaufen \u2713 rein pflanzlich \u2713 Jetzt auf Rechnung bestellen \u2713 versandkostenfrei \u2713 K\u00e4rntner Tropfen","breadcrumb":{"@id":"https:\/\/www.naturessenzen.com\/produkt\/schwarzkuemmel-tinktur-essenz-kraeutertropfen\/#breadcrumb"},"inLanguage":"de","potentialAction":[{"@type":"ReadAction","target":["https:\/\/www.naturessenzen.com\/produkt\/schwarzkuemmel-tinktur-essenz-kraeutertropfen\/"]}]},{"@type":"BreadcrumbList","@id":"https:\/\/www.naturessenzen.com\/produkt\/schwarzkuemmel-tinktur-essenz-kraeutertropfen\/#breadcrumb","itemListElement":[{"@type":"ListItem","position":1,"name":"Startseite","item":"https:\/\/www.naturessenzen.com\/"},{"@type":"ListItem","position":2,"name":"Shop","item":"https:\/\/www.naturessenzen.com\/heilpflanzen-heilkraeuter-online-tinktur-kaufen\/"},{"@type":"ListItem","position":3,"name":"Schwarzk\u00fcmmel Tinktur"}]},{"@type":"WebSite","@id":"https:\/\/www.naturessenzen.com\/#website","url":"https:\/\/www.naturessenzen.com\/","name":"Duschlbaur&#039;s Kr\u00e4uter Shop - Tinktur Kr\u00e4utertinktur kaufen! Qualit\u00e4t seit 1917!","description":"Wir haben einen gro\u00dfe Auswahl an Kr\u00e4utertinkturen in unserem Shop! Tinktur Kr\u00e4utertinktur kaufen!","potentialAction":[{"@type":"SearchAction","target":{"@type":"EntryPoint","urlTemplate":"https:\/\/www.naturessenzen.com\/?s={search_term_string}"},"query-input":"required name=search_term_string"}],"inLanguage":"de"}]}},"_links":{"self":[{"href":"https:\/\/www.naturessenzen.com\/wp-json\/wp\/v2\/product\/731"}],"collection":[{"href":"https:\/\/www.naturessenzen.com\/wp-json\/wp\/v2\/product"}],"about":[{"href":"https:\/\/www.naturessenzen.com\/wp-json\/wp\/v2\/types\/product"}],"replies":[{"embeddable":true,"href":"https:\/\/www.naturessenzen.com\/wp-json\/wp\/v2\/comments?post=731"}],"wp:featuredmedia":[{"embeddable":true,"href":"https:\/\/www.naturessenzen.com\/wp-json\/wp\/v2\/media\/920"}],"wp:attachment":[{"href":"https:\/\/www.naturessenzen.com\/wp-json\/wp\/v2\/media?parent=731"}],"wp:term":[{"taxonomy":"product_cat","embeddable":true,"href":"https:\/\/www.naturessenzen.com\/wp-json\/wp\/v2\/product_cat?post=731"},{"taxonomy":"product_tag","embeddable":true,"href":"https:\/\/www.naturessenzen.com\/wp-json\/wp\/v2\/product_tag?post=731"}],"curies":[{"name":"wp","href":"https:\/\/api.w.org\/{rel}","templated":true}]}}