{"id":729,"date":"2020-10-21T21:37:13","date_gmt":"2020-10-21T19:37:13","guid":{"rendered":"https:\/\/www.naturessenzen.com\/?post_type=product&#038;p=729"},"modified":"2023-09-26T11:35:58","modified_gmt":"2023-09-26T09:35:58","slug":"schafgarbe-tinktur-essenz-kraeutertropfen","status":"publish","type":"product","link":"https:\/\/www.naturessenzen.com\/produkt\/schafgarbe-tinktur-essenz-kraeutertropfen\/","title":{"rendered":"Schafgarbe Tinktur"},"content":{"rendered":"<h2>Schafgarbe Tinktur &#8211; achillea millefolium Tropfen<\/h2>\n<p>Die nat\u00fcrlichen Inhaltsstoffe der<strong> Schafgarbe Tinktur Tropfen <\/strong>sind: Wasser, Alkohol, Schafgarbe.<\/p>\n<p>F\u00fcr die Herstellung dieser sehr wertvollen Tropfen verwenden wir das Kraut mit der Bl\u00fcte.<\/p>\n<p>Pollen der Schafgarbe wurden in einem 49.000 Jahre alten Grab in einer H\u00f6hle im heutigen Irak gefunden. Bei Grabungsarbeiten in der H\u00f6hle von Shanidar stie\u00df man neben Pflanzenresten der Schafgarbe auch auf \u00dcberreste von Neandertalern.<\/p>\n<p>Nicht nur in der Welt der Forschungen und Entdeckungen hat die Schafgarbe ihren Platz. In der Mythen umwobenen Sagenlandschaft fiel Achilles auf dem Weg nach Troja in Mysien ein. Im Kampf verletzte er den K\u00f6nig Thelephos am Oberschenkel. Die Wunde kurierte er mit einer Heilpflanze, der man sp\u00e4ter den Namen \u201eachillea millefolium\u201c zuschrieb.<\/p>\n<p>Die deutsche Bezeichnung \u201eSchafgarbe\u201c kommt aus dem Mittelhochdeutschen. Die Hirten f\u00fctterten kranke Schafe mit Schafgarbe \u2013 \u201eSchafe heilen\u201c.<\/p>\n<p>Die mehrj\u00e4hrige, ausdauernde Schafgarbe geh\u00f6rt zur Familie der Korbbl\u00fctler (Compositae). Auff\u00e4llig an ihr sind ihre Wuchsh\u00f6he von bis zu 1,40 m und ein bis zu einem Meter weit reichendes Wurzelwerk. Im Fr\u00fchjahr treibt der Wurzelstock eine Blattrosette aus. Aus ihr sprie\u00dft ein z\u00e4her, innen markhaltiger St\u00e4ngel.<\/p>\n<p>In der Bl\u00fctezeit von Ende Mai bis Mitte Oktober bildet die Schafgarbe Trugdolden aus zahlreichen, kleinen, wei\u00dfen, selten leicht rosa gef\u00e4rbten Bl\u00fctenk\u00f6pfen. Ihr angenehm s\u00fc\u00dflicher Duft lockt Bienen und Schmetterlinge an. Nach der Best\u00e4ubung bilden sich gefl\u00fcgelte, gelblich-gr\u00e4uliche Fr\u00fcchte mit br\u00e4unlichen Samen.<\/p>\n","protected":false},"excerpt":{"rendered":"<ul>\n<li>Anwendungsgebiete: Verdauung, Galle, Menstruation, innere Reinigung<\/li>\n<li>Reinsubstanz \u2013 nur Wirkstoffe der Kr\u00e4uter enthalten<\/li>\n<li>Arzneimittelqualit\u00e4t der Kr\u00e4uter<\/li>\n<li>Gute Alternative zu Kapseln oder Tee<\/li>\n<li>Ausreichend f\u00fcr 50 Tage Kr\u00e4uterkur<\/li>\n<li>H\u00f6chste Qualit\u00e4tsstandards und Hygienerichtlinien<\/li>\n<li>Frei von k\u00fcnstlichen Zus\u00e4tzen und Farbstoffen<\/li>\n<li>Hergestellt nach traditionellen alchemistischen Grunds\u00e4tzen &#8211; nach Ansicht von Paracelsus<\/li>\n<\/ul>\n<p>Alchemische<strong> nat\u00fcrliche Tinktur, 50 ml<\/strong> Glasflasche<strong><br \/>\n<\/strong><\/p>\n","protected":false},"featured_media":917,"comment_status":"closed","ping_status":"closed","template":"","meta":{"inline_featured_image":false},"product_cat":[19],"product_tag":[],"acf":[],"yoast_head":"<!-- This site is optimized with the Yoast SEO plugin v20.11 - https:\/\/yoast.com\/wordpress\/plugins\/seo\/ -->\n<title>Schafgarbe Tinktur Tropfen kaufen - achillea millefolium Tropfen<\/title>\n<meta name=\"description\" content=\"Schafgarbe Tinktur kaufen \u2713 rein pflanzlich \u2713 Jetzt auf Rechnung bestellen \u2713 versandkostenfrei \u2713 besondere K\u00e4rntner Tropfen\" \/>\n<meta name=\"robots\" content=\"index, follow, max-snippet:-1, max-image-preview:large, max-video-preview:-1\" \/>\n<link rel=\"canonical\" href=\"https:\/\/www.naturessenzen.com\/produkt\/schafgarbe-tinktur-essenz-kraeutertropfen\/\" \/>\n<meta property=\"og:locale\" content=\"de_DE\" \/>\n<meta property=\"og:type\" content=\"article\" \/>\n<meta property=\"og:title\" content=\"Schafgarbe Tinktur Tropfen kaufen - achillea millefolium Tropfen\" \/>\n<meta property=\"og:description\" content=\"Schafgarbe Tinktur kaufen \u2713 rein pflanzlich \u2713 Jetzt auf Rechnung bestellen \u2713 versandkostenfrei \u2713 besondere K\u00e4rntner Tropfen\" \/>\n<meta property=\"og:url\" content=\"https:\/\/www.naturessenzen.com\/produkt\/schafgarbe-tinktur-essenz-kraeutertropfen\/\" \/>\n<meta property=\"og:site_name\" content=\"Duschlbaur&#039;s Kr\u00e4uter Shop - Tinktur Kr\u00e4utertinktur kaufen! Qualit\u00e4t seit 1917!\" \/>\n<meta property=\"article:modified_time\" content=\"2023-09-26T09:35:58+00:00\" \/>\n<meta property=\"og:image\" content=\"https:\/\/www.naturessenzen.com\/wp-content\/uploads\/2020\/11\/kraeuteressenz_kraeutertinktur_schafgarbe_blaehungen_menstruation_galle_unterbauchbeschwerden.png\" \/>\n\t<meta property=\"og:image:width\" content=\"1000\" \/>\n\t<meta property=\"og:image:height\" content=\"1000\" \/>\n\t<meta property=\"og:image:type\" content=\"image\/jpeg\" \/>\n<meta name=\"twitter:card\" content=\"summary_large_image\" \/>\n<meta name=\"twitter:label1\" content=\"Gesch\u00e4tzte Lesezeit\" \/>\n\t<meta name=\"twitter:data1\" content=\"2\u00a0Minuten\" \/>\n<script type=\"application\/ld+json\" class=\"yoast-schema-graph\">{\"@context\":\"https:\/\/schema.org\",\"@graph\":[{\"@type\":\"WebPage\",\"@id\":\"https:\/\/www.naturessenzen.com\/produkt\/schafgarbe-tinktur-essenz-kraeutertropfen\/\",\"url\":\"https:\/\/www.naturessenzen.com\/produkt\/schafgarbe-tinktur-essenz-kraeutertropfen\/\",\"name\":\"Schafgarbe Tinktur Tropfen kaufen - achillea millefolium Tropfen\",\"isPartOf\":{\"@id\":\"https:\/\/www.naturessenzen.com\/#website\"},\"datePublished\":\"2020-10-21T19:37:13+00:00\",\"dateModified\":\"2023-09-26T09:35:58+00:00\",\"description\":\"Schafgarbe Tinktur kaufen \u2713 rein pflanzlich \u2713 Jetzt auf Rechnung bestellen \u2713 versandkostenfrei \u2713 besondere K\u00e4rntner Tropfen\",\"breadcrumb\":{\"@id\":\"https:\/\/www.naturessenzen.com\/produkt\/schafgarbe-tinktur-essenz-kraeutertropfen\/#breadcrumb\"},\"inLanguage\":\"de\",\"potentialAction\":[{\"@type\":\"ReadAction\",\"target\":[\"https:\/\/www.naturessenzen.com\/produkt\/schafgarbe-tinktur-essenz-kraeutertropfen\/\"]}]},{\"@type\":\"BreadcrumbList\",\"@id\":\"https:\/\/www.naturessenzen.com\/produkt\/schafgarbe-tinktur-essenz-kraeutertropfen\/#breadcrumb\",\"itemListElement\":[{\"@type\":\"ListItem\",\"position\":1,\"name\":\"Startseite\",\"item\":\"https:\/\/www.naturessenzen.com\/\"},{\"@type\":\"ListItem\",\"position\":2,\"name\":\"Shop\",\"item\":\"https:\/\/www.naturessenzen.com\/heilpflanzen-heilkraeuter-online-tinktur-kaufen\/\"},{\"@type\":\"ListItem\",\"position\":3,\"name\":\"Schafgarbe Tinktur\"}]},{\"@type\":\"WebSite\",\"@id\":\"https:\/\/www.naturessenzen.com\/#website\",\"url\":\"https:\/\/www.naturessenzen.com\/\",\"name\":\"Duschlbaur&#039;s Kr\u00e4uter Shop - Tinktur Kr\u00e4utertinktur kaufen! Qualit\u00e4t seit 1917!\",\"description\":\"Wir haben einen gro\u00dfe Auswahl an Kr\u00e4utertinkturen in unserem Shop! Tinktur Kr\u00e4utertinktur kaufen!\",\"potentialAction\":[{\"@type\":\"SearchAction\",\"target\":{\"@type\":\"EntryPoint\",\"urlTemplate\":\"https:\/\/www.naturessenzen.com\/?s={search_term_string}\"},\"query-input\":\"required name=search_term_string\"}],\"inLanguage\":\"de\"}]}<\/script>\n<!-- \/ Yoast SEO plugin. -->","yoast_head_json":{"title":"Schafgarbe Tinktur Tropfen kaufen - achillea millefolium Tropfen","description":"Schafgarbe Tinktur kaufen \u2713 rein pflanzlich \u2713 Jetzt auf Rechnung bestellen \u2713 versandkostenfrei \u2713 besondere K\u00e4rntner Tropfen","robots":{"index":"index","follow":"follow","max-snippet":"max-snippet:-1","max-image-preview":"max-image-preview:large","max-video-preview":"max-video-preview:-1"},"canonical":"https:\/\/www.naturessenzen.com\/produkt\/schafgarbe-tinktur-essenz-kraeutertropfen\/","og_locale":"de_DE","og_type":"article","og_title":"Schafgarbe Tinktur Tropfen kaufen - achillea millefolium Tropfen","og_description":"Schafgarbe Tinktur kaufen \u2713 rein pflanzlich \u2713 Jetzt auf Rechnung bestellen \u2713 versandkostenfrei \u2713 besondere K\u00e4rntner Tropfen","og_url":"https:\/\/www.naturessenzen.com\/produkt\/schafgarbe-tinktur-essenz-kraeutertropfen\/","og_site_name":"Duschlbaur&#039;s Kr\u00e4uter Shop - Tinktur Kr\u00e4utertinktur kaufen! Qualit\u00e4t seit 1917!","article_modified_time":"2023-09-26T09:35:58+00:00","og_image":[{"width":1000,"height":1000,"url":"https:\/\/www.naturessenzen.com\/wp-content\/uploads\/2020\/11\/kraeuteressenz_kraeutertinktur_schafgarbe_blaehungen_menstruation_galle_unterbauchbeschwerden.png","type":"image\/jpeg"}],"twitter_card":"summary_large_image","twitter_misc":{"Gesch\u00e4tzte Lesezeit":"2\u00a0Minuten"},"schema":{"@context":"https:\/\/schema.org","@graph":[{"@type":"WebPage","@id":"https:\/\/www.naturessenzen.com\/produkt\/schafgarbe-tinktur-essenz-kraeutertropfen\/","url":"https:\/\/www.naturessenzen.com\/produkt\/schafgarbe-tinktur-essenz-kraeutertropfen\/","name":"Schafgarbe Tinktur Tropfen kaufen - achillea millefolium Tropfen","isPartOf":{"@id":"https:\/\/www.naturessenzen.com\/#website"},"datePublished":"2020-10-21T19:37:13+00:00","dateModified":"2023-09-26T09:35:58+00:00","description":"Schafgarbe Tinktur kaufen \u2713 rein pflanzlich \u2713 Jetzt auf Rechnung bestellen \u2713 versandkostenfrei \u2713 besondere K\u00e4rntner Tropfen","breadcrumb":{"@id":"https:\/\/www.naturessenzen.com\/produkt\/schafgarbe-tinktur-essenz-kraeutertropfen\/#breadcrumb"},"inLanguage":"de","potentialAction":[{"@type":"ReadAction","target":["https:\/\/www.naturessenzen.com\/produkt\/schafgarbe-tinktur-essenz-kraeutertropfen\/"]}]},{"@type":"BreadcrumbList","@id":"https:\/\/www.naturessenzen.com\/produkt\/schafgarbe-tinktur-essenz-kraeutertropfen\/#breadcrumb","itemListElement":[{"@type":"ListItem","position":1,"name":"Startseite","item":"https:\/\/www.naturessenzen.com\/"},{"@type":"ListItem","position":2,"name":"Shop","item":"https:\/\/www.naturessenzen.com\/heilpflanzen-heilkraeuter-online-tinktur-kaufen\/"},{"@type":"ListItem","position":3,"name":"Schafgarbe Tinktur"}]},{"@type":"WebSite","@id":"https:\/\/www.naturessenzen.com\/#website","url":"https:\/\/www.naturessenzen.com\/","name":"Duschlbaur&#039;s Kr\u00e4uter Shop - Tinktur Kr\u00e4utertinktur kaufen! Qualit\u00e4t seit 1917!","description":"Wir haben einen gro\u00dfe Auswahl an Kr\u00e4utertinkturen in unserem Shop! Tinktur Kr\u00e4utertinktur kaufen!","potentialAction":[{"@type":"SearchAction","target":{"@type":"EntryPoint","urlTemplate":"https:\/\/www.naturessenzen.com\/?s={search_term_string}"},"query-input":"required name=search_term_string"}],"inLanguage":"de"}]}},"_links":{"self":[{"href":"https:\/\/www.naturessenzen.com\/wp-json\/wp\/v2\/product\/729"}],"collection":[{"href":"https:\/\/www.naturessenzen.com\/wp-json\/wp\/v2\/product"}],"about":[{"href":"https:\/\/www.naturessenzen.com\/wp-json\/wp\/v2\/types\/product"}],"replies":[{"embeddable":true,"href":"https:\/\/www.naturessenzen.com\/wp-json\/wp\/v2\/comments?post=729"}],"wp:featuredmedia":[{"embeddable":true,"href":"https:\/\/www.naturessenzen.com\/wp-json\/wp\/v2\/media\/917"}],"wp:attachment":[{"href":"https:\/\/www.naturessenzen.com\/wp-json\/wp\/v2\/media?parent=729"}],"wp:term":[{"taxonomy":"product_cat","embeddable":true,"href":"https:\/\/www.naturessenzen.com\/wp-json\/wp\/v2\/product_cat?post=729"},{"taxonomy":"product_tag","embeddable":true,"href":"https:\/\/www.naturessenzen.com\/wp-json\/wp\/v2\/product_tag?post=729"}],"curies":[{"name":"wp","href":"https:\/\/api.w.org\/{rel}","templated":true}]}}