{"id":727,"date":"2020-10-21T21:29:00","date_gmt":"2020-10-21T19:29:00","guid":{"rendered":"https:\/\/www.naturessenzen.com\/?post_type=product&#038;p=727"},"modified":"2023-09-26T11:31:46","modified_gmt":"2023-09-26T09:31:46","slug":"saegepalme-tinktur-essenz-kraeutertropfen","status":"publish","type":"product","link":"https:\/\/www.naturessenzen.com\/produkt\/saegepalme-tinktur-essenz-kraeutertropfen\/","title":{"rendered":"S\u00e4gepalme Tinktur"},"content":{"rendered":"<h2>S\u00e4gepalme Tinktur &#8211; sabal serrulatum Tropfen<\/h2>\n<p>Die nat\u00fcrlichen Inhaltsstoffe der <strong>S\u00e4gepalme Tinktur Tropfen <\/strong>sind: Wasser, Alkohol, S\u00e4gepalme.<\/p>\n<p>F\u00fcr die Herstellung dieser sehr wertvollen Tropfen verwenden wir die Frucht.<\/p>\n<p>Die Pflanze ist im S\u00fcdosten Nordamerikas beheimatet. Sie ist teiltweise Unterwuchs von anderen B\u00e4umen und kann sowohl vermehrte Feuchtigkeit als auch Trockenheit gut \u00fcberstehen. In Europa ist die S\u00e4gepalme erst seit rund 100 Jahren heimisch. In S\u00fcdfrankreich trifft man sie am h\u00e4ufigsten an.<\/p>\n<p>Die S\u00e4gepalme geh\u00f6rt zur Familie der Palmengew\u00e4chse (Arecaceae). Sie ist ebenso bekannt unter den Namen Sabal-Palme oder Zwergpalme. Als kurzst\u00e4mmige Buschpalme ist sie teilweise Unterwuchs von anderen B\u00e4umen. Sie kann sowohl vermehrte Feuchtigkeit als auch Trockenheit gut \u00fcberstehen. Sie ist f\u00fcr ihre Widerstandskraft bekannt und sehr resistent gegen Sch\u00e4dlinge und sch\u00e4digende Umwelteinfl\u00fcsse. Selbst nach einem Feuer kann die S\u00e4gepalme wieder lebendig sprie\u00dfen. Beste Voraussetzungen, um bis zu 500 Jahre alt zu werden!<\/p>\n<p>Die S\u00e4gepalme w\u00e4chst buschig bis zu einer H\u00f6he von 3 Metern. Die Bl\u00e4tter zeigen sich gelbgr\u00fcn und scharf gezahnt. Die Blattstiele sind stachelig. Der urspr\u00fcngliche Name Sabal serrulata bedeutet im s\u00fcdamerikanischen &#8222;kleine S\u00e4ge&#8220; und beschreibt dabei die stacheligen Blattstiele. Die f\u00e4cherf\u00f6rmigen Bl\u00e4tter k\u00f6nnen aus bis zu 24 Einzelbl\u00e4ttern bestehen. Kleine, elfenbeinfarbige Bl\u00fcten sitzen kolbenf\u00f6rmig dicht beieinander. Die Fr\u00fcchte der S\u00e4gepalme sind einsamige Steinfr\u00fcchte. Ihre Oberfl\u00e4che ist glatt, \u00f6lig und dunkelbraun gef\u00e4rbt. Im reifen Zustand k\u00f6nnen die Fr\u00fcchte eine dunkelrote Farbe annehmen. Der Geschmack der Fr\u00fcchte wird als nussig, manchmal auch nach Vanille beschrieben. Den gr\u00f6\u00dften Anteil an Inhaltsstoffen bildet fettes \u00d6l, welches Triglyceride und freie Fetts\u00e4uren enth\u00e4lt. Wichtige Bestandteile sind ebenso Phytosterole, Polysaccharide, Flavonoide und Carotinoide.<\/p>\n","protected":false},"excerpt":{"rendered":"<ul>\n<li>Anwendungsgebiete: Prostata, Harn, Entz\u00fcndungen<\/li>\n<li>Reinsubstanz \u2013 nur Wirkstoffe der Kr\u00e4uter enthalten<\/li>\n<li>Arzneimittelqualit\u00e4t der Kr\u00e4uter<\/li>\n<li>Gute Alternative zu Kapseln oder Tee<\/li>\n<li>Ausreichend f\u00fcr 50 Tage Kr\u00e4uterkur<\/li>\n<li>H\u00f6chste Qualit\u00e4tsstandards und Hygienerichtlinien<\/li>\n<li>Frei von k\u00fcnstlichen Zus\u00e4tzen und Farbstoffen<\/li>\n<li>Hergestellt nach traditionellen alchemistischen Grunds\u00e4tzen &#8211; nach Ansicht von Paracelsus<\/li>\n<\/ul>\n<p>Alchemische<strong> nat\u00fcrliche Tinktur, 50 ml<\/strong> Glasflasche<strong><br \/>\n<\/strong><\/p>\n","protected":false},"featured_media":915,"comment_status":"closed","ping_status":"closed","template":"","meta":{"inline_featured_image":false},"product_cat":[19],"product_tag":[],"acf":[],"yoast_head":"<!-- This site is optimized with the Yoast SEO plugin v20.11 - https:\/\/yoast.com\/wordpress\/plugins\/seo\/ -->\n<title>S\u00e4gepalme Tinktur kaufen- sabal serrulatum Tropfen<\/title>\n<meta name=\"description\" content=\"S\u00e4gepalme Tinktur Tropfen kaufen \u2713 rein pflanzlich \u2713 Jetzt auf Rechnung bestellen \u2713 versandkostenfrei \u2713 beste K\u00e4rntner Tropfen\" \/>\n<meta name=\"robots\" content=\"index, follow, max-snippet:-1, max-image-preview:large, max-video-preview:-1\" \/>\n<link rel=\"canonical\" href=\"https:\/\/www.naturessenzen.com\/produkt\/saegepalme-tinktur-essenz-kraeutertropfen\/\" \/>\n<meta property=\"og:locale\" content=\"de_DE\" \/>\n<meta property=\"og:type\" content=\"article\" \/>\n<meta property=\"og:title\" content=\"S\u00e4gepalme Tinktur kaufen- sabal serrulatum Tropfen\" \/>\n<meta property=\"og:description\" content=\"S\u00e4gepalme Tinktur Tropfen kaufen \u2713 rein pflanzlich \u2713 Jetzt auf Rechnung bestellen \u2713 versandkostenfrei \u2713 beste K\u00e4rntner Tropfen\" \/>\n<meta property=\"og:url\" content=\"https:\/\/www.naturessenzen.com\/produkt\/saegepalme-tinktur-essenz-kraeutertropfen\/\" \/>\n<meta property=\"og:site_name\" content=\"Duschlbaur&#039;s Kr\u00e4uter Shop - Tinktur Kr\u00e4utertinktur kaufen! Qualit\u00e4t seit 1917!\" \/>\n<meta property=\"article:modified_time\" content=\"2023-09-26T09:31:46+00:00\" \/>\n<meta property=\"og:image\" content=\"https:\/\/www.naturessenzen.com\/wp-content\/uploads\/2020\/11\/kraeuteressenz_kraeutertinktur_saegepalme_prostata_entzuendung_harn_heilmittel.png\" \/>\n\t<meta property=\"og:image:width\" content=\"1000\" \/>\n\t<meta property=\"og:image:height\" content=\"1000\" \/>\n\t<meta property=\"og:image:type\" content=\"image\/jpeg\" \/>\n<meta name=\"twitter:card\" content=\"summary_large_image\" \/>\n<meta name=\"twitter:label1\" content=\"Gesch\u00e4tzte Lesezeit\" \/>\n\t<meta name=\"twitter:data1\" content=\"2\u00a0Minuten\" \/>\n<script type=\"application\/ld+json\" class=\"yoast-schema-graph\">{\"@context\":\"https:\/\/schema.org\",\"@graph\":[{\"@type\":\"WebPage\",\"@id\":\"https:\/\/www.naturessenzen.com\/produkt\/saegepalme-tinktur-essenz-kraeutertropfen\/\",\"url\":\"https:\/\/www.naturessenzen.com\/produkt\/saegepalme-tinktur-essenz-kraeutertropfen\/\",\"name\":\"S\u00e4gepalme Tinktur kaufen- sabal serrulatum Tropfen\",\"isPartOf\":{\"@id\":\"https:\/\/www.naturessenzen.com\/#website\"},\"datePublished\":\"2020-10-21T19:29:00+00:00\",\"dateModified\":\"2023-09-26T09:31:46+00:00\",\"description\":\"S\u00e4gepalme Tinktur Tropfen kaufen \u2713 rein pflanzlich \u2713 Jetzt auf Rechnung bestellen \u2713 versandkostenfrei \u2713 beste K\u00e4rntner Tropfen\",\"breadcrumb\":{\"@id\":\"https:\/\/www.naturessenzen.com\/produkt\/saegepalme-tinktur-essenz-kraeutertropfen\/#breadcrumb\"},\"inLanguage\":\"de\",\"potentialAction\":[{\"@type\":\"ReadAction\",\"target\":[\"https:\/\/www.naturessenzen.com\/produkt\/saegepalme-tinktur-essenz-kraeutertropfen\/\"]}]},{\"@type\":\"BreadcrumbList\",\"@id\":\"https:\/\/www.naturessenzen.com\/produkt\/saegepalme-tinktur-essenz-kraeutertropfen\/#breadcrumb\",\"itemListElement\":[{\"@type\":\"ListItem\",\"position\":1,\"name\":\"Startseite\",\"item\":\"https:\/\/www.naturessenzen.com\/\"},{\"@type\":\"ListItem\",\"position\":2,\"name\":\"Shop\",\"item\":\"https:\/\/www.naturessenzen.com\/heilpflanzen-heilkraeuter-online-tinktur-kaufen\/\"},{\"@type\":\"ListItem\",\"position\":3,\"name\":\"S\u00e4gepalme Tinktur\"}]},{\"@type\":\"WebSite\",\"@id\":\"https:\/\/www.naturessenzen.com\/#website\",\"url\":\"https:\/\/www.naturessenzen.com\/\",\"name\":\"Duschlbaur&#039;s Kr\u00e4uter Shop - Tinktur Kr\u00e4utertinktur kaufen! Qualit\u00e4t seit 1917!\",\"description\":\"Wir haben einen gro\u00dfe Auswahl an Kr\u00e4utertinkturen in unserem Shop! Tinktur Kr\u00e4utertinktur kaufen!\",\"potentialAction\":[{\"@type\":\"SearchAction\",\"target\":{\"@type\":\"EntryPoint\",\"urlTemplate\":\"https:\/\/www.naturessenzen.com\/?s={search_term_string}\"},\"query-input\":\"required name=search_term_string\"}],\"inLanguage\":\"de\"}]}<\/script>\n<!-- \/ Yoast SEO plugin. -->","yoast_head_json":{"title":"S\u00e4gepalme Tinktur kaufen- sabal serrulatum Tropfen","description":"S\u00e4gepalme Tinktur Tropfen kaufen \u2713 rein pflanzlich \u2713 Jetzt auf Rechnung bestellen \u2713 versandkostenfrei \u2713 beste K\u00e4rntner Tropfen","robots":{"index":"index","follow":"follow","max-snippet":"max-snippet:-1","max-image-preview":"max-image-preview:large","max-video-preview":"max-video-preview:-1"},"canonical":"https:\/\/www.naturessenzen.com\/produkt\/saegepalme-tinktur-essenz-kraeutertropfen\/","og_locale":"de_DE","og_type":"article","og_title":"S\u00e4gepalme Tinktur kaufen- sabal serrulatum Tropfen","og_description":"S\u00e4gepalme Tinktur Tropfen kaufen \u2713 rein pflanzlich \u2713 Jetzt auf Rechnung bestellen \u2713 versandkostenfrei \u2713 beste K\u00e4rntner Tropfen","og_url":"https:\/\/www.naturessenzen.com\/produkt\/saegepalme-tinktur-essenz-kraeutertropfen\/","og_site_name":"Duschlbaur&#039;s Kr\u00e4uter Shop - Tinktur Kr\u00e4utertinktur kaufen! Qualit\u00e4t seit 1917!","article_modified_time":"2023-09-26T09:31:46+00:00","og_image":[{"width":1000,"height":1000,"url":"https:\/\/www.naturessenzen.com\/wp-content\/uploads\/2020\/11\/kraeuteressenz_kraeutertinktur_saegepalme_prostata_entzuendung_harn_heilmittel.png","type":"image\/jpeg"}],"twitter_card":"summary_large_image","twitter_misc":{"Gesch\u00e4tzte Lesezeit":"2\u00a0Minuten"},"schema":{"@context":"https:\/\/schema.org","@graph":[{"@type":"WebPage","@id":"https:\/\/www.naturessenzen.com\/produkt\/saegepalme-tinktur-essenz-kraeutertropfen\/","url":"https:\/\/www.naturessenzen.com\/produkt\/saegepalme-tinktur-essenz-kraeutertropfen\/","name":"S\u00e4gepalme Tinktur kaufen- sabal serrulatum Tropfen","isPartOf":{"@id":"https:\/\/www.naturessenzen.com\/#website"},"datePublished":"2020-10-21T19:29:00+00:00","dateModified":"2023-09-26T09:31:46+00:00","description":"S\u00e4gepalme Tinktur Tropfen kaufen \u2713 rein pflanzlich \u2713 Jetzt auf Rechnung bestellen \u2713 versandkostenfrei \u2713 beste K\u00e4rntner Tropfen","breadcrumb":{"@id":"https:\/\/www.naturessenzen.com\/produkt\/saegepalme-tinktur-essenz-kraeutertropfen\/#breadcrumb"},"inLanguage":"de","potentialAction":[{"@type":"ReadAction","target":["https:\/\/www.naturessenzen.com\/produkt\/saegepalme-tinktur-essenz-kraeutertropfen\/"]}]},{"@type":"BreadcrumbList","@id":"https:\/\/www.naturessenzen.com\/produkt\/saegepalme-tinktur-essenz-kraeutertropfen\/#breadcrumb","itemListElement":[{"@type":"ListItem","position":1,"name":"Startseite","item":"https:\/\/www.naturessenzen.com\/"},{"@type":"ListItem","position":2,"name":"Shop","item":"https:\/\/www.naturessenzen.com\/heilpflanzen-heilkraeuter-online-tinktur-kaufen\/"},{"@type":"ListItem","position":3,"name":"S\u00e4gepalme Tinktur"}]},{"@type":"WebSite","@id":"https:\/\/www.naturessenzen.com\/#website","url":"https:\/\/www.naturessenzen.com\/","name":"Duschlbaur&#039;s Kr\u00e4uter Shop - Tinktur Kr\u00e4utertinktur kaufen! Qualit\u00e4t seit 1917!","description":"Wir haben einen gro\u00dfe Auswahl an Kr\u00e4utertinkturen in unserem Shop! Tinktur Kr\u00e4utertinktur kaufen!","potentialAction":[{"@type":"SearchAction","target":{"@type":"EntryPoint","urlTemplate":"https:\/\/www.naturessenzen.com\/?s={search_term_string}"},"query-input":"required name=search_term_string"}],"inLanguage":"de"}]}},"_links":{"self":[{"href":"https:\/\/www.naturessenzen.com\/wp-json\/wp\/v2\/product\/727"}],"collection":[{"href":"https:\/\/www.naturessenzen.com\/wp-json\/wp\/v2\/product"}],"about":[{"href":"https:\/\/www.naturessenzen.com\/wp-json\/wp\/v2\/types\/product"}],"replies":[{"embeddable":true,"href":"https:\/\/www.naturessenzen.com\/wp-json\/wp\/v2\/comments?post=727"}],"wp:featuredmedia":[{"embeddable":true,"href":"https:\/\/www.naturessenzen.com\/wp-json\/wp\/v2\/media\/915"}],"wp:attachment":[{"href":"https:\/\/www.naturessenzen.com\/wp-json\/wp\/v2\/media?parent=727"}],"wp:term":[{"taxonomy":"product_cat","embeddable":true,"href":"https:\/\/www.naturessenzen.com\/wp-json\/wp\/v2\/product_cat?post=727"},{"taxonomy":"product_tag","embeddable":true,"href":"https:\/\/www.naturessenzen.com\/wp-json\/wp\/v2\/product_tag?post=727"}],"curies":[{"name":"wp","href":"https:\/\/api.w.org\/{rel}","templated":true}]}}