{"id":725,"date":"2020-10-21T21:23:01","date_gmt":"2020-10-21T19:23:01","guid":{"rendered":"https:\/\/www.naturessenzen.com\/?post_type=product&#038;p=725"},"modified":"2023-09-26T11:27:01","modified_gmt":"2023-09-26T09:27:01","slug":"rosskastanie-tinktur-kraeutertropfen","status":"publish","type":"product","link":"https:\/\/www.naturessenzen.com\/produkt\/rosskastanie-tinktur-kraeutertropfen\/","title":{"rendered":"Rosskastanie Tinktur"},"content":{"rendered":"<h2>Rosskastanie Tinktur &#8211; aesculus hippocastanum Tropfen<\/h2>\n<p>Die nat\u00fcrlichen Inhaltsstoffe der <strong>Rosskastanie Tinktur Tropfen <\/strong>sind: Wasser, Alkohol, Rosskastanie.<\/p>\n<p>F\u00fcr die Herstellung dieser sehr wertvollen Tropfen verwenden wir die Bl\u00e4tter mit Bl\u00fcte und die Frucht.<\/p>\n<p>Rosskastanien wurzeln nicht tief. Sie bilden aber pr\u00e4chtige, reichlich Schatten spendende Kronen. Aus diesem Grund wurde der Rosskastanienbaum gerne rund um Gastst\u00e4tten und Trinklokale gepflanzt. So wurden nicht nur die G\u00e4ste, sondern auch der unterkellerte Bierkeller k\u00fchl gehalten.<\/p>\n<p>Die urspr\u00fcngliche Heimat der Rosskastanie ist Indien, Zentralasien und S\u00fcdosteuropa. Im 16. Jahrhundert kam die Rosskastanie mit den Osmanen nach Mittel- und Westeuropa. Die Reitertruppen f\u00fchrten Kastanien des Rosskastanienbaumes\u00a0 als Pferdefutter mit. Hin und wieder fiel eine Kastanie zu Boden und so wurden die Rosskastanienb\u00e4ume zuf\u00e4llig ausges\u00e4t. Ihr Name aesculus hippocastanum belegt diese Geschichte: \u201ehippocastanum\u201c leitet sich vom Griechischen \u201ehippos\u201c \u2013 Pferd und \u201ekastanon\u201c \u2013 Kastanie ab.<\/p>\n<p>Im Lauf der Zeit gewann die Rosskastanie immer mehr an Beliebtheit. Es ist sogar belegt, dass sich im Jahre 1576 der kaiserliche Direktor der botanischen G\u00e4rten in Wien \u2013 Carolus Clusius \u2013 f\u00fcr die offizielle Anpflanzung der Rosskastanie einsetzte. Bis heute ist die Rosskastanie aus den Park- und Alleeanlagen nicht wegzudenken.<\/p>\n<p>Der ausgewachsene Rosskastanienbaum erreicht eine Wuchsh\u00f6he von bis zu 30 Meter. Charakteristisch sind die 5- bis 7-z\u00e4hlig gefingerten, gro\u00dfen Bl\u00e4tter. In der Bl\u00fctezeit von April bis Mai beeindruckt die Rosskastanie mit wei\u00dfen bis rosarote Bl\u00fcten. In gro\u00dfen, aufrechten Trauben leuchten sie von den Zweigen.<br \/>\nBis zum Herbst bilden sich aus den Bl\u00fcten die Kastanienfr\u00fcchte. Die Fr\u00fcchte sitzen in einer stacheligen, gr\u00fcnen Schale. Die Kastanien (Samen) sind 3 bis 5 cm gro\u00df, rund und von gl\u00e4nzend-rotbrauner Farbe. Im Herbst fallen sie vom Baum und brechen auf. Diese Samen werden von Gro\u00df und Klein gerne zu Dekorationszwecken oder zum Basteln gesammelt.<\/p>\n","protected":false},"excerpt":{"rendered":"<ul>\n<li>Anwendungsgebiete: Venen, Wassereinlagerungen, Entz\u00fcndungen<\/li>\n<li>Reinsubstanz \u2013 nur Wirkstoffe der Kr\u00e4uter enthalten<\/li>\n<li>Arzneimittelqualit\u00e4t der Kr\u00e4uter<\/li>\n<li>Gute Alternative zu Kapseln oder Tee<\/li>\n<li>Ausreichend f\u00fcr 50 Tage Kr\u00e4uterkur<\/li>\n<li>H\u00f6chste Qualit\u00e4tsstandards und Hygienerichtlinien<\/li>\n<li>Frei von k\u00fcnstlichen Zus\u00e4tzen und Farbstoffen<\/li>\n<li>Hergestellt nach traditionellen alchemistischen Grunds\u00e4tzen &#8211; nach Ansicht von Paracelsus<\/li>\n<\/ul>\n<p>Alchemische<strong> nat\u00fcrliche Tinktur, 50 ml<\/strong> Glasflasche<strong><br \/>\n<\/strong><\/p>\n","protected":false},"featured_media":936,"comment_status":"closed","ping_status":"closed","template":"","meta":{"inline_featured_image":false},"product_cat":[19],"product_tag":[],"acf":[],"yoast_head":"<!-- This site is optimized with the Yoast SEO plugin v20.11 - https:\/\/yoast.com\/wordpress\/plugins\/seo\/ -->\n<title>Rosskastanie Tinktur kaufen - aesculus hippocast. Tropfen<\/title>\n<meta name=\"description\" content=\"Rosskastanie Tinktur kaufen \u2713 rein pflanzlich \u2713 Jetzt auf Rechnung bestellen \u2713 versandkostenfrei \u2713 beste Tropfen aus K\u00e4rnten\" \/>\n<meta name=\"robots\" content=\"index, follow, max-snippet:-1, max-image-preview:large, max-video-preview:-1\" \/>\n<link rel=\"canonical\" href=\"https:\/\/www.naturessenzen.com\/produkt\/rosskastanie-tinktur-kraeutertropfen\/\" \/>\n<meta property=\"og:locale\" content=\"de_DE\" \/>\n<meta property=\"og:type\" content=\"article\" \/>\n<meta property=\"og:title\" content=\"Rosskastanie Tinktur kaufen - aesculus hippocast. Tropfen\" \/>\n<meta property=\"og:description\" content=\"Rosskastanie Tinktur kaufen \u2713 rein pflanzlich \u2713 Jetzt auf Rechnung bestellen \u2713 versandkostenfrei \u2713 beste Tropfen aus K\u00e4rnten\" \/>\n<meta property=\"og:url\" content=\"https:\/\/www.naturessenzen.com\/produkt\/rosskastanie-tinktur-kraeutertropfen\/\" \/>\n<meta property=\"og:site_name\" content=\"Duschlbaur&#039;s Kr\u00e4uter Shop - Tinktur Kr\u00e4utertinktur kaufen! Qualit\u00e4t seit 1917!\" \/>\n<meta property=\"article:modified_time\" content=\"2023-09-26T09:27:01+00:00\" \/>\n<meta property=\"og:image\" content=\"https:\/\/www.naturessenzen.com\/wp-content\/uploads\/2020\/11\/kraeutertinktur_kraeuteressenz_rosskastanie_venen_wassereinlagerung_entzuendung_oedeme.png\" \/>\n\t<meta property=\"og:image:width\" content=\"1000\" \/>\n\t<meta property=\"og:image:height\" content=\"1000\" \/>\n\t<meta property=\"og:image:type\" content=\"image\/jpeg\" \/>\n<meta name=\"twitter:card\" content=\"summary_large_image\" \/>\n<meta name=\"twitter:label1\" content=\"Gesch\u00e4tzte Lesezeit\" \/>\n\t<meta name=\"twitter:data1\" content=\"2\u00a0Minuten\" \/>\n<script type=\"application\/ld+json\" class=\"yoast-schema-graph\">{\"@context\":\"https:\/\/schema.org\",\"@graph\":[{\"@type\":\"WebPage\",\"@id\":\"https:\/\/www.naturessenzen.com\/produkt\/rosskastanie-tinktur-kraeutertropfen\/\",\"url\":\"https:\/\/www.naturessenzen.com\/produkt\/rosskastanie-tinktur-kraeutertropfen\/\",\"name\":\"Rosskastanie Tinktur kaufen - aesculus hippocast. Tropfen\",\"isPartOf\":{\"@id\":\"https:\/\/www.naturessenzen.com\/#website\"},\"datePublished\":\"2020-10-21T19:23:01+00:00\",\"dateModified\":\"2023-09-26T09:27:01+00:00\",\"description\":\"Rosskastanie Tinktur kaufen \u2713 rein pflanzlich \u2713 Jetzt auf Rechnung bestellen \u2713 versandkostenfrei \u2713 beste Tropfen aus K\u00e4rnten\",\"breadcrumb\":{\"@id\":\"https:\/\/www.naturessenzen.com\/produkt\/rosskastanie-tinktur-kraeutertropfen\/#breadcrumb\"},\"inLanguage\":\"de\",\"potentialAction\":[{\"@type\":\"ReadAction\",\"target\":[\"https:\/\/www.naturessenzen.com\/produkt\/rosskastanie-tinktur-kraeutertropfen\/\"]}]},{\"@type\":\"BreadcrumbList\",\"@id\":\"https:\/\/www.naturessenzen.com\/produkt\/rosskastanie-tinktur-kraeutertropfen\/#breadcrumb\",\"itemListElement\":[{\"@type\":\"ListItem\",\"position\":1,\"name\":\"Startseite\",\"item\":\"https:\/\/www.naturessenzen.com\/\"},{\"@type\":\"ListItem\",\"position\":2,\"name\":\"Shop\",\"item\":\"https:\/\/www.naturessenzen.com\/heilpflanzen-heilkraeuter-online-tinktur-kaufen\/\"},{\"@type\":\"ListItem\",\"position\":3,\"name\":\"Rosskastanie Tinktur\"}]},{\"@type\":\"WebSite\",\"@id\":\"https:\/\/www.naturessenzen.com\/#website\",\"url\":\"https:\/\/www.naturessenzen.com\/\",\"name\":\"Duschlbaur&#039;s Kr\u00e4uter Shop - Tinktur Kr\u00e4utertinktur kaufen! Qualit\u00e4t seit 1917!\",\"description\":\"Wir haben einen gro\u00dfe Auswahl an Kr\u00e4utertinkturen in unserem Shop! Tinktur Kr\u00e4utertinktur kaufen!\",\"potentialAction\":[{\"@type\":\"SearchAction\",\"target\":{\"@type\":\"EntryPoint\",\"urlTemplate\":\"https:\/\/www.naturessenzen.com\/?s={search_term_string}\"},\"query-input\":\"required name=search_term_string\"}],\"inLanguage\":\"de\"}]}<\/script>\n<!-- \/ Yoast SEO plugin. -->","yoast_head_json":{"title":"Rosskastanie Tinktur kaufen - aesculus hippocast. Tropfen","description":"Rosskastanie Tinktur kaufen \u2713 rein pflanzlich \u2713 Jetzt auf Rechnung bestellen \u2713 versandkostenfrei \u2713 beste Tropfen aus K\u00e4rnten","robots":{"index":"index","follow":"follow","max-snippet":"max-snippet:-1","max-image-preview":"max-image-preview:large","max-video-preview":"max-video-preview:-1"},"canonical":"https:\/\/www.naturessenzen.com\/produkt\/rosskastanie-tinktur-kraeutertropfen\/","og_locale":"de_DE","og_type":"article","og_title":"Rosskastanie Tinktur kaufen - aesculus hippocast. Tropfen","og_description":"Rosskastanie Tinktur kaufen \u2713 rein pflanzlich \u2713 Jetzt auf Rechnung bestellen \u2713 versandkostenfrei \u2713 beste Tropfen aus K\u00e4rnten","og_url":"https:\/\/www.naturessenzen.com\/produkt\/rosskastanie-tinktur-kraeutertropfen\/","og_site_name":"Duschlbaur&#039;s Kr\u00e4uter Shop - Tinktur Kr\u00e4utertinktur kaufen! Qualit\u00e4t seit 1917!","article_modified_time":"2023-09-26T09:27:01+00:00","og_image":[{"width":1000,"height":1000,"url":"https:\/\/www.naturessenzen.com\/wp-content\/uploads\/2020\/11\/kraeutertinktur_kraeuteressenz_rosskastanie_venen_wassereinlagerung_entzuendung_oedeme.png","type":"image\/jpeg"}],"twitter_card":"summary_large_image","twitter_misc":{"Gesch\u00e4tzte Lesezeit":"2\u00a0Minuten"},"schema":{"@context":"https:\/\/schema.org","@graph":[{"@type":"WebPage","@id":"https:\/\/www.naturessenzen.com\/produkt\/rosskastanie-tinktur-kraeutertropfen\/","url":"https:\/\/www.naturessenzen.com\/produkt\/rosskastanie-tinktur-kraeutertropfen\/","name":"Rosskastanie Tinktur kaufen - aesculus hippocast. Tropfen","isPartOf":{"@id":"https:\/\/www.naturessenzen.com\/#website"},"datePublished":"2020-10-21T19:23:01+00:00","dateModified":"2023-09-26T09:27:01+00:00","description":"Rosskastanie Tinktur kaufen \u2713 rein pflanzlich \u2713 Jetzt auf Rechnung bestellen \u2713 versandkostenfrei \u2713 beste Tropfen aus K\u00e4rnten","breadcrumb":{"@id":"https:\/\/www.naturessenzen.com\/produkt\/rosskastanie-tinktur-kraeutertropfen\/#breadcrumb"},"inLanguage":"de","potentialAction":[{"@type":"ReadAction","target":["https:\/\/www.naturessenzen.com\/produkt\/rosskastanie-tinktur-kraeutertropfen\/"]}]},{"@type":"BreadcrumbList","@id":"https:\/\/www.naturessenzen.com\/produkt\/rosskastanie-tinktur-kraeutertropfen\/#breadcrumb","itemListElement":[{"@type":"ListItem","position":1,"name":"Startseite","item":"https:\/\/www.naturessenzen.com\/"},{"@type":"ListItem","position":2,"name":"Shop","item":"https:\/\/www.naturessenzen.com\/heilpflanzen-heilkraeuter-online-tinktur-kaufen\/"},{"@type":"ListItem","position":3,"name":"Rosskastanie Tinktur"}]},{"@type":"WebSite","@id":"https:\/\/www.naturessenzen.com\/#website","url":"https:\/\/www.naturessenzen.com\/","name":"Duschlbaur&#039;s Kr\u00e4uter Shop - Tinktur Kr\u00e4utertinktur kaufen! Qualit\u00e4t seit 1917!","description":"Wir haben einen gro\u00dfe Auswahl an Kr\u00e4utertinkturen in unserem Shop! Tinktur Kr\u00e4utertinktur kaufen!","potentialAction":[{"@type":"SearchAction","target":{"@type":"EntryPoint","urlTemplate":"https:\/\/www.naturessenzen.com\/?s={search_term_string}"},"query-input":"required name=search_term_string"}],"inLanguage":"de"}]}},"_links":{"self":[{"href":"https:\/\/www.naturessenzen.com\/wp-json\/wp\/v2\/product\/725"}],"collection":[{"href":"https:\/\/www.naturessenzen.com\/wp-json\/wp\/v2\/product"}],"about":[{"href":"https:\/\/www.naturessenzen.com\/wp-json\/wp\/v2\/types\/product"}],"replies":[{"embeddable":true,"href":"https:\/\/www.naturessenzen.com\/wp-json\/wp\/v2\/comments?post=725"}],"wp:featuredmedia":[{"embeddable":true,"href":"https:\/\/www.naturessenzen.com\/wp-json\/wp\/v2\/media\/936"}],"wp:attachment":[{"href":"https:\/\/www.naturessenzen.com\/wp-json\/wp\/v2\/media?parent=725"}],"wp:term":[{"taxonomy":"product_cat","embeddable":true,"href":"https:\/\/www.naturessenzen.com\/wp-json\/wp\/v2\/product_cat?post=725"},{"taxonomy":"product_tag","embeddable":true,"href":"https:\/\/www.naturessenzen.com\/wp-json\/wp\/v2\/product_tag?post=725"}],"curies":[{"name":"wp","href":"https:\/\/api.w.org\/{rel}","templated":true}]}}