{"id":718,"date":"2020-10-21T21:08:11","date_gmt":"2020-10-21T19:08:11","guid":{"rendered":"https:\/\/www.naturessenzen.com\/?post_type=product&#038;p=718"},"modified":"2023-09-26T11:10:23","modified_gmt":"2023-09-26T09:10:23","slug":"mutterkraut-tinktur-kraeutertropfen","status":"publish","type":"product","link":"https:\/\/www.naturessenzen.com\/produkt\/mutterkraut-tinktur-kraeutertropfen\/","title":{"rendered":"Mutterkraut Tinktur"},"content":{"rendered":"<h2>Mutterkraut Tinktur &#8211; tanacetum parthenium Tropfen<\/h2>\n<p>Die nat\u00fcrlichen Inhaltsstoffe der<strong> Mutterkraut Tinktur Tropfen<\/strong> sind: Wasser, Alkohol, Mutterkraut.<\/p>\n<p>F\u00fcr die Herstellung dieser sehr wertvollen Tropfen verwenden wir das Kraut mit der Bl\u00fcte.<\/p>\n<p>Die urspr\u00fcngliche Heimat ist das \u00f6stliche Mittelmeergebiet. Heute f\u00fchlt sich das Mutterkraut auch in gem\u00e4\u00dfigten Zonen heimisch.<\/p>\n<p>Das Mutterkraut geh\u00f6rt zur Familie der Korbbl\u00fctler (asteraceae).<\/p>\n<p>Die Bezeichnung \u201eparthenium\u201c stammt vom griechischen \u201eparthenos\u201c. Das bedeutet \u00fcbersetzt \u201eJungfrau, jungfr\u00e4uliche G\u00f6ttin\u201c. Ein Hinweis auf die Heilwirkung bei Frauenleiden.<\/p>\n<p>Die Mutterkraut-Pflanze ist sehr anspruchslos. Da sie bis weit in den Herbst hinein bl\u00fcht, ist sie in jedem Garten willkommen. Die kleinen Samen werden leicht vom Wind und umherstreifenden Tieren vertragen. So findet sich das Mutterkraut an vielen Orten. Von weitem wird sie leicht mit der Kamille verwechselt.<\/p>\n<p>Sie ist eine winterharte, bis zu 90 cm hohe Staude und wurzelt in hellbraunen, oberfl\u00e4chennahen, feinhaarigen Wurzeln.<\/p>\n<p>Die oliv- bis hellgr\u00fcnen Bl\u00e4tter des Mutterkrautes haben eine gefiederte Form und sind wechselst\u00e4ndig an gerippten, unbehaarten St\u00e4ngeln angeordnet.<\/p>\n<p>Im Hochsommer erbl\u00fchen die Bl\u00fcten. Sie erinnern an Kamille und G\u00e4nsebl\u00fcmchen. In der Mitte der Bl\u00fcte sitzen gelbe R\u00f6hrenbl\u00fcten, die von wei\u00dfen Zungenbl\u00fcten umrahmt sind. Sie ist eine fr\u00f6hliche Pflanze. Da verwundert es, dass ihr aromatischer Duft herb und harzig ist.<\/p>\n","protected":false},"excerpt":{"rendered":"<ul>\n<li>Anwendungsgebiete: Kopf, Menstruation, Entz\u00fcndungen, Blutstillung<\/li>\n<li>Reinsubstanz \u2013 nur Wirkstoffe der Kr\u00e4uter enthalten<\/li>\n<li>Arzneimittelqualit\u00e4t der Kr\u00e4uter<\/li>\n<li>Gute Alternative zu Kapseln oder Tee<\/li>\n<li>Ausreichend f\u00fcr 50 Tage Kr\u00e4uterkur<\/li>\n<li>H\u00f6chste Qualit\u00e4tsstandards und Hygienerichtlinien<\/li>\n<li>Frei von k\u00fcnstlichen Zus\u00e4tzen und Farbstoffen<\/li>\n<li>Hergestellt nach traditionellen alchemistischen Grunds\u00e4tzen &#8211; nach Ansicht von Paracelsus<\/li>\n<\/ul>\n<p>Alchemische<strong> nat\u00fcrliche Tinktur 50 ml<\/strong> Glasflasche<strong><br \/>\n<\/strong><\/p>\n","protected":false},"featured_media":908,"comment_status":"closed","ping_status":"closed","template":"","meta":{"inline_featured_image":false},"product_cat":[19],"product_tag":[],"acf":[],"yoast_head":"<!-- This site is optimized with the Yoast SEO plugin v20.11 - https:\/\/yoast.com\/wordpress\/plugins\/seo\/ -->\n<title>Mutterkraut Tinktur Tropfen kaufen - tanacetum parthenium<\/title>\n<meta name=\"description\" content=\"Mutterkraut Tinktur Tropfen kaufen \u2713 rein pflanzlich \u2713 Jetzt auf Rechnung bestellen \u2713 versandkostenfrei \u2713 K\u00e4rntner Tropfen\" \/>\n<meta name=\"robots\" content=\"index, follow, max-snippet:-1, max-image-preview:large, max-video-preview:-1\" \/>\n<link rel=\"canonical\" href=\"https:\/\/www.naturessenzen.com\/produkt\/mutterkraut-tinktur-kraeutertropfen\/\" \/>\n<meta property=\"og:locale\" content=\"de_DE\" \/>\n<meta property=\"og:type\" content=\"article\" \/>\n<meta property=\"og:title\" content=\"Mutterkraut Tinktur Tropfen kaufen - tanacetum parthenium\" \/>\n<meta property=\"og:description\" content=\"Mutterkraut Tinktur Tropfen kaufen \u2713 rein pflanzlich \u2713 Jetzt auf Rechnung bestellen \u2713 versandkostenfrei \u2713 K\u00e4rntner Tropfen\" \/>\n<meta property=\"og:url\" content=\"https:\/\/www.naturessenzen.com\/produkt\/mutterkraut-tinktur-kraeutertropfen\/\" \/>\n<meta property=\"og:site_name\" content=\"Duschlbaur&#039;s Kr\u00e4uter Shop - Tinktur Kr\u00e4utertinktur kaufen! Qualit\u00e4t seit 1917!\" \/>\n<meta property=\"article:modified_time\" content=\"2023-09-26T09:10:23+00:00\" \/>\n<meta property=\"og:image\" content=\"https:\/\/www.naturessenzen.com\/wp-content\/uploads\/2020\/11\/kraeuteressenz_kraeutertinktur_mutterkraut_migraene_menstruation_blutstillend_heilmittel.png\" \/>\n\t<meta property=\"og:image:width\" content=\"1000\" \/>\n\t<meta property=\"og:image:height\" content=\"1000\" \/>\n\t<meta property=\"og:image:type\" content=\"image\/jpeg\" \/>\n<meta name=\"twitter:card\" content=\"summary_large_image\" \/>\n<meta name=\"twitter:label1\" content=\"Gesch\u00e4tzte Lesezeit\" \/>\n\t<meta name=\"twitter:data1\" content=\"2\u00a0Minuten\" \/>\n<script type=\"application\/ld+json\" class=\"yoast-schema-graph\">{\"@context\":\"https:\/\/schema.org\",\"@graph\":[{\"@type\":\"WebPage\",\"@id\":\"https:\/\/www.naturessenzen.com\/produkt\/mutterkraut-tinktur-kraeutertropfen\/\",\"url\":\"https:\/\/www.naturessenzen.com\/produkt\/mutterkraut-tinktur-kraeutertropfen\/\",\"name\":\"Mutterkraut Tinktur Tropfen kaufen - tanacetum parthenium\",\"isPartOf\":{\"@id\":\"https:\/\/www.naturessenzen.com\/#website\"},\"datePublished\":\"2020-10-21T19:08:11+00:00\",\"dateModified\":\"2023-09-26T09:10:23+00:00\",\"description\":\"Mutterkraut Tinktur Tropfen kaufen \u2713 rein pflanzlich \u2713 Jetzt auf Rechnung bestellen \u2713 versandkostenfrei \u2713 K\u00e4rntner Tropfen\",\"breadcrumb\":{\"@id\":\"https:\/\/www.naturessenzen.com\/produkt\/mutterkraut-tinktur-kraeutertropfen\/#breadcrumb\"},\"inLanguage\":\"de\",\"potentialAction\":[{\"@type\":\"ReadAction\",\"target\":[\"https:\/\/www.naturessenzen.com\/produkt\/mutterkraut-tinktur-kraeutertropfen\/\"]}]},{\"@type\":\"BreadcrumbList\",\"@id\":\"https:\/\/www.naturessenzen.com\/produkt\/mutterkraut-tinktur-kraeutertropfen\/#breadcrumb\",\"itemListElement\":[{\"@type\":\"ListItem\",\"position\":1,\"name\":\"Startseite\",\"item\":\"https:\/\/www.naturessenzen.com\/\"},{\"@type\":\"ListItem\",\"position\":2,\"name\":\"Shop\",\"item\":\"https:\/\/www.naturessenzen.com\/heilpflanzen-heilkraeuter-online-tinktur-kaufen\/\"},{\"@type\":\"ListItem\",\"position\":3,\"name\":\"Mutterkraut Tinktur\"}]},{\"@type\":\"WebSite\",\"@id\":\"https:\/\/www.naturessenzen.com\/#website\",\"url\":\"https:\/\/www.naturessenzen.com\/\",\"name\":\"Duschlbaur&#039;s Kr\u00e4uter Shop - Tinktur Kr\u00e4utertinktur kaufen! Qualit\u00e4t seit 1917!\",\"description\":\"Wir haben einen gro\u00dfe Auswahl an Kr\u00e4utertinkturen in unserem Shop! Tinktur Kr\u00e4utertinktur kaufen!\",\"potentialAction\":[{\"@type\":\"SearchAction\",\"target\":{\"@type\":\"EntryPoint\",\"urlTemplate\":\"https:\/\/www.naturessenzen.com\/?s={search_term_string}\"},\"query-input\":\"required name=search_term_string\"}],\"inLanguage\":\"de\"}]}<\/script>\n<!-- \/ Yoast SEO plugin. -->","yoast_head_json":{"title":"Mutterkraut Tinktur Tropfen kaufen - tanacetum parthenium","description":"Mutterkraut Tinktur Tropfen kaufen \u2713 rein pflanzlich \u2713 Jetzt auf Rechnung bestellen \u2713 versandkostenfrei \u2713 K\u00e4rntner Tropfen","robots":{"index":"index","follow":"follow","max-snippet":"max-snippet:-1","max-image-preview":"max-image-preview:large","max-video-preview":"max-video-preview:-1"},"canonical":"https:\/\/www.naturessenzen.com\/produkt\/mutterkraut-tinktur-kraeutertropfen\/","og_locale":"de_DE","og_type":"article","og_title":"Mutterkraut Tinktur Tropfen kaufen - tanacetum parthenium","og_description":"Mutterkraut Tinktur Tropfen kaufen \u2713 rein pflanzlich \u2713 Jetzt auf Rechnung bestellen \u2713 versandkostenfrei \u2713 K\u00e4rntner Tropfen","og_url":"https:\/\/www.naturessenzen.com\/produkt\/mutterkraut-tinktur-kraeutertropfen\/","og_site_name":"Duschlbaur&#039;s Kr\u00e4uter Shop - Tinktur Kr\u00e4utertinktur kaufen! Qualit\u00e4t seit 1917!","article_modified_time":"2023-09-26T09:10:23+00:00","og_image":[{"width":1000,"height":1000,"url":"https:\/\/www.naturessenzen.com\/wp-content\/uploads\/2020\/11\/kraeuteressenz_kraeutertinktur_mutterkraut_migraene_menstruation_blutstillend_heilmittel.png","type":"image\/jpeg"}],"twitter_card":"summary_large_image","twitter_misc":{"Gesch\u00e4tzte Lesezeit":"2\u00a0Minuten"},"schema":{"@context":"https:\/\/schema.org","@graph":[{"@type":"WebPage","@id":"https:\/\/www.naturessenzen.com\/produkt\/mutterkraut-tinktur-kraeutertropfen\/","url":"https:\/\/www.naturessenzen.com\/produkt\/mutterkraut-tinktur-kraeutertropfen\/","name":"Mutterkraut Tinktur Tropfen kaufen - tanacetum parthenium","isPartOf":{"@id":"https:\/\/www.naturessenzen.com\/#website"},"datePublished":"2020-10-21T19:08:11+00:00","dateModified":"2023-09-26T09:10:23+00:00","description":"Mutterkraut Tinktur Tropfen kaufen \u2713 rein pflanzlich \u2713 Jetzt auf Rechnung bestellen \u2713 versandkostenfrei \u2713 K\u00e4rntner Tropfen","breadcrumb":{"@id":"https:\/\/www.naturessenzen.com\/produkt\/mutterkraut-tinktur-kraeutertropfen\/#breadcrumb"},"inLanguage":"de","potentialAction":[{"@type":"ReadAction","target":["https:\/\/www.naturessenzen.com\/produkt\/mutterkraut-tinktur-kraeutertropfen\/"]}]},{"@type":"BreadcrumbList","@id":"https:\/\/www.naturessenzen.com\/produkt\/mutterkraut-tinktur-kraeutertropfen\/#breadcrumb","itemListElement":[{"@type":"ListItem","position":1,"name":"Startseite","item":"https:\/\/www.naturessenzen.com\/"},{"@type":"ListItem","position":2,"name":"Shop","item":"https:\/\/www.naturessenzen.com\/heilpflanzen-heilkraeuter-online-tinktur-kaufen\/"},{"@type":"ListItem","position":3,"name":"Mutterkraut Tinktur"}]},{"@type":"WebSite","@id":"https:\/\/www.naturessenzen.com\/#website","url":"https:\/\/www.naturessenzen.com\/","name":"Duschlbaur&#039;s Kr\u00e4uter Shop - Tinktur Kr\u00e4utertinktur kaufen! Qualit\u00e4t seit 1917!","description":"Wir haben einen gro\u00dfe Auswahl an Kr\u00e4utertinkturen in unserem Shop! Tinktur Kr\u00e4utertinktur kaufen!","potentialAction":[{"@type":"SearchAction","target":{"@type":"EntryPoint","urlTemplate":"https:\/\/www.naturessenzen.com\/?s={search_term_string}"},"query-input":"required name=search_term_string"}],"inLanguage":"de"}]}},"_links":{"self":[{"href":"https:\/\/www.naturessenzen.com\/wp-json\/wp\/v2\/product\/718"}],"collection":[{"href":"https:\/\/www.naturessenzen.com\/wp-json\/wp\/v2\/product"}],"about":[{"href":"https:\/\/www.naturessenzen.com\/wp-json\/wp\/v2\/types\/product"}],"replies":[{"embeddable":true,"href":"https:\/\/www.naturessenzen.com\/wp-json\/wp\/v2\/comments?post=718"}],"wp:featuredmedia":[{"embeddable":true,"href":"https:\/\/www.naturessenzen.com\/wp-json\/wp\/v2\/media\/908"}],"wp:attachment":[{"href":"https:\/\/www.naturessenzen.com\/wp-json\/wp\/v2\/media?parent=718"}],"wp:term":[{"taxonomy":"product_cat","embeddable":true,"href":"https:\/\/www.naturessenzen.com\/wp-json\/wp\/v2\/product_cat?post=718"},{"taxonomy":"product_tag","embeddable":true,"href":"https:\/\/www.naturessenzen.com\/wp-json\/wp\/v2\/product_tag?post=718"}],"curies":[{"name":"wp","href":"https:\/\/api.w.org\/{rel}","templated":true}]}}