{"id":712,"date":"2020-10-21T20:55:18","date_gmt":"2020-10-21T18:55:18","guid":{"rendered":"https:\/\/www.naturessenzen.com\/?post_type=product&#038;p=712"},"modified":"2023-09-26T11:01:08","modified_gmt":"2023-09-26T09:01:08","slug":"loewenzahn-tinktur-essenz-kraeutertropfen","status":"publish","type":"product","link":"https:\/\/www.naturessenzen.com\/produkt\/loewenzahn-tinktur-essenz-kraeutertropfen\/","title":{"rendered":"L\u00f6wenzahn Tinktur"},"content":{"rendered":"<h2>L\u00f6wenzahn Tinktur &#8211; taraxacum officinale Tropfen<\/h2>\n<p>Die nat\u00fcrlichen Inhaltsstoffe der <strong>L\u00f6wenzahn Tinktur Tropfen <\/strong>sind<strong>:<\/strong> Wasser, Alkohol, L\u00f6wenzahn.<\/p>\n<p>F\u00fcr die Herstellung dieser sehr wertvollen Tropfen verwenden wir das Kraut mit Bl\u00fcte und Wurzel.<\/p>\n<p>Er ist vielerorts verbreitet, was ihm \u00fcber 500 Namen eingebracht hat: Augenmilch, Augenwurz, B\u00e4renzahnkraut, Bettpisser, Blindblume, Brummer, Butterblume, Butterstecker, Eierkraut, Franzosensalat, Hahnenspeck, Hundeblume, Kettenblume, Kuhblume, Kuhlattich, Kuhschei\u00df, Laternenblume, M\u00e4rzblume, Maiblume, Marienzahn, Melkdistel, Milchdistel, Milchst\u00f6ck, Pferdeblume, Pusteblume, R\u00f6hrlkraut, Sch\u00e4fchenblume, Schweineblume, Saur\u00fcssel, Sonnenwurzel, Teufelsblume, wilde Zichorie.<\/p>\n<p>Der nahezu unverw\u00fcstliche L\u00f6wenzahn gedeiht nicht nur auf saftigen Wiesen der Alpent\u00e4ler, ihm gen\u00fcgt ebenso ein kleiner Spalt im Asphalt oder zwischen Pflastersteinen, um sich zu entfalten. Er trotzt den kalten Winden des Fr\u00fchlings und den sengenden Strahlen der Sommersonne.<br \/>\nAls einer den ersten Fr\u00fchlingsboten streckt er gezackte, l\u00e4ngliche Bl\u00e4tter rosettengleich aus dem Boden. Mittig w\u00e4chst ein runder, hohler, mit milchigem Saft gef\u00fcllter St\u00e4ngel bis zu 30 cm hoch. L\u00f6wenzahn ist nicht giftig, seine Milch kann aber Haut und Stoffe gelb-braun f\u00e4rben. Die Korbbl\u00fcten des L\u00f6wenzahns leuchten von M\u00e4rz bis Mai in einem strahlenden Gelb. Die Bl\u00fcten haben rund 200 einzelne Zungenbl\u00fcten und verstr\u00f6men ein honigartiges Aroma. L\u00f6wenzahnbl\u00fcten sind \u201etagaktiv\u201c: sie \u00f6ffnen sich morgens und schlie\u00dfen sich abends wieder.<\/p>\n<p>Aus den L\u00f6wenzahnbl\u00fcten wird nach einigen Wochen die allseits beliebte \u201ePusteblume\u201c. Die Bl\u00fcten ver\u00e4ndern sich in kapself\u00f6rmige, braune Samen mit Stiel und Schirmchen. An jedem Schirmchen h\u00e4ngt ein Samen f\u00fcr eine neue L\u00f6wenzahnpflanze. Der Wind tr\u00e4gt sie davon und verstreut sie \u00fcber weite Strecken.<\/p>\n","protected":false},"excerpt":{"rendered":"<ul>\n<li>Anwendungsgebiete: Verdauung, Galle, Leber, Entgiftung, Harnwege<\/li>\n<li>Reinsubstanz \u2013 nur Wirkstoffe der Kr\u00e4uter enthalten<\/li>\n<li>Arzneimittelqualit\u00e4t der Kr\u00e4uter<\/li>\n<li>Gute Alternative zu Kapseln oder Tee<\/li>\n<li>Ausreichend f\u00fcr 50 Tage Kr\u00e4uterkur<\/li>\n<li>H\u00f6chste Qualit\u00e4tsstandards und Hygienerichtlinien<\/li>\n<li>Frei von k\u00fcnstlichen Zus\u00e4tzen und Farbstoffen<\/li>\n<li>Hergestellt nach traditionellen alchemistischen Grunds\u00e4tzen &#8211; nach Ansicht von Paracelsus<\/li>\n<\/ul>\n<p>Alchemische<strong> nat\u00fcrliche Tinktur, 50 ml<\/strong> Glasflasche<strong><br \/>\n<\/strong><\/p>\n","protected":false},"featured_media":904,"comment_status":"closed","ping_status":"closed","template":"","meta":{"inline_featured_image":false},"product_cat":[19],"product_tag":[],"acf":[],"yoast_head":"<!-- This site is optimized with the Yoast SEO plugin v20.11 - https:\/\/yoast.com\/wordpress\/plugins\/seo\/ -->\n<title>L\u00f6wenzahn Tinktur Tropfen kaufen - taraxacum officinale Tropfen<\/title>\n<meta name=\"description\" content=\"L\u00f6wenzahn Tinktur kaufen \u2713 rein pflanzliche Essenz \u2713 Jetzt auf Rechnung bestellen \u2713 versandkostenfrei \u2713 beste Tropfen aus K\u00e4rnten\" \/>\n<meta name=\"robots\" content=\"index, follow, max-snippet:-1, max-image-preview:large, max-video-preview:-1\" \/>\n<link rel=\"canonical\" href=\"https:\/\/www.naturessenzen.com\/produkt\/loewenzahn-tinktur-essenz-kraeutertropfen\/\" \/>\n<meta property=\"og:locale\" content=\"de_DE\" \/>\n<meta property=\"og:type\" content=\"article\" \/>\n<meta property=\"og:title\" content=\"L\u00f6wenzahn Tinktur Tropfen kaufen - taraxacum officinale Tropfen\" \/>\n<meta property=\"og:description\" content=\"L\u00f6wenzahn Tinktur kaufen \u2713 rein pflanzliche Essenz \u2713 Jetzt auf Rechnung bestellen \u2713 versandkostenfrei \u2713 beste Tropfen aus K\u00e4rnten\" \/>\n<meta property=\"og:url\" content=\"https:\/\/www.naturessenzen.com\/produkt\/loewenzahn-tinktur-essenz-kraeutertropfen\/\" \/>\n<meta property=\"og:site_name\" content=\"Duschlbaur&#039;s Kr\u00e4uter Shop - Tinktur Kr\u00e4utertinktur kaufen! Qualit\u00e4t seit 1917!\" \/>\n<meta property=\"article:modified_time\" content=\"2023-09-26T09:01:08+00:00\" \/>\n<meta property=\"og:image\" content=\"https:\/\/www.naturessenzen.com\/wp-content\/uploads\/2020\/11\/kraeuteressenz_kraeutertinktur_loewenzahn_entgiftung_galle_verdauung_abnehmen_heilmittel.png\" \/>\n\t<meta property=\"og:image:width\" content=\"1000\" \/>\n\t<meta property=\"og:image:height\" content=\"1000\" \/>\n\t<meta property=\"og:image:type\" content=\"image\/jpeg\" \/>\n<meta name=\"twitter:card\" content=\"summary_large_image\" \/>\n<meta name=\"twitter:label1\" content=\"Gesch\u00e4tzte Lesezeit\" \/>\n\t<meta name=\"twitter:data1\" content=\"2\u00a0Minuten\" \/>\n<script type=\"application\/ld+json\" class=\"yoast-schema-graph\">{\"@context\":\"https:\/\/schema.org\",\"@graph\":[{\"@type\":\"WebPage\",\"@id\":\"https:\/\/www.naturessenzen.com\/produkt\/loewenzahn-tinktur-essenz-kraeutertropfen\/\",\"url\":\"https:\/\/www.naturessenzen.com\/produkt\/loewenzahn-tinktur-essenz-kraeutertropfen\/\",\"name\":\"L\u00f6wenzahn Tinktur Tropfen kaufen - taraxacum officinale Tropfen\",\"isPartOf\":{\"@id\":\"https:\/\/www.naturessenzen.com\/#website\"},\"datePublished\":\"2020-10-21T18:55:18+00:00\",\"dateModified\":\"2023-09-26T09:01:08+00:00\",\"description\":\"L\u00f6wenzahn Tinktur kaufen \u2713 rein pflanzliche Essenz \u2713 Jetzt auf Rechnung bestellen \u2713 versandkostenfrei \u2713 beste Tropfen aus K\u00e4rnten\",\"breadcrumb\":{\"@id\":\"https:\/\/www.naturessenzen.com\/produkt\/loewenzahn-tinktur-essenz-kraeutertropfen\/#breadcrumb\"},\"inLanguage\":\"de\",\"potentialAction\":[{\"@type\":\"ReadAction\",\"target\":[\"https:\/\/www.naturessenzen.com\/produkt\/loewenzahn-tinktur-essenz-kraeutertropfen\/\"]}]},{\"@type\":\"BreadcrumbList\",\"@id\":\"https:\/\/www.naturessenzen.com\/produkt\/loewenzahn-tinktur-essenz-kraeutertropfen\/#breadcrumb\",\"itemListElement\":[{\"@type\":\"ListItem\",\"position\":1,\"name\":\"Startseite\",\"item\":\"https:\/\/www.naturessenzen.com\/\"},{\"@type\":\"ListItem\",\"position\":2,\"name\":\"Shop\",\"item\":\"https:\/\/www.naturessenzen.com\/heilpflanzen-heilkraeuter-online-tinktur-kaufen\/\"},{\"@type\":\"ListItem\",\"position\":3,\"name\":\"L\u00f6wenzahn Tinktur\"}]},{\"@type\":\"WebSite\",\"@id\":\"https:\/\/www.naturessenzen.com\/#website\",\"url\":\"https:\/\/www.naturessenzen.com\/\",\"name\":\"Duschlbaur&#039;s Kr\u00e4uter Shop - Tinktur Kr\u00e4utertinktur kaufen! Qualit\u00e4t seit 1917!\",\"description\":\"Wir haben einen gro\u00dfe Auswahl an Kr\u00e4utertinkturen in unserem Shop! Tinktur Kr\u00e4utertinktur kaufen!\",\"potentialAction\":[{\"@type\":\"SearchAction\",\"target\":{\"@type\":\"EntryPoint\",\"urlTemplate\":\"https:\/\/www.naturessenzen.com\/?s={search_term_string}\"},\"query-input\":\"required name=search_term_string\"}],\"inLanguage\":\"de\"}]}<\/script>\n<!-- \/ Yoast SEO plugin. -->","yoast_head_json":{"title":"L\u00f6wenzahn Tinktur Tropfen kaufen - taraxacum officinale Tropfen","description":"L\u00f6wenzahn Tinktur kaufen \u2713 rein pflanzliche Essenz \u2713 Jetzt auf Rechnung bestellen \u2713 versandkostenfrei \u2713 beste Tropfen aus K\u00e4rnten","robots":{"index":"index","follow":"follow","max-snippet":"max-snippet:-1","max-image-preview":"max-image-preview:large","max-video-preview":"max-video-preview:-1"},"canonical":"https:\/\/www.naturessenzen.com\/produkt\/loewenzahn-tinktur-essenz-kraeutertropfen\/","og_locale":"de_DE","og_type":"article","og_title":"L\u00f6wenzahn Tinktur Tropfen kaufen - taraxacum officinale Tropfen","og_description":"L\u00f6wenzahn Tinktur kaufen \u2713 rein pflanzliche Essenz \u2713 Jetzt auf Rechnung bestellen \u2713 versandkostenfrei \u2713 beste Tropfen aus K\u00e4rnten","og_url":"https:\/\/www.naturessenzen.com\/produkt\/loewenzahn-tinktur-essenz-kraeutertropfen\/","og_site_name":"Duschlbaur&#039;s Kr\u00e4uter Shop - Tinktur Kr\u00e4utertinktur kaufen! Qualit\u00e4t seit 1917!","article_modified_time":"2023-09-26T09:01:08+00:00","og_image":[{"width":1000,"height":1000,"url":"https:\/\/www.naturessenzen.com\/wp-content\/uploads\/2020\/11\/kraeuteressenz_kraeutertinktur_loewenzahn_entgiftung_galle_verdauung_abnehmen_heilmittel.png","type":"image\/jpeg"}],"twitter_card":"summary_large_image","twitter_misc":{"Gesch\u00e4tzte Lesezeit":"2\u00a0Minuten"},"schema":{"@context":"https:\/\/schema.org","@graph":[{"@type":"WebPage","@id":"https:\/\/www.naturessenzen.com\/produkt\/loewenzahn-tinktur-essenz-kraeutertropfen\/","url":"https:\/\/www.naturessenzen.com\/produkt\/loewenzahn-tinktur-essenz-kraeutertropfen\/","name":"L\u00f6wenzahn Tinktur Tropfen kaufen - taraxacum officinale Tropfen","isPartOf":{"@id":"https:\/\/www.naturessenzen.com\/#website"},"datePublished":"2020-10-21T18:55:18+00:00","dateModified":"2023-09-26T09:01:08+00:00","description":"L\u00f6wenzahn Tinktur kaufen \u2713 rein pflanzliche Essenz \u2713 Jetzt auf Rechnung bestellen \u2713 versandkostenfrei \u2713 beste Tropfen aus K\u00e4rnten","breadcrumb":{"@id":"https:\/\/www.naturessenzen.com\/produkt\/loewenzahn-tinktur-essenz-kraeutertropfen\/#breadcrumb"},"inLanguage":"de","potentialAction":[{"@type":"ReadAction","target":["https:\/\/www.naturessenzen.com\/produkt\/loewenzahn-tinktur-essenz-kraeutertropfen\/"]}]},{"@type":"BreadcrumbList","@id":"https:\/\/www.naturessenzen.com\/produkt\/loewenzahn-tinktur-essenz-kraeutertropfen\/#breadcrumb","itemListElement":[{"@type":"ListItem","position":1,"name":"Startseite","item":"https:\/\/www.naturessenzen.com\/"},{"@type":"ListItem","position":2,"name":"Shop","item":"https:\/\/www.naturessenzen.com\/heilpflanzen-heilkraeuter-online-tinktur-kaufen\/"},{"@type":"ListItem","position":3,"name":"L\u00f6wenzahn Tinktur"}]},{"@type":"WebSite","@id":"https:\/\/www.naturessenzen.com\/#website","url":"https:\/\/www.naturessenzen.com\/","name":"Duschlbaur&#039;s Kr\u00e4uter Shop - Tinktur Kr\u00e4utertinktur kaufen! Qualit\u00e4t seit 1917!","description":"Wir haben einen gro\u00dfe Auswahl an Kr\u00e4utertinkturen in unserem Shop! Tinktur Kr\u00e4utertinktur kaufen!","potentialAction":[{"@type":"SearchAction","target":{"@type":"EntryPoint","urlTemplate":"https:\/\/www.naturessenzen.com\/?s={search_term_string}"},"query-input":"required name=search_term_string"}],"inLanguage":"de"}]}},"_links":{"self":[{"href":"https:\/\/www.naturessenzen.com\/wp-json\/wp\/v2\/product\/712"}],"collection":[{"href":"https:\/\/www.naturessenzen.com\/wp-json\/wp\/v2\/product"}],"about":[{"href":"https:\/\/www.naturessenzen.com\/wp-json\/wp\/v2\/types\/product"}],"replies":[{"embeddable":true,"href":"https:\/\/www.naturessenzen.com\/wp-json\/wp\/v2\/comments?post=712"}],"wp:featuredmedia":[{"embeddable":true,"href":"https:\/\/www.naturessenzen.com\/wp-json\/wp\/v2\/media\/904"}],"wp:attachment":[{"href":"https:\/\/www.naturessenzen.com\/wp-json\/wp\/v2\/media?parent=712"}],"wp:term":[{"taxonomy":"product_cat","embeddable":true,"href":"https:\/\/www.naturessenzen.com\/wp-json\/wp\/v2\/product_cat?post=712"},{"taxonomy":"product_tag","embeddable":true,"href":"https:\/\/www.naturessenzen.com\/wp-json\/wp\/v2\/product_tag?post=712"}],"curies":[{"name":"wp","href":"https:\/\/api.w.org\/{rel}","templated":true}]}}