{"id":710,"date":"2020-10-21T20:51:39","date_gmt":"2020-10-21T18:51:39","guid":{"rendered":"https:\/\/www.naturessenzen.com\/?post_type=product&#038;p=710"},"modified":"2023-09-26T11:02:07","modified_gmt":"2023-09-26T09:02:07","slug":"lindenbluete-tinkur-essenz-kraeutertropfen","status":"publish","type":"product","link":"https:\/\/www.naturessenzen.com\/produkt\/lindenbluete-tinkur-essenz-kraeutertropfen\/","title":{"rendered":"Lindenbl\u00fcte Tinktur"},"content":{"rendered":"<h2>Lindenbl\u00fcte Tinktur &#8211; tilia europaea Tropfen<\/h2>\n<p>Die nat\u00fcrlichen Inhaltsstoffe der<strong> Lindenbl\u00fcte Tinktur Tropfen sind<\/strong>: Wasser, Alkohol, Lindenbl\u00fcte.<\/p>\n<p>F\u00fcr die Herstellung dieser sehr wertvollen Tropfen verwenden wir die Bl\u00e4tter und Bl\u00fcte.<\/p>\n<p>Bis heute feiert man unter ihrer majest\u00e4tischen Bl\u00e4tterkrone gerne Feste. Traditionell gilt die Linde als heiliger Baum, beim dem fr\u00fcher Recht gesprochen wurde.<br \/>\nLindenb\u00e4ume werden sehr alt. \u00dcber 500 Jahre alte Lindenb\u00e4ume erz\u00e4hlen mit ihrem imposanten Erscheinungsbild eine eigene Geschichte. Kaum jemand kann sich diesem Flair entziehen.<\/p>\n<p>Im Fr\u00fchsommer verstr\u00f6men die Lindenbl\u00fcten ein bezauberndes, honigs\u00fc\u00dfes Aroma. Atmen Sie diese Aromen mit allen Sinnen ein und Sie sp\u00fcren, wie sich Ihre Stimmung umgehend aufhellt. Der s\u00fc\u00dfliche Duft zieht Bienen und Hummeln an. Imker sch\u00e4tzen die Linde als Bienenweide.<\/p>\n<p>Der Lindenbaum z\u00e4hlt zur Familie der Lindengew\u00e4chse (Tiliaceae). Unter den 40 Lindenarten sind die Sommer- und Winterlinde in unseren Breiten am h\u00e4ufigsten. Die bis zu 40 m hohe Sommerlinde ist imposanter als die mit 10 m Wuchsh\u00f6he kleinere Winterlinde.<\/p>\n<p>Die Sommerlinde bl\u00fcht als Erste, knapp gefolgt von Winterlinde und Silberlinde. Das Erscheinungsbild der drei Lindenarten ist sehr \u00e4hnlich. Alle ziert eine imposante Krone, eine glatte gr\u00e4uliche Rinde und schmucke Bl\u00e4tter in Herzform. Die herzf\u00f6rmigen Bl\u00e4tter lassen am ehesten eine Zuordnung zu. Feine H\u00e4rchen sprie\u00dfen an der Blattober- und Unterseite der Sommerlinde. Blattober- und Unterseite der Winterlinde sind v\u00f6llig glatt. Die silbrige Blattunterseite der Silberlinde hat f\u00fcr den Baum einen besonderen Nutzen: bei Sonnenschein dreht die Silberlinde die silbrige Blattunterseite nach oben. Die silbrigen Bl\u00e4ttern werfen die UV-Strahlen zur\u00fcck. Somit wird die Linde vor dem Austrocknen bewahrt.<\/p>\n<p>Aus den in Trugdolden h\u00e4ngenden Bl\u00fcten entwickeln sich kugelige Fr\u00fcchte mit Rippen. Gegen Ende Juni haben die Fr\u00fcchte eine weiche Konsistenz. Sie k\u00f6nnen z.B. wie Kapern in Salzlake oder Essig eingelegt werden. Voll ausgereift lassen sich die Fr\u00fcchte sch\u00e4len und eignen sich als pflanzliches Knabbergeb\u00e4ck oder als gesunde Salatbeilage.<\/p>\n","protected":false},"excerpt":{"rendered":"<ul>\n<li>Anwendungsgebiete: Infektionen, Immunsystem, Einschlafzeit, Nerven, Unruhe<\/li>\n<li>Reinsubstanz \u2013 nur Wirkstoffe der Kr\u00e4uter enthalten<\/li>\n<li>Arzneimittelqualit\u00e4t der Kr\u00e4uter<\/li>\n<li>Gute Alternative zu Kapseln oder Tee<\/li>\n<li>Ausreichend f\u00fcr 50 Tage Kr\u00e4uterkur<\/li>\n<li>H\u00f6chste Qualit\u00e4tsstandards und Hygienerichtlinien<\/li>\n<li>Frei von k\u00fcnstlichen Zus\u00e4tzen und Farbstoffen<\/li>\n<li>Hergestellt nach traditionellen alchemistischen Grunds\u00e4tzen &#8211; nach Ansicht von Paracelsus<\/li>\n<\/ul>\n<p>Alchemische<strong> nat\u00fcrliche Tinktur, 50 ml<\/strong> Glasflasche<strong><br \/>\n<\/strong><\/p>\n","protected":false},"featured_media":1160,"comment_status":"closed","ping_status":"closed","template":"","meta":{"inline_featured_image":false},"product_cat":[19],"product_tag":[],"acf":[],"yoast_head":"<!-- This site is optimized with the Yoast SEO plugin v20.11 - https:\/\/yoast.com\/wordpress\/plugins\/seo\/ -->\n<title>Lindenbl\u00fcte Tinktur Tropfen kaufen - tilia europaea Tropfen<\/title>\n<meta name=\"description\" content=\"Lindenbl\u00fcte Tinktur kaufen \u2713 rein pflanzliche Essenz \u2713 Jetzt auf Rechnung bestellen \u2713 versandkostenfrei \u2713 beste Tropfen aus K\u00e4rnten\" \/>\n<meta name=\"robots\" content=\"index, follow, max-snippet:-1, max-image-preview:large, max-video-preview:-1\" \/>\n<link rel=\"canonical\" href=\"https:\/\/www.naturessenzen.com\/produkt\/lindenbluete-tinkur-essenz-kraeutertropfen\/\" \/>\n<meta property=\"og:locale\" content=\"de_DE\" \/>\n<meta property=\"og:type\" content=\"article\" \/>\n<meta property=\"og:title\" content=\"Lindenbl\u00fcte Tinktur Tropfen kaufen - tilia europaea Tropfen\" \/>\n<meta property=\"og:description\" content=\"Lindenbl\u00fcte Tinktur kaufen \u2713 rein pflanzliche Essenz \u2713 Jetzt auf Rechnung bestellen \u2713 versandkostenfrei \u2713 beste Tropfen aus K\u00e4rnten\" \/>\n<meta property=\"og:url\" content=\"https:\/\/www.naturessenzen.com\/produkt\/lindenbluete-tinkur-essenz-kraeutertropfen\/\" \/>\n<meta property=\"og:site_name\" content=\"Duschlbaur&#039;s Kr\u00e4uter Shop - Tinktur Kr\u00e4utertinktur kaufen! Qualit\u00e4t seit 1917!\" \/>\n<meta property=\"article:modified_time\" content=\"2023-09-26T09:02:07+00:00\" \/>\n<meta property=\"og:image\" content=\"https:\/\/www.naturessenzen.com\/wp-content\/uploads\/2020\/10\/kraeuteressenz_kraeutertinktur_lindenblueten_schleimloesend_husten_fieber_erkaeltung_husten.png\" \/>\n\t<meta property=\"og:image:width\" content=\"1000\" \/>\n\t<meta property=\"og:image:height\" content=\"1000\" \/>\n\t<meta property=\"og:image:type\" content=\"image\/png\" \/>\n<meta name=\"twitter:card\" content=\"summary_large_image\" \/>\n<meta name=\"twitter:label1\" content=\"Gesch\u00e4tzte Lesezeit\" \/>\n\t<meta name=\"twitter:data1\" content=\"2\u00a0Minuten\" \/>\n<script type=\"application\/ld+json\" class=\"yoast-schema-graph\">{\"@context\":\"https:\/\/schema.org\",\"@graph\":[{\"@type\":\"WebPage\",\"@id\":\"https:\/\/www.naturessenzen.com\/produkt\/lindenbluete-tinkur-essenz-kraeutertropfen\/\",\"url\":\"https:\/\/www.naturessenzen.com\/produkt\/lindenbluete-tinkur-essenz-kraeutertropfen\/\",\"name\":\"Lindenbl\u00fcte Tinktur Tropfen kaufen - tilia europaea Tropfen\",\"isPartOf\":{\"@id\":\"https:\/\/www.naturessenzen.com\/#website\"},\"datePublished\":\"2020-10-21T18:51:39+00:00\",\"dateModified\":\"2023-09-26T09:02:07+00:00\",\"description\":\"Lindenbl\u00fcte Tinktur kaufen \u2713 rein pflanzliche Essenz \u2713 Jetzt auf Rechnung bestellen \u2713 versandkostenfrei \u2713 beste Tropfen aus K\u00e4rnten\",\"breadcrumb\":{\"@id\":\"https:\/\/www.naturessenzen.com\/produkt\/lindenbluete-tinkur-essenz-kraeutertropfen\/#breadcrumb\"},\"inLanguage\":\"de\",\"potentialAction\":[{\"@type\":\"ReadAction\",\"target\":[\"https:\/\/www.naturessenzen.com\/produkt\/lindenbluete-tinkur-essenz-kraeutertropfen\/\"]}]},{\"@type\":\"BreadcrumbList\",\"@id\":\"https:\/\/www.naturessenzen.com\/produkt\/lindenbluete-tinkur-essenz-kraeutertropfen\/#breadcrumb\",\"itemListElement\":[{\"@type\":\"ListItem\",\"position\":1,\"name\":\"Startseite\",\"item\":\"https:\/\/www.naturessenzen.com\/\"},{\"@type\":\"ListItem\",\"position\":2,\"name\":\"Shop\",\"item\":\"https:\/\/www.naturessenzen.com\/heilpflanzen-heilkraeuter-online-tinktur-kaufen\/\"},{\"@type\":\"ListItem\",\"position\":3,\"name\":\"Lindenbl\u00fcte Tinktur\"}]},{\"@type\":\"WebSite\",\"@id\":\"https:\/\/www.naturessenzen.com\/#website\",\"url\":\"https:\/\/www.naturessenzen.com\/\",\"name\":\"Duschlbaur&#039;s Kr\u00e4uter Shop - Tinktur Kr\u00e4utertinktur kaufen! Qualit\u00e4t seit 1917!\",\"description\":\"Wir haben einen gro\u00dfe Auswahl an Kr\u00e4utertinkturen in unserem Shop! Tinktur Kr\u00e4utertinktur kaufen!\",\"potentialAction\":[{\"@type\":\"SearchAction\",\"target\":{\"@type\":\"EntryPoint\",\"urlTemplate\":\"https:\/\/www.naturessenzen.com\/?s={search_term_string}\"},\"query-input\":\"required name=search_term_string\"}],\"inLanguage\":\"de\"}]}<\/script>\n<!-- \/ Yoast SEO plugin. -->","yoast_head_json":{"title":"Lindenbl\u00fcte Tinktur Tropfen kaufen - tilia europaea Tropfen","description":"Lindenbl\u00fcte Tinktur kaufen \u2713 rein pflanzliche Essenz \u2713 Jetzt auf Rechnung bestellen \u2713 versandkostenfrei \u2713 beste Tropfen aus K\u00e4rnten","robots":{"index":"index","follow":"follow","max-snippet":"max-snippet:-1","max-image-preview":"max-image-preview:large","max-video-preview":"max-video-preview:-1"},"canonical":"https:\/\/www.naturessenzen.com\/produkt\/lindenbluete-tinkur-essenz-kraeutertropfen\/","og_locale":"de_DE","og_type":"article","og_title":"Lindenbl\u00fcte Tinktur Tropfen kaufen - tilia europaea Tropfen","og_description":"Lindenbl\u00fcte Tinktur kaufen \u2713 rein pflanzliche Essenz \u2713 Jetzt auf Rechnung bestellen \u2713 versandkostenfrei \u2713 beste Tropfen aus K\u00e4rnten","og_url":"https:\/\/www.naturessenzen.com\/produkt\/lindenbluete-tinkur-essenz-kraeutertropfen\/","og_site_name":"Duschlbaur&#039;s Kr\u00e4uter Shop - Tinktur Kr\u00e4utertinktur kaufen! Qualit\u00e4t seit 1917!","article_modified_time":"2023-09-26T09:02:07+00:00","og_image":[{"width":1000,"height":1000,"url":"https:\/\/www.naturessenzen.com\/wp-content\/uploads\/2020\/10\/kraeuteressenz_kraeutertinktur_lindenblueten_schleimloesend_husten_fieber_erkaeltung_husten.png","type":"image\/png"}],"twitter_card":"summary_large_image","twitter_misc":{"Gesch\u00e4tzte Lesezeit":"2\u00a0Minuten"},"schema":{"@context":"https:\/\/schema.org","@graph":[{"@type":"WebPage","@id":"https:\/\/www.naturessenzen.com\/produkt\/lindenbluete-tinkur-essenz-kraeutertropfen\/","url":"https:\/\/www.naturessenzen.com\/produkt\/lindenbluete-tinkur-essenz-kraeutertropfen\/","name":"Lindenbl\u00fcte Tinktur Tropfen kaufen - tilia europaea Tropfen","isPartOf":{"@id":"https:\/\/www.naturessenzen.com\/#website"},"datePublished":"2020-10-21T18:51:39+00:00","dateModified":"2023-09-26T09:02:07+00:00","description":"Lindenbl\u00fcte Tinktur kaufen \u2713 rein pflanzliche Essenz \u2713 Jetzt auf Rechnung bestellen \u2713 versandkostenfrei \u2713 beste Tropfen aus K\u00e4rnten","breadcrumb":{"@id":"https:\/\/www.naturessenzen.com\/produkt\/lindenbluete-tinkur-essenz-kraeutertropfen\/#breadcrumb"},"inLanguage":"de","potentialAction":[{"@type":"ReadAction","target":["https:\/\/www.naturessenzen.com\/produkt\/lindenbluete-tinkur-essenz-kraeutertropfen\/"]}]},{"@type":"BreadcrumbList","@id":"https:\/\/www.naturessenzen.com\/produkt\/lindenbluete-tinkur-essenz-kraeutertropfen\/#breadcrumb","itemListElement":[{"@type":"ListItem","position":1,"name":"Startseite","item":"https:\/\/www.naturessenzen.com\/"},{"@type":"ListItem","position":2,"name":"Shop","item":"https:\/\/www.naturessenzen.com\/heilpflanzen-heilkraeuter-online-tinktur-kaufen\/"},{"@type":"ListItem","position":3,"name":"Lindenbl\u00fcte Tinktur"}]},{"@type":"WebSite","@id":"https:\/\/www.naturessenzen.com\/#website","url":"https:\/\/www.naturessenzen.com\/","name":"Duschlbaur&#039;s Kr\u00e4uter Shop - Tinktur Kr\u00e4utertinktur kaufen! Qualit\u00e4t seit 1917!","description":"Wir haben einen gro\u00dfe Auswahl an Kr\u00e4utertinkturen in unserem Shop! Tinktur Kr\u00e4utertinktur kaufen!","potentialAction":[{"@type":"SearchAction","target":{"@type":"EntryPoint","urlTemplate":"https:\/\/www.naturessenzen.com\/?s={search_term_string}"},"query-input":"required name=search_term_string"}],"inLanguage":"de"}]}},"_links":{"self":[{"href":"https:\/\/www.naturessenzen.com\/wp-json\/wp\/v2\/product\/710"}],"collection":[{"href":"https:\/\/www.naturessenzen.com\/wp-json\/wp\/v2\/product"}],"about":[{"href":"https:\/\/www.naturessenzen.com\/wp-json\/wp\/v2\/types\/product"}],"replies":[{"embeddable":true,"href":"https:\/\/www.naturessenzen.com\/wp-json\/wp\/v2\/comments?post=710"}],"wp:featuredmedia":[{"embeddable":true,"href":"https:\/\/www.naturessenzen.com\/wp-json\/wp\/v2\/media\/1160"}],"wp:attachment":[{"href":"https:\/\/www.naturessenzen.com\/wp-json\/wp\/v2\/media?parent=710"}],"wp:term":[{"taxonomy":"product_cat","embeddable":true,"href":"https:\/\/www.naturessenzen.com\/wp-json\/wp\/v2\/product_cat?post=710"},{"taxonomy":"product_tag","embeddable":true,"href":"https:\/\/www.naturessenzen.com\/wp-json\/wp\/v2\/product_tag?post=710"}],"curies":[{"name":"wp","href":"https:\/\/api.w.org\/{rel}","templated":true}]}}