{"id":6733,"date":"2023-09-20T09:40:51","date_gmt":"2023-09-20T07:40:51","guid":{"rendered":"https:\/\/www.naturessenzen.com\/?post_type=product&#038;p=6733"},"modified":"2023-09-27T10:01:54","modified_gmt":"2023-09-27T08:01:54","slug":"meditation-aura-spray","status":"publish","type":"product","link":"https:\/\/www.naturessenzen.com\/produkt\/meditation-aura-spray\/","title":{"rendered":"Meditation Aura Spray"},"content":{"rendered":"<h2>&#8222;Meditation&#8220; Aura-Spray<\/h2>\n<p>&nbsp;<\/p>\n<p>Die nat\u00fcrlichen Inhaltsstoffe des<strong> \u201eMeditation\u201c Aura-Sprays <\/strong>sind:<\/p>\n<p>Naturreine \u00e4therische \u00d6le von Weihrauch, Zedernholz, Sandelholz, Benzoe, Zimt, Rosmarin, Alkohol, Wasser<\/p>\n<p>&nbsp;<\/p>\n<p>Einige Spr\u00fchst\u00f6\u00dfe unseres <strong>Duschlbaur\u00b4s \u201eMeditation\u201c Aura-Sprays<\/strong> k\u00f6nnen:<\/p>\n<ul>\n<li>den pers\u00f6nlichen Weg zu innerer Gelassenheit f\u00f6rdern<\/li>\n<li>sanft zu tiefer Meditation f\u00fchren<\/li>\n<li>Angstgef\u00fchle mildern<\/li>\n<li>ein Gef\u00fchl von w\u00e4rmender Geborgenheit schenken<\/li>\n<li>bei Reizbarkeit ausgleichend wirken<\/li>\n<li>Entspannung f\u00f6rdern<\/li>\n<li>Nervosit\u00e4t mindern<\/li>\n<li>zu Mut und frischer Zuversicht ermuntern<\/li>\n<li>beruhigend auf die Psyche wirken<\/li>\n<li>den auf der Seele lastenden Nebel lichten<\/li>\n<\/ul>\n","protected":false},"excerpt":{"rendered":"<ul>\n<li>Bei Bedarf einige Spr\u00fchst\u00f6\u00dfe in die Luft spr\u00fchen<\/li>\n<li>Geeignet f\u00fcr den Wohnbereich, Arbeitsr\u00e4ume und unterwegs<\/li>\n<li>Naturreine \u00e4therische \u00d6le<\/li>\n<li>100 % nat\u00fcrlich<\/li>\n<li>Frei von Konservierungsmitteln und Farbstoffen<\/li>\n<li>Ohne chemische Duftstoffe<\/li>\n<li>Hergestellt in K\u00e4rnten<\/li>\n<\/ul>\n<p><strong>\u201eMeditation\u201c Aura-Spray, 30 ml Spr\u00fchflasche<\/strong><\/p>\n","protected":false},"featured_media":8272,"comment_status":"closed","ping_status":"closed","template":"","meta":{"inline_featured_image":false},"product_cat":[29],"product_tag":[],"acf":[],"yoast_head":"<!-- This site is optimized with the Yoast SEO plugin v20.11 - https:\/\/yoast.com\/wordpress\/plugins\/seo\/ -->\n<title>&quot;Meditation&quot; Aura-Spray - f\u00fcr innere Klarheit und wohltuende Gelassenheit<\/title>\n<meta name=\"description\" content=\"Duschlbaur\u00b4s &quot;Meditation&quot; Aura-Spray- f\u00f6rdert ruhige Heiterheit und frohe Zuversicht! Dieser Duft entspannt und vermittelt inneren Frieden!\" \/>\n<meta name=\"robots\" content=\"index, follow, max-snippet:-1, max-image-preview:large, max-video-preview:-1\" \/>\n<link rel=\"canonical\" href=\"https:\/\/www.naturessenzen.com\/produkt\/meditation-aura-spray\/\" \/>\n<meta property=\"og:locale\" content=\"de_DE\" \/>\n<meta property=\"og:type\" content=\"article\" \/>\n<meta property=\"og:title\" content=\"&quot;Meditation&quot; Aura-Spray - f\u00fcr innere Klarheit und wohltuende Gelassenheit\" \/>\n<meta property=\"og:description\" content=\"Duschlbaur\u00b4s &quot;Meditation&quot; Aura-Spray- f\u00f6rdert ruhige Heiterheit und frohe Zuversicht! Dieser Duft entspannt und vermittelt inneren Frieden!\" \/>\n<meta property=\"og:url\" content=\"https:\/\/www.naturessenzen.com\/produkt\/meditation-aura-spray\/\" \/>\n<meta property=\"og:site_name\" content=\"Duschlbaur&#039;s Kr\u00e4uter Shop - Tinktur Kr\u00e4utertinktur kaufen! Qualit\u00e4t seit 1917!\" \/>\n<meta property=\"article:modified_time\" content=\"2023-09-27T08:01:54+00:00\" \/>\n<meta property=\"og:image\" content=\"https:\/\/www.naturessenzen.com\/wp-content\/uploads\/2023\/09\/Meditation-Aura-Spray.png\" \/>\n\t<meta property=\"og:image:width\" content=\"1000\" \/>\n\t<meta property=\"og:image:height\" content=\"1000\" \/>\n\t<meta property=\"og:image:type\" content=\"image\/png\" \/>\n<meta name=\"twitter:card\" content=\"summary_large_image\" \/>\n<meta name=\"twitter:label1\" content=\"Gesch\u00e4tzte Lesezeit\" \/>\n\t<meta name=\"twitter:data1\" content=\"1\u00a0Minute\" \/>\n<script type=\"application\/ld+json\" class=\"yoast-schema-graph\">{\"@context\":\"https:\/\/schema.org\",\"@graph\":[{\"@type\":\"WebPage\",\"@id\":\"https:\/\/www.naturessenzen.com\/produkt\/meditation-aura-spray\/\",\"url\":\"https:\/\/www.naturessenzen.com\/produkt\/meditation-aura-spray\/\",\"name\":\"\\\"Meditation\\\" Aura-Spray - f\u00fcr innere Klarheit und wohltuende Gelassenheit\",\"isPartOf\":{\"@id\":\"https:\/\/www.naturessenzen.com\/#website\"},\"datePublished\":\"2023-09-20T07:40:51+00:00\",\"dateModified\":\"2023-09-27T08:01:54+00:00\",\"description\":\"Duschlbaur\u00b4s \\\"Meditation\\\" Aura-Spray- f\u00f6rdert ruhige Heiterheit und frohe Zuversicht! Dieser Duft entspannt und vermittelt inneren Frieden!\",\"breadcrumb\":{\"@id\":\"https:\/\/www.naturessenzen.com\/produkt\/meditation-aura-spray\/#breadcrumb\"},\"inLanguage\":\"de\",\"potentialAction\":[{\"@type\":\"ReadAction\",\"target\":[\"https:\/\/www.naturessenzen.com\/produkt\/meditation-aura-spray\/\"]}]},{\"@type\":\"BreadcrumbList\",\"@id\":\"https:\/\/www.naturessenzen.com\/produkt\/meditation-aura-spray\/#breadcrumb\",\"itemListElement\":[{\"@type\":\"ListItem\",\"position\":1,\"name\":\"Startseite\",\"item\":\"https:\/\/www.naturessenzen.com\/\"},{\"@type\":\"ListItem\",\"position\":2,\"name\":\"Shop\",\"item\":\"https:\/\/www.naturessenzen.com\/heilpflanzen-heilkraeuter-online-tinktur-kaufen\/\"},{\"@type\":\"ListItem\",\"position\":3,\"name\":\"Meditation Aura Spray\"}]},{\"@type\":\"WebSite\",\"@id\":\"https:\/\/www.naturessenzen.com\/#website\",\"url\":\"https:\/\/www.naturessenzen.com\/\",\"name\":\"Duschlbaur&#039;s Kr\u00e4uter Shop - Tinktur Kr\u00e4utertinktur kaufen! Qualit\u00e4t seit 1917!\",\"description\":\"Wir haben einen gro\u00dfe Auswahl an Kr\u00e4utertinkturen in unserem Shop! Tinktur Kr\u00e4utertinktur kaufen!\",\"potentialAction\":[{\"@type\":\"SearchAction\",\"target\":{\"@type\":\"EntryPoint\",\"urlTemplate\":\"https:\/\/www.naturessenzen.com\/?s={search_term_string}\"},\"query-input\":\"required name=search_term_string\"}],\"inLanguage\":\"de\"}]}<\/script>\n<!-- \/ Yoast SEO plugin. -->","yoast_head_json":{"title":"\"Meditation\" Aura-Spray - f\u00fcr innere Klarheit und wohltuende Gelassenheit","description":"Duschlbaur\u00b4s \"Meditation\" Aura-Spray- f\u00f6rdert ruhige Heiterheit und frohe Zuversicht! Dieser Duft entspannt und vermittelt inneren Frieden!","robots":{"index":"index","follow":"follow","max-snippet":"max-snippet:-1","max-image-preview":"max-image-preview:large","max-video-preview":"max-video-preview:-1"},"canonical":"https:\/\/www.naturessenzen.com\/produkt\/meditation-aura-spray\/","og_locale":"de_DE","og_type":"article","og_title":"\"Meditation\" Aura-Spray - f\u00fcr innere Klarheit und wohltuende Gelassenheit","og_description":"Duschlbaur\u00b4s \"Meditation\" Aura-Spray- f\u00f6rdert ruhige Heiterheit und frohe Zuversicht! Dieser Duft entspannt und vermittelt inneren Frieden!","og_url":"https:\/\/www.naturessenzen.com\/produkt\/meditation-aura-spray\/","og_site_name":"Duschlbaur&#039;s Kr\u00e4uter Shop - Tinktur Kr\u00e4utertinktur kaufen! Qualit\u00e4t seit 1917!","article_modified_time":"2023-09-27T08:01:54+00:00","og_image":[{"width":1000,"height":1000,"url":"https:\/\/www.naturessenzen.com\/wp-content\/uploads\/2023\/09\/Meditation-Aura-Spray.png","type":"image\/png"}],"twitter_card":"summary_large_image","twitter_misc":{"Gesch\u00e4tzte Lesezeit":"1\u00a0Minute"},"schema":{"@context":"https:\/\/schema.org","@graph":[{"@type":"WebPage","@id":"https:\/\/www.naturessenzen.com\/produkt\/meditation-aura-spray\/","url":"https:\/\/www.naturessenzen.com\/produkt\/meditation-aura-spray\/","name":"\"Meditation\" Aura-Spray - f\u00fcr innere Klarheit und wohltuende Gelassenheit","isPartOf":{"@id":"https:\/\/www.naturessenzen.com\/#website"},"datePublished":"2023-09-20T07:40:51+00:00","dateModified":"2023-09-27T08:01:54+00:00","description":"Duschlbaur\u00b4s \"Meditation\" Aura-Spray- f\u00f6rdert ruhige Heiterheit und frohe Zuversicht! Dieser Duft entspannt und vermittelt inneren Frieden!","breadcrumb":{"@id":"https:\/\/www.naturessenzen.com\/produkt\/meditation-aura-spray\/#breadcrumb"},"inLanguage":"de","potentialAction":[{"@type":"ReadAction","target":["https:\/\/www.naturessenzen.com\/produkt\/meditation-aura-spray\/"]}]},{"@type":"BreadcrumbList","@id":"https:\/\/www.naturessenzen.com\/produkt\/meditation-aura-spray\/#breadcrumb","itemListElement":[{"@type":"ListItem","position":1,"name":"Startseite","item":"https:\/\/www.naturessenzen.com\/"},{"@type":"ListItem","position":2,"name":"Shop","item":"https:\/\/www.naturessenzen.com\/heilpflanzen-heilkraeuter-online-tinktur-kaufen\/"},{"@type":"ListItem","position":3,"name":"Meditation Aura Spray"}]},{"@type":"WebSite","@id":"https:\/\/www.naturessenzen.com\/#website","url":"https:\/\/www.naturessenzen.com\/","name":"Duschlbaur&#039;s Kr\u00e4uter Shop - Tinktur Kr\u00e4utertinktur kaufen! Qualit\u00e4t seit 1917!","description":"Wir haben einen gro\u00dfe Auswahl an Kr\u00e4utertinkturen in unserem Shop! Tinktur Kr\u00e4utertinktur kaufen!","potentialAction":[{"@type":"SearchAction","target":{"@type":"EntryPoint","urlTemplate":"https:\/\/www.naturessenzen.com\/?s={search_term_string}"},"query-input":"required name=search_term_string"}],"inLanguage":"de"}]}},"_links":{"self":[{"href":"https:\/\/www.naturessenzen.com\/wp-json\/wp\/v2\/product\/6733"}],"collection":[{"href":"https:\/\/www.naturessenzen.com\/wp-json\/wp\/v2\/product"}],"about":[{"href":"https:\/\/www.naturessenzen.com\/wp-json\/wp\/v2\/types\/product"}],"replies":[{"embeddable":true,"href":"https:\/\/www.naturessenzen.com\/wp-json\/wp\/v2\/comments?post=6733"}],"wp:featuredmedia":[{"embeddable":true,"href":"https:\/\/www.naturessenzen.com\/wp-json\/wp\/v2\/media\/8272"}],"wp:attachment":[{"href":"https:\/\/www.naturessenzen.com\/wp-json\/wp\/v2\/media?parent=6733"}],"wp:term":[{"taxonomy":"product_cat","embeddable":true,"href":"https:\/\/www.naturessenzen.com\/wp-json\/wp\/v2\/product_cat?post=6733"},{"taxonomy":"product_tag","embeddable":true,"href":"https:\/\/www.naturessenzen.com\/wp-json\/wp\/v2\/product_tag?post=6733"}],"curies":[{"name":"wp","href":"https:\/\/api.w.org\/{rel}","templated":true}]}}