{"id":6583,"date":"2023-09-27T09:56:41","date_gmt":"2023-09-27T07:56:41","guid":{"rendered":"https:\/\/www.naturessenzen.com\/?post_type=product&#038;p=6583"},"modified":"2023-09-28T08:31:31","modified_gmt":"2023-09-28T06:31:31","slug":"stieleiche-quercus-robur-gemmo-mazerat","status":"publish","type":"product","link":"https:\/\/www.naturessenzen.com\/produkt\/stieleiche-quercus-robur-gemmo-mazerat\/","title":{"rendered":"Stieleiche Gemmo Mazerat (quercus robur)"},"content":{"rendered":"<h2>Stieleiche Gemmo Mazerat<\/h2>\n<p>&nbsp;<\/p>\n<p>Die nat\u00fcrlichen Inhaltsstoffe des<strong> Stieleiche Gemmo Mazerates <\/strong>sind: Frische Knospen der Stieleiche, pflanzliches Glycerin, Alkohol, Wasser<\/p>\n<p>&nbsp;<\/p>\n<p>Unser <strong>Duschlbaur\u00b4s Stieleiche (quercus robur) Gemmo Mazerat<\/strong> kann unterst\u00fctzend eingenommen werden bei\/zur:<\/p>\n<ul>\n<li>St\u00e4rkung der m\u00e4nnlichen Sexualit\u00e4t<\/li>\n<li>Libidomangel<\/li>\n<li>Stimulierung der Sexualhormone<\/li>\n<li>Stimulierung der Hormone der Nebennierenrinde<\/li>\n<li>Prophylaxe gegen drohendes Burn-out<\/li>\n<li>wiederkehrender Herpesinfektion<\/li>\n<li>St\u00e4rkung bei Rekonvaleszenz<\/li>\n<li>Erm\u00fcdung<\/li>\n<\/ul>\n<p>Eine gleichzeitige Einnahme von konservativen Arzneien und Duschlbaur\u00b4s Stieleiche (quercus robur) Gemmo Mazerat ist problemlos m\u00f6glich.<\/p>\n<p>&nbsp;<\/p>\n<h4><strong>Stieleiche \u2013 dieser Baum steht wie kein anderer f\u00fcr Kraft, H\u00e4rte und St\u00e4rke<br \/>\n<\/strong><\/h4>\n<p>&nbsp;<\/p>\n<p>Die <strong>Stieleiche<\/strong> \u2013 lateinisch quercus robur \u2013 geh\u00f6rt zur Familie der Buchengew\u00e4chse (fagaceae).<\/p>\n<p>Weltweit gibt es \u00fcber 600 Eichenarten. In Europa sind an die 26 Arten heimisch.<\/p>\n<p>Anfangs nutzten wir Menschen Rinde und Fr\u00fcchte der Eichen zur Nahrungssicherung. Die Eicheln waren wichtiges Futter f\u00fcr die Schweinemast. Diese Art der F\u00fctterung wurde erst Ende des 18. Jahrhunderts von den Kartoffelabf\u00e4llen abgel\u00f6st.<\/p>\n<p>Das Mehl der Eicheln war in Notzeiten Mehlersatz. Kranken und sehr alten Menschen bereitete man zur St\u00e4rkung einen Eichelkaffee. Dazu werden die Eicheln schonend getrocknet und von der Schale befreit. Anschlie\u00dfend r\u00f6stet man sie, bis sie braun werden. Jetzt k\u00f6nnen sie gemahlen werden. F\u00fcr eine Tasse Eichelkaffee kocht man 1 Teel\u00f6ffel mit \u00bc Liter Wasser auf. Seihen Sie den Sud ab und verfeinern sie ihn mit Milch oder Kakao. Die Eicheln werden im Herbst gesammelt. Sie fallen von den B\u00e4umen, wenn sie reif sind.<\/p>\n<p>Aufgrund ihrer Gerbstoffe bietet sich die Rinde als Basis f\u00fcr Sitzb\u00e4der und Sp\u00fclungen an. Gerbstoffe haben eine zusammenziehende Wirkung und k\u00f6nnen Schleimh\u00e4ute vor weiteren Reizungen sch\u00fctzen. Die Volksmedizin verwendet sie bei H\u00e4morrhoiden, Mastdarmfisteln und Scheideninfektionen. Die Rinde sammelt man bevorzugt im M\u00e4rz von den jungen \u00c4sten.<\/p>\n<p>Grunds\u00e4tzlich w\u00e4scht man Rinde, Bl\u00e4tter und Eicheln vor einer Verwendung ausgiebig und gr\u00fcndlich. Die hohe Konzentration der Gerbstoffe und Tannine machen die Pflanzenteile ungenie\u00dfbar bis giftig. Knospen, junge Bl\u00e4tter und Bl\u00fcten sind ungiftig und unbehandelt genie\u00dfbar.<\/p>\n<p>Mit der Zeit erkannte man die Qualit\u00e4t des harten, dauerhaften Eichenholzes f\u00fcr die Holzverarbeitung. Als Bauholz, im Schiffsbau und im Wasserbau eignet es sich hervorragend. Wein, Cognac und Whisky lagert zur Geschmacksverbesserung bevorzugt in Eichenf\u00e4ssern.<\/p>\n","protected":false},"excerpt":{"rendered":"<ul>\n<li>Anwendungsgebiete: Hormonsystem, Geschlechtsdr\u00fcsen, Nerven, Haut<\/li>\n<li>Sofortige Wirkstoffaufnahme \u00fcber die Mundschleimhaut<\/li>\n<li>Ohne Wasser einzunehmen<\/li>\n<li>Frische Pflanzenknospen aus K\u00e4rntner Wildsammlung<\/li>\n<li>Ernte der aussprie\u00dfenden Knospen im Fr\u00fchjahr<\/li>\n<li>Alle Inhaltsstoffe 100 % nat\u00fcrlich<\/li>\n<li>Frei von Mineral- und Silikonstoffen<\/li>\n<li>Frei von Hormonen, k\u00fcnstlichen Zus\u00e4tzen und Farbstoffen<\/li>\n<li>Hergestellt in K\u00e4rnten<\/li>\n<\/ul>\n<p><strong>Gemmo Mazerat &#8211; 30 ml Spr\u00fchflasche<\/strong><\/p>\n","protected":false},"featured_media":8278,"comment_status":"closed","ping_status":"closed","template":"","meta":{"inline_featured_image":false},"product_cat":[28],"product_tag":[],"acf":[],"yoast_head":"<!-- This site is optimized with the Yoast SEO plugin v20.11 - https:\/\/yoast.com\/wordpress\/plugins\/seo\/ -->\n<title>Stieleiche (Quercus robur) Gemmo Mazerat aus K\u00e4rnten kaufen<\/title>\n<meta name=\"description\" content=\"Stieleiche (Quercus robur) Gemmo Mazerat - unser Knospenmazerat aus K\u00e4rnten steht f\u00fcr St\u00e4rke, Kraft und H\u00e4rte - jetzt kaufen!\" \/>\n<meta name=\"robots\" content=\"index, follow, max-snippet:-1, max-image-preview:large, max-video-preview:-1\" \/>\n<link rel=\"canonical\" href=\"https:\/\/www.naturessenzen.com\/produkt\/stieleiche-quercus-robur-gemmo-mazerat\/\" \/>\n<meta property=\"og:locale\" content=\"de_DE\" \/>\n<meta property=\"og:type\" content=\"article\" \/>\n<meta property=\"og:title\" content=\"Stieleiche (Quercus robur) Gemmo Mazerat aus K\u00e4rnten kaufen\" \/>\n<meta property=\"og:description\" content=\"Stieleiche (Quercus robur) Gemmo Mazerat - unser Knospenmazerat aus K\u00e4rnten steht f\u00fcr St\u00e4rke, Kraft und H\u00e4rte - jetzt kaufen!\" \/>\n<meta property=\"og:url\" content=\"https:\/\/www.naturessenzen.com\/produkt\/stieleiche-quercus-robur-gemmo-mazerat\/\" \/>\n<meta property=\"og:site_name\" content=\"Duschlbaur&#039;s Kr\u00e4uter Shop - Tinktur Kr\u00e4utertinktur kaufen! Qualit\u00e4t seit 1917!\" \/>\n<meta property=\"article:modified_time\" content=\"2023-09-28T06:31:31+00:00\" \/>\n<meta property=\"og:image\" content=\"https:\/\/www.naturessenzen.com\/wp-content\/uploads\/2023\/09\/Stieleiche-Gemmo-Mazerat.png\" \/>\n\t<meta property=\"og:image:width\" content=\"1000\" \/>\n\t<meta property=\"og:image:height\" content=\"1000\" \/>\n\t<meta property=\"og:image:type\" content=\"image\/png\" \/>\n<meta name=\"twitter:card\" content=\"summary_large_image\" \/>\n<meta name=\"twitter:label1\" content=\"Gesch\u00e4tzte Lesezeit\" \/>\n\t<meta name=\"twitter:data1\" content=\"2\u00a0Minuten\" \/>\n<script type=\"application\/ld+json\" class=\"yoast-schema-graph\">{\"@context\":\"https:\/\/schema.org\",\"@graph\":[{\"@type\":\"WebPage\",\"@id\":\"https:\/\/www.naturessenzen.com\/produkt\/stieleiche-quercus-robur-gemmo-mazerat\/\",\"url\":\"https:\/\/www.naturessenzen.com\/produkt\/stieleiche-quercus-robur-gemmo-mazerat\/\",\"name\":\"Stieleiche (Quercus robur) Gemmo Mazerat aus K\u00e4rnten kaufen\",\"isPartOf\":{\"@id\":\"https:\/\/www.naturessenzen.com\/#website\"},\"datePublished\":\"2023-09-27T07:56:41+00:00\",\"dateModified\":\"2023-09-28T06:31:31+00:00\",\"description\":\"Stieleiche (Quercus robur) Gemmo Mazerat - unser Knospenmazerat aus K\u00e4rnten steht f\u00fcr St\u00e4rke, Kraft und H\u00e4rte - jetzt kaufen!\",\"breadcrumb\":{\"@id\":\"https:\/\/www.naturessenzen.com\/produkt\/stieleiche-quercus-robur-gemmo-mazerat\/#breadcrumb\"},\"inLanguage\":\"de\",\"potentialAction\":[{\"@type\":\"ReadAction\",\"target\":[\"https:\/\/www.naturessenzen.com\/produkt\/stieleiche-quercus-robur-gemmo-mazerat\/\"]}]},{\"@type\":\"BreadcrumbList\",\"@id\":\"https:\/\/www.naturessenzen.com\/produkt\/stieleiche-quercus-robur-gemmo-mazerat\/#breadcrumb\",\"itemListElement\":[{\"@type\":\"ListItem\",\"position\":1,\"name\":\"Startseite\",\"item\":\"https:\/\/www.naturessenzen.com\/\"},{\"@type\":\"ListItem\",\"position\":2,\"name\":\"Shop\",\"item\":\"https:\/\/www.naturessenzen.com\/heilpflanzen-heilkraeuter-online-tinktur-kaufen\/\"},{\"@type\":\"ListItem\",\"position\":3,\"name\":\"Stieleiche Gemmo Mazerat (quercus robur)\"}]},{\"@type\":\"WebSite\",\"@id\":\"https:\/\/www.naturessenzen.com\/#website\",\"url\":\"https:\/\/www.naturessenzen.com\/\",\"name\":\"Duschlbaur&#039;s Kr\u00e4uter Shop - Tinktur Kr\u00e4utertinktur kaufen! Qualit\u00e4t seit 1917!\",\"description\":\"Wir haben einen gro\u00dfe Auswahl an Kr\u00e4utertinkturen in unserem Shop! Tinktur Kr\u00e4utertinktur kaufen!\",\"potentialAction\":[{\"@type\":\"SearchAction\",\"target\":{\"@type\":\"EntryPoint\",\"urlTemplate\":\"https:\/\/www.naturessenzen.com\/?s={search_term_string}\"},\"query-input\":\"required name=search_term_string\"}],\"inLanguage\":\"de\"}]}<\/script>\n<!-- \/ Yoast SEO plugin. -->","yoast_head_json":{"title":"Stieleiche (Quercus robur) Gemmo Mazerat aus K\u00e4rnten kaufen","description":"Stieleiche (Quercus robur) Gemmo Mazerat - unser Knospenmazerat aus K\u00e4rnten steht f\u00fcr St\u00e4rke, Kraft und H\u00e4rte - jetzt kaufen!","robots":{"index":"index","follow":"follow","max-snippet":"max-snippet:-1","max-image-preview":"max-image-preview:large","max-video-preview":"max-video-preview:-1"},"canonical":"https:\/\/www.naturessenzen.com\/produkt\/stieleiche-quercus-robur-gemmo-mazerat\/","og_locale":"de_DE","og_type":"article","og_title":"Stieleiche (Quercus robur) Gemmo Mazerat aus K\u00e4rnten kaufen","og_description":"Stieleiche (Quercus robur) Gemmo Mazerat - unser Knospenmazerat aus K\u00e4rnten steht f\u00fcr St\u00e4rke, Kraft und H\u00e4rte - jetzt kaufen!","og_url":"https:\/\/www.naturessenzen.com\/produkt\/stieleiche-quercus-robur-gemmo-mazerat\/","og_site_name":"Duschlbaur&#039;s Kr\u00e4uter Shop - Tinktur Kr\u00e4utertinktur kaufen! Qualit\u00e4t seit 1917!","article_modified_time":"2023-09-28T06:31:31+00:00","og_image":[{"width":1000,"height":1000,"url":"https:\/\/www.naturessenzen.com\/wp-content\/uploads\/2023\/09\/Stieleiche-Gemmo-Mazerat.png","type":"image\/png"}],"twitter_card":"summary_large_image","twitter_misc":{"Gesch\u00e4tzte Lesezeit":"2\u00a0Minuten"},"schema":{"@context":"https:\/\/schema.org","@graph":[{"@type":"WebPage","@id":"https:\/\/www.naturessenzen.com\/produkt\/stieleiche-quercus-robur-gemmo-mazerat\/","url":"https:\/\/www.naturessenzen.com\/produkt\/stieleiche-quercus-robur-gemmo-mazerat\/","name":"Stieleiche (Quercus robur) Gemmo Mazerat aus K\u00e4rnten kaufen","isPartOf":{"@id":"https:\/\/www.naturessenzen.com\/#website"},"datePublished":"2023-09-27T07:56:41+00:00","dateModified":"2023-09-28T06:31:31+00:00","description":"Stieleiche (Quercus robur) Gemmo Mazerat - unser Knospenmazerat aus K\u00e4rnten steht f\u00fcr St\u00e4rke, Kraft und H\u00e4rte - jetzt kaufen!","breadcrumb":{"@id":"https:\/\/www.naturessenzen.com\/produkt\/stieleiche-quercus-robur-gemmo-mazerat\/#breadcrumb"},"inLanguage":"de","potentialAction":[{"@type":"ReadAction","target":["https:\/\/www.naturessenzen.com\/produkt\/stieleiche-quercus-robur-gemmo-mazerat\/"]}]},{"@type":"BreadcrumbList","@id":"https:\/\/www.naturessenzen.com\/produkt\/stieleiche-quercus-robur-gemmo-mazerat\/#breadcrumb","itemListElement":[{"@type":"ListItem","position":1,"name":"Startseite","item":"https:\/\/www.naturessenzen.com\/"},{"@type":"ListItem","position":2,"name":"Shop","item":"https:\/\/www.naturessenzen.com\/heilpflanzen-heilkraeuter-online-tinktur-kaufen\/"},{"@type":"ListItem","position":3,"name":"Stieleiche Gemmo Mazerat (quercus robur)"}]},{"@type":"WebSite","@id":"https:\/\/www.naturessenzen.com\/#website","url":"https:\/\/www.naturessenzen.com\/","name":"Duschlbaur&#039;s Kr\u00e4uter Shop - Tinktur Kr\u00e4utertinktur kaufen! Qualit\u00e4t seit 1917!","description":"Wir haben einen gro\u00dfe Auswahl an Kr\u00e4utertinkturen in unserem Shop! Tinktur Kr\u00e4utertinktur kaufen!","potentialAction":[{"@type":"SearchAction","target":{"@type":"EntryPoint","urlTemplate":"https:\/\/www.naturessenzen.com\/?s={search_term_string}"},"query-input":"required name=search_term_string"}],"inLanguage":"de"}]}},"_links":{"self":[{"href":"https:\/\/www.naturessenzen.com\/wp-json\/wp\/v2\/product\/6583"}],"collection":[{"href":"https:\/\/www.naturessenzen.com\/wp-json\/wp\/v2\/product"}],"about":[{"href":"https:\/\/www.naturessenzen.com\/wp-json\/wp\/v2\/types\/product"}],"replies":[{"embeddable":true,"href":"https:\/\/www.naturessenzen.com\/wp-json\/wp\/v2\/comments?post=6583"}],"wp:featuredmedia":[{"embeddable":true,"href":"https:\/\/www.naturessenzen.com\/wp-json\/wp\/v2\/media\/8278"}],"wp:attachment":[{"href":"https:\/\/www.naturessenzen.com\/wp-json\/wp\/v2\/media?parent=6583"}],"wp:term":[{"taxonomy":"product_cat","embeddable":true,"href":"https:\/\/www.naturessenzen.com\/wp-json\/wp\/v2\/product_cat?post=6583"},{"taxonomy":"product_tag","embeddable":true,"href":"https:\/\/www.naturessenzen.com\/wp-json\/wp\/v2\/product_tag?post=6583"}],"curies":[{"name":"wp","href":"https:\/\/api.w.org\/{rel}","templated":true}]}}