{"id":6519,"date":"2023-09-27T09:55:09","date_gmt":"2023-09-27T07:55:09","guid":{"rendered":"https:\/\/www.naturessenzen.com\/?post_type=product&#038;p=6519"},"modified":"2023-11-10T16:59:52","modified_gmt":"2023-11-10T15:59:52","slug":"preiselbeere-vaccinium-vitis-idaea-gemmo-mazerat","status":"publish","type":"product","link":"https:\/\/www.naturessenzen.com\/produkt\/preiselbeere-vaccinium-vitis-idaea-gemmo-mazerat\/","title":{"rendered":"Preiselbeere Gemmo Mazerat (vaccinium vitis-idaea)"},"content":{"rendered":"<h2>Preiselbeere Gemmo Mazerat<\/h2>\n<p>&nbsp;<\/p>\n<p>Die nat\u00fcrlichen Inhaltsstoffe des<strong> Preiselbeere Gemmo Mazerates <\/strong>sind: Frische Endknospen des Preiselbeerstrauches, pflanzliches Glycerin, Alkohol, Wasser<\/p>\n<p>&nbsp;<\/p>\n<p>Unser<strong> Duschlbaur\u00b4s Preiselbeere (vaccinium vitis-idaea) Gemmo Mazerat<\/strong> kann unterst\u00fctzend eingenommen werden bei\/zur:<\/p>\n<ul>\n<li>Blasenentz\u00fcndungen<\/li>\n<li>Nierengrie\u00df<\/li>\n<li>Darmkr\u00e4mpfen<\/li>\n<li>Regulierung der Magens\u00e4ureproduktion<\/li>\n<li>Mundgeruch (bei Magens\u00e4ure\u00fcberschuss)<\/li>\n<li>Durchfall (z.B. nach Einnahme von Antibiotika)<\/li>\n<li>Verstopfung<\/li>\n<li>Hitzewallungen im Klimakterium<\/li>\n<li>Anregung der Kalziumaufnahme im Darm<\/li>\n<li>Vorbeugung gegen Osteoporose<\/li>\n<\/ul>\n<p>&nbsp;<\/p>\n<p>Eine gleichzeitige Einnahme von konservativen Arzneien und Duschlbaur\u00b4s Preiselbeere (vaccinium vitis-idaea) Gemmo Mazerat ist problemlos m\u00f6glich.<\/p>\n<p>&nbsp;<\/p>\n<h4><strong>Preiselbeere \u2013\u00a0 in K\u00e4rnten werden die Fr\u00fcchte \u201eGrantn\u201c \u00a0genannt<\/strong><\/h4>\n<p>&nbsp;<\/p>\n<p>Die <strong>Preiselbeere<\/strong> \u2013 lateinisch <strong>vaccinium vitis-idaea<\/strong> \u2013 geh\u00f6rt zur Familie der Heidekrautgew\u00e4chse (ericaceae).<\/p>\n<p>Urspr\u00fcnglich aus Eurasien stammend f\u00fchlt sich die Wildform der Preiselbeere auf der Nordhalbkugel wohl. Sie liebt Bergwiesenh\u00e4nge, Moore, Heidelandschaften und lichte Nadelw\u00e4lder. Weltweit wird die Preiselbeere mittlerweile als Nutzpflanze angebaut. Die roten Fr\u00fcchte werden wegen ihres hohen Mineralstoff- und Vitamingehalts gerne eingekocht. Frisch schmecken die Beeren zu streng. Die Lebensmittelindustrie verarbeitet ihre reifen, roten Fr\u00fcchte zu Marmeladen, Kompotten, Sirup und S\u00e4ften.<\/p>\n<p>Nicht zu verwechseln ist die Preiselbeere mit der Moosbeere, besser bekannt als \u201eCranberry\u201c. Sie geh\u00f6ren zwar beide zur Familie der Heidekrautgew\u00e4chse, doch ihre Fr\u00fcchte sind nicht dieselben. Die nordamerikanische Cranberry (Vaccinium macrocarpon) sowie die bei uns als \u201eGro\u00dffr\u00fcchtige Moosbeere\u201c bezeichnete Cranberry sind viel gr\u00f6\u00dfer und unterscheiden sich auch im Geschmack.<\/p>\n<p>Die Preiselbeeren enthalten Gerbstoffe, Arbutin, Salidrosit, Flavonoide, Vitamine (der B-Gruppe, C, Vitamin-A-Vorstufen), Mineralstoffe (Kalium, Magnesium, Eisen), Fruchts\u00e4uren und Pektin.<\/p>\n<p>Die immergr\u00fcne Kriechstaude kann bis zu 30 cm hochwachsen. Sie breitet sich durch unterirdische Ausl\u00e4ufer bis zu 80 cm aus. An den Zweigen sitzen dunkelgr\u00fcn gl\u00e4nzende Bl\u00e4tter mit leicht nach unten gerollten Blattr\u00e4ndern.<\/p>\n<p>Die Bl\u00fcte beginnt in der Fr\u00fchlingsmitte und dauert bis in den Sommer hinein. Die lieblichen, krugf\u00f6rmigen Glockenbl\u00fcten sind wei\u00df- bis rosaf\u00e4rbig.<\/p>\n<p>Im Sp\u00e4tsommer f\u00e4rben sich die Fr\u00fcchte leuchtend rot. Das Fruchtfleisch ist wei\u00df und umschlie\u00dft braune Samen. In den letzten Jahren sind die Beeren als nat\u00fcrliches Anti-Aging-Mittel entdeckt worden. Ihr hoher Gehalt an Antioxidantien soll die Zellerneuerung anregen. Preiselbeersaft ist ein Trendgetr\u00e4nk geworden.<\/p>\n","protected":false},"excerpt":{"rendered":"<ul>\n<li>Anwendungsgebiete: Blase, Niere, Darm, Klimakterium, Knochen<\/li>\n<li>Sofortige Wirkstoffaufnahme \u00fcber die Mundschleimhaut<\/li>\n<li>Ohne Wasser einzunehmen<\/li>\n<li>Frische Pflanzenknospen aus K\u00e4rntner Wildsammlung<\/li>\n<li>Ernte der aussprie\u00dfenden Knospen im Fr\u00fchjahr<\/li>\n<li>Alle Inhaltsstoffe 100 % nat\u00fcrlich<\/li>\n<li>Frei von Mineral- und Silikonstoffen<\/li>\n<li>Frei von Hormonen, k\u00fcnstlichen Zus\u00e4tzen und Farbstoffen<\/li>\n<li>Hergestellt in K\u00e4rnten<\/li>\n<\/ul>\n<p><strong>Gemmo Mazerat &#8211; 30 ml Spr\u00fchflasche<\/strong><\/p>\n","protected":false},"featured_media":8273,"comment_status":"closed","ping_status":"closed","template":"","meta":{"inline_featured_image":false},"product_cat":[28],"product_tag":[],"acf":[],"yoast_head":"<!-- This site is optimized with the Yoast SEO plugin v20.11 - https:\/\/yoast.com\/wordpress\/plugins\/seo\/ -->\n<title>Preiselbeere (Vaccinium vitis-idaea) Gemmo Mazerat aus K\u00e4rnten<\/title>\n<meta name=\"description\" content=\"Preiselbeere (Vaccinium vitis-idaea) Gemmo Mazerat - frische Knospen von wild wachsenden Preiselbeerstr\u00e4uchern aus K\u00e4rnten!\" \/>\n<meta name=\"robots\" content=\"index, follow, max-snippet:-1, max-image-preview:large, max-video-preview:-1\" \/>\n<link rel=\"canonical\" href=\"https:\/\/www.naturessenzen.com\/produkt\/preiselbeere-vaccinium-vitis-idaea-gemmo-mazerat\/\" \/>\n<meta property=\"og:locale\" content=\"de_DE\" \/>\n<meta property=\"og:type\" content=\"article\" \/>\n<meta property=\"og:title\" content=\"Preiselbeere (Vaccinium vitis-idaea) Gemmo Mazerat aus K\u00e4rnten\" \/>\n<meta property=\"og:description\" content=\"Preiselbeere (Vaccinium vitis-idaea) Gemmo Mazerat - frische Knospen von wild wachsenden Preiselbeerstr\u00e4uchern aus K\u00e4rnten!\" \/>\n<meta property=\"og:url\" content=\"https:\/\/www.naturessenzen.com\/produkt\/preiselbeere-vaccinium-vitis-idaea-gemmo-mazerat\/\" \/>\n<meta property=\"og:site_name\" content=\"Duschlbaur&#039;s Kr\u00e4uter Shop - Tinktur Kr\u00e4utertinktur kaufen! Qualit\u00e4t seit 1917!\" \/>\n<meta property=\"article:modified_time\" content=\"2023-11-10T15:59:52+00:00\" \/>\n<meta property=\"og:image\" content=\"https:\/\/www.naturessenzen.com\/wp-content\/uploads\/2023\/09\/Preiselbeere-Gemmo-Mazerat.png\" \/>\n\t<meta property=\"og:image:width\" content=\"1000\" \/>\n\t<meta property=\"og:image:height\" content=\"1000\" \/>\n\t<meta property=\"og:image:type\" content=\"image\/png\" \/>\n<meta name=\"twitter:card\" content=\"summary_large_image\" \/>\n<meta name=\"twitter:label1\" content=\"Gesch\u00e4tzte Lesezeit\" \/>\n\t<meta name=\"twitter:data1\" content=\"2\u00a0Minuten\" \/>\n<script type=\"application\/ld+json\" class=\"yoast-schema-graph\">{\"@context\":\"https:\/\/schema.org\",\"@graph\":[{\"@type\":\"WebPage\",\"@id\":\"https:\/\/www.naturessenzen.com\/produkt\/preiselbeere-vaccinium-vitis-idaea-gemmo-mazerat\/\",\"url\":\"https:\/\/www.naturessenzen.com\/produkt\/preiselbeere-vaccinium-vitis-idaea-gemmo-mazerat\/\",\"name\":\"Preiselbeere (Vaccinium vitis-idaea) Gemmo Mazerat aus K\u00e4rnten\",\"isPartOf\":{\"@id\":\"https:\/\/www.naturessenzen.com\/#website\"},\"datePublished\":\"2023-09-27T07:55:09+00:00\",\"dateModified\":\"2023-11-10T15:59:52+00:00\",\"description\":\"Preiselbeere (Vaccinium vitis-idaea) Gemmo Mazerat - frische Knospen von wild wachsenden Preiselbeerstr\u00e4uchern aus K\u00e4rnten!\",\"breadcrumb\":{\"@id\":\"https:\/\/www.naturessenzen.com\/produkt\/preiselbeere-vaccinium-vitis-idaea-gemmo-mazerat\/#breadcrumb\"},\"inLanguage\":\"de\",\"potentialAction\":[{\"@type\":\"ReadAction\",\"target\":[\"https:\/\/www.naturessenzen.com\/produkt\/preiselbeere-vaccinium-vitis-idaea-gemmo-mazerat\/\"]}]},{\"@type\":\"BreadcrumbList\",\"@id\":\"https:\/\/www.naturessenzen.com\/produkt\/preiselbeere-vaccinium-vitis-idaea-gemmo-mazerat\/#breadcrumb\",\"itemListElement\":[{\"@type\":\"ListItem\",\"position\":1,\"name\":\"Startseite\",\"item\":\"https:\/\/www.naturessenzen.com\/\"},{\"@type\":\"ListItem\",\"position\":2,\"name\":\"Shop\",\"item\":\"https:\/\/www.naturessenzen.com\/heilpflanzen-heilkraeuter-online-tinktur-kaufen\/\"},{\"@type\":\"ListItem\",\"position\":3,\"name\":\"Preiselbeere Gemmo Mazerat (vaccinium vitis-idaea)\"}]},{\"@type\":\"WebSite\",\"@id\":\"https:\/\/www.naturessenzen.com\/#website\",\"url\":\"https:\/\/www.naturessenzen.com\/\",\"name\":\"Duschlbaur&#039;s Kr\u00e4uter Shop - Tinktur Kr\u00e4utertinktur kaufen! Qualit\u00e4t seit 1917!\",\"description\":\"Wir haben einen gro\u00dfe Auswahl an Kr\u00e4utertinkturen in unserem Shop! Tinktur Kr\u00e4utertinktur kaufen!\",\"potentialAction\":[{\"@type\":\"SearchAction\",\"target\":{\"@type\":\"EntryPoint\",\"urlTemplate\":\"https:\/\/www.naturessenzen.com\/?s={search_term_string}\"},\"query-input\":\"required name=search_term_string\"}],\"inLanguage\":\"de\"}]}<\/script>\n<!-- \/ Yoast SEO plugin. -->","yoast_head_json":{"title":"Preiselbeere (Vaccinium vitis-idaea) Gemmo Mazerat aus K\u00e4rnten","description":"Preiselbeere (Vaccinium vitis-idaea) Gemmo Mazerat - frische Knospen von wild wachsenden Preiselbeerstr\u00e4uchern aus K\u00e4rnten!","robots":{"index":"index","follow":"follow","max-snippet":"max-snippet:-1","max-image-preview":"max-image-preview:large","max-video-preview":"max-video-preview:-1"},"canonical":"https:\/\/www.naturessenzen.com\/produkt\/preiselbeere-vaccinium-vitis-idaea-gemmo-mazerat\/","og_locale":"de_DE","og_type":"article","og_title":"Preiselbeere (Vaccinium vitis-idaea) Gemmo Mazerat aus K\u00e4rnten","og_description":"Preiselbeere (Vaccinium vitis-idaea) Gemmo Mazerat - frische Knospen von wild wachsenden Preiselbeerstr\u00e4uchern aus K\u00e4rnten!","og_url":"https:\/\/www.naturessenzen.com\/produkt\/preiselbeere-vaccinium-vitis-idaea-gemmo-mazerat\/","og_site_name":"Duschlbaur&#039;s Kr\u00e4uter Shop - Tinktur Kr\u00e4utertinktur kaufen! Qualit\u00e4t seit 1917!","article_modified_time":"2023-11-10T15:59:52+00:00","og_image":[{"width":1000,"height":1000,"url":"https:\/\/www.naturessenzen.com\/wp-content\/uploads\/2023\/09\/Preiselbeere-Gemmo-Mazerat.png","type":"image\/png"}],"twitter_card":"summary_large_image","twitter_misc":{"Gesch\u00e4tzte Lesezeit":"2\u00a0Minuten"},"schema":{"@context":"https:\/\/schema.org","@graph":[{"@type":"WebPage","@id":"https:\/\/www.naturessenzen.com\/produkt\/preiselbeere-vaccinium-vitis-idaea-gemmo-mazerat\/","url":"https:\/\/www.naturessenzen.com\/produkt\/preiselbeere-vaccinium-vitis-idaea-gemmo-mazerat\/","name":"Preiselbeere (Vaccinium vitis-idaea) Gemmo Mazerat aus K\u00e4rnten","isPartOf":{"@id":"https:\/\/www.naturessenzen.com\/#website"},"datePublished":"2023-09-27T07:55:09+00:00","dateModified":"2023-11-10T15:59:52+00:00","description":"Preiselbeere (Vaccinium vitis-idaea) Gemmo Mazerat - frische Knospen von wild wachsenden Preiselbeerstr\u00e4uchern aus K\u00e4rnten!","breadcrumb":{"@id":"https:\/\/www.naturessenzen.com\/produkt\/preiselbeere-vaccinium-vitis-idaea-gemmo-mazerat\/#breadcrumb"},"inLanguage":"de","potentialAction":[{"@type":"ReadAction","target":["https:\/\/www.naturessenzen.com\/produkt\/preiselbeere-vaccinium-vitis-idaea-gemmo-mazerat\/"]}]},{"@type":"BreadcrumbList","@id":"https:\/\/www.naturessenzen.com\/produkt\/preiselbeere-vaccinium-vitis-idaea-gemmo-mazerat\/#breadcrumb","itemListElement":[{"@type":"ListItem","position":1,"name":"Startseite","item":"https:\/\/www.naturessenzen.com\/"},{"@type":"ListItem","position":2,"name":"Shop","item":"https:\/\/www.naturessenzen.com\/heilpflanzen-heilkraeuter-online-tinktur-kaufen\/"},{"@type":"ListItem","position":3,"name":"Preiselbeere Gemmo Mazerat (vaccinium vitis-idaea)"}]},{"@type":"WebSite","@id":"https:\/\/www.naturessenzen.com\/#website","url":"https:\/\/www.naturessenzen.com\/","name":"Duschlbaur&#039;s Kr\u00e4uter Shop - Tinktur Kr\u00e4utertinktur kaufen! Qualit\u00e4t seit 1917!","description":"Wir haben einen gro\u00dfe Auswahl an Kr\u00e4utertinkturen in unserem Shop! Tinktur Kr\u00e4utertinktur kaufen!","potentialAction":[{"@type":"SearchAction","target":{"@type":"EntryPoint","urlTemplate":"https:\/\/www.naturessenzen.com\/?s={search_term_string}"},"query-input":"required name=search_term_string"}],"inLanguage":"de"}]}},"_links":{"self":[{"href":"https:\/\/www.naturessenzen.com\/wp-json\/wp\/v2\/product\/6519"}],"collection":[{"href":"https:\/\/www.naturessenzen.com\/wp-json\/wp\/v2\/product"}],"about":[{"href":"https:\/\/www.naturessenzen.com\/wp-json\/wp\/v2\/types\/product"}],"replies":[{"embeddable":true,"href":"https:\/\/www.naturessenzen.com\/wp-json\/wp\/v2\/comments?post=6519"}],"wp:featuredmedia":[{"embeddable":true,"href":"https:\/\/www.naturessenzen.com\/wp-json\/wp\/v2\/media\/8273"}],"wp:attachment":[{"href":"https:\/\/www.naturessenzen.com\/wp-json\/wp\/v2\/media?parent=6519"}],"wp:term":[{"taxonomy":"product_cat","embeddable":true,"href":"https:\/\/www.naturessenzen.com\/wp-json\/wp\/v2\/product_cat?post=6519"},{"taxonomy":"product_tag","embeddable":true,"href":"https:\/\/www.naturessenzen.com\/wp-json\/wp\/v2\/product_tag?post=6519"}],"curies":[{"name":"wp","href":"https:\/\/api.w.org\/{rel}","templated":true}]}}