{"id":6458,"date":"2023-09-20T09:40:38","date_gmt":"2023-09-20T07:40:38","guid":{"rendered":"https:\/\/www.naturessenzen.com\/?post_type=product&#038;p=6458"},"modified":"2023-09-27T09:58:54","modified_gmt":"2023-09-27T07:58:54","slug":"rosskastanie-aesculus-hippocastanum-gemmo-mazerat","status":"publish","type":"product","link":"https:\/\/www.naturessenzen.com\/produkt\/rosskastanie-aesculus-hippocastanum-gemmo-mazerat\/","title":{"rendered":"Rosskastanie Gemmo Mazerat (aesculus hippocastanum)"},"content":{"rendered":"<h2>Rosskastanie Gemmo Mazerat<\/h2>\n<p>&nbsp;<\/p>\n<p>Die nat\u00fcrlichen Inhaltsstoffe des<strong> Rosskastanie Gemmo Mazerates <\/strong>sind: Frische Knospen der Rosskastanie, pflanzliches Glycerin, Alkohol, Wasser<\/p>\n<p>&nbsp;<\/p>\n<p>Unser <strong>Duschlbaur\u00b4s Rosskastanie (aesculus hippocastanum) Gemmo Mazerat<\/strong> kann unterst\u00fctzend eingenommen werden bei:<\/p>\n<ul>\n<li>Beschwerden des Venensystems \u2013 zur St\u00e4rkung der Venen<\/li>\n<li>Krampfadern<\/li>\n<li>Besenreisern<\/li>\n<li>Schweren, geschwollenen Beinen<\/li>\n<li>zur Verbesserung der Venendurchblutung<\/li>\n<li>Couperose (erweiterten Blutgef\u00e4\u00dfen im Gesicht)<\/li>\n<li>H\u00e4morrhoiden<\/li>\n<\/ul>\n<p>Eine gleichzeitige Einnahme von konservativen Arzneien und Duschlbaur\u00b4s Rosskastanie (aesculus hippocastanum) Gemmo Mazerat ist problemlos m\u00f6glich.<\/p>\n<p>&nbsp;<\/p>\n<h4><strong>Rosskastanie \u2013\u00a0 f\u00fcr Leichtigkeit in den Beinen<\/strong><\/h4>\n<p>&nbsp;<\/p>\n<p>Die <strong>Rosskastanie<\/strong> \u2013 lateinisch <strong>aesculus hippocastanum<\/strong> \u2013 \u00a0geh\u00f6rt zur Familie der Seifenbaumgew\u00e4chse (Sapindaceae). Und tats\u00e4chlich kann aus Rosskastanien ein nat\u00fcrliches Waschmittel hergestellt werden. Die Samen der Rosskastanie enthalten Saponine, das sind waschaktive Substanzen. F\u00fcr die Herstellung schneiden Sie 5 Rosskastanien in kleine St\u00fccke und \u00fcbergie\u00dfen sie mit 300 ml hei\u00dfem Wasser. Einige Stunden ziehen lassen. Die Kastanienst\u00fccke abseihen und die Lauge \u2013 wie ein konventionelles Waschmittel \u2013 zum Waschen in die Waschmaschine geben.<\/p>\n<p>Die Rosskastanie hat spitz-eif\u00f6rmige Seitenknospen und breit-kegelf\u00f6rmige Endknospen. Die kahlen Knospenschuppen gl\u00e4nzen braun und haben einen dunklen Saum. Ein stark klebriger Leim \u00fcberzieht die Knospen.<\/p>\n<p>Die Bl\u00fctezeit beginnt im April und Mai. Die aufrechtstehende Rispe mit unz\u00e4hligen, wei\u00dfen, gelblichen oder rosafarbenen Bl\u00fcten wird Kerze genannt. Eine Rispe kann bis zu 30 cm hoch werden. Jeder Bl\u00fctenstand produziert j\u00e4hrlich bis zu 42 Millionen Pollen. Somit z\u00e4hlt die Rosskastanie zu den pollenreichsten B\u00e4umen.<\/p>\n<p>Die Bl\u00e4tter der Rosskastanie stechen ebenfalls ins Auge. Sie sind sehr gro\u00df und fingerf\u00f6rmig gefiedert. Am 20 cm langen Blattstiel sitzen 5 bis 7 Fiederbl\u00e4tter. Die Einzelbl\u00e4tter werden bis zu 10 cm lang und 10 cm breit. Die Blattoberseite ist oberseitig kahl-gl\u00e4nzend und in einem dunkleren Gr\u00fcn gef\u00e4rbt. Unterseitig ziehen sich filzige Adern. Das Gr\u00fcn der Blattunterseite zeigt sich heller.<\/p>\n<p>Die \u00e4u\u00dferlich verwendbaren Pflanzenteile der Rosskastanie \u2013 Wurzeln, Rinde, Bl\u00e4tter, Bl\u00fcten, Knospen, Fr\u00fcchte \u2013 enthalten Aesculin, Aescin, Alantoin, Angelins\u00e4ure, Bitterstoffe, Kampfer\u00f6l, Cholin, Cyanidin, Farbstoffe, Flavone, Flavonglykoside, Fraxin, Gerbstoffe, Gerbs\u00e4ure, Cumarine, Linolens\u00e4ure und Saponine.<\/p>\n<p>Rosskastanien haben eine \u00c4hnlichkeit mit den Edelkastanien, den bekannten \u201eMaroni\u201c. Botanisch sind die Rosskastanie (Aesculus hippocastanum) und die Edelkastanie (Castanea sativa) jedoch nicht verwandt. Im Gegensatz zur Edelkastanie sind die Fr\u00fcchte der Rosskastanie f\u00fcr den Menschen ungenie\u00dfbar. F\u00fcr Rotwild und Wildschweine sind sie aber eine wichtige Nahrungsquelle.<\/p>\n","protected":false},"excerpt":{"rendered":"<ul>\n<li>Anwendungsgebiete: Beine, Venen, Wassereinlagerungen, Lymphsystem, Entz\u00fcndungen<\/li>\n<li>Sofortige Wirkstoffaufnahme \u00fcber die Mundschleimhaut<\/li>\n<li>Ohne Wasser einzunehmen<\/li>\n<li>Frische Pflanzenknospen aus K\u00e4rntner Wildsammlung<\/li>\n<li>Ernte der aussprie\u00dfenden Knospen im Fr\u00fchjahr<\/li>\n<li>Alle Inhaltsstoffe 100 % nat\u00fcrlich<\/li>\n<li>Frei von Mineral- und Silikonstoffen<\/li>\n<li>Frei von Hormonen, k\u00fcnstlichen Zus\u00e4tzen und Farbstoffen<\/li>\n<li>Hergestellt in K\u00e4rnten<\/li>\n<\/ul>\n<p><strong>Gemmo Mazerat &#8211; 30 ml Spr\u00fchflasche<\/strong><\/p>\n","protected":false},"featured_media":8275,"comment_status":"closed","ping_status":"closed","template":"","meta":{"inline_featured_image":false},"product_cat":[28],"product_tag":[],"acf":[],"yoast_head":"<!-- This site is optimized with the Yoast SEO plugin v20.11 - https:\/\/yoast.com\/wordpress\/plugins\/seo\/ -->\n<title>Rosskastanie (aesculus hippocastanum) Gemmo Mazerat<\/title>\n<meta name=\"description\" content=\"Rosskastanie (Aesculus hippocastanum) Gemmo Mazerat aus K\u00e4rnten - f\u00fcr mehr Leichtigkeit und Schwung in den Beinen - jetzt kaufen!\" \/>\n<meta name=\"robots\" content=\"index, follow, max-snippet:-1, max-image-preview:large, max-video-preview:-1\" \/>\n<link rel=\"canonical\" href=\"https:\/\/www.naturessenzen.com\/produkt\/rosskastanie-aesculus-hippocastanum-gemmo-mazerat\/\" \/>\n<meta property=\"og:locale\" content=\"de_DE\" \/>\n<meta property=\"og:type\" content=\"article\" \/>\n<meta property=\"og:title\" content=\"Rosskastanie (aesculus hippocastanum) Gemmo Mazerat\" \/>\n<meta property=\"og:description\" content=\"Rosskastanie (Aesculus hippocastanum) Gemmo Mazerat aus K\u00e4rnten - f\u00fcr mehr Leichtigkeit und Schwung in den Beinen - jetzt kaufen!\" \/>\n<meta property=\"og:url\" content=\"https:\/\/www.naturessenzen.com\/produkt\/rosskastanie-aesculus-hippocastanum-gemmo-mazerat\/\" \/>\n<meta property=\"og:site_name\" content=\"Duschlbaur&#039;s Kr\u00e4uter Shop - Tinktur Kr\u00e4utertinktur kaufen! Qualit\u00e4t seit 1917!\" \/>\n<meta property=\"article:modified_time\" content=\"2023-09-27T07:58:54+00:00\" \/>\n<meta property=\"og:image\" content=\"https:\/\/www.naturessenzen.com\/wp-content\/uploads\/2023\/09\/Rosskastanie-Gemmo-Mazerat.png\" \/>\n\t<meta property=\"og:image:width\" content=\"1000\" \/>\n\t<meta property=\"og:image:height\" content=\"1000\" \/>\n\t<meta property=\"og:image:type\" content=\"image\/png\" \/>\n<meta name=\"twitter:card\" content=\"summary_large_image\" \/>\n<meta name=\"twitter:label1\" content=\"Gesch\u00e4tzte Lesezeit\" \/>\n\t<meta name=\"twitter:data1\" content=\"2\u00a0Minuten\" \/>\n<script type=\"application\/ld+json\" class=\"yoast-schema-graph\">{\"@context\":\"https:\/\/schema.org\",\"@graph\":[{\"@type\":\"WebPage\",\"@id\":\"https:\/\/www.naturessenzen.com\/produkt\/rosskastanie-aesculus-hippocastanum-gemmo-mazerat\/\",\"url\":\"https:\/\/www.naturessenzen.com\/produkt\/rosskastanie-aesculus-hippocastanum-gemmo-mazerat\/\",\"name\":\"Rosskastanie (aesculus hippocastanum) Gemmo Mazerat\",\"isPartOf\":{\"@id\":\"https:\/\/www.naturessenzen.com\/#website\"},\"datePublished\":\"2023-09-20T07:40:38+00:00\",\"dateModified\":\"2023-09-27T07:58:54+00:00\",\"description\":\"Rosskastanie (Aesculus hippocastanum) Gemmo Mazerat aus K\u00e4rnten - f\u00fcr mehr Leichtigkeit und Schwung in den Beinen - jetzt kaufen!\",\"breadcrumb\":{\"@id\":\"https:\/\/www.naturessenzen.com\/produkt\/rosskastanie-aesculus-hippocastanum-gemmo-mazerat\/#breadcrumb\"},\"inLanguage\":\"de\",\"potentialAction\":[{\"@type\":\"ReadAction\",\"target\":[\"https:\/\/www.naturessenzen.com\/produkt\/rosskastanie-aesculus-hippocastanum-gemmo-mazerat\/\"]}]},{\"@type\":\"BreadcrumbList\",\"@id\":\"https:\/\/www.naturessenzen.com\/produkt\/rosskastanie-aesculus-hippocastanum-gemmo-mazerat\/#breadcrumb\",\"itemListElement\":[{\"@type\":\"ListItem\",\"position\":1,\"name\":\"Startseite\",\"item\":\"https:\/\/www.naturessenzen.com\/\"},{\"@type\":\"ListItem\",\"position\":2,\"name\":\"Shop\",\"item\":\"https:\/\/www.naturessenzen.com\/heilpflanzen-heilkraeuter-online-tinktur-kaufen\/\"},{\"@type\":\"ListItem\",\"position\":3,\"name\":\"Rosskastanie Gemmo Mazerat (aesculus hippocastanum)\"}]},{\"@type\":\"WebSite\",\"@id\":\"https:\/\/www.naturessenzen.com\/#website\",\"url\":\"https:\/\/www.naturessenzen.com\/\",\"name\":\"Duschlbaur&#039;s Kr\u00e4uter Shop - Tinktur Kr\u00e4utertinktur kaufen! Qualit\u00e4t seit 1917!\",\"description\":\"Wir haben einen gro\u00dfe Auswahl an Kr\u00e4utertinkturen in unserem Shop! Tinktur Kr\u00e4utertinktur kaufen!\",\"potentialAction\":[{\"@type\":\"SearchAction\",\"target\":{\"@type\":\"EntryPoint\",\"urlTemplate\":\"https:\/\/www.naturessenzen.com\/?s={search_term_string}\"},\"query-input\":\"required name=search_term_string\"}],\"inLanguage\":\"de\"}]}<\/script>\n<!-- \/ Yoast SEO plugin. -->","yoast_head_json":{"title":"Rosskastanie (aesculus hippocastanum) Gemmo Mazerat","description":"Rosskastanie (Aesculus hippocastanum) Gemmo Mazerat aus K\u00e4rnten - f\u00fcr mehr Leichtigkeit und Schwung in den Beinen - jetzt kaufen!","robots":{"index":"index","follow":"follow","max-snippet":"max-snippet:-1","max-image-preview":"max-image-preview:large","max-video-preview":"max-video-preview:-1"},"canonical":"https:\/\/www.naturessenzen.com\/produkt\/rosskastanie-aesculus-hippocastanum-gemmo-mazerat\/","og_locale":"de_DE","og_type":"article","og_title":"Rosskastanie (aesculus hippocastanum) Gemmo Mazerat","og_description":"Rosskastanie (Aesculus hippocastanum) Gemmo Mazerat aus K\u00e4rnten - f\u00fcr mehr Leichtigkeit und Schwung in den Beinen - jetzt kaufen!","og_url":"https:\/\/www.naturessenzen.com\/produkt\/rosskastanie-aesculus-hippocastanum-gemmo-mazerat\/","og_site_name":"Duschlbaur&#039;s Kr\u00e4uter Shop - Tinktur Kr\u00e4utertinktur kaufen! Qualit\u00e4t seit 1917!","article_modified_time":"2023-09-27T07:58:54+00:00","og_image":[{"width":1000,"height":1000,"url":"https:\/\/www.naturessenzen.com\/wp-content\/uploads\/2023\/09\/Rosskastanie-Gemmo-Mazerat.png","type":"image\/png"}],"twitter_card":"summary_large_image","twitter_misc":{"Gesch\u00e4tzte Lesezeit":"2\u00a0Minuten"},"schema":{"@context":"https:\/\/schema.org","@graph":[{"@type":"WebPage","@id":"https:\/\/www.naturessenzen.com\/produkt\/rosskastanie-aesculus-hippocastanum-gemmo-mazerat\/","url":"https:\/\/www.naturessenzen.com\/produkt\/rosskastanie-aesculus-hippocastanum-gemmo-mazerat\/","name":"Rosskastanie (aesculus hippocastanum) Gemmo Mazerat","isPartOf":{"@id":"https:\/\/www.naturessenzen.com\/#website"},"datePublished":"2023-09-20T07:40:38+00:00","dateModified":"2023-09-27T07:58:54+00:00","description":"Rosskastanie (Aesculus hippocastanum) Gemmo Mazerat aus K\u00e4rnten - f\u00fcr mehr Leichtigkeit und Schwung in den Beinen - jetzt kaufen!","breadcrumb":{"@id":"https:\/\/www.naturessenzen.com\/produkt\/rosskastanie-aesculus-hippocastanum-gemmo-mazerat\/#breadcrumb"},"inLanguage":"de","potentialAction":[{"@type":"ReadAction","target":["https:\/\/www.naturessenzen.com\/produkt\/rosskastanie-aesculus-hippocastanum-gemmo-mazerat\/"]}]},{"@type":"BreadcrumbList","@id":"https:\/\/www.naturessenzen.com\/produkt\/rosskastanie-aesculus-hippocastanum-gemmo-mazerat\/#breadcrumb","itemListElement":[{"@type":"ListItem","position":1,"name":"Startseite","item":"https:\/\/www.naturessenzen.com\/"},{"@type":"ListItem","position":2,"name":"Shop","item":"https:\/\/www.naturessenzen.com\/heilpflanzen-heilkraeuter-online-tinktur-kaufen\/"},{"@type":"ListItem","position":3,"name":"Rosskastanie Gemmo Mazerat (aesculus hippocastanum)"}]},{"@type":"WebSite","@id":"https:\/\/www.naturessenzen.com\/#website","url":"https:\/\/www.naturessenzen.com\/","name":"Duschlbaur&#039;s Kr\u00e4uter Shop - Tinktur Kr\u00e4utertinktur kaufen! Qualit\u00e4t seit 1917!","description":"Wir haben einen gro\u00dfe Auswahl an Kr\u00e4utertinkturen in unserem Shop! Tinktur Kr\u00e4utertinktur kaufen!","potentialAction":[{"@type":"SearchAction","target":{"@type":"EntryPoint","urlTemplate":"https:\/\/www.naturessenzen.com\/?s={search_term_string}"},"query-input":"required name=search_term_string"}],"inLanguage":"de"}]}},"_links":{"self":[{"href":"https:\/\/www.naturessenzen.com\/wp-json\/wp\/v2\/product\/6458"}],"collection":[{"href":"https:\/\/www.naturessenzen.com\/wp-json\/wp\/v2\/product"}],"about":[{"href":"https:\/\/www.naturessenzen.com\/wp-json\/wp\/v2\/types\/product"}],"replies":[{"embeddable":true,"href":"https:\/\/www.naturessenzen.com\/wp-json\/wp\/v2\/comments?post=6458"}],"wp:featuredmedia":[{"embeddable":true,"href":"https:\/\/www.naturessenzen.com\/wp-json\/wp\/v2\/media\/8275"}],"wp:attachment":[{"href":"https:\/\/www.naturessenzen.com\/wp-json\/wp\/v2\/media?parent=6458"}],"wp:term":[{"taxonomy":"product_cat","embeddable":true,"href":"https:\/\/www.naturessenzen.com\/wp-json\/wp\/v2\/product_cat?post=6458"},{"taxonomy":"product_tag","embeddable":true,"href":"https:\/\/www.naturessenzen.com\/wp-json\/wp\/v2\/product_tag?post=6458"}],"curies":[{"name":"wp","href":"https:\/\/api.w.org\/{rel}","templated":true}]}}