{"id":6419,"date":"2023-09-26T09:41:28","date_gmt":"2023-09-26T07:41:28","guid":{"rendered":"https:\/\/www.naturessenzen.com\/?post_type=product&#038;p=6419"},"modified":"2023-09-27T10:00:06","modified_gmt":"2023-09-27T08:00:06","slug":"heckenrose-rosa-canina-gemmo-mazerat","status":"publish","type":"product","link":"https:\/\/www.naturessenzen.com\/produkt\/heckenrose-rosa-canina-gemmo-mazerat\/","title":{"rendered":"Heckenrose Gemmo Mazerat (rosa canina)"},"content":{"rendered":"<h2>Heckenrose Gemmo Mazerat<\/h2>\n<p>Die nat\u00fcrlichen Inhaltsstoffe des<strong> Heckenrose Gemmo Mazerates <\/strong>sind: Frische Triebknospen des Heckenrosenstrauches, pflanzliches Glycerin, Alkohol, Wasser<\/p>\n<h4><strong>Heckenrose \u2013\u00a0 ein Symbol f\u00fcr Liebe, Lebensfreude und Widerstandskraft<br \/>\n<\/strong><\/h4>\n<p>&nbsp;<\/p>\n<p>Die <strong>Heckenrose<\/strong> \u2013 lateinisch <strong>rosa canina<\/strong> \u2013 \u00a0geh\u00f6rt zur Familie der Rosengew\u00e4chse. \u201eCanina\u201c stammt vom lateinischen Wort \u201ecanis\u201c = Hund. Daher ist die Heckenrose auch unter der Bezeichnung \u201eHundsrose\u201c bekannt. F\u00fcr die Herkunft des Namens \u201eHundsrose\u201c gibt es verschiedene Deutungen: zum einen wurde die Wurzel der Heckenrose fr\u00fcher als Mittel gegen von Hunden \u00fcbertragene Tollwut eingesetzt, zum anderen wurde der Strauch der Heckenrose als minderwertig gegen\u00fcber anderen Rosenarten angesehen. Das lateinische Wort &#8222;canina&#8220; kann auch &#8222;hundsgemein&#8220; bedeuten. Im \u00fcbertragenen Sinne dr\u00fcckt man damit aus, dass die Hundsrose &#8222;hundsgemein&#8220; \u00fcberall w\u00e4chst und nicht klein zu kriegen ist.<\/p>\n<p>Den abwertendem Namen zum Trotz wird die Heckenrose seit dem Altertum als Heilpflanze verehrt. Die Perser, die \u00c4gypter, die R\u00f6mer, die Germanen, die Kelten und Heilkundige wie Paracelsus, Hildegard von Bingen und Hippokrates sch\u00e4tzten die Heckenrose als Heil- und St\u00e4rkungsmittel.<\/p>\n<p>Neben dem zuvor erw\u00e4hnten Vitamin C enth\u00e4lt die Heckenrose-Pflanze Provitamin A, Vitamin B<sub>1<\/sub>, Vitamin B<sub>2<\/sub>, Vitamin B<sub>6<\/sub>, Vitamin E, Flavonoide, \u00e4therische \u00d6le, Kiesels\u00e4ure, Mangan, Kalzium, Magnesium, Gerbstoffe, Pektine, Fruchts\u00e4uren und Antioxidantien.<\/p>\n<p>Seit Urzeiten ist die Heckenrose vor allem das Symbol f\u00fcr die Frau, die Fruchtbarkeit, die Liebe und die Erotik. Die Germanen weihten die Heckenrose ihrer Fruchtbarkeitsg\u00f6ttin Freya, die Griechen ihrer Liebesg\u00f6ttin Aphrodite.<\/p>\n<p>&nbsp;<\/p>\n<h4><strong>Heckenrose &#8211; eine Zierde im Garten und in der freien Natur<\/strong><\/h4>\n<p>&nbsp;<\/p>\n<p>Die wilden Str\u00e4ucher der Heckenrosen lieben Waldr\u00e4nder, Hecken, Geb\u00fcsche und sonnige Abh\u00e4nge.<\/p>\n<p>Die Heckenrose ist ein sommergr\u00fcner Strauch mit bogenf\u00f6rmig herabh\u00e4ngenden \u00c4sten und Zweigen. Die Zweige sind mit r\u00fcckw\u00e4rts gebogenen Stacheln besetzt. Mit den kr\u00e4ftigen Dornen haken sich die \u00c4ste \u00fcberall fest und wachsen weitl\u00e4ufig in die Breite. Sie bilden ein undurchdringliches Dickicht. Der Heckenrosenstrauch kann \u00fcber 3 Meter hoch werden.<\/p>\n<p>Von Mai bis Juni erbl\u00fchen wei\u00dfe, zartrosa Bl\u00fcten. Die herrlich duftenden Einzelbl\u00fcten \u00f6ffnen sich nur zwei Tage lang. Das wertvolle Rosen\u00f6l wird mittels Wasserdampfdestillation aus den Bl\u00fcten hergestellt. F\u00fcr einen Liter Rosen\u00f6l braucht man bis zu 5 Tonnen Rosenbl\u00fcten.<\/p>\n<p>Die Best\u00e4ubung erfolgt durch Insekten oder auch Selbstbest\u00e4ubung.<\/p>\n<p>Ab September entwickeln sich aus den Bl\u00fcten die bekannten Hagebutten. Im Inneren dieser Scheinfr\u00fcchte sitzen steinharte, kleine Kerne, die von einem fleischigen Fruchtk\u00f6rper umschlossen sind.<\/p>\n<p>Im Sommer ist die Heckenrose eine Bienenweide und im Winter eine wichtige Nahrungsquelle f\u00fcr V\u00f6gel. Die Heckenrose ist rund ums Jahr wertvoll f\u00fcr Mensch und Tier!<\/p>\n","protected":false},"excerpt":{"rendered":"<p>Unser <strong>Duschlbaur\u00b4s Heckenrose (rosa canina) Gemmo Mazerat<\/strong> kann unterst\u00fctzend eingenommen werden bei:<\/p>\n<ul>\n<li>Chronischen und akuten Halsschmerzen<\/li>\n<li>Chronischen und akuten Ohrenschmerzen<\/li>\n<li>Trockenem Schnupfen mit verstopfter Nase<\/li>\n<li>Erk\u00e4ltungssymptomen mit Fieber<\/li>\n<li>Migr\u00e4ne<\/li>\n<li>Entz\u00fcndlich-rheumatischen Beschwerden<\/li>\n<\/ul>\n<p>Eine gleichzeitige Einnahme von konservativen Arzneien und Duschlbaur\u00b4s Heckenrose (Rosa canina) Gemmo Mazerat ist problemlos m\u00f6glich.<\/p>\n<p><strong>Gemmo Mazerat &#8211; 30 ml Spr\u00fchflasche<\/strong><\/p>\n","protected":false},"featured_media":8268,"comment_status":"closed","ping_status":"closed","template":"","meta":{"inline_featured_image":false},"product_cat":[28],"product_tag":[],"acf":[],"yoast_head":"<!-- This site is optimized with the Yoast SEO plugin v20.11 - https:\/\/yoast.com\/wordpress\/plugins\/seo\/ -->\n<title>Heckenrose (Rosa canina) Gemmo Mazerat aus K\u00e4rnten<\/title>\n<meta name=\"description\" content=\"Heckenrose (Rosa canina) Gemmo Mazerat - steht f\u00fcr Widerstandskraft, Liebe und Lebensfreude! Zur St\u00e4rkung des Immunsystems!\" \/>\n<meta name=\"robots\" content=\"index, follow, max-snippet:-1, max-image-preview:large, max-video-preview:-1\" \/>\n<link rel=\"canonical\" href=\"https:\/\/www.naturessenzen.com\/produkt\/heckenrose-rosa-canina-gemmo-mazerat\/\" \/>\n<meta property=\"og:locale\" content=\"de_DE\" \/>\n<meta property=\"og:type\" content=\"article\" \/>\n<meta property=\"og:title\" content=\"Heckenrose (Rosa canina) Gemmo Mazerat aus K\u00e4rnten\" \/>\n<meta property=\"og:description\" content=\"Heckenrose (Rosa canina) Gemmo Mazerat - steht f\u00fcr Widerstandskraft, Liebe und Lebensfreude! Zur St\u00e4rkung des Immunsystems!\" \/>\n<meta property=\"og:url\" content=\"https:\/\/www.naturessenzen.com\/produkt\/heckenrose-rosa-canina-gemmo-mazerat\/\" \/>\n<meta property=\"og:site_name\" content=\"Duschlbaur&#039;s Kr\u00e4uter Shop - Tinktur Kr\u00e4utertinktur kaufen! Qualit\u00e4t seit 1917!\" \/>\n<meta property=\"article:modified_time\" content=\"2023-09-27T08:00:06+00:00\" \/>\n<meta property=\"og:image\" content=\"https:\/\/www.naturessenzen.com\/wp-content\/uploads\/2023\/09\/Heckenrose-Gemmo-Mazerat.png\" \/>\n\t<meta property=\"og:image:width\" content=\"1000\" \/>\n\t<meta property=\"og:image:height\" content=\"1000\" \/>\n\t<meta property=\"og:image:type\" content=\"image\/png\" \/>\n<meta name=\"twitter:card\" content=\"summary_large_image\" \/>\n<meta name=\"twitter:label1\" content=\"Gesch\u00e4tzte Lesezeit\" \/>\n\t<meta name=\"twitter:data1\" content=\"3\u00a0Minuten\" \/>\n<script type=\"application\/ld+json\" class=\"yoast-schema-graph\">{\"@context\":\"https:\/\/schema.org\",\"@graph\":[{\"@type\":\"WebPage\",\"@id\":\"https:\/\/www.naturessenzen.com\/produkt\/heckenrose-rosa-canina-gemmo-mazerat\/\",\"url\":\"https:\/\/www.naturessenzen.com\/produkt\/heckenrose-rosa-canina-gemmo-mazerat\/\",\"name\":\"Heckenrose (Rosa canina) Gemmo Mazerat aus K\u00e4rnten\",\"isPartOf\":{\"@id\":\"https:\/\/www.naturessenzen.com\/#website\"},\"datePublished\":\"2023-09-26T07:41:28+00:00\",\"dateModified\":\"2023-09-27T08:00:06+00:00\",\"description\":\"Heckenrose (Rosa canina) Gemmo Mazerat - steht f\u00fcr Widerstandskraft, Liebe und Lebensfreude! Zur St\u00e4rkung des Immunsystems!\",\"breadcrumb\":{\"@id\":\"https:\/\/www.naturessenzen.com\/produkt\/heckenrose-rosa-canina-gemmo-mazerat\/#breadcrumb\"},\"inLanguage\":\"de\",\"potentialAction\":[{\"@type\":\"ReadAction\",\"target\":[\"https:\/\/www.naturessenzen.com\/produkt\/heckenrose-rosa-canina-gemmo-mazerat\/\"]}]},{\"@type\":\"BreadcrumbList\",\"@id\":\"https:\/\/www.naturessenzen.com\/produkt\/heckenrose-rosa-canina-gemmo-mazerat\/#breadcrumb\",\"itemListElement\":[{\"@type\":\"ListItem\",\"position\":1,\"name\":\"Startseite\",\"item\":\"https:\/\/www.naturessenzen.com\/\"},{\"@type\":\"ListItem\",\"position\":2,\"name\":\"Shop\",\"item\":\"https:\/\/www.naturessenzen.com\/heilpflanzen-heilkraeuter-online-tinktur-kaufen\/\"},{\"@type\":\"ListItem\",\"position\":3,\"name\":\"Heckenrose Gemmo Mazerat (rosa canina)\"}]},{\"@type\":\"WebSite\",\"@id\":\"https:\/\/www.naturessenzen.com\/#website\",\"url\":\"https:\/\/www.naturessenzen.com\/\",\"name\":\"Duschlbaur&#039;s Kr\u00e4uter Shop - Tinktur Kr\u00e4utertinktur kaufen! Qualit\u00e4t seit 1917!\",\"description\":\"Wir haben einen gro\u00dfe Auswahl an Kr\u00e4utertinkturen in unserem Shop! Tinktur Kr\u00e4utertinktur kaufen!\",\"potentialAction\":[{\"@type\":\"SearchAction\",\"target\":{\"@type\":\"EntryPoint\",\"urlTemplate\":\"https:\/\/www.naturessenzen.com\/?s={search_term_string}\"},\"query-input\":\"required name=search_term_string\"}],\"inLanguage\":\"de\"}]}<\/script>\n<!-- \/ Yoast SEO plugin. -->","yoast_head_json":{"title":"Heckenrose (Rosa canina) Gemmo Mazerat aus K\u00e4rnten","description":"Heckenrose (Rosa canina) Gemmo Mazerat - steht f\u00fcr Widerstandskraft, Liebe und Lebensfreude! Zur St\u00e4rkung des Immunsystems!","robots":{"index":"index","follow":"follow","max-snippet":"max-snippet:-1","max-image-preview":"max-image-preview:large","max-video-preview":"max-video-preview:-1"},"canonical":"https:\/\/www.naturessenzen.com\/produkt\/heckenrose-rosa-canina-gemmo-mazerat\/","og_locale":"de_DE","og_type":"article","og_title":"Heckenrose (Rosa canina) Gemmo Mazerat aus K\u00e4rnten","og_description":"Heckenrose (Rosa canina) Gemmo Mazerat - steht f\u00fcr Widerstandskraft, Liebe und Lebensfreude! Zur St\u00e4rkung des Immunsystems!","og_url":"https:\/\/www.naturessenzen.com\/produkt\/heckenrose-rosa-canina-gemmo-mazerat\/","og_site_name":"Duschlbaur&#039;s Kr\u00e4uter Shop - Tinktur Kr\u00e4utertinktur kaufen! Qualit\u00e4t seit 1917!","article_modified_time":"2023-09-27T08:00:06+00:00","og_image":[{"width":1000,"height":1000,"url":"https:\/\/www.naturessenzen.com\/wp-content\/uploads\/2023\/09\/Heckenrose-Gemmo-Mazerat.png","type":"image\/png"}],"twitter_card":"summary_large_image","twitter_misc":{"Gesch\u00e4tzte Lesezeit":"3\u00a0Minuten"},"schema":{"@context":"https:\/\/schema.org","@graph":[{"@type":"WebPage","@id":"https:\/\/www.naturessenzen.com\/produkt\/heckenrose-rosa-canina-gemmo-mazerat\/","url":"https:\/\/www.naturessenzen.com\/produkt\/heckenrose-rosa-canina-gemmo-mazerat\/","name":"Heckenrose (Rosa canina) Gemmo Mazerat aus K\u00e4rnten","isPartOf":{"@id":"https:\/\/www.naturessenzen.com\/#website"},"datePublished":"2023-09-26T07:41:28+00:00","dateModified":"2023-09-27T08:00:06+00:00","description":"Heckenrose (Rosa canina) Gemmo Mazerat - steht f\u00fcr Widerstandskraft, Liebe und Lebensfreude! Zur St\u00e4rkung des Immunsystems!","breadcrumb":{"@id":"https:\/\/www.naturessenzen.com\/produkt\/heckenrose-rosa-canina-gemmo-mazerat\/#breadcrumb"},"inLanguage":"de","potentialAction":[{"@type":"ReadAction","target":["https:\/\/www.naturessenzen.com\/produkt\/heckenrose-rosa-canina-gemmo-mazerat\/"]}]},{"@type":"BreadcrumbList","@id":"https:\/\/www.naturessenzen.com\/produkt\/heckenrose-rosa-canina-gemmo-mazerat\/#breadcrumb","itemListElement":[{"@type":"ListItem","position":1,"name":"Startseite","item":"https:\/\/www.naturessenzen.com\/"},{"@type":"ListItem","position":2,"name":"Shop","item":"https:\/\/www.naturessenzen.com\/heilpflanzen-heilkraeuter-online-tinktur-kaufen\/"},{"@type":"ListItem","position":3,"name":"Heckenrose Gemmo Mazerat (rosa canina)"}]},{"@type":"WebSite","@id":"https:\/\/www.naturessenzen.com\/#website","url":"https:\/\/www.naturessenzen.com\/","name":"Duschlbaur&#039;s Kr\u00e4uter Shop - Tinktur Kr\u00e4utertinktur kaufen! Qualit\u00e4t seit 1917!","description":"Wir haben einen gro\u00dfe Auswahl an Kr\u00e4utertinkturen in unserem Shop! Tinktur Kr\u00e4utertinktur kaufen!","potentialAction":[{"@type":"SearchAction","target":{"@type":"EntryPoint","urlTemplate":"https:\/\/www.naturessenzen.com\/?s={search_term_string}"},"query-input":"required name=search_term_string"}],"inLanguage":"de"}]}},"_links":{"self":[{"href":"https:\/\/www.naturessenzen.com\/wp-json\/wp\/v2\/product\/6419"}],"collection":[{"href":"https:\/\/www.naturessenzen.com\/wp-json\/wp\/v2\/product"}],"about":[{"href":"https:\/\/www.naturessenzen.com\/wp-json\/wp\/v2\/types\/product"}],"replies":[{"embeddable":true,"href":"https:\/\/www.naturessenzen.com\/wp-json\/wp\/v2\/comments?post=6419"}],"wp:featuredmedia":[{"embeddable":true,"href":"https:\/\/www.naturessenzen.com\/wp-json\/wp\/v2\/media\/8268"}],"wp:attachment":[{"href":"https:\/\/www.naturessenzen.com\/wp-json\/wp\/v2\/media?parent=6419"}],"wp:term":[{"taxonomy":"product_cat","embeddable":true,"href":"https:\/\/www.naturessenzen.com\/wp-json\/wp\/v2\/product_cat?post=6419"},{"taxonomy":"product_tag","embeddable":true,"href":"https:\/\/www.naturessenzen.com\/wp-json\/wp\/v2\/product_tag?post=6419"}],"curies":[{"name":"wp","href":"https:\/\/api.w.org\/{rel}","templated":true}]}}