{"id":6377,"date":"2023-09-26T09:33:40","date_gmt":"2023-09-26T07:33:40","guid":{"rendered":"https:\/\/www.naturessenzen.com\/?post_type=product&#038;p=6377"},"modified":"2023-09-27T10:00:34","modified_gmt":"2023-09-27T08:00:34","slug":"silberlinde-tilia-tomentosa-gemmo-mazerat","status":"publish","type":"product","link":"https:\/\/www.naturessenzen.com\/produkt\/silberlinde-tilia-tomentosa-gemmo-mazerat\/","title":{"rendered":"Silberlinde Gemmo Mazerat (tilia tomentosa)"},"content":{"rendered":"<h2>Silberlinde Gemmo Mazerat<\/h2>\n<p>Die nat\u00fcrlichen Inhaltsstoffe des<strong> Silberlinde Gemmo Mazerates <\/strong>sind: Frische Knospen der Silberlinde, pflanzliches Glycerin, Alkohol, Wasser<\/p>\n<p>Unser <strong>Duschlbaur\u00b4s Silberlinde (tilia tomentosa) Gemmo Mazerat<\/strong> kann unterst\u00fctzend eingenommen werden bei:<\/p>\n<ul>\n<li>Einschlaf- und Durchschlafst\u00f6rungen<\/li>\n<li>Angst<\/li>\n<li>Melancholie<\/li>\n<li>Depressiven Verstimmungen<\/li>\n<li>Seelischen Unruhezust\u00e4nden<\/li>\n<li>Innerer Anspannung<\/li>\n<li>Stress<\/li>\n<li>Herzklopfen<\/li>\n<\/ul>\n<p>Eine gleichzeitige Einnahme von konservativen Arzneien und Duschlbaur\u00b4s Silberlinde (Tilia tomentosa) Gemmo Mazerat ist problemlos m\u00f6glich.<\/p>\n<p>&nbsp;<\/p>\n<h4>Lindenknospen \u2013\u00a0 die bes\u00e4nftigenden Knospen der Silberlinde<\/h4>\n<p>&nbsp;<\/p>\n<p>Das nat\u00fcrliche Verbreitungsgebiet der Silberlinde ist Mitteleuropa. Sie ist ein beliebter Allee- und Stra\u00dfenbaum, da sie sehr widerstandsf\u00e4hig gegen Hitze, Sommertrockenheit, Frost, Luftverunreinigung, Staub und Abgasen ist.<\/p>\n<p>Die Silberlinde geh\u00f6rt zur Familie der Malvengew\u00e4chse (Malvaceae) und bildet eine Pflanzengattung in der Unterfamilie der Lindengew\u00e4chse (Tilioideae). Sie zeichnet eine beachtliche Wuchsleistung aus. Im Alter von 5 Jahren kann sie eine H\u00f6he von bis zu 3 Metern erreichen. Am schnellsten w\u00e4chst sie im Alter von 15 bis 20 Jahren und kann bis zu 35 Meter erreichen. Obwohl die Silberlinde bis zu 200 Jahre alt werden kann, geht nach dem 20. Lebensjahr das H\u00f6henwachstum zur\u00fcck.<\/p>\n<p>Die Rinde ist grau-gr\u00fcn gef\u00e4rbt. Das Holz der Silberlinde ist gelblich-wei\u00df. Es l\u00e4sst sich leicht bearbeiten und wird als Rahmenholz f\u00fcr M\u00f6bel, Holzgef\u00e4\u00dfe, Kisten, Sperrholz, Spielwaren und vieles mehr verwendet.<\/p>\n<p>Die Silberlinde hat eine hell-silbrige, filzige Behaarung auf der Blattunterseite, der sie den Namen \u201eSilberlinde\u201c verdankt. Die silbrige Blattunterseite der Silberlinde hat f\u00fcr den Baum einen besonderen Nutzen: bei Sonnenschein dreht die Silberlinde die silbrige Blattunterseite nach oben. Die silbrigen Bl\u00e4ttern werfen die UV-Strahlen zur\u00fcck. Somit wird die Linde vor dem Austrocknen bewahrt. Vor dem Laubabwurf im Herbst nehmen die Bl\u00e4tter eine goldgelbe F\u00e4rbung an.<\/p>\n<p>Im Gegensatz zu anderen heimischen Lindenarten bl\u00fcht die Silberlinde erst im Juli. Die Lindenbl\u00fcten verstr\u00f6men ein bezauberndes, honigs\u00fc\u00dfes Aroma. Atmen Sie diese Aromen mit allen Sinnen ein und Sie sp\u00fcren, wie sich Ihre Stimmung umgehend aufhellt. Der s\u00fc\u00dfliche Duft zieht Bienen und Hummeln an. Imker sch\u00e4tzen die Linde als Bienenweide.<\/p>\n<p>Aus den in Trugdolden h\u00e4ngenden Bl\u00fcten entwickeln sich kugelige Fr\u00fcchte mit Rippen. Gegen Ende Juni haben die Fr\u00fcchte eine weiche Konsistenz. Sie k\u00f6nnen z.B. wie Kapern in Salzlake oder Essig eingelegt werden. Voll ausgereift lassen sich die Fr\u00fcchte sch\u00e4len und eignen sich als pflanzliches Knabbergeb\u00e4ck oder als gesunde Salatbeilage.<\/p>\n","protected":false},"excerpt":{"rendered":"<ul>\n<li>Anwendungsgebiete: Schlaf, Unruhezust\u00e4nde, Herz, Psyche, Stress<\/li>\n<li>Sofortige Wirkstoffaufnahme \u00fcber die Mundschleimhaut<\/li>\n<li>Ohne Wasser einzunehmen<\/li>\n<li>Frische Pflanzenknospen aus K\u00e4rntner Wildsammlung<\/li>\n<li>Ernte der aussprie\u00dfenden Knospen im Fr\u00fchjahr<\/li>\n<li>Alle Inhaltsstoffe 100 % nat\u00fcrlich<\/li>\n<li>Frei von Mineral- und Silikonstoffen<\/li>\n<li>Frei von Hormonen, k\u00fcnstlichen Zus\u00e4tzen und Farbstoffen<\/li>\n<li>Hergestellt in K\u00e4rnten<\/li>\n<\/ul>\n<p><strong>Gemmo Mazerat &#8211; 30 ml Spr\u00fchflasche<\/strong><\/p>\n","protected":false},"featured_media":8277,"comment_status":"closed","ping_status":"closed","template":"","meta":{"inline_featured_image":false},"product_cat":[28],"product_tag":[],"acf":[],"yoast_head":"<!-- This site is optimized with the Yoast SEO plugin v20.11 - https:\/\/yoast.com\/wordpress\/plugins\/seo\/ -->\n<title>Silberlinde (Tilia tomentosa) Gemmo Mazerat aus K\u00e4rnten<\/title>\n<meta name=\"description\" content=\"Silberlinde (Tilia tomentosa) Gemmo Mazerat - aus den bes\u00e4nftigenden Knospen der Silberlinde - bei Schlafst\u00f6rungen und innerer Unruhe!\" \/>\n<meta name=\"robots\" content=\"index, follow, max-snippet:-1, max-image-preview:large, max-video-preview:-1\" \/>\n<link rel=\"canonical\" href=\"https:\/\/www.naturessenzen.com\/produkt\/silberlinde-tilia-tomentosa-gemmo-mazerat\/\" \/>\n<meta property=\"og:locale\" content=\"de_DE\" \/>\n<meta property=\"og:type\" content=\"article\" \/>\n<meta property=\"og:title\" content=\"Silberlinde (Tilia tomentosa) Gemmo Mazerat aus K\u00e4rnten\" \/>\n<meta property=\"og:description\" content=\"Silberlinde (Tilia tomentosa) Gemmo Mazerat - aus den bes\u00e4nftigenden Knospen der Silberlinde - bei Schlafst\u00f6rungen und innerer Unruhe!\" \/>\n<meta property=\"og:url\" content=\"https:\/\/www.naturessenzen.com\/produkt\/silberlinde-tilia-tomentosa-gemmo-mazerat\/\" \/>\n<meta property=\"og:site_name\" content=\"Duschlbaur&#039;s Kr\u00e4uter Shop - Tinktur Kr\u00e4utertinktur kaufen! Qualit\u00e4t seit 1917!\" \/>\n<meta property=\"article:modified_time\" content=\"2023-09-27T08:00:34+00:00\" \/>\n<meta property=\"og:image\" content=\"https:\/\/www.naturessenzen.com\/wp-content\/uploads\/2023\/09\/Silberlinde-Gemmo-Mazerat.png\" \/>\n\t<meta property=\"og:image:width\" content=\"1000\" \/>\n\t<meta property=\"og:image:height\" content=\"1000\" \/>\n\t<meta property=\"og:image:type\" content=\"image\/png\" \/>\n<meta name=\"twitter:card\" content=\"summary_large_image\" \/>\n<meta name=\"twitter:label1\" content=\"Gesch\u00e4tzte Lesezeit\" \/>\n\t<meta name=\"twitter:data1\" content=\"3\u00a0Minuten\" \/>\n<script type=\"application\/ld+json\" class=\"yoast-schema-graph\">{\"@context\":\"https:\/\/schema.org\",\"@graph\":[{\"@type\":\"WebPage\",\"@id\":\"https:\/\/www.naturessenzen.com\/produkt\/silberlinde-tilia-tomentosa-gemmo-mazerat\/\",\"url\":\"https:\/\/www.naturessenzen.com\/produkt\/silberlinde-tilia-tomentosa-gemmo-mazerat\/\",\"name\":\"Silberlinde (Tilia tomentosa) Gemmo Mazerat aus K\u00e4rnten\",\"isPartOf\":{\"@id\":\"https:\/\/www.naturessenzen.com\/#website\"},\"datePublished\":\"2023-09-26T07:33:40+00:00\",\"dateModified\":\"2023-09-27T08:00:34+00:00\",\"description\":\"Silberlinde (Tilia tomentosa) Gemmo Mazerat - aus den bes\u00e4nftigenden Knospen der Silberlinde - bei Schlafst\u00f6rungen und innerer Unruhe!\",\"breadcrumb\":{\"@id\":\"https:\/\/www.naturessenzen.com\/produkt\/silberlinde-tilia-tomentosa-gemmo-mazerat\/#breadcrumb\"},\"inLanguage\":\"de\",\"potentialAction\":[{\"@type\":\"ReadAction\",\"target\":[\"https:\/\/www.naturessenzen.com\/produkt\/silberlinde-tilia-tomentosa-gemmo-mazerat\/\"]}]},{\"@type\":\"BreadcrumbList\",\"@id\":\"https:\/\/www.naturessenzen.com\/produkt\/silberlinde-tilia-tomentosa-gemmo-mazerat\/#breadcrumb\",\"itemListElement\":[{\"@type\":\"ListItem\",\"position\":1,\"name\":\"Startseite\",\"item\":\"https:\/\/www.naturessenzen.com\/\"},{\"@type\":\"ListItem\",\"position\":2,\"name\":\"Shop\",\"item\":\"https:\/\/www.naturessenzen.com\/heilpflanzen-heilkraeuter-online-tinktur-kaufen\/\"},{\"@type\":\"ListItem\",\"position\":3,\"name\":\"Silberlinde Gemmo Mazerat (tilia tomentosa)\"}]},{\"@type\":\"WebSite\",\"@id\":\"https:\/\/www.naturessenzen.com\/#website\",\"url\":\"https:\/\/www.naturessenzen.com\/\",\"name\":\"Duschlbaur&#039;s Kr\u00e4uter Shop - Tinktur Kr\u00e4utertinktur kaufen! Qualit\u00e4t seit 1917!\",\"description\":\"Wir haben einen gro\u00dfe Auswahl an Kr\u00e4utertinkturen in unserem Shop! Tinktur Kr\u00e4utertinktur kaufen!\",\"potentialAction\":[{\"@type\":\"SearchAction\",\"target\":{\"@type\":\"EntryPoint\",\"urlTemplate\":\"https:\/\/www.naturessenzen.com\/?s={search_term_string}\"},\"query-input\":\"required name=search_term_string\"}],\"inLanguage\":\"de\"}]}<\/script>\n<!-- \/ Yoast SEO plugin. -->","yoast_head_json":{"title":"Silberlinde (Tilia tomentosa) Gemmo Mazerat aus K\u00e4rnten","description":"Silberlinde (Tilia tomentosa) Gemmo Mazerat - aus den bes\u00e4nftigenden Knospen der Silberlinde - bei Schlafst\u00f6rungen und innerer Unruhe!","robots":{"index":"index","follow":"follow","max-snippet":"max-snippet:-1","max-image-preview":"max-image-preview:large","max-video-preview":"max-video-preview:-1"},"canonical":"https:\/\/www.naturessenzen.com\/produkt\/silberlinde-tilia-tomentosa-gemmo-mazerat\/","og_locale":"de_DE","og_type":"article","og_title":"Silberlinde (Tilia tomentosa) Gemmo Mazerat aus K\u00e4rnten","og_description":"Silberlinde (Tilia tomentosa) Gemmo Mazerat - aus den bes\u00e4nftigenden Knospen der Silberlinde - bei Schlafst\u00f6rungen und innerer Unruhe!","og_url":"https:\/\/www.naturessenzen.com\/produkt\/silberlinde-tilia-tomentosa-gemmo-mazerat\/","og_site_name":"Duschlbaur&#039;s Kr\u00e4uter Shop - Tinktur Kr\u00e4utertinktur kaufen! Qualit\u00e4t seit 1917!","article_modified_time":"2023-09-27T08:00:34+00:00","og_image":[{"width":1000,"height":1000,"url":"https:\/\/www.naturessenzen.com\/wp-content\/uploads\/2023\/09\/Silberlinde-Gemmo-Mazerat.png","type":"image\/png"}],"twitter_card":"summary_large_image","twitter_misc":{"Gesch\u00e4tzte Lesezeit":"3\u00a0Minuten"},"schema":{"@context":"https:\/\/schema.org","@graph":[{"@type":"WebPage","@id":"https:\/\/www.naturessenzen.com\/produkt\/silberlinde-tilia-tomentosa-gemmo-mazerat\/","url":"https:\/\/www.naturessenzen.com\/produkt\/silberlinde-tilia-tomentosa-gemmo-mazerat\/","name":"Silberlinde (Tilia tomentosa) Gemmo Mazerat aus K\u00e4rnten","isPartOf":{"@id":"https:\/\/www.naturessenzen.com\/#website"},"datePublished":"2023-09-26T07:33:40+00:00","dateModified":"2023-09-27T08:00:34+00:00","description":"Silberlinde (Tilia tomentosa) Gemmo Mazerat - aus den bes\u00e4nftigenden Knospen der Silberlinde - bei Schlafst\u00f6rungen und innerer Unruhe!","breadcrumb":{"@id":"https:\/\/www.naturessenzen.com\/produkt\/silberlinde-tilia-tomentosa-gemmo-mazerat\/#breadcrumb"},"inLanguage":"de","potentialAction":[{"@type":"ReadAction","target":["https:\/\/www.naturessenzen.com\/produkt\/silberlinde-tilia-tomentosa-gemmo-mazerat\/"]}]},{"@type":"BreadcrumbList","@id":"https:\/\/www.naturessenzen.com\/produkt\/silberlinde-tilia-tomentosa-gemmo-mazerat\/#breadcrumb","itemListElement":[{"@type":"ListItem","position":1,"name":"Startseite","item":"https:\/\/www.naturessenzen.com\/"},{"@type":"ListItem","position":2,"name":"Shop","item":"https:\/\/www.naturessenzen.com\/heilpflanzen-heilkraeuter-online-tinktur-kaufen\/"},{"@type":"ListItem","position":3,"name":"Silberlinde Gemmo Mazerat (tilia tomentosa)"}]},{"@type":"WebSite","@id":"https:\/\/www.naturessenzen.com\/#website","url":"https:\/\/www.naturessenzen.com\/","name":"Duschlbaur&#039;s Kr\u00e4uter Shop - Tinktur Kr\u00e4utertinktur kaufen! Qualit\u00e4t seit 1917!","description":"Wir haben einen gro\u00dfe Auswahl an Kr\u00e4utertinkturen in unserem Shop! Tinktur Kr\u00e4utertinktur kaufen!","potentialAction":[{"@type":"SearchAction","target":{"@type":"EntryPoint","urlTemplate":"https:\/\/www.naturessenzen.com\/?s={search_term_string}"},"query-input":"required name=search_term_string"}],"inLanguage":"de"}]}},"_links":{"self":[{"href":"https:\/\/www.naturessenzen.com\/wp-json\/wp\/v2\/product\/6377"}],"collection":[{"href":"https:\/\/www.naturessenzen.com\/wp-json\/wp\/v2\/product"}],"about":[{"href":"https:\/\/www.naturessenzen.com\/wp-json\/wp\/v2\/types\/product"}],"replies":[{"embeddable":true,"href":"https:\/\/www.naturessenzen.com\/wp-json\/wp\/v2\/comments?post=6377"}],"wp:featuredmedia":[{"embeddable":true,"href":"https:\/\/www.naturessenzen.com\/wp-json\/wp\/v2\/media\/8277"}],"wp:attachment":[{"href":"https:\/\/www.naturessenzen.com\/wp-json\/wp\/v2\/media?parent=6377"}],"wp:term":[{"taxonomy":"product_cat","embeddable":true,"href":"https:\/\/www.naturessenzen.com\/wp-json\/wp\/v2\/product_cat?post=6377"},{"taxonomy":"product_tag","embeddable":true,"href":"https:\/\/www.naturessenzen.com\/wp-json\/wp\/v2\/product_tag?post=6377"}],"curies":[{"name":"wp","href":"https:\/\/api.w.org\/{rel}","templated":true}]}}