{"id":6345,"date":"2023-09-26T09:37:34","date_gmt":"2023-09-26T07:37:34","guid":{"rendered":"https:\/\/www.naturessenzen.com\/?post_type=product&#038;p=6345"},"modified":"2023-09-27T09:59:56","modified_gmt":"2023-09-27T07:59:56","slug":"birke-betula-pendula-gemmo-mazerat","status":"publish","type":"product","link":"https:\/\/www.naturessenzen.com\/produkt\/birke-betula-pendula-gemmo-mazerat\/","title":{"rendered":"Birke Gemmo Mazerat (betula pendula)"},"content":{"rendered":"<h2>Birke Gemmo Mazerat<\/h2>\n<p>Die nat\u00fcrlichen Inhaltsstoffe des<strong> Birke Gemmo Mazerates <\/strong>sind: Frische Knospen der H\u00e4nge-Birke, pflanzliches Glycerin, Alkohol, Wasser<\/p>\n<p>&nbsp;<\/p>\n<p>Unser <strong>Duschlbaur\u00b4s Birke (betula pendula) Gemmo Mazerat<\/strong> kann unterst\u00fctzend eingenommen werden:<\/p>\n<ul>\n<li>bei Nierenfunktionsst\u00f6rungen<\/li>\n<li>zur Steigerung der Harnausscheidung in Blase und Nieren<\/li>\n<li>zur Vorbeugung und Therapie einer Blasenentz\u00fcndung<\/li>\n<li>bei Arthrose<\/li>\n<li>bei rheumatischen Beschwerden<\/li>\n<li>zur Ausleitung von Ablagerungen in den Gelenken<\/li>\n<li>bei Gicht<\/li>\n<li>zur Anregung des Leberstoffwechsels<\/li>\n<li>zur Ents\u00e4uerung<\/li>\n<li>bei Fr\u00fchjahrsm\u00fcdigkeit<\/li>\n<\/ul>\n<p>Eine gleichzeitige Einnahme von konservativen Arzneien und Duschlbaur\u00b4s Birke (betula pendula) Gemmo Mazerat ist problemlos m\u00f6glich.<\/p>\n<p>&nbsp;<\/p>\n<h4>Birkenknospen \u2013\u00a0 vom Baum der Jugend und Frische!<\/h4>\n<p>&nbsp;<\/p>\n<p>Fossile Funde von Birkenb\u00e4umen belegen ein Vorkommen bereits vor \u00fcber 48 Millionen Jahren. Auf der Nordhalbkugel gedeiht die Birke sowohl auf trockenen wie auch feuchten Sand- und Moorb\u00f6den. Sie stellt geringe Bed\u00fcrfnisse an ihre Umwelt. Bevorzugt sollte der Standort nicht im Schatten liegen, denn die Birke streckt sich gerne der Sonne entgegen. Die H\u00e4nge-Birke ist eine Lichtbaumart.<\/p>\n<p>Charakteristisch f\u00fcr die H\u00e4nge-Birke ist ihre dekorative, wei\u00dfe Rinde. Mit fortschreitendem Alter l\u00f6st sich die glatte, wei\u00dfe Rinde in schmalen, papierartigen Streifen ab. Je \u00e4lter der Baum wird, umso mehr platzt die Rinde auf. Die Risse sind dann nicht mehr wei\u00df, sondern dunkelbraun bis schwarz gef\u00e4rbt.<\/p>\n<p>Die H\u00e4nge-Birke erreicht bei einer j\u00e4hrlichen Wuchsgeschwindigkeit von bis zu 45 Zentimetern eine Wuchsh\u00f6he von bis zu 30 Metern. Die Baumkrone w\u00e4chst licht und mehrstufig. Sie ist ein eleganter, anmutiger Baum.<\/p>\n<p>Die Bl\u00e4tter sind hellgr\u00fcn bis zum Herbst. Bevor der Baum die Bl\u00e4tter abwirft, f\u00e4rben sich diese goldgelb. Im n\u00e4chsten Fr\u00fchjahr \u2013 zur Zeit des Bl\u00fcte \u2013 startet ein neuer Laubaustrieb.<\/p>\n<p>Die m\u00e4nnlichen Bl\u00fcten bilden sich bereits im Herbst. Sie \u00fcberwintern und bilden im n\u00e4chsten Fr\u00fchjahr die bekannten 10 Zentimeter langen, walzenf\u00f6rmigen, gelb-orangen K\u00e4tzchen. Die weiblichen Bl\u00fcten sind mit 2 \u2013 3 Zentimeter L\u00e4nge kleiner und gr\u00fcnlich gef\u00e4rbt.<\/p>\n<p>Die Birke ist ein beliebter Alleebaum und wird bevorzugt als\u00a0 \u201eMaibaum\u201c aufgestellt. Das Holz der Birke dient als Nutz- und Brennholz. Es wird f\u00fcr M\u00f6bel- und zum Innenausbau verwendet. Birkenholz ist Basis f\u00fcr Spann-, Sperrholz- und Faserplatten.<\/p>\n<p>&nbsp;<\/p>\n<p>&nbsp;<\/p>\n","protected":false},"excerpt":{"rendered":"<ul>\n<li>Anwendungsgebiete: Blase, Niere, Leber, Gelenke<\/li>\n<li>Sofortige Wirkstoffaufnahme \u00fcber die Mundschleimhaut<\/li>\n<li>Ohne Wasser einzunehmen<\/li>\n<li>Frische Pflanzenknospen aus K\u00e4rntner Wildsammlung<\/li>\n<li>Ernte der aussprie\u00dfenden Knospen im Fr\u00fchjahr<\/li>\n<li>Alle Inhaltsstoffe 100 % nat\u00fcrlich<\/li>\n<li>Frei von Mineral- und Silikonstoffen<\/li>\n<li>Frei von Hormonen, k\u00fcnstlichen Zus\u00e4tzen und Farbstoffen<\/li>\n<li>Hergestellt in K\u00e4rnten<\/li>\n<\/ul>\n<p>&nbsp;<\/p>\n<p><strong>Gemmo Mazerat &#8211; 30 ml Spr\u00fchflasche<\/strong><\/p>\n","protected":false},"featured_media":8263,"comment_status":"closed","ping_status":"closed","template":"","meta":{"inline_featured_image":false},"product_cat":[28],"product_tag":[],"acf":[],"yoast_head":"<!-- This site is optimized with the Yoast SEO plugin v20.11 - https:\/\/yoast.com\/wordpress\/plugins\/seo\/ -->\n<title>Birke (Betula pendula) Gemmo Mazerat aus K\u00e4rnten<\/title>\n<meta name=\"description\" content=\"Birke (Betula pendula) Gemmo Mazerat aus K\u00e4rnten - aus reinen, frischen, jungen, saftigen Knospen! Lebenselixier pur! Jetzt kaufen&quot;\" \/>\n<meta name=\"robots\" content=\"index, follow, max-snippet:-1, max-image-preview:large, max-video-preview:-1\" \/>\n<link rel=\"canonical\" href=\"https:\/\/www.naturessenzen.com\/produkt\/birke-betula-pendula-gemmo-mazerat\/\" \/>\n<meta property=\"og:locale\" content=\"de_DE\" \/>\n<meta property=\"og:type\" content=\"article\" \/>\n<meta property=\"og:title\" content=\"Birke (Betula pendula) Gemmo Mazerat aus K\u00e4rnten\" \/>\n<meta property=\"og:description\" content=\"Birke (Betula pendula) Gemmo Mazerat aus K\u00e4rnten - aus reinen, frischen, jungen, saftigen Knospen! Lebenselixier pur! Jetzt kaufen&quot;\" \/>\n<meta property=\"og:url\" content=\"https:\/\/www.naturessenzen.com\/produkt\/birke-betula-pendula-gemmo-mazerat\/\" \/>\n<meta property=\"og:site_name\" content=\"Duschlbaur&#039;s Kr\u00e4uter Shop - Tinktur Kr\u00e4utertinktur kaufen! Qualit\u00e4t seit 1917!\" \/>\n<meta property=\"article:modified_time\" content=\"2023-09-27T07:59:56+00:00\" \/>\n<meta property=\"og:image\" content=\"https:\/\/www.naturessenzen.com\/wp-content\/uploads\/2023\/09\/Birke-Gemmo-Mazerat.png\" \/>\n\t<meta property=\"og:image:width\" content=\"1000\" \/>\n\t<meta property=\"og:image:height\" content=\"1000\" \/>\n\t<meta property=\"og:image:type\" content=\"image\/png\" \/>\n<meta name=\"twitter:card\" content=\"summary_large_image\" \/>\n<meta name=\"twitter:label1\" content=\"Gesch\u00e4tzte Lesezeit\" \/>\n\t<meta name=\"twitter:data1\" content=\"2\u00a0Minuten\" \/>\n<script type=\"application\/ld+json\" class=\"yoast-schema-graph\">{\"@context\":\"https:\/\/schema.org\",\"@graph\":[{\"@type\":\"WebPage\",\"@id\":\"https:\/\/www.naturessenzen.com\/produkt\/birke-betula-pendula-gemmo-mazerat\/\",\"url\":\"https:\/\/www.naturessenzen.com\/produkt\/birke-betula-pendula-gemmo-mazerat\/\",\"name\":\"Birke (Betula pendula) Gemmo Mazerat aus K\u00e4rnten\",\"isPartOf\":{\"@id\":\"https:\/\/www.naturessenzen.com\/#website\"},\"datePublished\":\"2023-09-26T07:37:34+00:00\",\"dateModified\":\"2023-09-27T07:59:56+00:00\",\"description\":\"Birke (Betula pendula) Gemmo Mazerat aus K\u00e4rnten - aus reinen, frischen, jungen, saftigen Knospen! Lebenselixier pur! Jetzt kaufen\\\"\",\"breadcrumb\":{\"@id\":\"https:\/\/www.naturessenzen.com\/produkt\/birke-betula-pendula-gemmo-mazerat\/#breadcrumb\"},\"inLanguage\":\"de\",\"potentialAction\":[{\"@type\":\"ReadAction\",\"target\":[\"https:\/\/www.naturessenzen.com\/produkt\/birke-betula-pendula-gemmo-mazerat\/\"]}]},{\"@type\":\"BreadcrumbList\",\"@id\":\"https:\/\/www.naturessenzen.com\/produkt\/birke-betula-pendula-gemmo-mazerat\/#breadcrumb\",\"itemListElement\":[{\"@type\":\"ListItem\",\"position\":1,\"name\":\"Startseite\",\"item\":\"https:\/\/www.naturessenzen.com\/\"},{\"@type\":\"ListItem\",\"position\":2,\"name\":\"Shop\",\"item\":\"https:\/\/www.naturessenzen.com\/heilpflanzen-heilkraeuter-online-tinktur-kaufen\/\"},{\"@type\":\"ListItem\",\"position\":3,\"name\":\"Birke Gemmo Mazerat (betula pendula)\"}]},{\"@type\":\"WebSite\",\"@id\":\"https:\/\/www.naturessenzen.com\/#website\",\"url\":\"https:\/\/www.naturessenzen.com\/\",\"name\":\"Duschlbaur&#039;s Kr\u00e4uter Shop - Tinktur Kr\u00e4utertinktur kaufen! Qualit\u00e4t seit 1917!\",\"description\":\"Wir haben einen gro\u00dfe Auswahl an Kr\u00e4utertinkturen in unserem Shop! Tinktur Kr\u00e4utertinktur kaufen!\",\"potentialAction\":[{\"@type\":\"SearchAction\",\"target\":{\"@type\":\"EntryPoint\",\"urlTemplate\":\"https:\/\/www.naturessenzen.com\/?s={search_term_string}\"},\"query-input\":\"required name=search_term_string\"}],\"inLanguage\":\"de\"}]}<\/script>\n<!-- \/ Yoast SEO plugin. -->","yoast_head_json":{"title":"Birke (Betula pendula) Gemmo Mazerat aus K\u00e4rnten","description":"Birke (Betula pendula) Gemmo Mazerat aus K\u00e4rnten - aus reinen, frischen, jungen, saftigen Knospen! Lebenselixier pur! Jetzt kaufen\"","robots":{"index":"index","follow":"follow","max-snippet":"max-snippet:-1","max-image-preview":"max-image-preview:large","max-video-preview":"max-video-preview:-1"},"canonical":"https:\/\/www.naturessenzen.com\/produkt\/birke-betula-pendula-gemmo-mazerat\/","og_locale":"de_DE","og_type":"article","og_title":"Birke (Betula pendula) Gemmo Mazerat aus K\u00e4rnten","og_description":"Birke (Betula pendula) Gemmo Mazerat aus K\u00e4rnten - aus reinen, frischen, jungen, saftigen Knospen! Lebenselixier pur! Jetzt kaufen\"","og_url":"https:\/\/www.naturessenzen.com\/produkt\/birke-betula-pendula-gemmo-mazerat\/","og_site_name":"Duschlbaur&#039;s Kr\u00e4uter Shop - Tinktur Kr\u00e4utertinktur kaufen! Qualit\u00e4t seit 1917!","article_modified_time":"2023-09-27T07:59:56+00:00","og_image":[{"width":1000,"height":1000,"url":"https:\/\/www.naturessenzen.com\/wp-content\/uploads\/2023\/09\/Birke-Gemmo-Mazerat.png","type":"image\/png"}],"twitter_card":"summary_large_image","twitter_misc":{"Gesch\u00e4tzte Lesezeit":"2\u00a0Minuten"},"schema":{"@context":"https:\/\/schema.org","@graph":[{"@type":"WebPage","@id":"https:\/\/www.naturessenzen.com\/produkt\/birke-betula-pendula-gemmo-mazerat\/","url":"https:\/\/www.naturessenzen.com\/produkt\/birke-betula-pendula-gemmo-mazerat\/","name":"Birke (Betula pendula) Gemmo Mazerat aus K\u00e4rnten","isPartOf":{"@id":"https:\/\/www.naturessenzen.com\/#website"},"datePublished":"2023-09-26T07:37:34+00:00","dateModified":"2023-09-27T07:59:56+00:00","description":"Birke (Betula pendula) Gemmo Mazerat aus K\u00e4rnten - aus reinen, frischen, jungen, saftigen Knospen! Lebenselixier pur! Jetzt kaufen\"","breadcrumb":{"@id":"https:\/\/www.naturessenzen.com\/produkt\/birke-betula-pendula-gemmo-mazerat\/#breadcrumb"},"inLanguage":"de","potentialAction":[{"@type":"ReadAction","target":["https:\/\/www.naturessenzen.com\/produkt\/birke-betula-pendula-gemmo-mazerat\/"]}]},{"@type":"BreadcrumbList","@id":"https:\/\/www.naturessenzen.com\/produkt\/birke-betula-pendula-gemmo-mazerat\/#breadcrumb","itemListElement":[{"@type":"ListItem","position":1,"name":"Startseite","item":"https:\/\/www.naturessenzen.com\/"},{"@type":"ListItem","position":2,"name":"Shop","item":"https:\/\/www.naturessenzen.com\/heilpflanzen-heilkraeuter-online-tinktur-kaufen\/"},{"@type":"ListItem","position":3,"name":"Birke Gemmo Mazerat (betula pendula)"}]},{"@type":"WebSite","@id":"https:\/\/www.naturessenzen.com\/#website","url":"https:\/\/www.naturessenzen.com\/","name":"Duschlbaur&#039;s Kr\u00e4uter Shop - Tinktur Kr\u00e4utertinktur kaufen! Qualit\u00e4t seit 1917!","description":"Wir haben einen gro\u00dfe Auswahl an Kr\u00e4utertinkturen in unserem Shop! Tinktur Kr\u00e4utertinktur kaufen!","potentialAction":[{"@type":"SearchAction","target":{"@type":"EntryPoint","urlTemplate":"https:\/\/www.naturessenzen.com\/?s={search_term_string}"},"query-input":"required name=search_term_string"}],"inLanguage":"de"}]}},"_links":{"self":[{"href":"https:\/\/www.naturessenzen.com\/wp-json\/wp\/v2\/product\/6345"}],"collection":[{"href":"https:\/\/www.naturessenzen.com\/wp-json\/wp\/v2\/product"}],"about":[{"href":"https:\/\/www.naturessenzen.com\/wp-json\/wp\/v2\/types\/product"}],"replies":[{"embeddable":true,"href":"https:\/\/www.naturessenzen.com\/wp-json\/wp\/v2\/comments?post=6345"}],"wp:featuredmedia":[{"embeddable":true,"href":"https:\/\/www.naturessenzen.com\/wp-json\/wp\/v2\/media\/8263"}],"wp:attachment":[{"href":"https:\/\/www.naturessenzen.com\/wp-json\/wp\/v2\/media?parent=6345"}],"wp:term":[{"taxonomy":"product_cat","embeddable":true,"href":"https:\/\/www.naturessenzen.com\/wp-json\/wp\/v2\/product_cat?post=6345"},{"taxonomy":"product_tag","embeddable":true,"href":"https:\/\/www.naturessenzen.com\/wp-json\/wp\/v2\/product_tag?post=6345"}],"curies":[{"name":"wp","href":"https:\/\/api.w.org\/{rel}","templated":true}]}}