{"id":6339,"date":"2023-09-26T09:30:44","date_gmt":"2023-09-26T07:30:44","guid":{"rendered":"https:\/\/www.naturessenzen.com\/?post_type=product&#038;p=6339"},"modified":"2023-09-27T10:00:44","modified_gmt":"2023-09-27T08:00:44","slug":"brombeere-gemmo-mazerat-rubus-fruticosus","status":"publish","type":"product","link":"https:\/\/www.naturessenzen.com\/produkt\/brombeere-gemmo-mazerat-rubus-fruticosus\/","title":{"rendered":"Brombeere Gemmo Mazerat (rubus fruticosus)"},"content":{"rendered":"<h2>Brombeere Gemmo Mazerat<\/h2>\n<p>Die nat\u00fcrlichen Inhaltsstoffe des<strong> Brombeere Gemmo Mazerates <\/strong>sind: Frische Knospen des Brombeerstrauches, pflanzliches Glycerin, Alkohol, Wasser<\/p>\n<p>&nbsp;<\/p>\n<p>Unser <strong>Duschlbaur\u00b4s Brombeere (rubus fruticosus) Gemmo Mazerat<\/strong> kann unterst\u00fctzend eingenommen werden bei:<\/p>\n<ul>\n<li>Osteoporose<\/li>\n<li>Arthrose<\/li>\n<li>Gelenksschmerzen<\/li>\n<li>zur Vorbeugung gegen Knochenbr\u00fcche<\/li>\n<li>Atembeschwerden bei chronischer Bronchitis<\/li>\n<li>Asthma<\/li>\n<li>Raucherhusten<\/li>\n<li>Durchfall<\/li>\n<li>H\u00e4morrhoiden<\/li>\n<li>Entz\u00fcndungen der Nieren<\/li>\n<li>Antriebsmangel<\/li>\n<\/ul>\n<p>Eine gleichzeitige Einnahme von konservativen Arzneien und Duschlbaur\u00b4s Brombeere (Rubus fruticosus) Gemmo Mazerat ist problemlos m\u00f6glich.<\/p>\n<p>&nbsp;<\/p>\n<h4>Brombeere \u2013\u00a0 eine wahre Vitaminbombe<\/h4>\n<p>&nbsp;<\/p>\n<p>Die <strong>Brombeere<\/strong> \u2013 lateinisch <strong>rubus fruticosus<\/strong> \u2013 geh\u00f6rt zur Familie der Rosengew\u00e4chse. Wie die Himbeere z\u00e4hlt sie nicht zu den Beeren- sondern zu den Sammelsteinfr\u00fcchten. Weltweit haben sich zahlreiche Formen entwickelt. Allein in Europa wurden mehr als 2.000 Arten beschrieben.<\/p>\n<p>Die Brombeere kommt mit den sich \u00e4ndernden klimatischen Bedingungen gut zu recht. Die milderen Winter beg\u00fcnstigen ihre Ausbreitung. In der freien Natur finden sich Brombeerstr\u00e4ucher bevorzugt auf Waldlichtungen und in Wildhecken. Vollsonnige Standorte beg\u00fcnstigen ihre Bl\u00fctenpracht und somit die Fruchtausbeute.<\/p>\n<p>Der Brombeerstrauch ist ein vielverzweigter, stacheliger Kletterstrauch. Seine Wuchsh\u00f6he kann bis zu 3 m betragen.<\/p>\n<p>Seine Bl\u00e4tter sind gr\u00fcnf\u00e4rbig vom Austrieb im Fr\u00fchjahr bis zum Abwurf im Herbst.<\/p>\n<p>Kleine wei\u00dfe, selten auch rosa, Bl\u00fcten zeigen sich von Juni bis August.<\/p>\n<p>Die daraus entstehenden blauschwarzen Fr\u00fcchte erreichen ihren h\u00f6chsten Fruchtstand im Sp\u00e4tsommer. Eine Brombeerfrucht besteht aus 20 bis 50 kleinen Steinfr\u00fcchten. Die Fr\u00fcchte des Brombeerstrauches k\u00f6nnen von August bis in den Oktober hinein geerntet werden. Die Fr\u00fcchte werden dabei nicht alle auf einmal reif, sondern reifen laufend nach. Neben den reifen Fr\u00fcchten sprie\u00dfen daher immer wieder zahlreichte Bl\u00fcten.<\/p>\n<p>Die Beeren sind wahre Vitaminbomben. Sie enthalten die Vitamine C, die Vorstufe zum Vitamin A, B1, B2 sowie die Spurenelemente Kalium, Calcium, Natrium, Eisen, Magnesium, Phosphat und Zink. Die Brombeere ist reich an Flavonoiden, Gerbstoffen, Anthocyane, Pektin und \u00e4therischen \u00d6len.<\/p>\n<p>Ein Fr\u00fcchte tragender Brombeerzweig stirbt danach ab. Im Winter zieht sich die Staude in den Boden zur\u00fcck.<\/p>\n","protected":false},"excerpt":{"rendered":"<ul>\n<li>Anwendungsgebiete: Lunge, Knochen, Gelenke, Sehnen, Magen, Blase, Niere, Psyche<\/li>\n<li>Sofortige Wirkstoffaufnahme \u00fcber die Mundschleimhaut<\/li>\n<li>Ohne Wasser einzunehmen<\/li>\n<li>Frische Pflanzenknospen aus K\u00e4rntner Wildsammlung<\/li>\n<li>Ernte der aussprie\u00dfenden Knospen im Fr\u00fchjahr<\/li>\n<li>Alle Inhaltsstoffe 100 % nat\u00fcrlich<\/li>\n<li>Frei von Mineral- und Silikonstoffen<\/li>\n<li>Frei von Hormonen, k\u00fcnstlichen Zus\u00e4tzen und Farbstoffen<\/li>\n<li>Hergestellt in K\u00e4rnten<\/li>\n<\/ul>\n<p><strong>Gemmo Mazerat &#8211; 30 ml Spr\u00fchflasche<\/strong><\/p>\n","protected":false},"featured_media":8264,"comment_status":"closed","ping_status":"closed","template":"","meta":{"inline_featured_image":false},"product_cat":[28],"product_tag":[],"acf":[],"yoast_head":"<!-- This site is optimized with the Yoast SEO plugin v20.11 - https:\/\/yoast.com\/wordpress\/plugins\/seo\/ -->\n<title>Brombeere (Rubus fruticosus) Gemmo Mazerat aus K\u00e4rnten<\/title>\n<meta name=\"description\" content=\"Brombeere (Rubus fruticosus) Gemmo Mazerat - Kraftpaket f\u00fcr Menschen im h\u00f6heren Alter! Eine der \u00e4ltesten Heilpflanzen der Welt! Jetzt kaufen!\" \/>\n<meta name=\"robots\" content=\"index, follow, max-snippet:-1, max-image-preview:large, max-video-preview:-1\" \/>\n<link rel=\"canonical\" href=\"https:\/\/www.naturessenzen.com\/produkt\/brombeere-gemmo-mazerat-rubus-fruticosus\/\" \/>\n<meta property=\"og:locale\" content=\"de_DE\" \/>\n<meta property=\"og:type\" content=\"article\" \/>\n<meta property=\"og:title\" content=\"Brombeere (Rubus fruticosus) Gemmo Mazerat aus K\u00e4rnten\" \/>\n<meta property=\"og:description\" content=\"Brombeere (Rubus fruticosus) Gemmo Mazerat - Kraftpaket f\u00fcr Menschen im h\u00f6heren Alter! Eine der \u00e4ltesten Heilpflanzen der Welt! Jetzt kaufen!\" \/>\n<meta property=\"og:url\" content=\"https:\/\/www.naturessenzen.com\/produkt\/brombeere-gemmo-mazerat-rubus-fruticosus\/\" \/>\n<meta property=\"og:site_name\" content=\"Duschlbaur&#039;s Kr\u00e4uter Shop - Tinktur Kr\u00e4utertinktur kaufen! Qualit\u00e4t seit 1917!\" \/>\n<meta property=\"article:modified_time\" content=\"2023-09-27T08:00:44+00:00\" \/>\n<meta property=\"og:image\" content=\"https:\/\/www.naturessenzen.com\/wp-content\/uploads\/2023\/09\/Brombeere-Gemmo-Mazerat.png\" \/>\n\t<meta property=\"og:image:width\" content=\"1000\" \/>\n\t<meta property=\"og:image:height\" content=\"1000\" \/>\n\t<meta property=\"og:image:type\" content=\"image\/png\" \/>\n<meta name=\"twitter:card\" content=\"summary_large_image\" \/>\n<meta name=\"twitter:label1\" content=\"Gesch\u00e4tzte Lesezeit\" \/>\n\t<meta name=\"twitter:data1\" content=\"2\u00a0Minuten\" \/>\n<script type=\"application\/ld+json\" class=\"yoast-schema-graph\">{\"@context\":\"https:\/\/schema.org\",\"@graph\":[{\"@type\":\"WebPage\",\"@id\":\"https:\/\/www.naturessenzen.com\/produkt\/brombeere-gemmo-mazerat-rubus-fruticosus\/\",\"url\":\"https:\/\/www.naturessenzen.com\/produkt\/brombeere-gemmo-mazerat-rubus-fruticosus\/\",\"name\":\"Brombeere (Rubus fruticosus) Gemmo Mazerat aus K\u00e4rnten\",\"isPartOf\":{\"@id\":\"https:\/\/www.naturessenzen.com\/#website\"},\"datePublished\":\"2023-09-26T07:30:44+00:00\",\"dateModified\":\"2023-09-27T08:00:44+00:00\",\"description\":\"Brombeere (Rubus fruticosus) Gemmo Mazerat - Kraftpaket f\u00fcr Menschen im h\u00f6heren Alter! Eine der \u00e4ltesten Heilpflanzen der Welt! Jetzt kaufen!\",\"breadcrumb\":{\"@id\":\"https:\/\/www.naturessenzen.com\/produkt\/brombeere-gemmo-mazerat-rubus-fruticosus\/#breadcrumb\"},\"inLanguage\":\"de\",\"potentialAction\":[{\"@type\":\"ReadAction\",\"target\":[\"https:\/\/www.naturessenzen.com\/produkt\/brombeere-gemmo-mazerat-rubus-fruticosus\/\"]}]},{\"@type\":\"BreadcrumbList\",\"@id\":\"https:\/\/www.naturessenzen.com\/produkt\/brombeere-gemmo-mazerat-rubus-fruticosus\/#breadcrumb\",\"itemListElement\":[{\"@type\":\"ListItem\",\"position\":1,\"name\":\"Startseite\",\"item\":\"https:\/\/www.naturessenzen.com\/\"},{\"@type\":\"ListItem\",\"position\":2,\"name\":\"Shop\",\"item\":\"https:\/\/www.naturessenzen.com\/heilpflanzen-heilkraeuter-online-tinktur-kaufen\/\"},{\"@type\":\"ListItem\",\"position\":3,\"name\":\"Brombeere Gemmo Mazerat (rubus fruticosus)\"}]},{\"@type\":\"WebSite\",\"@id\":\"https:\/\/www.naturessenzen.com\/#website\",\"url\":\"https:\/\/www.naturessenzen.com\/\",\"name\":\"Duschlbaur&#039;s Kr\u00e4uter Shop - Tinktur Kr\u00e4utertinktur kaufen! Qualit\u00e4t seit 1917!\",\"description\":\"Wir haben einen gro\u00dfe Auswahl an Kr\u00e4utertinkturen in unserem Shop! Tinktur Kr\u00e4utertinktur kaufen!\",\"potentialAction\":[{\"@type\":\"SearchAction\",\"target\":{\"@type\":\"EntryPoint\",\"urlTemplate\":\"https:\/\/www.naturessenzen.com\/?s={search_term_string}\"},\"query-input\":\"required name=search_term_string\"}],\"inLanguage\":\"de\"}]}<\/script>\n<!-- \/ Yoast SEO plugin. -->","yoast_head_json":{"title":"Brombeere (Rubus fruticosus) Gemmo Mazerat aus K\u00e4rnten","description":"Brombeere (Rubus fruticosus) Gemmo Mazerat - Kraftpaket f\u00fcr Menschen im h\u00f6heren Alter! Eine der \u00e4ltesten Heilpflanzen der Welt! Jetzt kaufen!","robots":{"index":"index","follow":"follow","max-snippet":"max-snippet:-1","max-image-preview":"max-image-preview:large","max-video-preview":"max-video-preview:-1"},"canonical":"https:\/\/www.naturessenzen.com\/produkt\/brombeere-gemmo-mazerat-rubus-fruticosus\/","og_locale":"de_DE","og_type":"article","og_title":"Brombeere (Rubus fruticosus) Gemmo Mazerat aus K\u00e4rnten","og_description":"Brombeere (Rubus fruticosus) Gemmo Mazerat - Kraftpaket f\u00fcr Menschen im h\u00f6heren Alter! Eine der \u00e4ltesten Heilpflanzen der Welt! Jetzt kaufen!","og_url":"https:\/\/www.naturessenzen.com\/produkt\/brombeere-gemmo-mazerat-rubus-fruticosus\/","og_site_name":"Duschlbaur&#039;s Kr\u00e4uter Shop - Tinktur Kr\u00e4utertinktur kaufen! Qualit\u00e4t seit 1917!","article_modified_time":"2023-09-27T08:00:44+00:00","og_image":[{"width":1000,"height":1000,"url":"https:\/\/www.naturessenzen.com\/wp-content\/uploads\/2023\/09\/Brombeere-Gemmo-Mazerat.png","type":"image\/png"}],"twitter_card":"summary_large_image","twitter_misc":{"Gesch\u00e4tzte Lesezeit":"2\u00a0Minuten"},"schema":{"@context":"https:\/\/schema.org","@graph":[{"@type":"WebPage","@id":"https:\/\/www.naturessenzen.com\/produkt\/brombeere-gemmo-mazerat-rubus-fruticosus\/","url":"https:\/\/www.naturessenzen.com\/produkt\/brombeere-gemmo-mazerat-rubus-fruticosus\/","name":"Brombeere (Rubus fruticosus) Gemmo Mazerat aus K\u00e4rnten","isPartOf":{"@id":"https:\/\/www.naturessenzen.com\/#website"},"datePublished":"2023-09-26T07:30:44+00:00","dateModified":"2023-09-27T08:00:44+00:00","description":"Brombeere (Rubus fruticosus) Gemmo Mazerat - Kraftpaket f\u00fcr Menschen im h\u00f6heren Alter! Eine der \u00e4ltesten Heilpflanzen der Welt! Jetzt kaufen!","breadcrumb":{"@id":"https:\/\/www.naturessenzen.com\/produkt\/brombeere-gemmo-mazerat-rubus-fruticosus\/#breadcrumb"},"inLanguage":"de","potentialAction":[{"@type":"ReadAction","target":["https:\/\/www.naturessenzen.com\/produkt\/brombeere-gemmo-mazerat-rubus-fruticosus\/"]}]},{"@type":"BreadcrumbList","@id":"https:\/\/www.naturessenzen.com\/produkt\/brombeere-gemmo-mazerat-rubus-fruticosus\/#breadcrumb","itemListElement":[{"@type":"ListItem","position":1,"name":"Startseite","item":"https:\/\/www.naturessenzen.com\/"},{"@type":"ListItem","position":2,"name":"Shop","item":"https:\/\/www.naturessenzen.com\/heilpflanzen-heilkraeuter-online-tinktur-kaufen\/"},{"@type":"ListItem","position":3,"name":"Brombeere Gemmo Mazerat (rubus fruticosus)"}]},{"@type":"WebSite","@id":"https:\/\/www.naturessenzen.com\/#website","url":"https:\/\/www.naturessenzen.com\/","name":"Duschlbaur&#039;s Kr\u00e4uter Shop - Tinktur Kr\u00e4utertinktur kaufen! Qualit\u00e4t seit 1917!","description":"Wir haben einen gro\u00dfe Auswahl an Kr\u00e4utertinkturen in unserem Shop! Tinktur Kr\u00e4utertinktur kaufen!","potentialAction":[{"@type":"SearchAction","target":{"@type":"EntryPoint","urlTemplate":"https:\/\/www.naturessenzen.com\/?s={search_term_string}"},"query-input":"required name=search_term_string"}],"inLanguage":"de"}]}},"_links":{"self":[{"href":"https:\/\/www.naturessenzen.com\/wp-json\/wp\/v2\/product\/6339"}],"collection":[{"href":"https:\/\/www.naturessenzen.com\/wp-json\/wp\/v2\/product"}],"about":[{"href":"https:\/\/www.naturessenzen.com\/wp-json\/wp\/v2\/types\/product"}],"replies":[{"embeddable":true,"href":"https:\/\/www.naturessenzen.com\/wp-json\/wp\/v2\/comments?post=6339"}],"wp:featuredmedia":[{"embeddable":true,"href":"https:\/\/www.naturessenzen.com\/wp-json\/wp\/v2\/media\/8264"}],"wp:attachment":[{"href":"https:\/\/www.naturessenzen.com\/wp-json\/wp\/v2\/media?parent=6339"}],"wp:term":[{"taxonomy":"product_cat","embeddable":true,"href":"https:\/\/www.naturessenzen.com\/wp-json\/wp\/v2\/product_cat?post=6339"},{"taxonomy":"product_tag","embeddable":true,"href":"https:\/\/www.naturessenzen.com\/wp-json\/wp\/v2\/product_tag?post=6339"}],"curies":[{"name":"wp","href":"https:\/\/api.w.org\/{rel}","templated":true}]}}