{"id":6316,"date":"2023-09-26T09:35:38","date_gmt":"2023-09-26T07:35:38","guid":{"rendered":"https:\/\/www.naturessenzen.com\/?post_type=product&#038;p=6316"},"modified":"2023-09-27T10:00:25","modified_gmt":"2023-09-27T08:00:25","slug":"himbeere-rubus-idaeus-gemmo-mazerat","status":"publish","type":"product","link":"https:\/\/www.naturessenzen.com\/produkt\/himbeere-rubus-idaeus-gemmo-mazerat\/","title":{"rendered":"Himbeere Gemmo Mazerat (rubus idaeus)"},"content":{"rendered":"<h2>Himbeere (rubus idaeus) Gemmo Mazerat<\/h2>\n<p>Die nat\u00fcrlichen Inhaltsstoffe des<strong> Himbeere (rubus idaeus) Gemmo Mazerates <\/strong>sind: Frische Knospen des Himbeerstrauches, pflanzliches Glycerin, Alkohol, Wasser<\/p>\n<p>&nbsp;<\/p>\n<h4><strong>Die Kraft der Himbeere<\/strong><\/h4>\n<p>&nbsp;<\/p>\n<p>Unser <strong>Duschlbaur\u00b4s Himbeere (rubus idaeus) Gemmo Mazerat<\/strong> kann unterst\u00fctzend eingenommen werden bei:<\/p>\n<ul>\n<li>Beschwerden der Wechseljahre<\/li>\n<li>Hitzewallungen<\/li>\n<li>Hormonschwankungen<\/li>\n<li>Menstruationsbeschwerden<\/li>\n<li>PMS (Pr\u00e4menstruelles Syndrom)<\/li>\n<li>Brustspannen<\/li>\n<li>Wassereinlagerungen im Gewebe<\/li>\n<li>Kopfschmerzen in den Tagen vor der Regelblutung<\/li>\n<li>Gereiztheit in den Tagen vor der Regelblutung<\/li>\n<\/ul>\n<p>Eine gleichzeitige Einnahme von konservativen Arzneien und Duschlbaur\u00b4s Himbeere (Rubus idaeus) Gemmo Mazerat ist problemlos m\u00f6glich.<\/p>\n<p>&nbsp;<\/p>\n<h4><strong>Himbeere \u2013 \u00a0die \u201eRose\u201c unter den Beerenstr\u00e4uchern<\/strong><\/h4>\n<p>&nbsp;<\/p>\n<p>Die <strong>Himbeere<\/strong> \u2013 lateinisch<strong> rubus idaeus<\/strong> \u2013 geh\u00f6rt zur Familie der Rosengew\u00e4chse. Aus botanischer Sicht sind Himbeeren keine Beeren sondern Sammelsteinfr\u00fcchte. Urspr\u00fcnglich stammt der Himbeerstrauch aus Mitteleuropa. Verbreitung hat die Himbeere im \u00f6stlichen Nordamerika, in S\u00fcdamerika, Neuseeland und Gr\u00f6nland gefunden. Weltweit gibt es mehr als tausend Sorten, welche in Sommer- oder Herbsthimbeeren eingeteilt werden. Klassisch kennt man die \u201eRote\u201c Himbeere. Es gibt auch gelb- oder schwarzfruchtige Z\u00fcchtungen.<\/p>\n<p>Sie ist eine mehrj\u00e4hrige Pflanze, welche winterliche Lebensbedingungen gut aush\u00e4lt. So ist sie in alpinen Lagen von 2.000 m Seeh\u00f6he anzutreffen. K\u00fchlere Temperaturen zieht sie der mediterranen W\u00e4rme vor. Der sommergr\u00fcne Strauch kann bis zu zwei Meter hoch sprie\u00dfen. Stachelige, zum Teil \u00fcberh\u00e4ngende Ruten geben dem Strauch ein wildes Aussehen. Er ist ein beliebtes Vogel- und Bienenn\u00e4hrgeh\u00f6lz.<\/p>\n<p>Der Himbeerstrauch bildet von Mai bis August zarte, wei\u00dfe, rispenf\u00f6rmige Bl\u00fctenst\u00e4nde. Aus den unz\u00e4hligen Bl\u00fcten wachsen kleine, gr\u00fcne Kn\u00f6pfe, welche sich zu den begehrten, hellroten Beerenfr\u00fcchte auswachsen. Geerntet wird von Juni bis in den November hinein. Die Himbeerfrucht ist reich an Vitaminen und Mineralstoffen. In 100 Gramm frischen Himbeeren stecken 25 mg Vitamin C, 170 mg Kalium, 40 mg Calcium und 30 mg Magnesium. Weiters enthalten sie Eisen, Mangan, B-Vitamine, Antioxidantien und Flavonoide.<\/p>\n","protected":false},"excerpt":{"rendered":"<ul>\n<li>Anwendungsgebiete: Wechseljahre, Menstruation, PMS (Pr\u00e4menstruelles Syndrom)<\/li>\n<li>Sofortige Wirkstoffaufnahme \u00fcber die Mundschleimhaut<\/li>\n<li>Ohne Wasser einzunehmen<\/li>\n<li>Frische Pflanzenknospen aus K\u00e4rntner Wildsammlung<\/li>\n<li>Ernte der aussprie\u00dfenden Knospen im Fr\u00fchjahr<\/li>\n<li>Alle Inhaltsstoffe 100 % nat\u00fcrlich<\/li>\n<li>Frei von Mineral- und Silikonstoffen<\/li>\n<li>Frei von Hormonen, k\u00fcnstlichen Zus\u00e4tzen und Farbstoffen<\/li>\n<li>Hergestellt in K\u00e4rnten<\/li>\n<\/ul>\n<p><strong>Gemmo Mazerat &#8211; 30 ml Spr\u00fchflasche<\/strong><\/p>\n","protected":false},"featured_media":8269,"comment_status":"closed","ping_status":"closed","template":"","meta":{"inline_featured_image":false},"product_cat":[28],"product_tag":[],"acf":[],"yoast_head":"<!-- This site is optimized with the Yoast SEO plugin v20.11 - https:\/\/yoast.com\/wordpress\/plugins\/seo\/ -->\n<title>Himbeere (Rubus idaeus) Gemmo Mazerat aus K\u00e4rnten<\/title>\n<meta name=\"description\" content=\"Himbeere (Rubus idaeus) Gemmo Mazerat - die &quot;Rose&quot; unter den Beeren f\u00fcr alle Themen rund um ein Frauenleben!\" \/>\n<meta name=\"robots\" content=\"index, follow, max-snippet:-1, max-image-preview:large, max-video-preview:-1\" \/>\n<link rel=\"canonical\" href=\"https:\/\/www.naturessenzen.com\/produkt\/himbeere-rubus-idaeus-gemmo-mazerat\/\" \/>\n<meta property=\"og:locale\" content=\"de_DE\" \/>\n<meta property=\"og:type\" content=\"article\" \/>\n<meta property=\"og:title\" content=\"Himbeere (Rubus idaeus) Gemmo Mazerat aus K\u00e4rnten\" \/>\n<meta property=\"og:description\" content=\"Himbeere (Rubus idaeus) Gemmo Mazerat - die &quot;Rose&quot; unter den Beeren f\u00fcr alle Themen rund um ein Frauenleben!\" \/>\n<meta property=\"og:url\" content=\"https:\/\/www.naturessenzen.com\/produkt\/himbeere-rubus-idaeus-gemmo-mazerat\/\" \/>\n<meta property=\"og:site_name\" content=\"Duschlbaur&#039;s Kr\u00e4uter Shop - Tinktur Kr\u00e4utertinktur kaufen! Qualit\u00e4t seit 1917!\" \/>\n<meta property=\"article:modified_time\" content=\"2023-09-27T08:00:25+00:00\" \/>\n<meta property=\"og:image\" content=\"https:\/\/www.naturessenzen.com\/wp-content\/uploads\/2023\/09\/Himbeere-Gemmo-Mazerat.png\" \/>\n\t<meta property=\"og:image:width\" content=\"1000\" \/>\n\t<meta property=\"og:image:height\" content=\"1000\" \/>\n\t<meta property=\"og:image:type\" content=\"image\/png\" \/>\n<meta name=\"twitter:card\" content=\"summary_large_image\" \/>\n<meta name=\"twitter:label1\" content=\"Gesch\u00e4tzte Lesezeit\" \/>\n\t<meta name=\"twitter:data1\" content=\"2\u00a0Minuten\" \/>\n<script type=\"application\/ld+json\" class=\"yoast-schema-graph\">{\"@context\":\"https:\/\/schema.org\",\"@graph\":[{\"@type\":\"WebPage\",\"@id\":\"https:\/\/www.naturessenzen.com\/produkt\/himbeere-rubus-idaeus-gemmo-mazerat\/\",\"url\":\"https:\/\/www.naturessenzen.com\/produkt\/himbeere-rubus-idaeus-gemmo-mazerat\/\",\"name\":\"Himbeere (Rubus idaeus) Gemmo Mazerat aus K\u00e4rnten\",\"isPartOf\":{\"@id\":\"https:\/\/www.naturessenzen.com\/#website\"},\"datePublished\":\"2023-09-26T07:35:38+00:00\",\"dateModified\":\"2023-09-27T08:00:25+00:00\",\"description\":\"Himbeere (Rubus idaeus) Gemmo Mazerat - die \\\"Rose\\\" unter den Beeren f\u00fcr alle Themen rund um ein Frauenleben!\",\"breadcrumb\":{\"@id\":\"https:\/\/www.naturessenzen.com\/produkt\/himbeere-rubus-idaeus-gemmo-mazerat\/#breadcrumb\"},\"inLanguage\":\"de\",\"potentialAction\":[{\"@type\":\"ReadAction\",\"target\":[\"https:\/\/www.naturessenzen.com\/produkt\/himbeere-rubus-idaeus-gemmo-mazerat\/\"]}]},{\"@type\":\"BreadcrumbList\",\"@id\":\"https:\/\/www.naturessenzen.com\/produkt\/himbeere-rubus-idaeus-gemmo-mazerat\/#breadcrumb\",\"itemListElement\":[{\"@type\":\"ListItem\",\"position\":1,\"name\":\"Startseite\",\"item\":\"https:\/\/www.naturessenzen.com\/\"},{\"@type\":\"ListItem\",\"position\":2,\"name\":\"Shop\",\"item\":\"https:\/\/www.naturessenzen.com\/heilpflanzen-heilkraeuter-online-tinktur-kaufen\/\"},{\"@type\":\"ListItem\",\"position\":3,\"name\":\"Himbeere Gemmo Mazerat (rubus idaeus)\"}]},{\"@type\":\"WebSite\",\"@id\":\"https:\/\/www.naturessenzen.com\/#website\",\"url\":\"https:\/\/www.naturessenzen.com\/\",\"name\":\"Duschlbaur&#039;s Kr\u00e4uter Shop - Tinktur Kr\u00e4utertinktur kaufen! Qualit\u00e4t seit 1917!\",\"description\":\"Wir haben einen gro\u00dfe Auswahl an Kr\u00e4utertinkturen in unserem Shop! Tinktur Kr\u00e4utertinktur kaufen!\",\"potentialAction\":[{\"@type\":\"SearchAction\",\"target\":{\"@type\":\"EntryPoint\",\"urlTemplate\":\"https:\/\/www.naturessenzen.com\/?s={search_term_string}\"},\"query-input\":\"required name=search_term_string\"}],\"inLanguage\":\"de\"}]}<\/script>\n<!-- \/ Yoast SEO plugin. -->","yoast_head_json":{"title":"Himbeere (Rubus idaeus) Gemmo Mazerat aus K\u00e4rnten","description":"Himbeere (Rubus idaeus) Gemmo Mazerat - die \"Rose\" unter den Beeren f\u00fcr alle Themen rund um ein Frauenleben!","robots":{"index":"index","follow":"follow","max-snippet":"max-snippet:-1","max-image-preview":"max-image-preview:large","max-video-preview":"max-video-preview:-1"},"canonical":"https:\/\/www.naturessenzen.com\/produkt\/himbeere-rubus-idaeus-gemmo-mazerat\/","og_locale":"de_DE","og_type":"article","og_title":"Himbeere (Rubus idaeus) Gemmo Mazerat aus K\u00e4rnten","og_description":"Himbeere (Rubus idaeus) Gemmo Mazerat - die \"Rose\" unter den Beeren f\u00fcr alle Themen rund um ein Frauenleben!","og_url":"https:\/\/www.naturessenzen.com\/produkt\/himbeere-rubus-idaeus-gemmo-mazerat\/","og_site_name":"Duschlbaur&#039;s Kr\u00e4uter Shop - Tinktur Kr\u00e4utertinktur kaufen! Qualit\u00e4t seit 1917!","article_modified_time":"2023-09-27T08:00:25+00:00","og_image":[{"width":1000,"height":1000,"url":"https:\/\/www.naturessenzen.com\/wp-content\/uploads\/2023\/09\/Himbeere-Gemmo-Mazerat.png","type":"image\/png"}],"twitter_card":"summary_large_image","twitter_misc":{"Gesch\u00e4tzte Lesezeit":"2\u00a0Minuten"},"schema":{"@context":"https:\/\/schema.org","@graph":[{"@type":"WebPage","@id":"https:\/\/www.naturessenzen.com\/produkt\/himbeere-rubus-idaeus-gemmo-mazerat\/","url":"https:\/\/www.naturessenzen.com\/produkt\/himbeere-rubus-idaeus-gemmo-mazerat\/","name":"Himbeere (Rubus idaeus) Gemmo Mazerat aus K\u00e4rnten","isPartOf":{"@id":"https:\/\/www.naturessenzen.com\/#website"},"datePublished":"2023-09-26T07:35:38+00:00","dateModified":"2023-09-27T08:00:25+00:00","description":"Himbeere (Rubus idaeus) Gemmo Mazerat - die \"Rose\" unter den Beeren f\u00fcr alle Themen rund um ein Frauenleben!","breadcrumb":{"@id":"https:\/\/www.naturessenzen.com\/produkt\/himbeere-rubus-idaeus-gemmo-mazerat\/#breadcrumb"},"inLanguage":"de","potentialAction":[{"@type":"ReadAction","target":["https:\/\/www.naturessenzen.com\/produkt\/himbeere-rubus-idaeus-gemmo-mazerat\/"]}]},{"@type":"BreadcrumbList","@id":"https:\/\/www.naturessenzen.com\/produkt\/himbeere-rubus-idaeus-gemmo-mazerat\/#breadcrumb","itemListElement":[{"@type":"ListItem","position":1,"name":"Startseite","item":"https:\/\/www.naturessenzen.com\/"},{"@type":"ListItem","position":2,"name":"Shop","item":"https:\/\/www.naturessenzen.com\/heilpflanzen-heilkraeuter-online-tinktur-kaufen\/"},{"@type":"ListItem","position":3,"name":"Himbeere Gemmo Mazerat (rubus idaeus)"}]},{"@type":"WebSite","@id":"https:\/\/www.naturessenzen.com\/#website","url":"https:\/\/www.naturessenzen.com\/","name":"Duschlbaur&#039;s Kr\u00e4uter Shop - Tinktur Kr\u00e4utertinktur kaufen! Qualit\u00e4t seit 1917!","description":"Wir haben einen gro\u00dfe Auswahl an Kr\u00e4utertinkturen in unserem Shop! Tinktur Kr\u00e4utertinktur kaufen!","potentialAction":[{"@type":"SearchAction","target":{"@type":"EntryPoint","urlTemplate":"https:\/\/www.naturessenzen.com\/?s={search_term_string}"},"query-input":"required name=search_term_string"}],"inLanguage":"de"}]}},"_links":{"self":[{"href":"https:\/\/www.naturessenzen.com\/wp-json\/wp\/v2\/product\/6316"}],"collection":[{"href":"https:\/\/www.naturessenzen.com\/wp-json\/wp\/v2\/product"}],"about":[{"href":"https:\/\/www.naturessenzen.com\/wp-json\/wp\/v2\/types\/product"}],"replies":[{"embeddable":true,"href":"https:\/\/www.naturessenzen.com\/wp-json\/wp\/v2\/comments?post=6316"}],"wp:featuredmedia":[{"embeddable":true,"href":"https:\/\/www.naturessenzen.com\/wp-json\/wp\/v2\/media\/8269"}],"wp:attachment":[{"href":"https:\/\/www.naturessenzen.com\/wp-json\/wp\/v2\/media?parent=6316"}],"wp:term":[{"taxonomy":"product_cat","embeddable":true,"href":"https:\/\/www.naturessenzen.com\/wp-json\/wp\/v2\/product_cat?post=6316"},{"taxonomy":"product_tag","embeddable":true,"href":"https:\/\/www.naturessenzen.com\/wp-json\/wp\/v2\/product_tag?post=6316"}],"curies":[{"name":"wp","href":"https:\/\/api.w.org\/{rel}","templated":true}]}}