{"id":6301,"date":"2023-09-26T09:45:08","date_gmt":"2023-09-26T07:45:08","guid":{"rendered":"https:\/\/www.naturessenzen.com\/?post_type=product&#038;p=6301"},"modified":"2023-09-28T08:29:32","modified_gmt":"2023-09-28T06:29:32","slug":"ribes-nigrum-gemmo-mazerat","status":"publish","type":"product","link":"https:\/\/www.naturessenzen.com\/produkt\/ribes-nigrum-gemmo-mazerat\/","title":{"rendered":"Ribes nigrum Gemmo Mazerat (Schwarze Johannisbeere)"},"content":{"rendered":"<h2>Ribes nigrum Gemmo Mazerat<\/h2>\n<p>Die nat\u00fcrlichen Inhaltsstoffe des<strong> ribes nigrum Gemmo Mazerates <\/strong>sind: Frische Knospen des Schwarze Johannisbeere-Strauches, pflanzliches Glycerin, Alkohol, Wasser<\/p>\n<p>&nbsp;<\/p>\n<h4><strong>Die Kraft der Schwarzen Johannisbeere<\/strong><\/h4>\n<p>&nbsp;<\/p>\n<p>Unser <strong>Duschlbaur\u00b4s Schwarze Johannisbeere (ribes nigrum) Gemmo Mazerat<\/strong> kann unterst\u00fctzend eingenommen werden bei:<\/p>\n<ul>\n<li>Beginnenden und l\u00e4nger dauernden Erk\u00e4ltungssymptomen<\/li>\n<li>Halsschmerzen<\/li>\n<li>Ohrenschmerzen<\/li>\n<li>rinnender Nase<\/li>\n<li>Gelenksentz\u00fcndungen<\/li>\n<li>Rheumatischen Erkrankungen<\/li>\n<li>Heuschnupfen<\/li>\n<li>Allergische Hautreaktionen<\/li>\n<li>in Stress-Situationen<\/li>\n<\/ul>\n<p>Eine gleichzeitige Einnahme von konservativen Arzneien und Duschlbaur\u00b4s Schwarze Johannisbeere Gemmo Mazerat ist problemlos m\u00f6glich.<\/p>\n<p>&nbsp;<\/p>\n<h4><strong>Die Schwarze Johannisbeere \u2013 ein \u00e4u\u00dferst kostbarer Beerenstrauch<\/strong><\/h4>\n<p>&nbsp;<\/p>\n<p>Die <strong>Schwarze Johannisbeere<\/strong> \u2013 lateinisch <strong>ribes nigrum<\/strong> \u2013 wird in \u00d6sterreich auch Schwarze Ribisel genannt. Sie geh\u00f6rt botanisch zu den Stachelbeergew\u00e4chsen.<\/p>\n<p>Die urspr\u00fcngliche Wildform war in den gem\u00e4\u00dfigten Breiten anzutreffen. Die Schwarze Johannisbeere wurde bereits im Mittelalter in den Klosterg\u00e4rten domestiziert und eroberte von dort die heimischen G\u00e4rten. Durch Kultivierung ist sie nunmehr weltweit verbreitet.<\/p>\n<p>Sie gedeihen sehr gut auf feuchten und n\u00e4hrstoffreichen B\u00f6den. Die Schwarze Johannisbeere ist ein sommergr\u00fcner, bis zu zwei Meter hoher Strauch. An seinen fein behaarten Trieben sitzen drei- bis f\u00fcnflappige Laubbl\u00e4tter. Bereits die Knospen verstr\u00f6men einen herb-intensiven Geruch.<\/p>\n<p>Die schwarzen Beeren sind bekannt f\u00fcr ihren herb-s\u00e4uerlichen Geschmack, welcher durch ausreichende Reifung angenehm s\u00fc\u00dflich wird. Beerenliebhaber sollten sie an einem sonnigen Standort setzen. Die Beeren entwickeln dort einen aromatischeren, s\u00fc\u00dflicheren Geschmack. Die Schwarzen Johannisbeeren k\u00f6nnen lange am Strauch h\u00e4ngen bleiben, ohne zu verderben.<\/p>\n<p>Die Beerenfr\u00fcchte sind reich an Vitamin C, Anthocyane, Fruchts\u00e4uren, Flavonoiden, Phenolcarbons\u00e4urederivaten, Monosacchariden, Kalium, Calcium, Phosphor und Pektin. Bereits 100 g der Schwarzen Johannisbeere enthalten den doppelten Tagesbedarf an Vitamin C. Der Vitamin C-Gehalt der Beerenknospen ist sogar h\u00f6her als in den reifen Beerenfr\u00fcchten. Es gibt keine ges\u00fcndere Beerenfrucht als jene der Schwarzen Johannisbeere!<\/p>\n<p>&nbsp;<\/p>\n","protected":false},"excerpt":{"rendered":"<ul>\n<li>Anwendungsgebiete: Atemwege, Allergien, Immunsystem, Haut, Mundschleimhaut, Bewegungsapparat, Stress<\/li>\n<li>Sofortige Wirkstoffaufnahme \u00fcber die Mundschleimhaut<\/li>\n<li>Ohne Wasser einzunehmen<\/li>\n<li>Frische Pflanzenknospen aus K\u00e4rntner Wildsammlung<\/li>\n<li>Ernte der aussprie\u00dfenden Knospen im Fr\u00fchjahr<\/li>\n<li>Alle Inhaltsstoffe 100 % nat\u00fcrlich<\/li>\n<li>Frei von Mineral- und Silikonstoffen<\/li>\n<li>Frei von Hormonen, k\u00fcnstlichen Zus\u00e4tzen und Farbstoffen<\/li>\n<li>Hergestellt in K\u00e4rnten<\/li>\n<\/ul>\n<p><strong>Gemmo Mazerat &#8211; 30 ml Spr\u00fchflasche<\/strong><\/p>\n","protected":false},"featured_media":8276,"comment_status":"closed","ping_status":"closed","template":"","meta":{"inline_featured_image":false},"product_cat":[28],"product_tag":[],"acf":[],"yoast_head":"<!-- This site is optimized with the Yoast SEO plugin v20.11 - https:\/\/yoast.com\/wordpress\/plugins\/seo\/ -->\n<title>ribes nigrum Gemmo Mazerat aus K\u00e4rnten kaufen - Handarbeit<\/title>\n<meta name=\"description\" content=\"Schwarze Johannisbeere (Ribes nigrum) Gemmo Mazerat - der beliebte Soforthelfer bei Erk\u00e4ltungssymptomen und entz\u00fcndlichen Erkrankungen!\" \/>\n<meta name=\"robots\" content=\"index, follow, max-snippet:-1, max-image-preview:large, max-video-preview:-1\" \/>\n<link rel=\"canonical\" href=\"https:\/\/www.naturessenzen.com\/produkt\/ribes-nigrum-gemmo-mazerat\/\" \/>\n<meta property=\"og:locale\" content=\"de_DE\" \/>\n<meta property=\"og:type\" content=\"article\" \/>\n<meta property=\"og:title\" content=\"ribes nigrum Gemmo Mazerat aus K\u00e4rnten kaufen - Handarbeit\" \/>\n<meta property=\"og:description\" content=\"Schwarze Johannisbeere (Ribes nigrum) Gemmo Mazerat - der beliebte Soforthelfer bei Erk\u00e4ltungssymptomen und entz\u00fcndlichen Erkrankungen!\" \/>\n<meta property=\"og:url\" content=\"https:\/\/www.naturessenzen.com\/produkt\/ribes-nigrum-gemmo-mazerat\/\" \/>\n<meta property=\"og:site_name\" content=\"Duschlbaur&#039;s Kr\u00e4uter Shop - Tinktur Kr\u00e4utertinktur kaufen! Qualit\u00e4t seit 1917!\" \/>\n<meta property=\"article:modified_time\" content=\"2023-09-28T06:29:32+00:00\" \/>\n<meta property=\"og:image\" content=\"https:\/\/www.naturessenzen.com\/wp-content\/uploads\/2023\/09\/Schwarze-Johannisbeere-Gemmo-Mazerat.png\" \/>\n\t<meta property=\"og:image:width\" content=\"1000\" \/>\n\t<meta property=\"og:image:height\" content=\"1000\" \/>\n\t<meta property=\"og:image:type\" content=\"image\/png\" \/>\n<meta name=\"twitter:card\" content=\"summary_large_image\" \/>\n<meta name=\"twitter:label1\" content=\"Gesch\u00e4tzte Lesezeit\" \/>\n\t<meta name=\"twitter:data1\" content=\"2\u00a0Minuten\" \/>\n<script type=\"application\/ld+json\" class=\"yoast-schema-graph\">{\"@context\":\"https:\/\/schema.org\",\"@graph\":[{\"@type\":\"WebPage\",\"@id\":\"https:\/\/www.naturessenzen.com\/produkt\/ribes-nigrum-gemmo-mazerat\/\",\"url\":\"https:\/\/www.naturessenzen.com\/produkt\/ribes-nigrum-gemmo-mazerat\/\",\"name\":\"ribes nigrum Gemmo Mazerat aus K\u00e4rnten kaufen - Handarbeit\",\"isPartOf\":{\"@id\":\"https:\/\/www.naturessenzen.com\/#website\"},\"datePublished\":\"2023-09-26T07:45:08+00:00\",\"dateModified\":\"2023-09-28T06:29:32+00:00\",\"description\":\"Schwarze Johannisbeere (Ribes nigrum) Gemmo Mazerat - der beliebte Soforthelfer bei Erk\u00e4ltungssymptomen und entz\u00fcndlichen Erkrankungen!\",\"breadcrumb\":{\"@id\":\"https:\/\/www.naturessenzen.com\/produkt\/ribes-nigrum-gemmo-mazerat\/#breadcrumb\"},\"inLanguage\":\"de\",\"potentialAction\":[{\"@type\":\"ReadAction\",\"target\":[\"https:\/\/www.naturessenzen.com\/produkt\/ribes-nigrum-gemmo-mazerat\/\"]}]},{\"@type\":\"BreadcrumbList\",\"@id\":\"https:\/\/www.naturessenzen.com\/produkt\/ribes-nigrum-gemmo-mazerat\/#breadcrumb\",\"itemListElement\":[{\"@type\":\"ListItem\",\"position\":1,\"name\":\"Startseite\",\"item\":\"https:\/\/www.naturessenzen.com\/\"},{\"@type\":\"ListItem\",\"position\":2,\"name\":\"Shop\",\"item\":\"https:\/\/www.naturessenzen.com\/heilpflanzen-heilkraeuter-online-tinktur-kaufen\/\"},{\"@type\":\"ListItem\",\"position\":3,\"name\":\"Ribes nigrum Gemmo Mazerat (Schwarze Johannisbeere)\"}]},{\"@type\":\"WebSite\",\"@id\":\"https:\/\/www.naturessenzen.com\/#website\",\"url\":\"https:\/\/www.naturessenzen.com\/\",\"name\":\"Duschlbaur&#039;s Kr\u00e4uter Shop - Tinktur Kr\u00e4utertinktur kaufen! Qualit\u00e4t seit 1917!\",\"description\":\"Wir haben einen gro\u00dfe Auswahl an Kr\u00e4utertinkturen in unserem Shop! Tinktur Kr\u00e4utertinktur kaufen!\",\"potentialAction\":[{\"@type\":\"SearchAction\",\"target\":{\"@type\":\"EntryPoint\",\"urlTemplate\":\"https:\/\/www.naturessenzen.com\/?s={search_term_string}\"},\"query-input\":\"required name=search_term_string\"}],\"inLanguage\":\"de\"}]}<\/script>\n<!-- \/ Yoast SEO plugin. -->","yoast_head_json":{"title":"ribes nigrum Gemmo Mazerat aus K\u00e4rnten kaufen - Handarbeit","description":"Schwarze Johannisbeere (Ribes nigrum) Gemmo Mazerat - der beliebte Soforthelfer bei Erk\u00e4ltungssymptomen und entz\u00fcndlichen Erkrankungen!","robots":{"index":"index","follow":"follow","max-snippet":"max-snippet:-1","max-image-preview":"max-image-preview:large","max-video-preview":"max-video-preview:-1"},"canonical":"https:\/\/www.naturessenzen.com\/produkt\/ribes-nigrum-gemmo-mazerat\/","og_locale":"de_DE","og_type":"article","og_title":"ribes nigrum Gemmo Mazerat aus K\u00e4rnten kaufen - Handarbeit","og_description":"Schwarze Johannisbeere (Ribes nigrum) Gemmo Mazerat - der beliebte Soforthelfer bei Erk\u00e4ltungssymptomen und entz\u00fcndlichen Erkrankungen!","og_url":"https:\/\/www.naturessenzen.com\/produkt\/ribes-nigrum-gemmo-mazerat\/","og_site_name":"Duschlbaur&#039;s Kr\u00e4uter Shop - Tinktur Kr\u00e4utertinktur kaufen! Qualit\u00e4t seit 1917!","article_modified_time":"2023-09-28T06:29:32+00:00","og_image":[{"width":1000,"height":1000,"url":"https:\/\/www.naturessenzen.com\/wp-content\/uploads\/2023\/09\/Schwarze-Johannisbeere-Gemmo-Mazerat.png","type":"image\/png"}],"twitter_card":"summary_large_image","twitter_misc":{"Gesch\u00e4tzte Lesezeit":"2\u00a0Minuten"},"schema":{"@context":"https:\/\/schema.org","@graph":[{"@type":"WebPage","@id":"https:\/\/www.naturessenzen.com\/produkt\/ribes-nigrum-gemmo-mazerat\/","url":"https:\/\/www.naturessenzen.com\/produkt\/ribes-nigrum-gemmo-mazerat\/","name":"ribes nigrum Gemmo Mazerat aus K\u00e4rnten kaufen - Handarbeit","isPartOf":{"@id":"https:\/\/www.naturessenzen.com\/#website"},"datePublished":"2023-09-26T07:45:08+00:00","dateModified":"2023-09-28T06:29:32+00:00","description":"Schwarze Johannisbeere (Ribes nigrum) Gemmo Mazerat - der beliebte Soforthelfer bei Erk\u00e4ltungssymptomen und entz\u00fcndlichen Erkrankungen!","breadcrumb":{"@id":"https:\/\/www.naturessenzen.com\/produkt\/ribes-nigrum-gemmo-mazerat\/#breadcrumb"},"inLanguage":"de","potentialAction":[{"@type":"ReadAction","target":["https:\/\/www.naturessenzen.com\/produkt\/ribes-nigrum-gemmo-mazerat\/"]}]},{"@type":"BreadcrumbList","@id":"https:\/\/www.naturessenzen.com\/produkt\/ribes-nigrum-gemmo-mazerat\/#breadcrumb","itemListElement":[{"@type":"ListItem","position":1,"name":"Startseite","item":"https:\/\/www.naturessenzen.com\/"},{"@type":"ListItem","position":2,"name":"Shop","item":"https:\/\/www.naturessenzen.com\/heilpflanzen-heilkraeuter-online-tinktur-kaufen\/"},{"@type":"ListItem","position":3,"name":"Ribes nigrum Gemmo Mazerat (Schwarze Johannisbeere)"}]},{"@type":"WebSite","@id":"https:\/\/www.naturessenzen.com\/#website","url":"https:\/\/www.naturessenzen.com\/","name":"Duschlbaur&#039;s Kr\u00e4uter Shop - Tinktur Kr\u00e4utertinktur kaufen! Qualit\u00e4t seit 1917!","description":"Wir haben einen gro\u00dfe Auswahl an Kr\u00e4utertinkturen in unserem Shop! Tinktur Kr\u00e4utertinktur kaufen!","potentialAction":[{"@type":"SearchAction","target":{"@type":"EntryPoint","urlTemplate":"https:\/\/www.naturessenzen.com\/?s={search_term_string}"},"query-input":"required name=search_term_string"}],"inLanguage":"de"}]}},"_links":{"self":[{"href":"https:\/\/www.naturessenzen.com\/wp-json\/wp\/v2\/product\/6301"}],"collection":[{"href":"https:\/\/www.naturessenzen.com\/wp-json\/wp\/v2\/product"}],"about":[{"href":"https:\/\/www.naturessenzen.com\/wp-json\/wp\/v2\/types\/product"}],"replies":[{"embeddable":true,"href":"https:\/\/www.naturessenzen.com\/wp-json\/wp\/v2\/comments?post=6301"}],"wp:featuredmedia":[{"embeddable":true,"href":"https:\/\/www.naturessenzen.com\/wp-json\/wp\/v2\/media\/8276"}],"wp:attachment":[{"href":"https:\/\/www.naturessenzen.com\/wp-json\/wp\/v2\/media?parent=6301"}],"wp:term":[{"taxonomy":"product_cat","embeddable":true,"href":"https:\/\/www.naturessenzen.com\/wp-json\/wp\/v2\/product_cat?post=6301"},{"taxonomy":"product_tag","embeddable":true,"href":"https:\/\/www.naturessenzen.com\/wp-json\/wp\/v2\/product_tag?post=6301"}],"curies":[{"name":"wp","href":"https:\/\/api.w.org\/{rel}","templated":true}]}}