{"id":6206,"date":"2023-09-20T09:39:53","date_gmt":"2023-09-20T07:39:53","guid":{"rendered":"https:\/\/www.naturessenzen.com\/?post_type=product&#038;p=6206"},"modified":"2023-10-04T10:17:34","modified_gmt":"2023-10-04T08:17:34","slug":"ringelblumen-salbe","status":"publish","type":"product","link":"https:\/\/www.naturessenzen.com\/produkt\/ringelblumen-salbe\/","title":{"rendered":"Ringelblumen Salbe"},"content":{"rendered":"<h2>Ringelblumen Salbe<\/h2>\n<p>&nbsp;<\/p>\n<p>Die nat\u00fcrlichen Inhaltsstoffe der<strong> nat\u00fcrlichen Ringelblumen Salbe <\/strong>sind: Sheabutter, Macadamia-\u00d6l, Jojoba\u00f6l, Olivenextrakte, Ringelblumen, Rosmarin\u00f6l, Magnolien<\/p>\n<p>&nbsp;<\/p>\n<h4>Ringelblume<\/h4>\n<p>Die<strong> Ringelblume <\/strong>verzaubert mit ihren orangen und gelben Bl\u00fcten Tier und Mensch. Sie zieht n\u00fctzliche Insekten (Bienen und Schmetterlinge) an und ist aus der Hausapotheke nicht mehr wegzudenken. Daher werden Sie die Ringelblume in jedem Bauerngarten finden. Vor den &#8222;Wetter-Apps&#8220; nutzten die Bauern die Ringelblume als \u201eWetterfrosch\u201c. Die Ringelblume erkennt die Zeichen der Natur und faltes bei nahendem Regenwetter faltet ihre Bl\u00fctenbl\u00e4tter zusammen.<\/p>\n<p>Ihre urspr\u00fcngliche Heimat ist nicht mehr einwandfrei feststellbar, da die Ringelblume zu den \u00e4ltesten vom Menschen genutzten Pflanzen geh\u00f6rt.<\/p>\n<p>Die Ringelblume ist \u2013 vor allem \u00e4u\u00dferlich angewendet \u2013 eine der wirkungsvollsten Wundheilpflanzen. Durch ihre entz\u00fcndungshemmenden und wundheilungsf\u00f6rdernden Eigenschaften hilft sie bei verletzter, entz\u00fcndeter, empfindlicher und gereizter Haut.<\/p>\n<p>&nbsp;<\/p>\n<h4>Sheabutter<strong>\u00a0<\/strong><\/h4>\n<p><strong>Sheabutter<\/strong> ist eine hochwertige und n\u00e4hrende Basispflege f\u00fcr Cremen und Balsame. Sie f\u00f6rdert die Elastizit\u00e4t der Haut, da sie r\u00fcckfettend, beruhigend und gl\u00e4ttend wirkt.<\/p>\n<p>&nbsp;<\/p>\n<h4>Macadamia-\u00d6l<\/h4>\n<p><strong>Macadamia-\u00d6l<\/strong> aus dem Macadamian\u00fcssen z\u00e4hlt zu den nicht-trockenen \u00d6len. Der hohe Fettanteil und der hohe Anteil an Palmitoleins\u00e4ure erzeugen ein angenehmes Gef\u00fchl beim Eincremen.<\/p>\n<p>Die N\u00fcsse stammen vom Macadamianussbaum. Dieser Baum w\u00e4chst in tropisch-warmen Regionen. Seine Anbaugebiete sind beschr\u00e4nkt, da er sehr anspruchsvoll ist. Die erste Ernte der kastanien\u00e4hnlichen Steinfr\u00fcchte ist erst nach rund 10 Jahren m\u00f6glich. Die Fr\u00fcchte fallen vom Baum und werden von Hand eingesammelt. Die begehrte Macadamianuss befindet sich im Kern dieser Steinfr\u00fcchte. Es bedarf einer langen Trocknungszeit, um die Steinfr\u00fcchte \u00fcberhaupt knacken und so die Macadamianuss ernten zu k\u00f6nnen. So ist es verst\u00e4ndlich, dass Macadamian\u00fcsse zu den teuersten N\u00fcssen der Welt z\u00e4hlen.<\/p>\n<p>&nbsp;<\/p>\n<h4>Jojoba\u00f6l<\/h4>\n<p><strong>Jojoba\u00f6l<\/strong> wird aus den Fr\u00fcchten des Jojobastrauches gewonnen. Der immergr\u00fcne Strauch w\u00e4chst in W\u00fcsten und Halbw\u00fcsten. Die oliven\u00e4hnlichen Fr\u00fcchte enthalten kleine, braune Samen. Aus diesen Samen wird das Jojoba\u00f6l gepresst. Eigentlich handelt es sich beim Jojoba\u00f6l nicht um ein \u00d6l, sondern um eine wachs\u00e4hnliche Substanz. Jojoba\u00f6l hat antioxidative Eigenschaften und verz\u00f6gert die Alterung der Haut. Es ist reich an Vitamin E und Provitamin A und besitzt sehr gute Hautpflegeeigenschaften.<\/p>\n<p>&nbsp;<\/p>\n<h4>Olivenextrakte<\/h4>\n<p><strong>Olivenextrakte<\/strong> sind beliebte Basiszutaten f\u00fcr geschmeidige Cremen. Sie pflegen intensiv und schenken Elastizit\u00e4t.<\/p>\n<p>&nbsp;<\/p>\n<h4>Rosmarin\u00f6l<\/h4>\n<p>Das \u00e4therische <strong>Rosmarin\u00f6l<\/strong> hilft der Haut, sich selbst zu helfen. Rosmarin\u00f6l f\u00f6rdert die Widerstandskraft und die Straffung der Haut. Es wirkt durchblutungsf\u00f6rdernd, schmerzstillend und belebend. Es hilft gut bei Muskelkater, Nerven- und rheumatischen Schmerzen. Rosmarin\u00f6l ist ein wahrer Muntermacher!<\/p>\n<p>&nbsp;<\/p>\n<h4>Magnolienextrakt<\/h4>\n<p><strong>Magnolienextrakt<\/strong> wird aus den Bl\u00fcten, Bl\u00e4ttern oder der Rinde des Magnolienbaumes gewonnen. Auf der Haut zeichnet es sich durch antioxidative, antiinflammatorische sowie antibakterielle Eigenschaften aus. Da es die Haltbarkeit von Fetten und \u00d6len verl\u00e4ngert, wird es gerne in der Salbenherstellung verwendet.<\/p>\n<p>&nbsp;<\/p>\n<h4>Herstellungsmethode<\/h4>\n<p>F\u00fcr die Herstellung unserer Duschlbaur\u00b4s nat\u00fcrliche Ringelblumen Salbe arbeiten wir mit der teuersten Extraktionsmethode, und zwar mit der CO<sub>2<\/sub>-Extraktion. Dabei wird CO<sub>2<\/sub> verwendet, um die wertvollen Wirkstoffe aus den Pflanzen herauszul\u00f6sen. Diese Methode ist die umweltfreundlichste, wirksamste und sicherste M\u00f6glichkeit, um das Beste aus dem Pflanzenmaterial herauszuholen.<\/p>\n<p><em>Warum umweltfreundlich?<\/em><\/p>\n<p>Bei der CO<sub>2<\/sub> Extraktionsmethode werden 95 % des bei jeder Extraktion verwendeten CO<sub>2<\/sub> wieder zur\u00fcckgewonnen. Das CO<sub>2<\/sub> bleibt im Prozesskreislauf. Es entstehen keine sch\u00e4dlichen Nebenprodukte.<\/p>\n<p><em>Warum wirksam?<\/em><\/p>\n<p>Diese Methode erm\u00f6glicht eine schonende Herausl\u00f6sung von sekund\u00e4ren Pflanzeninhaltsstoffen.<\/p>\n<p><em>Warum sicher?<\/em><\/p>\n<p>Die von den nat\u00fcrlichen Pflanzen extrahierten Inhaltsstoffe sind frei von L\u00f6sungsmittelr\u00fcckst\u00e4nden. Dieses Verfahren kann bei Bio-Produkten angewendet werden. Am Endprodukt sind keine CO<sub>2<\/sub>-R\u00fcckst\u00e4nde zu finden.<\/p>\n","protected":false},"excerpt":{"rendered":"<ul>\n<li>100 % zertifizierte Naturkosmetik aus K\u00e4rnten<\/li>\n<li>Alle Inhaltsstoffe 100 % nat\u00fcrlich<\/li>\n<li>Frei von Mineral- und Silikonstoffen<\/li>\n<li>Frei von Hormonen, k\u00fcnstlichen Zus\u00e4tzen und Farbstoffen<\/li>\n<li>Inhaltsstoffe werden mittels CO<sub>2<\/sub>-Extraktion aus den Pflanzen extrahiert<\/li>\n<li>Hergestellt in K\u00e4rnten<\/li>\n<\/ul>\n<p><strong>Nat\u00fcrliche Salbe &#8211; 100 ml Glastiegel<\/strong><\/p>\n","protected":false},"featured_media":8274,"comment_status":"closed","ping_status":"closed","template":"","meta":{"inline_featured_image":false},"product_cat":[27],"product_tag":[],"acf":[],"yoast_head":"<!-- This site is optimized with the Yoast SEO plugin v20.11 - https:\/\/yoast.com\/wordpress\/plugins\/seo\/ -->\n<title>Ringelblumen Salbe kaufen - reines Naturprodukt aus K\u00e4rnten<\/title>\n<meta name=\"description\" content=\"Nat\u00fcrliche Ringelblumen Salbe - 100 % zertifizierte Naturkosmetik - hergestellt in K\u00e4rnten - jetzt bestellen! Schneller Versand!\" \/>\n<meta name=\"robots\" content=\"index, follow, max-snippet:-1, max-image-preview:large, max-video-preview:-1\" \/>\n<link rel=\"canonical\" href=\"https:\/\/www.naturessenzen.com\/produkt\/ringelblumen-salbe\/\" \/>\n<meta property=\"og:locale\" content=\"de_DE\" \/>\n<meta property=\"og:type\" content=\"article\" \/>\n<meta property=\"og:title\" content=\"Ringelblumen Salbe kaufen - reines Naturprodukt aus K\u00e4rnten\" \/>\n<meta property=\"og:description\" content=\"Nat\u00fcrliche Ringelblumen Salbe - 100 % zertifizierte Naturkosmetik - hergestellt in K\u00e4rnten - jetzt bestellen! Schneller Versand!\" \/>\n<meta property=\"og:url\" content=\"https:\/\/www.naturessenzen.com\/produkt\/ringelblumen-salbe\/\" \/>\n<meta property=\"og:site_name\" content=\"Duschlbaur&#039;s Kr\u00e4uter Shop - Tinktur Kr\u00e4utertinktur kaufen! Qualit\u00e4t seit 1917!\" \/>\n<meta property=\"article:modified_time\" content=\"2023-10-04T08:17:34+00:00\" \/>\n<meta property=\"og:image\" content=\"https:\/\/www.naturessenzen.com\/wp-content\/uploads\/2023\/09\/Ringelblumen-Salbe.png\" \/>\n\t<meta property=\"og:image:width\" content=\"1000\" \/>\n\t<meta property=\"og:image:height\" content=\"1000\" \/>\n\t<meta property=\"og:image:type\" content=\"image\/png\" \/>\n<meta name=\"twitter:card\" content=\"summary_large_image\" \/>\n<meta name=\"twitter:label1\" content=\"Gesch\u00e4tzte Lesezeit\" \/>\n\t<meta name=\"twitter:data1\" content=\"4\u00a0Minuten\" \/>\n<script type=\"application\/ld+json\" class=\"yoast-schema-graph\">{\"@context\":\"https:\/\/schema.org\",\"@graph\":[{\"@type\":\"WebPage\",\"@id\":\"https:\/\/www.naturessenzen.com\/produkt\/ringelblumen-salbe\/\",\"url\":\"https:\/\/www.naturessenzen.com\/produkt\/ringelblumen-salbe\/\",\"name\":\"Ringelblumen Salbe kaufen - reines Naturprodukt aus K\u00e4rnten\",\"isPartOf\":{\"@id\":\"https:\/\/www.naturessenzen.com\/#website\"},\"datePublished\":\"2023-09-20T07:39:53+00:00\",\"dateModified\":\"2023-10-04T08:17:34+00:00\",\"description\":\"Nat\u00fcrliche Ringelblumen Salbe - 100 % zertifizierte Naturkosmetik - hergestellt in K\u00e4rnten - jetzt bestellen! Schneller Versand!\",\"breadcrumb\":{\"@id\":\"https:\/\/www.naturessenzen.com\/produkt\/ringelblumen-salbe\/#breadcrumb\"},\"inLanguage\":\"de\",\"potentialAction\":[{\"@type\":\"ReadAction\",\"target\":[\"https:\/\/www.naturessenzen.com\/produkt\/ringelblumen-salbe\/\"]}]},{\"@type\":\"BreadcrumbList\",\"@id\":\"https:\/\/www.naturessenzen.com\/produkt\/ringelblumen-salbe\/#breadcrumb\",\"itemListElement\":[{\"@type\":\"ListItem\",\"position\":1,\"name\":\"Startseite\",\"item\":\"https:\/\/www.naturessenzen.com\/\"},{\"@type\":\"ListItem\",\"position\":2,\"name\":\"Shop\",\"item\":\"https:\/\/www.naturessenzen.com\/heilpflanzen-heilkraeuter-online-tinktur-kaufen\/\"},{\"@type\":\"ListItem\",\"position\":3,\"name\":\"Ringelblumen Salbe\"}]},{\"@type\":\"WebSite\",\"@id\":\"https:\/\/www.naturessenzen.com\/#website\",\"url\":\"https:\/\/www.naturessenzen.com\/\",\"name\":\"Duschlbaur&#039;s Kr\u00e4uter Shop - Tinktur Kr\u00e4utertinktur kaufen! Qualit\u00e4t seit 1917!\",\"description\":\"Wir haben einen gro\u00dfe Auswahl an Kr\u00e4utertinkturen in unserem Shop! Tinktur Kr\u00e4utertinktur kaufen!\",\"potentialAction\":[{\"@type\":\"SearchAction\",\"target\":{\"@type\":\"EntryPoint\",\"urlTemplate\":\"https:\/\/www.naturessenzen.com\/?s={search_term_string}\"},\"query-input\":\"required name=search_term_string\"}],\"inLanguage\":\"de\"}]}<\/script>\n<!-- \/ Yoast SEO plugin. -->","yoast_head_json":{"title":"Ringelblumen Salbe kaufen - reines Naturprodukt aus K\u00e4rnten","description":"Nat\u00fcrliche Ringelblumen Salbe - 100 % zertifizierte Naturkosmetik - hergestellt in K\u00e4rnten - jetzt bestellen! Schneller Versand!","robots":{"index":"index","follow":"follow","max-snippet":"max-snippet:-1","max-image-preview":"max-image-preview:large","max-video-preview":"max-video-preview:-1"},"canonical":"https:\/\/www.naturessenzen.com\/produkt\/ringelblumen-salbe\/","og_locale":"de_DE","og_type":"article","og_title":"Ringelblumen Salbe kaufen - reines Naturprodukt aus K\u00e4rnten","og_description":"Nat\u00fcrliche Ringelblumen Salbe - 100 % zertifizierte Naturkosmetik - hergestellt in K\u00e4rnten - jetzt bestellen! Schneller Versand!","og_url":"https:\/\/www.naturessenzen.com\/produkt\/ringelblumen-salbe\/","og_site_name":"Duschlbaur&#039;s Kr\u00e4uter Shop - Tinktur Kr\u00e4utertinktur kaufen! Qualit\u00e4t seit 1917!","article_modified_time":"2023-10-04T08:17:34+00:00","og_image":[{"width":1000,"height":1000,"url":"https:\/\/www.naturessenzen.com\/wp-content\/uploads\/2023\/09\/Ringelblumen-Salbe.png","type":"image\/png"}],"twitter_card":"summary_large_image","twitter_misc":{"Gesch\u00e4tzte Lesezeit":"4\u00a0Minuten"},"schema":{"@context":"https:\/\/schema.org","@graph":[{"@type":"WebPage","@id":"https:\/\/www.naturessenzen.com\/produkt\/ringelblumen-salbe\/","url":"https:\/\/www.naturessenzen.com\/produkt\/ringelblumen-salbe\/","name":"Ringelblumen Salbe kaufen - reines Naturprodukt aus K\u00e4rnten","isPartOf":{"@id":"https:\/\/www.naturessenzen.com\/#website"},"datePublished":"2023-09-20T07:39:53+00:00","dateModified":"2023-10-04T08:17:34+00:00","description":"Nat\u00fcrliche Ringelblumen Salbe - 100 % zertifizierte Naturkosmetik - hergestellt in K\u00e4rnten - jetzt bestellen! Schneller Versand!","breadcrumb":{"@id":"https:\/\/www.naturessenzen.com\/produkt\/ringelblumen-salbe\/#breadcrumb"},"inLanguage":"de","potentialAction":[{"@type":"ReadAction","target":["https:\/\/www.naturessenzen.com\/produkt\/ringelblumen-salbe\/"]}]},{"@type":"BreadcrumbList","@id":"https:\/\/www.naturessenzen.com\/produkt\/ringelblumen-salbe\/#breadcrumb","itemListElement":[{"@type":"ListItem","position":1,"name":"Startseite","item":"https:\/\/www.naturessenzen.com\/"},{"@type":"ListItem","position":2,"name":"Shop","item":"https:\/\/www.naturessenzen.com\/heilpflanzen-heilkraeuter-online-tinktur-kaufen\/"},{"@type":"ListItem","position":3,"name":"Ringelblumen Salbe"}]},{"@type":"WebSite","@id":"https:\/\/www.naturessenzen.com\/#website","url":"https:\/\/www.naturessenzen.com\/","name":"Duschlbaur&#039;s Kr\u00e4uter Shop - Tinktur Kr\u00e4utertinktur kaufen! Qualit\u00e4t seit 1917!","description":"Wir haben einen gro\u00dfe Auswahl an Kr\u00e4utertinkturen in unserem Shop! Tinktur Kr\u00e4utertinktur kaufen!","potentialAction":[{"@type":"SearchAction","target":{"@type":"EntryPoint","urlTemplate":"https:\/\/www.naturessenzen.com\/?s={search_term_string}"},"query-input":"required name=search_term_string"}],"inLanguage":"de"}]}},"_links":{"self":[{"href":"https:\/\/www.naturessenzen.com\/wp-json\/wp\/v2\/product\/6206"}],"collection":[{"href":"https:\/\/www.naturessenzen.com\/wp-json\/wp\/v2\/product"}],"about":[{"href":"https:\/\/www.naturessenzen.com\/wp-json\/wp\/v2\/types\/product"}],"replies":[{"embeddable":true,"href":"https:\/\/www.naturessenzen.com\/wp-json\/wp\/v2\/comments?post=6206"}],"wp:featuredmedia":[{"embeddable":true,"href":"https:\/\/www.naturessenzen.com\/wp-json\/wp\/v2\/media\/8274"}],"wp:attachment":[{"href":"https:\/\/www.naturessenzen.com\/wp-json\/wp\/v2\/media?parent=6206"}],"wp:term":[{"taxonomy":"product_cat","embeddable":true,"href":"https:\/\/www.naturessenzen.com\/wp-json\/wp\/v2\/product_cat?post=6206"},{"taxonomy":"product_tag","embeddable":true,"href":"https:\/\/www.naturessenzen.com\/wp-json\/wp\/v2\/product_tag?post=6206"}],"curies":[{"name":"wp","href":"https:\/\/api.w.org\/{rel}","templated":true}]}}