{"id":6205,"date":"2023-09-21T12:07:48","date_gmt":"2023-09-21T10:07:48","guid":{"rendered":"https:\/\/www.naturessenzen.com\/?post_type=product&#038;p=6205"},"modified":"2023-09-27T10:01:46","modified_gmt":"2023-09-27T08:01:46","slug":"arnika-salbe","status":"publish","type":"product","link":"https:\/\/www.naturessenzen.com\/produkt\/arnika-salbe\/","title":{"rendered":"Arnika Salbe"},"content":{"rendered":"<h2>Arnika Salbe<\/h2>\n<p>Die nat\u00fcrlichen Inhaltsstoffe der<strong> Nat\u00fcrliche Arnika Salbe <\/strong>sind: Sheabutter, Macadamia-\u00d6l, Jojoba\u00f6l, Olivenextrakte, Arnika-Extrakt, Latschenkiefer, Magnolienextrakt, Hyalurons\u00e4ure.<\/p>\n<p>&nbsp;<\/p>\n<h4>Arnika<\/h4>\n<p>Mit ihren sonnigen Bl\u00fcten ist die <strong>Arnika<\/strong> eine der sch\u00f6nsten alpinen Pflanzen. Sie trotzt den harten Lebensbedingungen in den Bergen. Weder das raue Klima noch Temperaturschwankungen k\u00f6nnen ihr etwas anhaben. Es waren auch Bergbauern, welche die Heilkraft der Arnika erkannten. Vom Alpenraum aus eroberte die Arnika die Volksmedizin. Heute z\u00e4hlt die Arnika zu den am besten erforschten Heilpflanzen.<\/p>\n<p>In den voll erbl\u00fchten Bl\u00fctenk\u00f6pfen stecken jene Wirkstoffe, die entz\u00fcndungshemmende und wundheilende Eigenschaften besitzen. Die darin enthaltenen Bitterstoffe, \u00e4therischen \u00d6le und Flavonoide wirken durchblutungsf\u00f6rdernd, krampfl\u00f6send, antibakteriell, entz\u00fcndungshemmend und wundheilungsf\u00f6rdernd.<\/p>\n<p>So verlockend die h\u00fcbschen Pflanzen zum Sammeln einladen \u2013 tun sie es bitte nicht. Durch unkontrollierte Wildsammlungen wurden ihre Best\u00e4nde ersch\u00f6pft. Die Arnika ist sehr schwer kultivierbar, da sie am besten auf naturbelassenem Untergrund und in naturbelassener Umgebung gedeiht. Aus diesem Grund steht sie in vielen L\u00e4ndern und Gebieten auf der roten Liste und unter strengem Naturschutz.<\/p>\n<p>&nbsp;<\/p>\n<h4>Sheabutter<\/h4>\n<p><strong>Sheabutter<\/strong> ist als hochwertige und n\u00e4hrende Basispflege f\u00fcr Cremen und Balsame nicht mehr wegzudenken. Sie f\u00f6rdert die Elastizit\u00e4t der Haut, da sie r\u00fcckfettend, beruhigend und gl\u00e4ttend wirkt.<\/p>\n<p>&nbsp;<\/p>\n<h4>Macadamia-\u00d6l<\/h4>\n<p><strong>Macadamia-\u00d6l<\/strong> aus dem Macadamian\u00fcssen z\u00e4hlt zu den nicht-trockenen \u00d6len. Der hohe Fettanteil und der hohe Anteil an Palmitoleins\u00e4ure erzeugen ein angenehmes Gef\u00fchl beim Eincremen.<\/p>\n<p>Die N\u00fcsse stammen vom Macadamianussbaum. Dieser Baum w\u00e4chst in tropisch-warmen Regionen. Seine Anbaugebiete sind beschr\u00e4nkt, da er sehr anspruchsvoll ist. Die ersten kastanien\u00e4hnlichen Steinfr\u00fcchte k\u00f6nnen erst nach rund 10 Jahren geerntet werden. Die Fr\u00fcchte fallen vom Baum und werden von Hand eingesammelt. Die begehrte Macadamianuss befindet sich im Kern dieser Steinfr\u00fcchte. Es bedarf einer langen Trocknungszeit, um die Steinfr\u00fcchte \u00fcberhaupt knacken und so die Macadamianuss ernten zu k\u00f6nnen. So ist es verst\u00e4ndlich, dass Macadamian\u00fcsse zu den teuersten N\u00fcssen der Welt z\u00e4hlen.<\/p>\n<p>&nbsp;<\/p>\n<h4>Jojoba\u00f6l<\/h4>\n<p><strong>Jojoba\u00f6l<\/strong> wird aus den Fr\u00fcchten des Jojobastrauches gewonnen. Der immergr\u00fcne Strauch w\u00e4chst in W\u00fcsten und Halbw\u00fcsten. Die oliven\u00e4hnlichen Fr\u00fcchte enthalten kleine, braune Samen. Aus diesen Samen wird das Jojoba\u00f6l gepresst. Eigentlich handelt es sich beim Jojoba\u00f6l nicht um ein \u00d6l, sondern um eine wachs\u00e4hnliche Substanz. Jojoba\u00f6l hat antioxidative Eigenschaften und verz\u00f6gert die Alterung der Haut. Es ist reich an Vitamin E und Provitamin A und besitzt sehr gute Hautpflegeeigenschaften.<\/p>\n<p>&nbsp;<\/p>\n<h4>Olivenextrakte<\/h4>\n<p><strong>Olivenextrakte<\/strong> sind beliebte Basiszutaten f\u00fcr geschmeidige Cremen. Sie pflegen intensiv und schenken Elastizit\u00e4t.<\/p>\n<p>&nbsp;<\/p>\n<h4>Latschenkiefer<\/h4>\n<p><strong>Latschenkiefer<\/strong> ist eine altbew\u00e4hrte Zutat bei Cremen gegen Gelenksschmerzen und zur Muskelentspannung. Die wichtigsten Inhaltsstoffe des Latschenkiefer-\u00d6les sind 3-Caren, alpha- und beta-Pinen, beta-Phellandren und Limonen. Die aromatischen Substanzen der Latschenkiefer regen die Durchblutung der Haut an. Das \u00e4therische \u00d6l der Latschenkiefer ist zudem entz\u00fcndungshemmend und antiseptisch.<\/p>\n<p>&nbsp;<\/p>\n<h4>Magnolienextrakt<\/h4>\n<p><strong>Magnolienextrakt<\/strong> wird aus den Bl\u00fcten, Bl\u00e4ttern oder der Rinde des Magnolienbaumes gewonnen. Auf der Haut zeichnet es sich durch antioxidative, antiinflammatorische sowie antibakterielle Eigenschaften aus. Es wird in der Salbenherstellung gerne verarbeitet, da es die Haltbarkeit von Fetten und \u00d6len verl\u00e4ngert.<\/p>\n<p>&nbsp;<\/p>\n<h4>Hyalurons\u00e4ure<\/h4>\n<p><strong>Hyalurons\u00e4ure<\/strong> ist ein nat\u00fcrlicher Stoff, welcher vielf\u00e4ltige Funktionen im K\u00f6rper erf\u00fcllt. Sie ist z.B. Bestandteil der Gelenksschmiere und sch\u00fctzt die Knorpel vor Abnutzungssch\u00e4den. In der Kosmetik wertet sie Anti-Aging-Produkte auf. Hyalurons\u00e4ure strafft die Haut und versorgt sie mit viel Feuchtigkeit. Das Hautbild erscheint praller und frischer.<\/p>\n<p>&nbsp;<\/p>\n<h4>Herstellungsmethode<\/h4>\n<p>F\u00fcr die Herstellung unserer <strong>Duschlbaur\u00b4s Nat\u00fcrliche Arnika Salbe<\/strong> arbeiten wir mit der teuersten Extraktionsmethode, und zwar mit der CO<sub>2<\/sub>-Extraktion. Dabei wird CO<sub>2<\/sub> verwendet, um die wertvollen Wirkstoffe aus den Pflanzen herauszul\u00f6sen. Diese Methode ist die umweltfreundlichste, wirksamste und sicherste M\u00f6glichkeit, um das Beste aus dem Pflanzenmaterial herauszuholen.<\/p>\n<p><em>Warum umweltfreundlich?<\/em><\/p>\n<p>Bei der CO<sub>2<\/sub> Extraktionsmethode werden 95 % des bei jeder Extraktion verwendeten CO<sub>2<\/sub> wieder zur\u00fcckgewonnen. Das CO<sub>2<\/sub> bleibt im Prozesskreislauf. Es entstehen keine sch\u00e4dlichen Nebenprodukte.<\/p>\n<p><em>Warum wirksam?<\/em><\/p>\n<p>Diese Methode erm\u00f6glicht eine schonende Herausl\u00f6sung von sekund\u00e4ren Pflanzeninhaltsstoffen.<\/p>\n<p><em>Warum sicher?<\/em><\/p>\n<p>Die von den nat\u00fcrlichen Pflanzen extrahierten Inhaltsstoffe sind frei von L\u00f6sungsmittelr\u00fcckst\u00e4nden. Dieses Verfahren kann bei Bio-Produkten angewendet werden. Am Endprodukt sind keine CO<sub>2<\/sub>-R\u00fcckst\u00e4nde zu finden.<\/p>\n","protected":false},"excerpt":{"rendered":"<ul>\n<li>100 % zertifizierte Naturkosmetik<\/li>\n<li>Alle Inhaltsstoffe 100 % nat\u00fcrlich<\/li>\n<li>Frei von Mineral- und Silikonstoffen<\/li>\n<li>Frei von Hormonen, k\u00fcnstlichen Zus\u00e4tzen und Farbstoffen<\/li>\n<li>Inhaltsstoffe werden mittels CO<sub>2<\/sub>-Extraktion aus den Pflanzen extrahiert<\/li>\n<li>Hergestellt in K\u00e4rnten<\/li>\n<\/ul>\n<p><strong>Nat\u00fcrliche Salbe &#8211; 100 ml Glastiegel<\/strong><\/p>\n","protected":false},"featured_media":8261,"comment_status":"closed","ping_status":"closed","template":"","meta":{"inline_featured_image":false},"product_cat":[27],"product_tag":[],"acf":[],"yoast_head":"<!-- This site is optimized with the Yoast SEO plugin v20.11 - https:\/\/yoast.com\/wordpress\/plugins\/seo\/ -->\n<title>Nat\u00fcrliche Arnika Salbe kaufen - reines Naturprodukt aus K\u00e4rnten<\/title>\n<meta name=\"description\" content=\"Nat\u00fcrliche Arnika Salbe - 100 % zertifizierte Naturkosmetik - reines Naturprodukt aus K\u00e4rnten - jetzt bestellen\" \/>\n<meta name=\"robots\" content=\"index, follow, max-snippet:-1, max-image-preview:large, max-video-preview:-1\" \/>\n<link rel=\"canonical\" href=\"https:\/\/www.naturessenzen.com\/produkt\/arnika-salbe\/\" \/>\n<meta property=\"og:locale\" content=\"de_DE\" \/>\n<meta property=\"og:type\" content=\"article\" \/>\n<meta property=\"og:title\" content=\"Nat\u00fcrliche Arnika Salbe kaufen - reines Naturprodukt aus K\u00e4rnten\" \/>\n<meta property=\"og:description\" content=\"Nat\u00fcrliche Arnika Salbe - 100 % zertifizierte Naturkosmetik - reines Naturprodukt aus K\u00e4rnten - jetzt bestellen\" \/>\n<meta property=\"og:url\" content=\"https:\/\/www.naturessenzen.com\/produkt\/arnika-salbe\/\" \/>\n<meta property=\"og:site_name\" content=\"Duschlbaur&#039;s Kr\u00e4uter Shop - Tinktur Kr\u00e4utertinktur kaufen! Qualit\u00e4t seit 1917!\" \/>\n<meta property=\"article:modified_time\" content=\"2023-09-27T08:01:46+00:00\" \/>\n<meta property=\"og:image\" content=\"https:\/\/www.naturessenzen.com\/wp-content\/uploads\/2023\/09\/Arnika-Salbe.png\" \/>\n\t<meta property=\"og:image:width\" content=\"1000\" \/>\n\t<meta property=\"og:image:height\" content=\"1000\" \/>\n\t<meta property=\"og:image:type\" content=\"image\/png\" \/>\n<meta name=\"twitter:card\" content=\"summary_large_image\" \/>\n<meta name=\"twitter:label1\" content=\"Gesch\u00e4tzte Lesezeit\" \/>\n\t<meta name=\"twitter:data1\" content=\"4\u00a0Minuten\" \/>\n<script type=\"application\/ld+json\" class=\"yoast-schema-graph\">{\"@context\":\"https:\/\/schema.org\",\"@graph\":[{\"@type\":\"WebPage\",\"@id\":\"https:\/\/www.naturessenzen.com\/produkt\/arnika-salbe\/\",\"url\":\"https:\/\/www.naturessenzen.com\/produkt\/arnika-salbe\/\",\"name\":\"Nat\u00fcrliche Arnika Salbe kaufen - reines Naturprodukt aus K\u00e4rnten\",\"isPartOf\":{\"@id\":\"https:\/\/www.naturessenzen.com\/#website\"},\"datePublished\":\"2023-09-21T10:07:48+00:00\",\"dateModified\":\"2023-09-27T08:01:46+00:00\",\"description\":\"Nat\u00fcrliche Arnika Salbe - 100 % zertifizierte Naturkosmetik - reines Naturprodukt aus K\u00e4rnten - jetzt bestellen\",\"breadcrumb\":{\"@id\":\"https:\/\/www.naturessenzen.com\/produkt\/arnika-salbe\/#breadcrumb\"},\"inLanguage\":\"de\",\"potentialAction\":[{\"@type\":\"ReadAction\",\"target\":[\"https:\/\/www.naturessenzen.com\/produkt\/arnika-salbe\/\"]}]},{\"@type\":\"BreadcrumbList\",\"@id\":\"https:\/\/www.naturessenzen.com\/produkt\/arnika-salbe\/#breadcrumb\",\"itemListElement\":[{\"@type\":\"ListItem\",\"position\":1,\"name\":\"Startseite\",\"item\":\"https:\/\/www.naturessenzen.com\/\"},{\"@type\":\"ListItem\",\"position\":2,\"name\":\"Shop\",\"item\":\"https:\/\/www.naturessenzen.com\/heilpflanzen-heilkraeuter-online-tinktur-kaufen\/\"},{\"@type\":\"ListItem\",\"position\":3,\"name\":\"Arnika Salbe\"}]},{\"@type\":\"WebSite\",\"@id\":\"https:\/\/www.naturessenzen.com\/#website\",\"url\":\"https:\/\/www.naturessenzen.com\/\",\"name\":\"Duschlbaur&#039;s Kr\u00e4uter Shop - Tinktur Kr\u00e4utertinktur kaufen! Qualit\u00e4t seit 1917!\",\"description\":\"Wir haben einen gro\u00dfe Auswahl an Kr\u00e4utertinkturen in unserem Shop! Tinktur Kr\u00e4utertinktur kaufen!\",\"potentialAction\":[{\"@type\":\"SearchAction\",\"target\":{\"@type\":\"EntryPoint\",\"urlTemplate\":\"https:\/\/www.naturessenzen.com\/?s={search_term_string}\"},\"query-input\":\"required name=search_term_string\"}],\"inLanguage\":\"de\"}]}<\/script>\n<!-- \/ Yoast SEO plugin. -->","yoast_head_json":{"title":"Nat\u00fcrliche Arnika Salbe kaufen - reines Naturprodukt aus K\u00e4rnten","description":"Nat\u00fcrliche Arnika Salbe - 100 % zertifizierte Naturkosmetik - reines Naturprodukt aus K\u00e4rnten - jetzt bestellen","robots":{"index":"index","follow":"follow","max-snippet":"max-snippet:-1","max-image-preview":"max-image-preview:large","max-video-preview":"max-video-preview:-1"},"canonical":"https:\/\/www.naturessenzen.com\/produkt\/arnika-salbe\/","og_locale":"de_DE","og_type":"article","og_title":"Nat\u00fcrliche Arnika Salbe kaufen - reines Naturprodukt aus K\u00e4rnten","og_description":"Nat\u00fcrliche Arnika Salbe - 100 % zertifizierte Naturkosmetik - reines Naturprodukt aus K\u00e4rnten - jetzt bestellen","og_url":"https:\/\/www.naturessenzen.com\/produkt\/arnika-salbe\/","og_site_name":"Duschlbaur&#039;s Kr\u00e4uter Shop - Tinktur Kr\u00e4utertinktur kaufen! Qualit\u00e4t seit 1917!","article_modified_time":"2023-09-27T08:01:46+00:00","og_image":[{"width":1000,"height":1000,"url":"https:\/\/www.naturessenzen.com\/wp-content\/uploads\/2023\/09\/Arnika-Salbe.png","type":"image\/png"}],"twitter_card":"summary_large_image","twitter_misc":{"Gesch\u00e4tzte Lesezeit":"4\u00a0Minuten"},"schema":{"@context":"https:\/\/schema.org","@graph":[{"@type":"WebPage","@id":"https:\/\/www.naturessenzen.com\/produkt\/arnika-salbe\/","url":"https:\/\/www.naturessenzen.com\/produkt\/arnika-salbe\/","name":"Nat\u00fcrliche Arnika Salbe kaufen - reines Naturprodukt aus K\u00e4rnten","isPartOf":{"@id":"https:\/\/www.naturessenzen.com\/#website"},"datePublished":"2023-09-21T10:07:48+00:00","dateModified":"2023-09-27T08:01:46+00:00","description":"Nat\u00fcrliche Arnika Salbe - 100 % zertifizierte Naturkosmetik - reines Naturprodukt aus K\u00e4rnten - jetzt bestellen","breadcrumb":{"@id":"https:\/\/www.naturessenzen.com\/produkt\/arnika-salbe\/#breadcrumb"},"inLanguage":"de","potentialAction":[{"@type":"ReadAction","target":["https:\/\/www.naturessenzen.com\/produkt\/arnika-salbe\/"]}]},{"@type":"BreadcrumbList","@id":"https:\/\/www.naturessenzen.com\/produkt\/arnika-salbe\/#breadcrumb","itemListElement":[{"@type":"ListItem","position":1,"name":"Startseite","item":"https:\/\/www.naturessenzen.com\/"},{"@type":"ListItem","position":2,"name":"Shop","item":"https:\/\/www.naturessenzen.com\/heilpflanzen-heilkraeuter-online-tinktur-kaufen\/"},{"@type":"ListItem","position":3,"name":"Arnika Salbe"}]},{"@type":"WebSite","@id":"https:\/\/www.naturessenzen.com\/#website","url":"https:\/\/www.naturessenzen.com\/","name":"Duschlbaur&#039;s Kr\u00e4uter Shop - Tinktur Kr\u00e4utertinktur kaufen! Qualit\u00e4t seit 1917!","description":"Wir haben einen gro\u00dfe Auswahl an Kr\u00e4utertinkturen in unserem Shop! Tinktur Kr\u00e4utertinktur kaufen!","potentialAction":[{"@type":"SearchAction","target":{"@type":"EntryPoint","urlTemplate":"https:\/\/www.naturessenzen.com\/?s={search_term_string}"},"query-input":"required name=search_term_string"}],"inLanguage":"de"}]}},"_links":{"self":[{"href":"https:\/\/www.naturessenzen.com\/wp-json\/wp\/v2\/product\/6205"}],"collection":[{"href":"https:\/\/www.naturessenzen.com\/wp-json\/wp\/v2\/product"}],"about":[{"href":"https:\/\/www.naturessenzen.com\/wp-json\/wp\/v2\/types\/product"}],"replies":[{"embeddable":true,"href":"https:\/\/www.naturessenzen.com\/wp-json\/wp\/v2\/comments?post=6205"}],"wp:featuredmedia":[{"embeddable":true,"href":"https:\/\/www.naturessenzen.com\/wp-json\/wp\/v2\/media\/8261"}],"wp:attachment":[{"href":"https:\/\/www.naturessenzen.com\/wp-json\/wp\/v2\/media?parent=6205"}],"wp:term":[{"taxonomy":"product_cat","embeddable":true,"href":"https:\/\/www.naturessenzen.com\/wp-json\/wp\/v2\/product_cat?post=6205"},{"taxonomy":"product_tag","embeddable":true,"href":"https:\/\/www.naturessenzen.com\/wp-json\/wp\/v2\/product_tag?post=6205"}],"curies":[{"name":"wp","href":"https:\/\/api.w.org\/{rel}","templated":true}]}}