{"id":6193,"date":"2023-03-14T13:40:10","date_gmt":"2023-03-14T12:40:10","guid":{"rendered":"https:\/\/www.naturessenzen.com\/?post_type=product&#038;p=6193"},"modified":"2023-09-27T10:02:32","modified_gmt":"2023-09-27T08:02:32","slug":"kuehlender-kraeuterbalsam","status":"publish","type":"product","link":"https:\/\/www.naturessenzen.com\/produkt\/kuehlender-kraeuterbalsam\/","title":{"rendered":"K\u00fchlender Kr\u00e4uterbalsam"},"content":{"rendered":"<h2>K\u00fchlender Kr\u00e4uterbalsam<\/h2>\n<p>&nbsp;<\/p>\n<p>Die nat\u00fcrlichen Inhaltsstoffe des<strong> Duschlbaur\u00b4s K\u00fchlender Kr\u00e4uterbalsam <\/strong>sind: Sonnenblumen\u00f6l, Shea Butter, Ungebleichtes Bienenwachs, Lecithin aus der Sonnenblume, Vitamin E, Pfefferminz\u00f6l, Latschenkiefern\u00f6l, Menthol aus der Pfefferminze, Wacholderextrakt, Arnika-Extrakt, Vanilleschotenextrakt.<\/p>\n<p>&nbsp;<\/p>\n<h4>Sonnenblumen\u00f6l<\/h4>\n<p><strong>Sonnenblumen\u00f6l<\/strong> ist ein oft verwendeter Inhaltsstoff in der Hautpflege. Es zieht schnell in die Haut ein und verstopft die Poren nicht. Sonnenblumen\u00f6l macht die Haut weich und versorgt sie mit reichlich Feuchtigkeit. Die darin enthaltenen essenziellen Fetts\u00e4uren n\u00e4hren die Haut. Der wirksame \uf103-Tocopherol-Gehalt wirkt entz\u00fcndungshemmend.<\/p>\n<p>&nbsp;<\/p>\n<h4>Sheabutter<\/h4>\n<p><strong>Sheabutter<\/strong> ist als hochwertige und n\u00e4hrende Basispflege f\u00fcr Cremen und Balsame nicht mehr wegzudenken. Sie f\u00f6rdert die Elastizit\u00e4t der Haut, da sie r\u00fcckfettend, beruhigend und gl\u00e4ttend wirkt.<\/p>\n<p>&nbsp;<\/p>\n<h4>Bienenwachs<\/h4>\n<p>Bienenwachs wird von den Arbeiterbienen im Bienenstock produziert. Aus dem Bienenwachs werden die Honigwaben hergestellt, welche zur Aufzucht, zum Schlafen und als Vorratskammern verwendet werden. Das <strong>ungebleichte Bienenwachs<\/strong> hat seine gelbe Farbe, wie wir sie von den Honigwaben kennen.<\/p>\n<p>Unser Bienenwachs ist von fremden Bestandteilen gereinigtes, urspr\u00fcngliches Honigwabenwachs. Das ungebleichte Bienenwachs schafft die nat\u00fcrliche Konsistenz f\u00fcr unseren Balsam. Mit seinen Mineralstoffen, Vitamin A und wertvollen Estern ist es hautpflegend, hautsch\u00fctzend und hautfreundlich.<\/p>\n<p>&nbsp;<\/p>\n<h4>Sonnenblumenlecithin<\/h4>\n<p><strong>Sonnenblumenlecithin<\/strong> gewinnt man mittels Wasserdampf aus Sonnenblumen\u00f6l. Es wird in der Kosmetik- und Pharmaindustrie verwendet, da es die Haltbarkeit der damit hergestellten Produkte verl\u00e4ngert. Es ist zudem ein ausgezeichnetes Emolliens, d.h. es macht die Haut weich und geschmeidig.<\/p>\n<p>&nbsp;<\/p>\n<h4>Vitamin E<\/h4>\n<p><strong>Vitamin E <\/strong>ist nicht nur ein wichtiges Vitamin f\u00fcr unsere Ern\u00e4hrung, es ist ebenso wertvoll f\u00fcr die Hautpflege. Durch seine antioxidativen Eigenschaften sch\u00fctzt es die Haut vor Sch\u00e4den durch freie Radikale. Vitamin E unterst\u00fctzt die Haut bei der Aufnahme von Feuchtigkeit. Das macht die Haut glatter und geschmeidiger.<\/p>\n<p>&nbsp;<\/p>\n<h4>Pfefferminz\u00f6l und Menthol aus der Pfefferminze<\/h4>\n<p>Die Pfefferminze ist eine vielseitig nutzbare Pflanze. Sie findet Anwendung als Gew\u00fcrzkraut, als Tee, in der Aromatherapie und im medizinischen Bereich.<\/p>\n<p>In Cremen und Balsamen wird das aus der Pfefferminze mittels Wasserdampfdestillation gewonnen <strong>Pfefferminz\u00f6l<\/strong> verarbeitet. F\u00fcr ein Kilogramm \u00e4therisches Pfefferminz\u00f6l werden 100 kg getrocknete Bl\u00e4tter ben\u00f6tigt. Sein Hauptbestandteil \u2013 das Menthol \u2013 reizt die k\u00e4lteempfindlichen Nervenende. Hier entfaltet es seine belebende und k\u00fchlende Wirkung. Das <strong>Menthol aus der Pfefferminze<\/strong> erweitert die Blutgef\u00e4\u00dfe und stimuliert die Nervenenden. Es entsteht ein K\u00e4ltegef\u00fchl. Pfefferminz\u00f6l l\u00f6st Gelenksschmerzen, Muskelverspannungen und Neuralgien.<\/p>\n<p>&nbsp;<\/p>\n<h4>Latschenkiefern\u00f6l<\/h4>\n<p>Das <strong>Latschenkiefern\u00f6l<\/strong> wird aus den frischen Nadeln, Zweigspitzen und \u00c4sten des Latschenkiefer-Baumes gewonnen. Die Latschenkiefer ist ein typisch alpiner Baum. Er w\u00e4chst auf rund 2.000 m Seeh\u00f6he und trotzt den dort rauen Lebensbedingungen. Mit seiner schuppigen, braun-schwarzen Rinde und seinen immergr\u00fcnen Nadeln stemmt er sich gegen Wind und Wetter. Das wertvolle, \u00e4therische Latschenkiefern\u00f6l wird durch Wasserdampfdestillation gewonnen.<\/p>\n<p>Die wichtigsten Inhaltsstoffe des Latschenkiefern\u00f6les sind 3-Caren, alpha- und beta-Pinen, beta-Phellandren und Limonen. Die aromatischen Substanzen der Latschenkiefer regen die Durchblutung der Haut an. Das \u00e4therische \u00d6l der Latschenkiefer ist zudem entz\u00fcndungshemmend und antiseptisch.<\/p>\n<p>Das in unserem Balsam verarbeitete Latschenkiefern\u00f6l wirkt wohltuend bei m\u00fcden, brennenden Beinen. Das wertvolle \u00d6l lindert Muskel- und Gelenksschmerzen und Verspannungen. Vor oder nach sportlichen Aktivit\u00e4ten vermindert das Latschenkiefern\u00f6l Muskelkater.<\/p>\n<p>&nbsp;<\/p>\n<h4>Extrakt aus der Wacholderbeere<\/h4>\n<p>Die Wacholderpflanze hat seit Jahrhunderten ihren Platz in der Volksheilkunde. Unter anderem findet der <strong>Extrakt aus Wacholderbeeren<\/strong> Verwendung in Salben und Cremen bei verschiedenen Erkrankungen des Bewegungsapparates. Bei chronischen Arthrosen, allgemein rheumatischen Beschwerden, Gicht oder schmerzenden Muskelerkrankungen verschafft der Wacholderextrakt Linderung.<\/p>\n<p>&nbsp;<\/p>\n<h4>Arnika<\/h4>\n<p>Mit ihren sonnigen Bl\u00fcten ist die <strong>Arnika<\/strong> eine der sch\u00f6nsten alpinen Pflanzen. Sie trotzt den harten Lebensbedingungen in den Bergen. Weder das raue Klima noch Temperaturschwankungen k\u00f6nnen ihr etwas anhaben. Es waren auch Bergbauern, welche die Heilkraft der Arnika erkannten. Vom Alpenraum aus eroberte die Arnika die Volksmedizin. Heute z\u00e4hlt die Arnika zu den am besten erforschten Heilpflanzen.<\/p>\n<p>In den voll erbl\u00fchten Bl\u00fctenk\u00f6pfen stecken jene Wirkstoffe, die entz\u00fcndungshemmende und wundheilende Eigenschaften besitzen. Die darin enthaltenen Bitterstoffe, \u00e4therischen \u00d6le und Flavonoide wirken durchblutungsf\u00f6rdernd, krampfl\u00f6send, antibakteriell, entz\u00fcndungshemmend und wundheilungsf\u00f6rdernd.<\/p>\n<p>So verlockend die h\u00fcbschen Pflanzen zum Sammeln einladen \u2013 tun sie es bitte nicht. Unkontrollierte Wildsammlungen ersch\u00f6pften ihre Best\u00e4nde. Die Arnika ist sehr schwer kultivierbar, da sie am besten auf naturbelassenem Untergrund und in naturbelassener Umgebung gedeiht. Aus diesem Grund steht sie in vielen L\u00e4ndern und Gebieten auf der roten Liste und unter strengem Naturschutz.<\/p>\n<p>&nbsp;<\/p>\n<h4>Vanilleschotenextrakt<\/h4>\n<p>Vanille ist mehr als nur ein sehr beliebtes Gew\u00fcrz und Wohlgef\u00fchl verbreitender Duftstoff. Aktuelle Studien besch\u00e4ftigen sich mit den heilenden Eigenschaften. Bisher hat man 150 Wirkstoffe erforscht, wie Phenolester, Phenole, wesentliche B-Vitamine, S\u00e4uren und Karbonverbindungen. <strong>Vanilleschotenextrakt<\/strong> hat einen verj\u00fcngenden Effekt auf die Haut. Es wirkt antioxidativ, zellerneuernd und hautpflegend. Innerliche Verspannungen und muskul\u00e4re Verkrampfungen l\u00f6sen sich.<\/p>\n<p>&nbsp;<\/p>\n<h4>Herstellungsmethode<\/h4>\n<p>F\u00fcr die Herstellung unseres <strong>Duschlbaur\u00b4s K\u00fchlender Kr\u00e4uterbalsam<\/strong> arbeiten wir mit der teuersten Extraktionsmethode, und zwar mit der CO<sub>2<\/sub>-Extraktion. Mittels CO<sub>2<\/sub> werden die wertvollen Wirkstoffe aus den Pflanzen herausgel\u00f6st. Diese Methode ist die umweltfreundlichste, wirksamste und sicherste M\u00f6glichkeit, um das Beste aus dem Pflanzenmaterial herauszuholen.<\/p>\n<p><em>Warum umweltfreundlich?<\/em><\/p>\n<p>Bei der CO<sub>2<\/sub> Extraktionsmethode werden 95 % des bei jeder Extraktion verwendeten CO<sub>2<\/sub> wieder zur\u00fcckgewonnen. Das CO<sub>2<\/sub> bleibt im Prozesskreislauf. Es entstehen keine sch\u00e4dlichen Nebenprodukte.<\/p>\n<p><em>Warum wirksam?<\/em><\/p>\n<p>Diese Methode erm\u00f6glicht eine schonende Herausl\u00f6sung von sekund\u00e4ren Pflanzeninhaltsstoffen.<\/p>\n<p><em>Warum sicher?<\/em><\/p>\n<p>Die von den nat\u00fcrlichen Pflanzen extrahierten Inhaltsstoffe sind frei von L\u00f6sungsmittelr\u00fcckst\u00e4nden. Dieses Verfahren wird bei Bio-Produkten angewendet. Am Endprodukt sind keine CO<sub>2<\/sub>-R\u00fcckst\u00e4nde zu finden.<\/p>\n<p>&nbsp;<\/p>\n","protected":false},"excerpt":{"rendered":"<ul>\n<li>100 % zertifizierte Naturkosmetik<\/li>\n<li>Alle Inhaltsstoffe 100 % nat\u00fcrlich<\/li>\n<li>Frei von Mineral- und Silikonstoffen<\/li>\n<li>Frei von Hormonen, k\u00fcnstlichen Zus\u00e4tzen und Farbstoffen<\/li>\n<li>Inhaltsstoffe werden mittels CO<sub>2<\/sub>-Extraktion aus den Pflanzen extrahiert<\/li>\n<li>Hergestellt in K\u00e4rnten<\/li>\n<\/ul>\n<p><strong>Nat\u00fcrlicher Kr\u00e4uterbalsam &#8211; 100 ml Glastiegel<\/strong><\/p>\n","protected":false},"featured_media":8270,"comment_status":"closed","ping_status":"closed","template":"","meta":{"inline_featured_image":false},"product_cat":[27],"product_tag":[],"acf":[],"yoast_head":"<!-- This site is optimized with the Yoast SEO plugin v20.11 - https:\/\/yoast.com\/wordpress\/plugins\/seo\/ -->\n<title>Duschlbaur\u00b4s K\u00fchlender Kr\u00e4uterbalsam kaufen - ein Naturprodukt<\/title>\n<meta name=\"description\" content=\"Duschlbaur\u00b4s K\u00fchlender Kr\u00e4uterbalsam - 100 % zertifizierte Naturkosmetik - hergestellt in K\u00e4rnten - jetzt bestellen\" \/>\n<meta name=\"robots\" content=\"index, follow, max-snippet:-1, max-image-preview:large, max-video-preview:-1\" \/>\n<link rel=\"canonical\" href=\"https:\/\/www.naturessenzen.com\/produkt\/kuehlender-kraeuterbalsam\/\" \/>\n<meta property=\"og:locale\" content=\"de_DE\" \/>\n<meta property=\"og:type\" content=\"article\" \/>\n<meta property=\"og:title\" content=\"Duschlbaur\u00b4s K\u00fchlender Kr\u00e4uterbalsam kaufen - ein Naturprodukt\" \/>\n<meta property=\"og:description\" content=\"Duschlbaur\u00b4s K\u00fchlender Kr\u00e4uterbalsam - 100 % zertifizierte Naturkosmetik - hergestellt in K\u00e4rnten - jetzt bestellen\" \/>\n<meta property=\"og:url\" content=\"https:\/\/www.naturessenzen.com\/produkt\/kuehlender-kraeuterbalsam\/\" \/>\n<meta property=\"og:site_name\" content=\"Duschlbaur&#039;s Kr\u00e4uter Shop - Tinktur Kr\u00e4utertinktur kaufen! Qualit\u00e4t seit 1917!\" \/>\n<meta property=\"article:modified_time\" content=\"2023-09-27T08:02:32+00:00\" \/>\n<meta property=\"og:image\" content=\"https:\/\/www.naturessenzen.com\/wp-content\/uploads\/2023\/09\/Kraeuter-Balsam.png\" \/>\n\t<meta property=\"og:image:width\" content=\"1000\" \/>\n\t<meta property=\"og:image:height\" content=\"1000\" \/>\n\t<meta property=\"og:image:type\" content=\"image\/png\" \/>\n<meta name=\"twitter:card\" content=\"summary_large_image\" \/>\n<meta name=\"twitter:label1\" content=\"Gesch\u00e4tzte Lesezeit\" \/>\n\t<meta name=\"twitter:data1\" content=\"5\u00a0Minuten\" \/>\n<script type=\"application\/ld+json\" class=\"yoast-schema-graph\">{\"@context\":\"https:\/\/schema.org\",\"@graph\":[{\"@type\":\"WebPage\",\"@id\":\"https:\/\/www.naturessenzen.com\/produkt\/kuehlender-kraeuterbalsam\/\",\"url\":\"https:\/\/www.naturessenzen.com\/produkt\/kuehlender-kraeuterbalsam\/\",\"name\":\"Duschlbaur\u00b4s K\u00fchlender Kr\u00e4uterbalsam kaufen - ein Naturprodukt\",\"isPartOf\":{\"@id\":\"https:\/\/www.naturessenzen.com\/#website\"},\"datePublished\":\"2023-03-14T12:40:10+00:00\",\"dateModified\":\"2023-09-27T08:02:32+00:00\",\"description\":\"Duschlbaur\u00b4s K\u00fchlender Kr\u00e4uterbalsam - 100 % zertifizierte Naturkosmetik - hergestellt in K\u00e4rnten - jetzt bestellen\",\"breadcrumb\":{\"@id\":\"https:\/\/www.naturessenzen.com\/produkt\/kuehlender-kraeuterbalsam\/#breadcrumb\"},\"inLanguage\":\"de\",\"potentialAction\":[{\"@type\":\"ReadAction\",\"target\":[\"https:\/\/www.naturessenzen.com\/produkt\/kuehlender-kraeuterbalsam\/\"]}]},{\"@type\":\"BreadcrumbList\",\"@id\":\"https:\/\/www.naturessenzen.com\/produkt\/kuehlender-kraeuterbalsam\/#breadcrumb\",\"itemListElement\":[{\"@type\":\"ListItem\",\"position\":1,\"name\":\"Startseite\",\"item\":\"https:\/\/www.naturessenzen.com\/\"},{\"@type\":\"ListItem\",\"position\":2,\"name\":\"Shop\",\"item\":\"https:\/\/www.naturessenzen.com\/heilpflanzen-heilkraeuter-online-tinktur-kaufen\/\"},{\"@type\":\"ListItem\",\"position\":3,\"name\":\"K\u00fchlender Kr\u00e4uterbalsam\"}]},{\"@type\":\"WebSite\",\"@id\":\"https:\/\/www.naturessenzen.com\/#website\",\"url\":\"https:\/\/www.naturessenzen.com\/\",\"name\":\"Duschlbaur&#039;s Kr\u00e4uter Shop - Tinktur Kr\u00e4utertinktur kaufen! Qualit\u00e4t seit 1917!\",\"description\":\"Wir haben einen gro\u00dfe Auswahl an Kr\u00e4utertinkturen in unserem Shop! Tinktur Kr\u00e4utertinktur kaufen!\",\"potentialAction\":[{\"@type\":\"SearchAction\",\"target\":{\"@type\":\"EntryPoint\",\"urlTemplate\":\"https:\/\/www.naturessenzen.com\/?s={search_term_string}\"},\"query-input\":\"required name=search_term_string\"}],\"inLanguage\":\"de\"}]}<\/script>\n<!-- \/ Yoast SEO plugin. -->","yoast_head_json":{"title":"Duschlbaur\u00b4s K\u00fchlender Kr\u00e4uterbalsam kaufen - ein Naturprodukt","description":"Duschlbaur\u00b4s K\u00fchlender Kr\u00e4uterbalsam - 100 % zertifizierte Naturkosmetik - hergestellt in K\u00e4rnten - jetzt bestellen","robots":{"index":"index","follow":"follow","max-snippet":"max-snippet:-1","max-image-preview":"max-image-preview:large","max-video-preview":"max-video-preview:-1"},"canonical":"https:\/\/www.naturessenzen.com\/produkt\/kuehlender-kraeuterbalsam\/","og_locale":"de_DE","og_type":"article","og_title":"Duschlbaur\u00b4s K\u00fchlender Kr\u00e4uterbalsam kaufen - ein Naturprodukt","og_description":"Duschlbaur\u00b4s K\u00fchlender Kr\u00e4uterbalsam - 100 % zertifizierte Naturkosmetik - hergestellt in K\u00e4rnten - jetzt bestellen","og_url":"https:\/\/www.naturessenzen.com\/produkt\/kuehlender-kraeuterbalsam\/","og_site_name":"Duschlbaur&#039;s Kr\u00e4uter Shop - Tinktur Kr\u00e4utertinktur kaufen! Qualit\u00e4t seit 1917!","article_modified_time":"2023-09-27T08:02:32+00:00","og_image":[{"width":1000,"height":1000,"url":"https:\/\/www.naturessenzen.com\/wp-content\/uploads\/2023\/09\/Kraeuter-Balsam.png","type":"image\/png"}],"twitter_card":"summary_large_image","twitter_misc":{"Gesch\u00e4tzte Lesezeit":"5\u00a0Minuten"},"schema":{"@context":"https:\/\/schema.org","@graph":[{"@type":"WebPage","@id":"https:\/\/www.naturessenzen.com\/produkt\/kuehlender-kraeuterbalsam\/","url":"https:\/\/www.naturessenzen.com\/produkt\/kuehlender-kraeuterbalsam\/","name":"Duschlbaur\u00b4s K\u00fchlender Kr\u00e4uterbalsam kaufen - ein Naturprodukt","isPartOf":{"@id":"https:\/\/www.naturessenzen.com\/#website"},"datePublished":"2023-03-14T12:40:10+00:00","dateModified":"2023-09-27T08:02:32+00:00","description":"Duschlbaur\u00b4s K\u00fchlender Kr\u00e4uterbalsam - 100 % zertifizierte Naturkosmetik - hergestellt in K\u00e4rnten - jetzt bestellen","breadcrumb":{"@id":"https:\/\/www.naturessenzen.com\/produkt\/kuehlender-kraeuterbalsam\/#breadcrumb"},"inLanguage":"de","potentialAction":[{"@type":"ReadAction","target":["https:\/\/www.naturessenzen.com\/produkt\/kuehlender-kraeuterbalsam\/"]}]},{"@type":"BreadcrumbList","@id":"https:\/\/www.naturessenzen.com\/produkt\/kuehlender-kraeuterbalsam\/#breadcrumb","itemListElement":[{"@type":"ListItem","position":1,"name":"Startseite","item":"https:\/\/www.naturessenzen.com\/"},{"@type":"ListItem","position":2,"name":"Shop","item":"https:\/\/www.naturessenzen.com\/heilpflanzen-heilkraeuter-online-tinktur-kaufen\/"},{"@type":"ListItem","position":3,"name":"K\u00fchlender Kr\u00e4uterbalsam"}]},{"@type":"WebSite","@id":"https:\/\/www.naturessenzen.com\/#website","url":"https:\/\/www.naturessenzen.com\/","name":"Duschlbaur&#039;s Kr\u00e4uter Shop - Tinktur Kr\u00e4utertinktur kaufen! Qualit\u00e4t seit 1917!","description":"Wir haben einen gro\u00dfe Auswahl an Kr\u00e4utertinkturen in unserem Shop! Tinktur Kr\u00e4utertinktur kaufen!","potentialAction":[{"@type":"SearchAction","target":{"@type":"EntryPoint","urlTemplate":"https:\/\/www.naturessenzen.com\/?s={search_term_string}"},"query-input":"required name=search_term_string"}],"inLanguage":"de"}]}},"_links":{"self":[{"href":"https:\/\/www.naturessenzen.com\/wp-json\/wp\/v2\/product\/6193"}],"collection":[{"href":"https:\/\/www.naturessenzen.com\/wp-json\/wp\/v2\/product"}],"about":[{"href":"https:\/\/www.naturessenzen.com\/wp-json\/wp\/v2\/types\/product"}],"replies":[{"embeddable":true,"href":"https:\/\/www.naturessenzen.com\/wp-json\/wp\/v2\/comments?post=6193"}],"wp:featuredmedia":[{"embeddable":true,"href":"https:\/\/www.naturessenzen.com\/wp-json\/wp\/v2\/media\/8270"}],"wp:attachment":[{"href":"https:\/\/www.naturessenzen.com\/wp-json\/wp\/v2\/media?parent=6193"}],"wp:term":[{"taxonomy":"product_cat","embeddable":true,"href":"https:\/\/www.naturessenzen.com\/wp-json\/wp\/v2\/product_cat?post=6193"},{"taxonomy":"product_tag","embeddable":true,"href":"https:\/\/www.naturessenzen.com\/wp-json\/wp\/v2\/product_tag?post=6193"}],"curies":[{"name":"wp","href":"https:\/\/api.w.org\/{rel}","templated":true}]}}