{"id":5815,"date":"2023-02-07T11:04:52","date_gmt":"2023-02-07T10:04:52","guid":{"rendered":"https:\/\/www.naturessenzen.com\/?post_type=product&#038;p=5815"},"modified":"2023-12-07T08:43:05","modified_gmt":"2023-12-07T07:43:05","slug":"rosenwurz-tinktur-essenz-kraeutertropfen","status":"publish","type":"product","link":"https:\/\/www.naturessenzen.com\/produkt\/rosenwurz-tinktur-essenz-kraeutertropfen\/","title":{"rendered":"Rosenwurz Tinktur"},"content":{"rendered":"<h2>Rosenwurz Tinktur Tropfen \u2013 rhodiola rosea Tropfen<\/h2>\n<p>Die nat\u00fcrlichen Inhaltsstoffe der <strong>Rosenwurz Tinktur Tropfen<\/strong> sind: Wasser, Alkohol, Rosenwurz.<\/p>\n<p>F\u00fcr die Herstellung dieser sehr wertvollen Tropfen verwenden wir die Wurzel.<\/p>\n<p>Die horstbildende Rosenwurzstaude ist \u00e4u\u00dferst robust und winterhart. Ihre Wuchsh\u00f6he erreicht bis zu 30 Zentimeter. Im Fr\u00fchsommer bildet die Rosenwurz halbkugelf\u00f6rmige, dichte Trugdolden. Sie zieren mehr als 70 rosafarbene Bl\u00fctenknospen. Diese Bl\u00fctenknospen \u00f6ffnen sich zu gelbgr\u00fcnen Bl\u00fcten. Die Bl\u00fcten der Rosenwurz sind zweih\u00e4usig und getrenntgeschlechtlich. Es gibt m\u00e4nnliche und weibliche Pflanzen. Die Kronenbl\u00e4tter der weiblichen Pflanzen bl\u00fchen gelb und verf\u00e4rben sich beim Abbl\u00fchen r\u00f6tlich-orange. Die m\u00e4nnlichen Bl\u00fcten leuchten in einem Purpur. Nach der Bl\u00fcte bildet die Rosenwurz kleine, fleischige Balgfr\u00fcchte aus. Am h\u00f6chsten Fruchtstand f\u00e4rben sich die Fr\u00fcchte r\u00f6tlich. Die Fr\u00fcchte \u00f6ffnen sich und verstreuen die Samen.<\/p>\n<p>Bereits die Wikinger nutzten die Rosenwurz zur Steigerung von Kraft, Ausdauer, Lebensfreude und Potenzsteigerung. Die Wurzel der Rosenwurz wurde gekocht und verzehrt.<\/p>\n<p>Heutzutage ist die Rosenwurz als Arzneimittel anerkannt. Sie findet Verwendung als Tee, Pulver, Nahrungserg\u00e4nzungsmittel und Kr\u00e4utertinktur.<\/p>\n<p>Die Rosenwurz ist von der Herbal Medicinal Products Platform Austria &#8211; kurz HMPPA &#8211; zur Heilpflanze des Jahres 2023 gek\u00fcrt worden. Die WissenschaftlerInnen der HMPPA kommen aus den Fachgebieten Angewandte Botanik, Analytische Chemie, Phytochemie, Pharmazie, Pharmakognosie und Medizin. Sie vereinen ihr Wissen vom Rohstoff bis zum fertigen pflanzlichen Arzneimittel. Erstmals arbeiten Experten aus Westlicher Schulmedizin und Traditioneller Chinesischer Medizin Seite an Seite.<\/p>\n","protected":false},"excerpt":{"rendered":"<ul>\n<li>Anwendungsgebiete: Stress, depressive Verstimmung, Angst, Gem\u00fctslage, Schlaf, Konzentration, Ersch\u00f6pfung, geistige und k\u00f6rperliche Leistungsf\u00e4higkeit<\/li>\n<li>Reinsubstanz \u2013 nur Wirkstoffe der Kr\u00e4uter enthalten<\/li>\n<li>Handverlesene Qualit\u00e4t der Kr\u00e4uter<\/li>\n<li>H\u00f6chste Qualit\u00e4tsstandards und Hygienerichtlinien<\/li>\n<li>Frei von k\u00fcnstlichen Zus\u00e4tzen und Farbstoffen<\/li>\n<li>Hergestellt nach traditionellen alchemistischen Grunds\u00e4tzen \u2013 nach Ansicht von Paracelsus<\/li>\n<\/ul>\n<p><strong>Alchemische, nat\u00fcrliche Tinktur, 50 ml<\/strong> Glasflasche<\/p>\n","protected":false},"featured_media":5820,"comment_status":"closed","ping_status":"closed","template":"","meta":{"inline_featured_image":false},"product_cat":[19],"product_tag":[],"acf":[],"yoast_head":"<!-- This site is optimized with the Yoast SEO plugin v20.11 - https:\/\/yoast.com\/wordpress\/plugins\/seo\/ -->\n<title>Rosenwurz Tinktur Tropfen kaufen - rhodiola rosea Tropfen<\/title>\n<meta name=\"description\" content=\"Rosenwurz Tinktur Tropfen kaufen, rein pflanzliche Tinktur! Jetzt auf Rechnung bestellen, versandkostenfrei, beste Tropfen aus K\u00e4rnten\" \/>\n<meta name=\"robots\" content=\"index, follow, max-snippet:-1, max-image-preview:large, max-video-preview:-1\" \/>\n<link rel=\"canonical\" href=\"https:\/\/www.naturessenzen.com\/produkt\/rosenwurz-tinktur-essenz-kraeutertropfen\/\" \/>\n<meta property=\"og:locale\" content=\"de_DE\" \/>\n<meta property=\"og:type\" content=\"article\" \/>\n<meta property=\"og:title\" content=\"Rosenwurz Tinktur Tropfen kaufen - rhodiola rosea Tropfen\" \/>\n<meta property=\"og:description\" content=\"Rosenwurz Tinktur Tropfen kaufen, rein pflanzliche Tinktur! Jetzt auf Rechnung bestellen, versandkostenfrei, beste Tropfen aus K\u00e4rnten\" \/>\n<meta property=\"og:url\" content=\"https:\/\/www.naturessenzen.com\/produkt\/rosenwurz-tinktur-essenz-kraeutertropfen\/\" \/>\n<meta property=\"og:site_name\" content=\"Duschlbaur&#039;s Kr\u00e4uter Shop - Tinktur Kr\u00e4utertinktur kaufen! Qualit\u00e4t seit 1917!\" \/>\n<meta property=\"article:modified_time\" content=\"2023-12-07T07:43:05+00:00\" \/>\n<meta property=\"og:image\" content=\"https:\/\/www.naturessenzen.com\/wp-content\/uploads\/2023\/02\/rosenwurz_tinktur_essenz-2.jpg\" \/>\n\t<meta property=\"og:image:width\" content=\"1000\" \/>\n\t<meta property=\"og:image:height\" content=\"1000\" \/>\n\t<meta property=\"og:image:type\" content=\"image\/jpeg\" \/>\n<meta name=\"twitter:card\" content=\"summary_large_image\" \/>\n<meta name=\"twitter:label1\" content=\"Gesch\u00e4tzte Lesezeit\" \/>\n\t<meta name=\"twitter:data1\" content=\"2\u00a0Minuten\" \/>\n<script type=\"application\/ld+json\" class=\"yoast-schema-graph\">{\"@context\":\"https:\/\/schema.org\",\"@graph\":[{\"@type\":\"WebPage\",\"@id\":\"https:\/\/www.naturessenzen.com\/produkt\/rosenwurz-tinktur-essenz-kraeutertropfen\/\",\"url\":\"https:\/\/www.naturessenzen.com\/produkt\/rosenwurz-tinktur-essenz-kraeutertropfen\/\",\"name\":\"Rosenwurz Tinktur Tropfen kaufen - rhodiola rosea Tropfen\",\"isPartOf\":{\"@id\":\"https:\/\/www.naturessenzen.com\/#website\"},\"datePublished\":\"2023-02-07T10:04:52+00:00\",\"dateModified\":\"2023-12-07T07:43:05+00:00\",\"description\":\"Rosenwurz Tinktur Tropfen kaufen, rein pflanzliche Tinktur! Jetzt auf Rechnung bestellen, versandkostenfrei, beste Tropfen aus K\u00e4rnten\",\"breadcrumb\":{\"@id\":\"https:\/\/www.naturessenzen.com\/produkt\/rosenwurz-tinktur-essenz-kraeutertropfen\/#breadcrumb\"},\"inLanguage\":\"de\",\"potentialAction\":[{\"@type\":\"ReadAction\",\"target\":[\"https:\/\/www.naturessenzen.com\/produkt\/rosenwurz-tinktur-essenz-kraeutertropfen\/\"]}]},{\"@type\":\"BreadcrumbList\",\"@id\":\"https:\/\/www.naturessenzen.com\/produkt\/rosenwurz-tinktur-essenz-kraeutertropfen\/#breadcrumb\",\"itemListElement\":[{\"@type\":\"ListItem\",\"position\":1,\"name\":\"Startseite\",\"item\":\"https:\/\/www.naturessenzen.com\/\"},{\"@type\":\"ListItem\",\"position\":2,\"name\":\"Shop\",\"item\":\"https:\/\/www.naturessenzen.com\/heilpflanzen-heilkraeuter-online-tinktur-kaufen\/\"},{\"@type\":\"ListItem\",\"position\":3,\"name\":\"Rosenwurz Tinktur\"}]},{\"@type\":\"WebSite\",\"@id\":\"https:\/\/www.naturessenzen.com\/#website\",\"url\":\"https:\/\/www.naturessenzen.com\/\",\"name\":\"Duschlbaur&#039;s Kr\u00e4uter Shop - Tinktur Kr\u00e4utertinktur kaufen! Qualit\u00e4t seit 1917!\",\"description\":\"Wir haben einen gro\u00dfe Auswahl an Kr\u00e4utertinkturen in unserem Shop! Tinktur Kr\u00e4utertinktur kaufen!\",\"potentialAction\":[{\"@type\":\"SearchAction\",\"target\":{\"@type\":\"EntryPoint\",\"urlTemplate\":\"https:\/\/www.naturessenzen.com\/?s={search_term_string}\"},\"query-input\":\"required name=search_term_string\"}],\"inLanguage\":\"de\"}]}<\/script>\n<!-- \/ Yoast SEO plugin. -->","yoast_head_json":{"title":"Rosenwurz Tinktur Tropfen kaufen - rhodiola rosea Tropfen","description":"Rosenwurz Tinktur Tropfen kaufen, rein pflanzliche Tinktur! Jetzt auf Rechnung bestellen, versandkostenfrei, beste Tropfen aus K\u00e4rnten","robots":{"index":"index","follow":"follow","max-snippet":"max-snippet:-1","max-image-preview":"max-image-preview:large","max-video-preview":"max-video-preview:-1"},"canonical":"https:\/\/www.naturessenzen.com\/produkt\/rosenwurz-tinktur-essenz-kraeutertropfen\/","og_locale":"de_DE","og_type":"article","og_title":"Rosenwurz Tinktur Tropfen kaufen - rhodiola rosea Tropfen","og_description":"Rosenwurz Tinktur Tropfen kaufen, rein pflanzliche Tinktur! Jetzt auf Rechnung bestellen, versandkostenfrei, beste Tropfen aus K\u00e4rnten","og_url":"https:\/\/www.naturessenzen.com\/produkt\/rosenwurz-tinktur-essenz-kraeutertropfen\/","og_site_name":"Duschlbaur&#039;s Kr\u00e4uter Shop - Tinktur Kr\u00e4utertinktur kaufen! Qualit\u00e4t seit 1917!","article_modified_time":"2023-12-07T07:43:05+00:00","og_image":[{"width":1000,"height":1000,"url":"https:\/\/www.naturessenzen.com\/wp-content\/uploads\/2023\/02\/rosenwurz_tinktur_essenz-2.jpg","type":"image\/jpeg"}],"twitter_card":"summary_large_image","twitter_misc":{"Gesch\u00e4tzte Lesezeit":"2\u00a0Minuten"},"schema":{"@context":"https:\/\/schema.org","@graph":[{"@type":"WebPage","@id":"https:\/\/www.naturessenzen.com\/produkt\/rosenwurz-tinktur-essenz-kraeutertropfen\/","url":"https:\/\/www.naturessenzen.com\/produkt\/rosenwurz-tinktur-essenz-kraeutertropfen\/","name":"Rosenwurz Tinktur Tropfen kaufen - rhodiola rosea Tropfen","isPartOf":{"@id":"https:\/\/www.naturessenzen.com\/#website"},"datePublished":"2023-02-07T10:04:52+00:00","dateModified":"2023-12-07T07:43:05+00:00","description":"Rosenwurz Tinktur Tropfen kaufen, rein pflanzliche Tinktur! Jetzt auf Rechnung bestellen, versandkostenfrei, beste Tropfen aus K\u00e4rnten","breadcrumb":{"@id":"https:\/\/www.naturessenzen.com\/produkt\/rosenwurz-tinktur-essenz-kraeutertropfen\/#breadcrumb"},"inLanguage":"de","potentialAction":[{"@type":"ReadAction","target":["https:\/\/www.naturessenzen.com\/produkt\/rosenwurz-tinktur-essenz-kraeutertropfen\/"]}]},{"@type":"BreadcrumbList","@id":"https:\/\/www.naturessenzen.com\/produkt\/rosenwurz-tinktur-essenz-kraeutertropfen\/#breadcrumb","itemListElement":[{"@type":"ListItem","position":1,"name":"Startseite","item":"https:\/\/www.naturessenzen.com\/"},{"@type":"ListItem","position":2,"name":"Shop","item":"https:\/\/www.naturessenzen.com\/heilpflanzen-heilkraeuter-online-tinktur-kaufen\/"},{"@type":"ListItem","position":3,"name":"Rosenwurz Tinktur"}]},{"@type":"WebSite","@id":"https:\/\/www.naturessenzen.com\/#website","url":"https:\/\/www.naturessenzen.com\/","name":"Duschlbaur&#039;s Kr\u00e4uter Shop - Tinktur Kr\u00e4utertinktur kaufen! Qualit\u00e4t seit 1917!","description":"Wir haben einen gro\u00dfe Auswahl an Kr\u00e4utertinkturen in unserem Shop! Tinktur Kr\u00e4utertinktur kaufen!","potentialAction":[{"@type":"SearchAction","target":{"@type":"EntryPoint","urlTemplate":"https:\/\/www.naturessenzen.com\/?s={search_term_string}"},"query-input":"required name=search_term_string"}],"inLanguage":"de"}]}},"_links":{"self":[{"href":"https:\/\/www.naturessenzen.com\/wp-json\/wp\/v2\/product\/5815"}],"collection":[{"href":"https:\/\/www.naturessenzen.com\/wp-json\/wp\/v2\/product"}],"about":[{"href":"https:\/\/www.naturessenzen.com\/wp-json\/wp\/v2\/types\/product"}],"replies":[{"embeddable":true,"href":"https:\/\/www.naturessenzen.com\/wp-json\/wp\/v2\/comments?post=5815"}],"wp:featuredmedia":[{"embeddable":true,"href":"https:\/\/www.naturessenzen.com\/wp-json\/wp\/v2\/media\/5820"}],"wp:attachment":[{"href":"https:\/\/www.naturessenzen.com\/wp-json\/wp\/v2\/media?parent=5815"}],"wp:term":[{"taxonomy":"product_cat","embeddable":true,"href":"https:\/\/www.naturessenzen.com\/wp-json\/wp\/v2\/product_cat?post=5815"},{"taxonomy":"product_tag","embeddable":true,"href":"https:\/\/www.naturessenzen.com\/wp-json\/wp\/v2\/product_tag?post=5815"}],"curies":[{"name":"wp","href":"https:\/\/api.w.org\/{rel}","templated":true}]}}