{"id":2590,"date":"2021-04-16T13:24:22","date_gmt":"2021-04-16T11:24:22","guid":{"rendered":"https:\/\/www.naturessenzen.com\/?post_type=product&#038;p=2590"},"modified":"2023-09-27T10:14:54","modified_gmt":"2023-09-27T08:14:54","slug":"duschlbaurs-9-bitterkraeuter-bitterkraeutertropfen-tinktur","status":"publish","type":"product","link":"https:\/\/www.naturessenzen.com\/produkt\/duschlbaurs-9-bitterkraeuter-bitterkraeutertropfen-tinktur\/","title":{"rendered":"&#8222;Bittern\u00f6tig&#8220; 9 Bitterkr\u00e4uter Tinktur"},"content":{"rendered":"<h2>Duschlbaur\u00b4s 9-Bitterkr\u00e4uter &#8211; Bitterkr\u00e4utertropfen<\/h2>\n<p>Mit unseren <em><strong>Duschlbaur\u00b4s 9-Bitterkr\u00e4uter Bitterkr\u00e4utertropfen<\/strong><\/em> greifen wir tief in den wertvollen Kr\u00e4utertopf der Natur. Die Duschlbaur\u00b4s Bitterkr\u00e4uter 9 Bitterstoffe Bitterkr\u00e4utertropfen k\u00f6nnen anregend auf Leber, Galle und Bauchspeicheldr\u00fcse wirken. Bitterstoffe unterst\u00fctzen den S\u00e4ure-Basen-Haushalt. Sie regen die Verdauung an und agieren als nat\u00fcrliche Fettverbrenner.<\/p>\n<p>Die nat\u00fcrlichen Inhaltsstoffe der <strong>Duschlbaur\u00b4s<\/strong> <em><strong>&#8222;Bittern\u00f6tig&#8220;<\/strong><\/em>\u00a0 9-Bitterkr\u00e4uter &#8211; Bitterkr\u00e4utertropfen sind: Artischocke, Blutwurz, Brennessel, Eichenrinde, Engelwurz, Enzian, L\u00f6wenzahn, Teufelskralle und Wermut.<\/p>\n<p>F\u00fcr die Herstellung dieser sehr wertvollen Kr\u00e4utertropfen verwenden wir von der Artischocken-Pflanze und Wermut-Pflanze das Kraut. Bei Blutwurz, Engelwurz, Enzian und Teufelskralle greifen wir auf die Wurzel zu. Von der Brennessel-Pflanze nehmen wir die Bl\u00e4tter und von der Eiche die Rinde. Beim L\u00f6wenzahn nutzen wir die Bl\u00e4tter, das Kraut und die Wurzel.<\/p>\n<h4>Bitterstoffe sind bittern\u00f6tig!<\/h4>\n<p>Pflanzliche Bitterstoffe sind ein wichtiger St\u00fctzpfeiler f\u00fcr die Gesundheit unseres K\u00f6rpers. Ein zuviel an s\u00e4urebildenden Nahrungsmitteln f\u00fchrt zu Reizungen im gesamten Magen-Darmtrakt. Auswirkungen sind Bl\u00e4hungen, V\u00f6llegef\u00fchl, Darmtr\u00e4gheit und Gewichtszunahme. Bitterstoffe machen das Essen vertr\u00e4glicher.<\/p>\n<p>Der heutzutage g\u00e4ngige Ern\u00e4hrungsstil bevorzugt Lebensmittel mit weniger Bitterstoffen. Aus urspr\u00fcnglich bitteren Pflanzen wie Chicoree, Radicchio, Endivien oder Rucola wurden die Bitterstoffe herausgez\u00fcchtet.<\/p>\n<p>Neben Gem\u00fcse enthalten auch Kr\u00e4uter und Wurzeln wichtige Bitterstoffe. Diese Bitterstoff-Quellen nutzen wir in unseren Duschlbaur\u00b4s Bitterkr\u00e4utertropfen.<\/p>\n<p>Die Geschmacksrichtung &#8222;bitter&#8220; z\u00e4hlt zu den f\u00fcnf Geschmacksrichtungen, welche die Zunge schmecken kann. Empfinden Sie den Geschmack von Bitterstoffen als sehr bitter? Jetzt ben\u00f6tigt Ihr K\u00f6rper die Bitterstoffe umso &#8222;Bittern\u00f6tiger&#8220;! Bei regelm\u00e4\u00dfiger Einnahme von Bitterstoffen werden Sie ein wachsendes ganzk\u00f6rperliches Wohlbefinden sp\u00fcren.<\/p>\n<p>Die belebende Wirkung von Bitterstoffen stellt sich bereits beim Kontakt mit der Mundschleimhaut ein. Nehmen Sie 20 Tropfen unverd\u00fcnnt oder mit etwas Wasser ein. Lassen Sie die verd\u00fcnnte oder unverd\u00fcnnte L\u00f6sung kurz im Mund wirken. Die Geschmacksknospen der Zunge leiten die ersten gesunden Impulse \u00fcber die Nerven zum Gehirn.<\/p>\n<p>Holen Sie sich die positive Energie der <em><strong>Duschlbaur\u00b4s <\/strong><strong>Bitterkr\u00e4uter &#8211; 9 Bitterstoffe &#8211; Bitterkr\u00e4utertropfen. <\/strong><\/em>Sie k\u00f6nnen die Kr\u00e4utertropfen zu jedem Essen und vor dem Schlafengehen einnehmen. Damit unterst\u00fctzen Sie w\u00e4hrend der Nacht die Arbeit Ihrer Leber. F\u00fcr eine f\u00fchlbare Leichtigkeit am n\u00e4chsten Tag!<\/p>\n<p>&nbsp;<\/p>\n","protected":false},"excerpt":{"rendered":"<ul>\n<li>Anwendungsgebiete: Leber, Galle, Bauchspeicheldr\u00fcse, Fettstoffwechsel<\/li>\n<li>Reinsubstanz \u2013 nur Wirkstoffe der Kr\u00e4uter enthalten<\/li>\n<li>Arzneimittelqualit\u00e4t der Kr\u00e4uter<\/li>\n<li>Gute Alternative zu Kapseln oder Tee<\/li>\n<li>H\u00f6chste Qualit\u00e4tsstandards und Hygienerichtlinien<\/li>\n<li>Frei von k\u00fcnstlichen Zus\u00e4tzen und Farbstoffen<\/li>\n<li>Hergestellt nach traditionellen alchemistischen Grunds\u00e4tzen &#8211; nach Ansicht von Paracelsus<\/li>\n<\/ul>\n<p>Alchemische<strong> nat\u00fcrliche Kr\u00e4utertropfen, 50 ml<\/strong> Glasflasche<\/p>\n","protected":false},"featured_media":881,"comment_status":"closed","ping_status":"closed","template":"","meta":{"inline_featured_image":false},"product_cat":[25],"product_tag":[],"acf":[],"yoast_head":"<!-- This site is optimized with the Yoast SEO plugin v20.11 - https:\/\/yoast.com\/wordpress\/plugins\/seo\/ -->\n<title>Duschlbaur\u00b4s 9-Bitterkr\u00e4uter - Bitterkr\u00e4utertropfen kaufen<\/title>\n<meta name=\"description\" content=\"Duschlbaur\u00b4s 9-Bitterkr\u00e4uter Bitterkr\u00e4utertropfen kaufen \u2713 rein pflanzlich \u2713 nur Wirkstoffe der Kr\u00e4uter \u2713 versandkostenfrei \u2713 aus K\u00e4rnten\" \/>\n<meta name=\"robots\" content=\"index, follow, max-snippet:-1, max-image-preview:large, max-video-preview:-1\" \/>\n<link rel=\"canonical\" href=\"https:\/\/www.naturessenzen.com\/produkt\/duschlbaurs-9-bitterkraeuter-bitterkraeutertropfen-tinktur\/\" \/>\n<meta property=\"og:locale\" content=\"de_DE\" \/>\n<meta property=\"og:type\" content=\"article\" \/>\n<meta property=\"og:title\" content=\"Duschlbaur\u00b4s 9-Bitterkr\u00e4uter - Bitterkr\u00e4utertropfen kaufen\" \/>\n<meta property=\"og:description\" content=\"Duschlbaur\u00b4s 9-Bitterkr\u00e4uter Bitterkr\u00e4utertropfen kaufen \u2713 rein pflanzlich \u2713 nur Wirkstoffe der Kr\u00e4uter \u2713 versandkostenfrei \u2713 aus K\u00e4rnten\" \/>\n<meta property=\"og:url\" content=\"https:\/\/www.naturessenzen.com\/produkt\/duschlbaurs-9-bitterkraeuter-bitterkraeutertropfen-tinktur\/\" \/>\n<meta property=\"og:site_name\" content=\"Duschlbaur&#039;s Kr\u00e4uter Shop - Tinktur Kr\u00e4utertinktur kaufen! Qualit\u00e4t seit 1917!\" \/>\n<meta property=\"article:modified_time\" content=\"2023-09-27T08:14:54+00:00\" \/>\n<meta property=\"og:image\" content=\"https:\/\/www.naturessenzen.com\/wp-content\/uploads\/2020\/11\/kraeuteressenz_kraeutertinktur_bitterkraeuter_abnehmen_kreislauf_heilmittel.png\" \/>\n\t<meta property=\"og:image:width\" content=\"1000\" \/>\n\t<meta property=\"og:image:height\" content=\"1000\" \/>\n\t<meta property=\"og:image:type\" content=\"image\/jpeg\" \/>\n<meta name=\"twitter:card\" content=\"summary_large_image\" \/>\n<meta name=\"twitter:label1\" content=\"Gesch\u00e4tzte Lesezeit\" \/>\n\t<meta name=\"twitter:data1\" content=\"2\u00a0Minuten\" \/>\n<script type=\"application\/ld+json\" class=\"yoast-schema-graph\">{\"@context\":\"https:\/\/schema.org\",\"@graph\":[{\"@type\":\"WebPage\",\"@id\":\"https:\/\/www.naturessenzen.com\/produkt\/duschlbaurs-9-bitterkraeuter-bitterkraeutertropfen-tinktur\/\",\"url\":\"https:\/\/www.naturessenzen.com\/produkt\/duschlbaurs-9-bitterkraeuter-bitterkraeutertropfen-tinktur\/\",\"name\":\"Duschlbaur\u00b4s 9-Bitterkr\u00e4uter - Bitterkr\u00e4utertropfen kaufen\",\"isPartOf\":{\"@id\":\"https:\/\/www.naturessenzen.com\/#website\"},\"datePublished\":\"2021-04-16T11:24:22+00:00\",\"dateModified\":\"2023-09-27T08:14:54+00:00\",\"description\":\"Duschlbaur\u00b4s 9-Bitterkr\u00e4uter Bitterkr\u00e4utertropfen kaufen \u2713 rein pflanzlich \u2713 nur Wirkstoffe der Kr\u00e4uter \u2713 versandkostenfrei \u2713 aus K\u00e4rnten\",\"breadcrumb\":{\"@id\":\"https:\/\/www.naturessenzen.com\/produkt\/duschlbaurs-9-bitterkraeuter-bitterkraeutertropfen-tinktur\/#breadcrumb\"},\"inLanguage\":\"de\",\"potentialAction\":[{\"@type\":\"ReadAction\",\"target\":[\"https:\/\/www.naturessenzen.com\/produkt\/duschlbaurs-9-bitterkraeuter-bitterkraeutertropfen-tinktur\/\"]}]},{\"@type\":\"BreadcrumbList\",\"@id\":\"https:\/\/www.naturessenzen.com\/produkt\/duschlbaurs-9-bitterkraeuter-bitterkraeutertropfen-tinktur\/#breadcrumb\",\"itemListElement\":[{\"@type\":\"ListItem\",\"position\":1,\"name\":\"Startseite\",\"item\":\"https:\/\/www.naturessenzen.com\/\"},{\"@type\":\"ListItem\",\"position\":2,\"name\":\"Shop\",\"item\":\"https:\/\/www.naturessenzen.com\/heilpflanzen-heilkraeuter-online-tinktur-kaufen\/\"},{\"@type\":\"ListItem\",\"position\":3,\"name\":\"&#8222;Bittern\u00f6tig&#8220; 9 Bitterkr\u00e4uter Tinktur\"}]},{\"@type\":\"WebSite\",\"@id\":\"https:\/\/www.naturessenzen.com\/#website\",\"url\":\"https:\/\/www.naturessenzen.com\/\",\"name\":\"Duschlbaur&#039;s Kr\u00e4uter Shop - Tinktur Kr\u00e4utertinktur kaufen! Qualit\u00e4t seit 1917!\",\"description\":\"Wir haben einen gro\u00dfe Auswahl an Kr\u00e4utertinkturen in unserem Shop! Tinktur Kr\u00e4utertinktur kaufen!\",\"potentialAction\":[{\"@type\":\"SearchAction\",\"target\":{\"@type\":\"EntryPoint\",\"urlTemplate\":\"https:\/\/www.naturessenzen.com\/?s={search_term_string}\"},\"query-input\":\"required name=search_term_string\"}],\"inLanguage\":\"de\"}]}<\/script>\n<!-- \/ Yoast SEO plugin. -->","yoast_head_json":{"title":"Duschlbaur\u00b4s 9-Bitterkr\u00e4uter - Bitterkr\u00e4utertropfen kaufen","description":"Duschlbaur\u00b4s 9-Bitterkr\u00e4uter Bitterkr\u00e4utertropfen kaufen \u2713 rein pflanzlich \u2713 nur Wirkstoffe der Kr\u00e4uter \u2713 versandkostenfrei \u2713 aus K\u00e4rnten","robots":{"index":"index","follow":"follow","max-snippet":"max-snippet:-1","max-image-preview":"max-image-preview:large","max-video-preview":"max-video-preview:-1"},"canonical":"https:\/\/www.naturessenzen.com\/produkt\/duschlbaurs-9-bitterkraeuter-bitterkraeutertropfen-tinktur\/","og_locale":"de_DE","og_type":"article","og_title":"Duschlbaur\u00b4s 9-Bitterkr\u00e4uter - Bitterkr\u00e4utertropfen kaufen","og_description":"Duschlbaur\u00b4s 9-Bitterkr\u00e4uter Bitterkr\u00e4utertropfen kaufen \u2713 rein pflanzlich \u2713 nur Wirkstoffe der Kr\u00e4uter \u2713 versandkostenfrei \u2713 aus K\u00e4rnten","og_url":"https:\/\/www.naturessenzen.com\/produkt\/duschlbaurs-9-bitterkraeuter-bitterkraeutertropfen-tinktur\/","og_site_name":"Duschlbaur&#039;s Kr\u00e4uter Shop - Tinktur Kr\u00e4utertinktur kaufen! Qualit\u00e4t seit 1917!","article_modified_time":"2023-09-27T08:14:54+00:00","og_image":[{"width":1000,"height":1000,"url":"https:\/\/www.naturessenzen.com\/wp-content\/uploads\/2020\/11\/kraeuteressenz_kraeutertinktur_bitterkraeuter_abnehmen_kreislauf_heilmittel.png","type":"image\/jpeg"}],"twitter_card":"summary_large_image","twitter_misc":{"Gesch\u00e4tzte Lesezeit":"2\u00a0Minuten"},"schema":{"@context":"https:\/\/schema.org","@graph":[{"@type":"WebPage","@id":"https:\/\/www.naturessenzen.com\/produkt\/duschlbaurs-9-bitterkraeuter-bitterkraeutertropfen-tinktur\/","url":"https:\/\/www.naturessenzen.com\/produkt\/duschlbaurs-9-bitterkraeuter-bitterkraeutertropfen-tinktur\/","name":"Duschlbaur\u00b4s 9-Bitterkr\u00e4uter - Bitterkr\u00e4utertropfen kaufen","isPartOf":{"@id":"https:\/\/www.naturessenzen.com\/#website"},"datePublished":"2021-04-16T11:24:22+00:00","dateModified":"2023-09-27T08:14:54+00:00","description":"Duschlbaur\u00b4s 9-Bitterkr\u00e4uter Bitterkr\u00e4utertropfen kaufen \u2713 rein pflanzlich \u2713 nur Wirkstoffe der Kr\u00e4uter \u2713 versandkostenfrei \u2713 aus K\u00e4rnten","breadcrumb":{"@id":"https:\/\/www.naturessenzen.com\/produkt\/duschlbaurs-9-bitterkraeuter-bitterkraeutertropfen-tinktur\/#breadcrumb"},"inLanguage":"de","potentialAction":[{"@type":"ReadAction","target":["https:\/\/www.naturessenzen.com\/produkt\/duschlbaurs-9-bitterkraeuter-bitterkraeutertropfen-tinktur\/"]}]},{"@type":"BreadcrumbList","@id":"https:\/\/www.naturessenzen.com\/produkt\/duschlbaurs-9-bitterkraeuter-bitterkraeutertropfen-tinktur\/#breadcrumb","itemListElement":[{"@type":"ListItem","position":1,"name":"Startseite","item":"https:\/\/www.naturessenzen.com\/"},{"@type":"ListItem","position":2,"name":"Shop","item":"https:\/\/www.naturessenzen.com\/heilpflanzen-heilkraeuter-online-tinktur-kaufen\/"},{"@type":"ListItem","position":3,"name":"&#8222;Bittern\u00f6tig&#8220; 9 Bitterkr\u00e4uter Tinktur"}]},{"@type":"WebSite","@id":"https:\/\/www.naturessenzen.com\/#website","url":"https:\/\/www.naturessenzen.com\/","name":"Duschlbaur&#039;s Kr\u00e4uter Shop - Tinktur Kr\u00e4utertinktur kaufen! Qualit\u00e4t seit 1917!","description":"Wir haben einen gro\u00dfe Auswahl an Kr\u00e4utertinkturen in unserem Shop! Tinktur Kr\u00e4utertinktur kaufen!","potentialAction":[{"@type":"SearchAction","target":{"@type":"EntryPoint","urlTemplate":"https:\/\/www.naturessenzen.com\/?s={search_term_string}"},"query-input":"required name=search_term_string"}],"inLanguage":"de"}]}},"_links":{"self":[{"href":"https:\/\/www.naturessenzen.com\/wp-json\/wp\/v2\/product\/2590"}],"collection":[{"href":"https:\/\/www.naturessenzen.com\/wp-json\/wp\/v2\/product"}],"about":[{"href":"https:\/\/www.naturessenzen.com\/wp-json\/wp\/v2\/types\/product"}],"replies":[{"embeddable":true,"href":"https:\/\/www.naturessenzen.com\/wp-json\/wp\/v2\/comments?post=2590"}],"wp:featuredmedia":[{"embeddable":true,"href":"https:\/\/www.naturessenzen.com\/wp-json\/wp\/v2\/media\/881"}],"wp:attachment":[{"href":"https:\/\/www.naturessenzen.com\/wp-json\/wp\/v2\/media?parent=2590"}],"wp:term":[{"taxonomy":"product_cat","embeddable":true,"href":"https:\/\/www.naturessenzen.com\/wp-json\/wp\/v2\/product_cat?post=2590"},{"taxonomy":"product_tag","embeddable":true,"href":"https:\/\/www.naturessenzen.com\/wp-json\/wp\/v2\/product_tag?post=2590"}],"curies":[{"name":"wp","href":"https:\/\/api.w.org\/{rel}","templated":true}]}}