{"id":1906,"date":"2021-01-27T08:39:51","date_gmt":"2021-01-27T07:39:51","guid":{"rendered":"https:\/\/www.naturessenzen.com\/?post_type=product&#038;p=1906"},"modified":"2023-09-26T12:51:20","modified_gmt":"2023-09-26T10:51:20","slug":"wechseljahre-klimakterium-pms-tinktur-essenz-kraeutertropfen","status":"publish","type":"product","link":"https:\/\/www.naturessenzen.com\/produkt\/wechseljahre-klimakterium-pms-tinktur-essenz-kraeutertropfen\/","title":{"rendered":"Einfach Frau Sein Tinktur"},"content":{"rendered":"<h2>Duschlbaur\u00b4s &#8222;Einfach Frau Sein&#8220; &#8211; Wechseljahre Klimakterium PMS &#8211; Tinktur Tropfen<\/h2>\n<p>Unsere Tinktur <b><i>\u201eEinfach Frau Sein\u201c<\/i><\/b> kann mit nat\u00fcrlichen Gaben aus der Natur die Wechseljahre, das Klimakterium und bei PMS unterst\u00fctzen. Gegen jedes Unbill ist ein Kraut gewachsen!\u00a0 Die nat\u00fcrlichen Inhaltsstoffe der <em><strong>&#8222;Einfach Frau Sein&#8220;<\/strong> <\/em>Tinktur Tropfen sind: Wasser, Alkohol, Rotklee, Salbei, Traubensilberkerze, Schafgarbe, Hirtent\u00e4schel und Frauenmantel. Diese Pflanzen sind freudig f\u00fcr das Wohlgef\u00fchl der Frau gewachsen.<\/p>\n<p>F\u00fcr die Herstellung dieser besonderen Tropfen verwenden wir bei Rotklee, Salbei, Traubensilberkerze, Schafgarbe, Hirtent\u00e4schel und Frauenmantel die ganze Pflanze mit der Bl\u00fcte.<\/p>\n<p>Ver\u00e4nderungsprozesse begleiten Frauen ein Leben lang. Der Frauenk\u00f6rper ist w\u00e4hrend seiner Lebensspanne zum Gro\u00dfteil von Hormonen gesteuert. Diese sind verantwortlich daf\u00fcr, ob die Regelblutungen zu schwach, zu stark oder begleitet von schmerzhaften Bauchkr\u00e4mpfen auftreten. Beginn und Dauer der Wechseljahre sind von Frau zu Frau verschieden. Rein medizinisch betrachtet durchl\u00e4uft jede Frau die Perimenopause (die Zeit kurz vor dem Ausbleiben der Menstruation), gefolgt von der<span class=\"Apple-converted-space\">\u00a0<\/span>Menopause (mindestens 12 Monate lang keine Blutung) und schlie\u00dflich die Postmenopause.<span class=\"Apple-converted-space\">\u00a0<\/span><\/p>\n<p>So bunt wie das Leben ist, erlebt jede Frau diese Zeit ihres Lebens anders. Einige sind in kurzer Zeit beschwerdefrei. Manche sp\u00fcren nur leichte Beschwerden. Viele Frauen sehen sich mit erheblichen Beeintr\u00e4chtigungen der Lebensqualit\u00e4t konfrontiert. Das innere Gleichgewicht und das pers\u00f6nliche Temperaturempfinden k\u00f6nnen empfindlich aus dem Takt geraten. Die tags\u00fcber und auch nachts wiederkehrend auftretenden Hitzesch\u00fcbe, gefolgt von Sch\u00fcttelfrost sind k\u00f6rperlich anstrengend und auch eine psychische Belastung. Diese biologischen Abl\u00e4ufe und Stoffwechselvorg\u00e4nge im weiblichen Organismus haben Auswirkungen auf die Psyche und das \u201eNervenkost\u00fcm\u201c. M\u00fcdigkeit und schnellere Erm\u00fcdung lassen Frau sich durch den Tag schleppen.<span class=\"Apple-converted-space\">\u00a0<\/span><\/p>\n<p>Je offener man mit diesen Lebenssituationen umgeht, desto gr\u00f6\u00dfer ist die eigene Akzeptanz. Es liegt auch eine gro\u00dfe Chance darin: werden Sie achtsamer sich selbst gegen\u00fcber! G\u00f6nnen Sie sich ein \u201eIn-Sich-Hineinh\u00f6ren\u201c und helfen Sie sich und Ihrem K\u00f6rper mit den Sch\u00e4tzen aus der Natur durch diese Zeit. Probieren Sie unsere Tropfen!<\/p>\n<p>&nbsp;<\/p>\n","protected":false},"excerpt":{"rendered":"<ul>\n<li>Anwendungsgebiete: Wechseljahre, Klimakterium, Menstruation, PMS<\/li>\n<li>Reinsubstanz \u2013 nur Wirkstoffe der Kr\u00e4uter enthalten<\/li>\n<li>Arzneimittelqualit\u00e4t der Kr\u00e4uter<\/li>\n<li>Gute Alternative zu Kapseln oder Tee<\/li>\n<li>Ausreichend f\u00fcr 50 Tage Kr\u00e4uterkur<\/li>\n<li>H\u00f6chste Qualit\u00e4tsstandards und Hygienerichtlinien<\/li>\n<li>Frei von k\u00fcnstlichen Zus\u00e4tzen und Farbstoffen<\/li>\n<li>Hergestellt nach traditionellen alchemistischen Grunds\u00e4tzen &#8211; nach Ansicht von Paracelsus<\/li>\n<\/ul>\n<p>Alchemische<strong> nat\u00fcrliche Tinktur, 50ml<\/strong> Glasflasche<strong><br \/>\n<\/strong><\/p>\n","protected":false},"featured_media":1914,"comment_status":"closed","ping_status":"closed","template":"","meta":{"inline_featured_image":false},"product_cat":[25],"product_tag":[],"acf":[],"yoast_head":"<!-- This site is optimized with the Yoast SEO plugin v20.11 - https:\/\/yoast.com\/wordpress\/plugins\/seo\/ -->\n<title>Wechseljahre Klimakterium PMS Tinktur Essenz kaufen Tropfen<\/title>\n<meta name=\"description\" content=\"Wechseljahre Klimakterium PMS Tinktur kaufen \u2713 rein pflanzliche Essenz \u2713 auf Rechnung bestellen \u2713 versandkostenfrei \u2713 Tropfen aus K\u00e4rnten\" \/>\n<meta name=\"robots\" content=\"index, follow, max-snippet:-1, max-image-preview:large, max-video-preview:-1\" \/>\n<link rel=\"canonical\" href=\"https:\/\/www.naturessenzen.com\/produkt\/wechseljahre-klimakterium-pms-tinktur-essenz-kraeutertropfen\/\" \/>\n<meta property=\"og:locale\" content=\"de_DE\" \/>\n<meta property=\"og:type\" content=\"article\" \/>\n<meta property=\"og:title\" content=\"Wechseljahre Klimakterium PMS Tinktur Essenz kaufen Tropfen\" \/>\n<meta property=\"og:description\" content=\"Wechseljahre Klimakterium PMS Tinktur kaufen \u2713 rein pflanzliche Essenz \u2713 auf Rechnung bestellen \u2713 versandkostenfrei \u2713 Tropfen aus K\u00e4rnten\" \/>\n<meta property=\"og:url\" content=\"https:\/\/www.naturessenzen.com\/produkt\/wechseljahre-klimakterium-pms-tinktur-essenz-kraeutertropfen\/\" \/>\n<meta property=\"og:site_name\" content=\"Duschlbaur&#039;s Kr\u00e4uter Shop - Tinktur Kr\u00e4utertinktur kaufen! Qualit\u00e4t seit 1917!\" \/>\n<meta property=\"article:modified_time\" content=\"2023-09-26T10:51:20+00:00\" \/>\n<meta property=\"og:image\" content=\"https:\/\/www.naturessenzen.com\/wp-content\/uploads\/2021\/01\/kraeuteressenz_kraeutertinktur_einfachfrausein_frau_veraenderung_wechseljahre_lebensqualitaet_wohlgefuehl.png\" \/>\n\t<meta property=\"og:image:width\" content=\"1000\" \/>\n\t<meta property=\"og:image:height\" content=\"1000\" \/>\n\t<meta property=\"og:image:type\" content=\"image\/png\" \/>\n<meta name=\"twitter:card\" content=\"summary_large_image\" \/>\n<meta name=\"twitter:label1\" content=\"Gesch\u00e4tzte Lesezeit\" \/>\n\t<meta name=\"twitter:data1\" content=\"2\u00a0Minuten\" \/>\n<script type=\"application\/ld+json\" class=\"yoast-schema-graph\">{\"@context\":\"https:\/\/schema.org\",\"@graph\":[{\"@type\":\"WebPage\",\"@id\":\"https:\/\/www.naturessenzen.com\/produkt\/wechseljahre-klimakterium-pms-tinktur-essenz-kraeutertropfen\/\",\"url\":\"https:\/\/www.naturessenzen.com\/produkt\/wechseljahre-klimakterium-pms-tinktur-essenz-kraeutertropfen\/\",\"name\":\"Wechseljahre Klimakterium PMS Tinktur Essenz kaufen Tropfen\",\"isPartOf\":{\"@id\":\"https:\/\/www.naturessenzen.com\/#website\"},\"datePublished\":\"2021-01-27T07:39:51+00:00\",\"dateModified\":\"2023-09-26T10:51:20+00:00\",\"description\":\"Wechseljahre Klimakterium PMS Tinktur kaufen \u2713 rein pflanzliche Essenz \u2713 auf Rechnung bestellen \u2713 versandkostenfrei \u2713 Tropfen aus K\u00e4rnten\",\"breadcrumb\":{\"@id\":\"https:\/\/www.naturessenzen.com\/produkt\/wechseljahre-klimakterium-pms-tinktur-essenz-kraeutertropfen\/#breadcrumb\"},\"inLanguage\":\"de\",\"potentialAction\":[{\"@type\":\"ReadAction\",\"target\":[\"https:\/\/www.naturessenzen.com\/produkt\/wechseljahre-klimakterium-pms-tinktur-essenz-kraeutertropfen\/\"]}]},{\"@type\":\"BreadcrumbList\",\"@id\":\"https:\/\/www.naturessenzen.com\/produkt\/wechseljahre-klimakterium-pms-tinktur-essenz-kraeutertropfen\/#breadcrumb\",\"itemListElement\":[{\"@type\":\"ListItem\",\"position\":1,\"name\":\"Startseite\",\"item\":\"https:\/\/www.naturessenzen.com\/\"},{\"@type\":\"ListItem\",\"position\":2,\"name\":\"Shop\",\"item\":\"https:\/\/www.naturessenzen.com\/heilpflanzen-heilkraeuter-online-tinktur-kaufen\/\"},{\"@type\":\"ListItem\",\"position\":3,\"name\":\"Einfach Frau Sein Tinktur\"}]},{\"@type\":\"WebSite\",\"@id\":\"https:\/\/www.naturessenzen.com\/#website\",\"url\":\"https:\/\/www.naturessenzen.com\/\",\"name\":\"Duschlbaur&#039;s Kr\u00e4uter Shop - Tinktur Kr\u00e4utertinktur kaufen! Qualit\u00e4t seit 1917!\",\"description\":\"Wir haben einen gro\u00dfe Auswahl an Kr\u00e4utertinkturen in unserem Shop! Tinktur Kr\u00e4utertinktur kaufen!\",\"potentialAction\":[{\"@type\":\"SearchAction\",\"target\":{\"@type\":\"EntryPoint\",\"urlTemplate\":\"https:\/\/www.naturessenzen.com\/?s={search_term_string}\"},\"query-input\":\"required name=search_term_string\"}],\"inLanguage\":\"de\"}]}<\/script>\n<!-- \/ Yoast SEO plugin. -->","yoast_head_json":{"title":"Wechseljahre Klimakterium PMS Tinktur Essenz kaufen Tropfen","description":"Wechseljahre Klimakterium PMS Tinktur kaufen \u2713 rein pflanzliche Essenz \u2713 auf Rechnung bestellen \u2713 versandkostenfrei \u2713 Tropfen aus K\u00e4rnten","robots":{"index":"index","follow":"follow","max-snippet":"max-snippet:-1","max-image-preview":"max-image-preview:large","max-video-preview":"max-video-preview:-1"},"canonical":"https:\/\/www.naturessenzen.com\/produkt\/wechseljahre-klimakterium-pms-tinktur-essenz-kraeutertropfen\/","og_locale":"de_DE","og_type":"article","og_title":"Wechseljahre Klimakterium PMS Tinktur Essenz kaufen Tropfen","og_description":"Wechseljahre Klimakterium PMS Tinktur kaufen \u2713 rein pflanzliche Essenz \u2713 auf Rechnung bestellen \u2713 versandkostenfrei \u2713 Tropfen aus K\u00e4rnten","og_url":"https:\/\/www.naturessenzen.com\/produkt\/wechseljahre-klimakterium-pms-tinktur-essenz-kraeutertropfen\/","og_site_name":"Duschlbaur&#039;s Kr\u00e4uter Shop - Tinktur Kr\u00e4utertinktur kaufen! Qualit\u00e4t seit 1917!","article_modified_time":"2023-09-26T10:51:20+00:00","og_image":[{"width":1000,"height":1000,"url":"https:\/\/www.naturessenzen.com\/wp-content\/uploads\/2021\/01\/kraeuteressenz_kraeutertinktur_einfachfrausein_frau_veraenderung_wechseljahre_lebensqualitaet_wohlgefuehl.png","type":"image\/png"}],"twitter_card":"summary_large_image","twitter_misc":{"Gesch\u00e4tzte Lesezeit":"2\u00a0Minuten"},"schema":{"@context":"https:\/\/schema.org","@graph":[{"@type":"WebPage","@id":"https:\/\/www.naturessenzen.com\/produkt\/wechseljahre-klimakterium-pms-tinktur-essenz-kraeutertropfen\/","url":"https:\/\/www.naturessenzen.com\/produkt\/wechseljahre-klimakterium-pms-tinktur-essenz-kraeutertropfen\/","name":"Wechseljahre Klimakterium PMS Tinktur Essenz kaufen Tropfen","isPartOf":{"@id":"https:\/\/www.naturessenzen.com\/#website"},"datePublished":"2021-01-27T07:39:51+00:00","dateModified":"2023-09-26T10:51:20+00:00","description":"Wechseljahre Klimakterium PMS Tinktur kaufen \u2713 rein pflanzliche Essenz \u2713 auf Rechnung bestellen \u2713 versandkostenfrei \u2713 Tropfen aus K\u00e4rnten","breadcrumb":{"@id":"https:\/\/www.naturessenzen.com\/produkt\/wechseljahre-klimakterium-pms-tinktur-essenz-kraeutertropfen\/#breadcrumb"},"inLanguage":"de","potentialAction":[{"@type":"ReadAction","target":["https:\/\/www.naturessenzen.com\/produkt\/wechseljahre-klimakterium-pms-tinktur-essenz-kraeutertropfen\/"]}]},{"@type":"BreadcrumbList","@id":"https:\/\/www.naturessenzen.com\/produkt\/wechseljahre-klimakterium-pms-tinktur-essenz-kraeutertropfen\/#breadcrumb","itemListElement":[{"@type":"ListItem","position":1,"name":"Startseite","item":"https:\/\/www.naturessenzen.com\/"},{"@type":"ListItem","position":2,"name":"Shop","item":"https:\/\/www.naturessenzen.com\/heilpflanzen-heilkraeuter-online-tinktur-kaufen\/"},{"@type":"ListItem","position":3,"name":"Einfach Frau Sein Tinktur"}]},{"@type":"WebSite","@id":"https:\/\/www.naturessenzen.com\/#website","url":"https:\/\/www.naturessenzen.com\/","name":"Duschlbaur&#039;s Kr\u00e4uter Shop - Tinktur Kr\u00e4utertinktur kaufen! Qualit\u00e4t seit 1917!","description":"Wir haben einen gro\u00dfe Auswahl an Kr\u00e4utertinkturen in unserem Shop! Tinktur Kr\u00e4utertinktur kaufen!","potentialAction":[{"@type":"SearchAction","target":{"@type":"EntryPoint","urlTemplate":"https:\/\/www.naturessenzen.com\/?s={search_term_string}"},"query-input":"required name=search_term_string"}],"inLanguage":"de"}]}},"_links":{"self":[{"href":"https:\/\/www.naturessenzen.com\/wp-json\/wp\/v2\/product\/1906"}],"collection":[{"href":"https:\/\/www.naturessenzen.com\/wp-json\/wp\/v2\/product"}],"about":[{"href":"https:\/\/www.naturessenzen.com\/wp-json\/wp\/v2\/types\/product"}],"replies":[{"embeddable":true,"href":"https:\/\/www.naturessenzen.com\/wp-json\/wp\/v2\/comments?post=1906"}],"wp:featuredmedia":[{"embeddable":true,"href":"https:\/\/www.naturessenzen.com\/wp-json\/wp\/v2\/media\/1914"}],"wp:attachment":[{"href":"https:\/\/www.naturessenzen.com\/wp-json\/wp\/v2\/media?parent=1906"}],"wp:term":[{"taxonomy":"product_cat","embeddable":true,"href":"https:\/\/www.naturessenzen.com\/wp-json\/wp\/v2\/product_cat?post=1906"},{"taxonomy":"product_tag","embeddable":true,"href":"https:\/\/www.naturessenzen.com\/wp-json\/wp\/v2\/product_tag?post=1906"}],"curies":[{"name":"wp","href":"https:\/\/api.w.org\/{rel}","templated":true}]}}