{"id":1905,"date":"2021-01-27T08:37:10","date_gmt":"2021-01-27T07:37:10","guid":{"rendered":"https:\/\/www.naturessenzen.com\/?post_type=product&#038;p=1905"},"modified":"2023-09-26T12:50:07","modified_gmt":"2023-09-26T10:50:07","slug":"immunsystem-abwehrkraefte-tinktur-essenz-kraeutertropfen","status":"publish","type":"product","link":"https:\/\/www.naturessenzen.com\/produkt\/immunsystem-abwehrkraefte-tinktur-essenz-kraeutertropfen\/","title":{"rendered":"Vitale Abwehr Tinktur"},"content":{"rendered":"<h2>Duschlbaur\u00b4s &#8222;Vitale Abwehr&#8220; &#8211; Immunsystem Abwehrkr\u00e4fte &#8211; Tinktur Tropfen<\/h2>\n<p>Unsere Tinktur <em><strong>&#8222;Vitale Abwehr&#8220;<\/strong><\/em> kann Ihr Immunsystem und Ihre Abwehrkr\u00e4fte unterst\u00fctzen. Die nat\u00fcrlichen Inhaltsstoffe der <em><strong>&#8222;Vitale Abwehr&#8220;<\/strong> <\/em>Tinktur Tropfen sind: Wasser, Alkohol, Alant, Heckenrose, Labkraut, Sanddorn und Vogelmiere.<\/p>\n<p>F\u00fcr die Herstellung dieser sehr wertvollen Tropfen verwenden wir bei Alant, Heckenrose, Labkraut und Vogelmiere die ganze Pflanze mit Bl\u00fcte. Bei Sanddorn nutzen wir die ganze Pflanze mit Beeren.<\/p>\n<p>Insbesondere in Zeiten erh\u00f6hter Belastung sollten wir unserem Immunsystem vermehrt Aufmerksamkeit schenken. Neben den \u00e4u\u00dferlichen Einfl\u00fcssen wie N\u00e4sse, K\u00e4lte und Wind setzen sowohl dauerhafter Stress als auch k\u00f6rperliche Belastungen dem Immunsystem zu.<span class=\"Apple-converted-space\">\u00a0<\/span><\/p>\n<p>Ein starkes Immunsystem erkennt krank machende Erreger \u2013 wie Bakterien, Viren, Pilze und andere Erreger \u2013 und bek\u00e4mpft sie mit sogenannten Antik\u00f6rpern. Die unerw\u00fcnschten Eindringlinge werden fr\u00fchzeitig erkannt und der k\u00f6rpereigene Abwehrmechanismus legt los.<span class=\"Apple-converted-space\">\u00a0<\/span><\/p>\n<p>Empfehlungen zur St\u00e4rkung des Immunsystems sind ausgewogene, vitaminreiche Kost, ausreichender Schlaf, eine gesunde Darmflora, Bewegung an der frischen Luft, \u00f6fter einmal bewusst abschalten, sprich ..\u2026 ein prinzipiell gesunder Lebensstil. Das ist uns allen grunds\u00e4tzlich klar, nur die t\u00e4gliche Umsetzung in unserem sehr komplex gewordenen Lebensstil scheitert oftmals.<\/p>\n<h4>Die gute alte H\u00fchnersuppe oder doch eine vegetarische Alternative?<\/h4>\n<p>Im Jahr 1988 gr\u00fcndete Prof. Ron Eccles das Common Cold Center an der Cardiff Universit\u00e4t in England. Dabei handelt es sich um das erste klinische Versuchszentrum, das sich mit neuen Therapien gegen Erk\u00e4ltung, Husten, Halsschmerzen und verstopfter Nase besch\u00e4ftigte.<\/p>\n<p>Seine Erkenntnisse fasste er in einem 24-Stunden-Notfall-Programm zusammen. Wenn die typischen Erk\u00e4ltungsgef\u00fchle aufsteigen, helfen die klassischen &#8211; von unseren Gro\u00dfeltern &#8211; \u00fcberlieferten Tipps. Duschen oder Baden Sie so hei\u00df wie m\u00f6glich. Der Wasserdampf regt die Schleimbildung an und bef\u00f6rdert die Viren aus dem K\u00f6rper. Die warme Luft beruhigt gereizte Atemwege. Danach ins Bett und dem K\u00f6rper mit der gleichm\u00e4\u00dfigen Bettw\u00e4rme Ruhe g\u00f6nnen.<\/p>\n<p>Ausreichende Zufuhr von bevorzugt speziellen Kr\u00e4utertees unterst\u00fctzt die Infektabwehr.<\/p>\n<p>Die heilsamen Wirkstoffe der &#8222;H\u00fchnersuppe&#8220; sind der Eiwei\u00dfstoff Cstein, welcher entz\u00fcndungshemmend und abschwellend wirkt. Weiters ist das an den Eiwei\u00dfbaustein Histidin gebundene Zink ein wichtiges Spurenelement gegen Erk\u00e4ltungen. Vegetarier ersetzen die H\u00fchnersuppe durch Linsen. Linsen verf\u00fcgen \u00fcber eine \u00e4hnliche Zusammensetzung aus Eiwei\u00dfen und Zink. Beide Gerichte reichert man mit Suppengem\u00fcse und Kr\u00e4utern an. Wussten Sie, dass Petersilie antientz\u00fcndliche Eigenschaften besitzt? Die sekund\u00e4ren Pflanzenstoffe und Vitamine des Gem\u00fcses sind wichtig f\u00fcr die Immunabwehr.<\/p>\n<p>In unserer Duschlbaur\u00b4s Komplextinktur <b><i>\u201eVitale Abwehr\u201c<\/i><\/b> bilden Alant, Heckenrose, Labkraut, Sanddorn und Vogelmiere Ihren pers\u00f6nlichen Schutzwall. Ihr Immunsystem wird es Ihnen mit gest\u00e4rkter Aktivit\u00e4t danken.<\/p>\n","protected":false},"excerpt":{"rendered":"<ul>\n<li>Anwendungsgebiete: Immunsystem, Abwehrkr\u00e4fte, St\u00e4rkung, Belastung<\/li>\n<li>Reinsubstanz \u2013 nur Wirkstoffe der Kr\u00e4uter enthalten<\/li>\n<li>Arzneimittelqualit\u00e4t der Kr\u00e4uter<\/li>\n<li>Gute Alternative zu Kapseln oder Tee<\/li>\n<li>Ausreichend f\u00fcr 50 Tage Kr\u00e4uterkur<\/li>\n<li>H\u00f6chste Qualit\u00e4tsstandards und Hygienerichtlinien<\/li>\n<li>Frei von k\u00fcnstlichen Zus\u00e4tzen und Farbstoffen<\/li>\n<li>Hergestellt nach traditionellen alchemistischen Grunds\u00e4tzen &#8211; nach Ansicht von Paracelsus<\/li>\n<\/ul>\n<p>Alchemische<strong> nat\u00fcrliche Tropfen, 50 ml<\/strong> Glasflasche<strong><br \/>\n<\/strong><\/p>\n","protected":false},"featured_media":1923,"comment_status":"closed","ping_status":"closed","template":"","meta":{"inline_featured_image":false},"product_cat":[25],"product_tag":[],"acf":[],"yoast_head":"<!-- This site is optimized with the Yoast SEO plugin v20.11 - https:\/\/yoast.com\/wordpress\/plugins\/seo\/ -->\n<title>Immunsystem Abwehrkr\u00e4fte Tinktur Essenz kaufen Tropfen<\/title>\n<meta name=\"description\" content=\"Immunsystem Abwehrkraefte Tinktur kaufen \u2713 rein pflanzliche Essenz \u2713 Jetzt auf Rechnung bestellen \u2713 versandkostenfrei \u2713 Tropfen aus K\u00e4rnten\" \/>\n<meta name=\"robots\" content=\"index, follow, max-snippet:-1, max-image-preview:large, max-video-preview:-1\" \/>\n<link rel=\"canonical\" href=\"https:\/\/www.naturessenzen.com\/produkt\/immunsystem-abwehrkraefte-tinktur-essenz-kraeutertropfen\/\" \/>\n<meta property=\"og:locale\" content=\"de_DE\" \/>\n<meta property=\"og:type\" content=\"article\" \/>\n<meta property=\"og:title\" content=\"Immunsystem Abwehrkr\u00e4fte Tinktur Essenz kaufen Tropfen\" \/>\n<meta property=\"og:description\" content=\"Immunsystem Abwehrkraefte Tinktur kaufen \u2713 rein pflanzliche Essenz \u2713 Jetzt auf Rechnung bestellen \u2713 versandkostenfrei \u2713 Tropfen aus K\u00e4rnten\" \/>\n<meta property=\"og:url\" content=\"https:\/\/www.naturessenzen.com\/produkt\/immunsystem-abwehrkraefte-tinktur-essenz-kraeutertropfen\/\" \/>\n<meta property=\"og:site_name\" content=\"Duschlbaur&#039;s Kr\u00e4uter Shop - Tinktur Kr\u00e4utertinktur kaufen! Qualit\u00e4t seit 1917!\" \/>\n<meta property=\"article:modified_time\" content=\"2023-09-26T10:50:07+00:00\" \/>\n<meta property=\"og:image\" content=\"https:\/\/www.naturessenzen.com\/wp-content\/uploads\/2021\/01\/kraeuteressenz_kraeutertinktur_vitaleabwehr_immunsystem_belastung_staerkung.png\" \/>\n\t<meta property=\"og:image:width\" content=\"1000\" \/>\n\t<meta property=\"og:image:height\" content=\"1000\" \/>\n\t<meta property=\"og:image:type\" content=\"image\/png\" \/>\n<meta name=\"twitter:card\" content=\"summary_large_image\" \/>\n<meta name=\"twitter:label1\" content=\"Gesch\u00e4tzte Lesezeit\" \/>\n\t<meta name=\"twitter:data1\" content=\"3\u00a0Minuten\" \/>\n<script type=\"application\/ld+json\" class=\"yoast-schema-graph\">{\"@context\":\"https:\/\/schema.org\",\"@graph\":[{\"@type\":\"WebPage\",\"@id\":\"https:\/\/www.naturessenzen.com\/produkt\/immunsystem-abwehrkraefte-tinktur-essenz-kraeutertropfen\/\",\"url\":\"https:\/\/www.naturessenzen.com\/produkt\/immunsystem-abwehrkraefte-tinktur-essenz-kraeutertropfen\/\",\"name\":\"Immunsystem Abwehrkr\u00e4fte Tinktur Essenz kaufen Tropfen\",\"isPartOf\":{\"@id\":\"https:\/\/www.naturessenzen.com\/#website\"},\"datePublished\":\"2021-01-27T07:37:10+00:00\",\"dateModified\":\"2023-09-26T10:50:07+00:00\",\"description\":\"Immunsystem Abwehrkraefte Tinktur kaufen \u2713 rein pflanzliche Essenz \u2713 Jetzt auf Rechnung bestellen \u2713 versandkostenfrei \u2713 Tropfen aus K\u00e4rnten\",\"breadcrumb\":{\"@id\":\"https:\/\/www.naturessenzen.com\/produkt\/immunsystem-abwehrkraefte-tinktur-essenz-kraeutertropfen\/#breadcrumb\"},\"inLanguage\":\"de\",\"potentialAction\":[{\"@type\":\"ReadAction\",\"target\":[\"https:\/\/www.naturessenzen.com\/produkt\/immunsystem-abwehrkraefte-tinktur-essenz-kraeutertropfen\/\"]}]},{\"@type\":\"BreadcrumbList\",\"@id\":\"https:\/\/www.naturessenzen.com\/produkt\/immunsystem-abwehrkraefte-tinktur-essenz-kraeutertropfen\/#breadcrumb\",\"itemListElement\":[{\"@type\":\"ListItem\",\"position\":1,\"name\":\"Startseite\",\"item\":\"https:\/\/www.naturessenzen.com\/\"},{\"@type\":\"ListItem\",\"position\":2,\"name\":\"Shop\",\"item\":\"https:\/\/www.naturessenzen.com\/heilpflanzen-heilkraeuter-online-tinktur-kaufen\/\"},{\"@type\":\"ListItem\",\"position\":3,\"name\":\"Vitale Abwehr Tinktur\"}]},{\"@type\":\"WebSite\",\"@id\":\"https:\/\/www.naturessenzen.com\/#website\",\"url\":\"https:\/\/www.naturessenzen.com\/\",\"name\":\"Duschlbaur&#039;s Kr\u00e4uter Shop - Tinktur Kr\u00e4utertinktur kaufen! Qualit\u00e4t seit 1917!\",\"description\":\"Wir haben einen gro\u00dfe Auswahl an Kr\u00e4utertinkturen in unserem Shop! Tinktur Kr\u00e4utertinktur kaufen!\",\"potentialAction\":[{\"@type\":\"SearchAction\",\"target\":{\"@type\":\"EntryPoint\",\"urlTemplate\":\"https:\/\/www.naturessenzen.com\/?s={search_term_string}\"},\"query-input\":\"required name=search_term_string\"}],\"inLanguage\":\"de\"}]}<\/script>\n<!-- \/ Yoast SEO plugin. -->","yoast_head_json":{"title":"Immunsystem Abwehrkr\u00e4fte Tinktur Essenz kaufen Tropfen","description":"Immunsystem Abwehrkraefte Tinktur kaufen \u2713 rein pflanzliche Essenz \u2713 Jetzt auf Rechnung bestellen \u2713 versandkostenfrei \u2713 Tropfen aus K\u00e4rnten","robots":{"index":"index","follow":"follow","max-snippet":"max-snippet:-1","max-image-preview":"max-image-preview:large","max-video-preview":"max-video-preview:-1"},"canonical":"https:\/\/www.naturessenzen.com\/produkt\/immunsystem-abwehrkraefte-tinktur-essenz-kraeutertropfen\/","og_locale":"de_DE","og_type":"article","og_title":"Immunsystem Abwehrkr\u00e4fte Tinktur Essenz kaufen Tropfen","og_description":"Immunsystem Abwehrkraefte Tinktur kaufen \u2713 rein pflanzliche Essenz \u2713 Jetzt auf Rechnung bestellen \u2713 versandkostenfrei \u2713 Tropfen aus K\u00e4rnten","og_url":"https:\/\/www.naturessenzen.com\/produkt\/immunsystem-abwehrkraefte-tinktur-essenz-kraeutertropfen\/","og_site_name":"Duschlbaur&#039;s Kr\u00e4uter Shop - Tinktur Kr\u00e4utertinktur kaufen! Qualit\u00e4t seit 1917!","article_modified_time":"2023-09-26T10:50:07+00:00","og_image":[{"width":1000,"height":1000,"url":"https:\/\/www.naturessenzen.com\/wp-content\/uploads\/2021\/01\/kraeuteressenz_kraeutertinktur_vitaleabwehr_immunsystem_belastung_staerkung.png","type":"image\/png"}],"twitter_card":"summary_large_image","twitter_misc":{"Gesch\u00e4tzte Lesezeit":"3\u00a0Minuten"},"schema":{"@context":"https:\/\/schema.org","@graph":[{"@type":"WebPage","@id":"https:\/\/www.naturessenzen.com\/produkt\/immunsystem-abwehrkraefte-tinktur-essenz-kraeutertropfen\/","url":"https:\/\/www.naturessenzen.com\/produkt\/immunsystem-abwehrkraefte-tinktur-essenz-kraeutertropfen\/","name":"Immunsystem Abwehrkr\u00e4fte Tinktur Essenz kaufen Tropfen","isPartOf":{"@id":"https:\/\/www.naturessenzen.com\/#website"},"datePublished":"2021-01-27T07:37:10+00:00","dateModified":"2023-09-26T10:50:07+00:00","description":"Immunsystem Abwehrkraefte Tinktur kaufen \u2713 rein pflanzliche Essenz \u2713 Jetzt auf Rechnung bestellen \u2713 versandkostenfrei \u2713 Tropfen aus K\u00e4rnten","breadcrumb":{"@id":"https:\/\/www.naturessenzen.com\/produkt\/immunsystem-abwehrkraefte-tinktur-essenz-kraeutertropfen\/#breadcrumb"},"inLanguage":"de","potentialAction":[{"@type":"ReadAction","target":["https:\/\/www.naturessenzen.com\/produkt\/immunsystem-abwehrkraefte-tinktur-essenz-kraeutertropfen\/"]}]},{"@type":"BreadcrumbList","@id":"https:\/\/www.naturessenzen.com\/produkt\/immunsystem-abwehrkraefte-tinktur-essenz-kraeutertropfen\/#breadcrumb","itemListElement":[{"@type":"ListItem","position":1,"name":"Startseite","item":"https:\/\/www.naturessenzen.com\/"},{"@type":"ListItem","position":2,"name":"Shop","item":"https:\/\/www.naturessenzen.com\/heilpflanzen-heilkraeuter-online-tinktur-kaufen\/"},{"@type":"ListItem","position":3,"name":"Vitale Abwehr Tinktur"}]},{"@type":"WebSite","@id":"https:\/\/www.naturessenzen.com\/#website","url":"https:\/\/www.naturessenzen.com\/","name":"Duschlbaur&#039;s Kr\u00e4uter Shop - Tinktur Kr\u00e4utertinktur kaufen! Qualit\u00e4t seit 1917!","description":"Wir haben einen gro\u00dfe Auswahl an Kr\u00e4utertinkturen in unserem Shop! Tinktur Kr\u00e4utertinktur kaufen!","potentialAction":[{"@type":"SearchAction","target":{"@type":"EntryPoint","urlTemplate":"https:\/\/www.naturessenzen.com\/?s={search_term_string}"},"query-input":"required name=search_term_string"}],"inLanguage":"de"}]}},"_links":{"self":[{"href":"https:\/\/www.naturessenzen.com\/wp-json\/wp\/v2\/product\/1905"}],"collection":[{"href":"https:\/\/www.naturessenzen.com\/wp-json\/wp\/v2\/product"}],"about":[{"href":"https:\/\/www.naturessenzen.com\/wp-json\/wp\/v2\/types\/product"}],"replies":[{"embeddable":true,"href":"https:\/\/www.naturessenzen.com\/wp-json\/wp\/v2\/comments?post=1905"}],"wp:featuredmedia":[{"embeddable":true,"href":"https:\/\/www.naturessenzen.com\/wp-json\/wp\/v2\/media\/1923"}],"wp:attachment":[{"href":"https:\/\/www.naturessenzen.com\/wp-json\/wp\/v2\/media?parent=1905"}],"wp:term":[{"taxonomy":"product_cat","embeddable":true,"href":"https:\/\/www.naturessenzen.com\/wp-json\/wp\/v2\/product_cat?post=1905"},{"taxonomy":"product_tag","embeddable":true,"href":"https:\/\/www.naturessenzen.com\/wp-json\/wp\/v2\/product_tag?post=1905"}],"curies":[{"name":"wp","href":"https:\/\/api.w.org\/{rel}","templated":true}]}}