{"id":1903,"date":"2021-01-27T08:29:01","date_gmt":"2021-01-27T07:29:01","guid":{"rendered":"https:\/\/www.naturessenzen.com\/?post_type=product&#038;p=1903"},"modified":"2023-09-26T12:48:14","modified_gmt":"2023-09-26T10:48:14","slug":"atemwege-lunge-bronchien-tinktur-essenz-kraeutertropfen","status":"publish","type":"product","link":"https:\/\/www.naturessenzen.com\/produkt\/atemwege-lunge-bronchien-tinktur-essenz-kraeutertropfen\/","title":{"rendered":"Atme Dich Stark Tinktur"},"content":{"rendered":"<h2>Duschlbaur\u00b4s &#8222;Atme Dich Stark&#8220; &#8211; Atemwege Lunge Bronchien &#8211; Tinktur Tropfen<\/h2>\n<p>Unsere Tinktur <em><strong>&#8222;Atme Dich Stark&#8220;<\/strong><\/em> kann sich wohltuend auf Ihre Atemwege, Lunge und Bronchien auswirken. Die nat\u00fcrlichen Inhaltsstoffe der <em><strong>&#8222;Atme Dich Stark&#8220;<\/strong> <\/em>Tinktur Tropfen sind: Wasser, Alkohol, Salbei, Andrographis, Lungenkraut, Kapuzinerkresse, Andorn.<\/p>\n<p>F\u00fcr die Herstellung dieser wertvollen Tropfen verwenden wir bei Salbei, Lungenkraut, Kapuzinerkresse und Andorn die gesamte Pflanze mit der Bl\u00fcte. Bei der Andrographis-Pflanze greifen wir auf die Wurzel zu.<\/p>\n<p>Ohne Atmung gibt es kein Leben, nicht nur organisch, auch sinnbildlich gesprochen, denn die Lungenkraft wirkt auf den gesamten Organismus. Nach der Traditionellen Europ\u00e4ischen Medizin bestimmt das Ma\u00df der Lungenkraft das Ma\u00df der Lebensenergie. Trauer, Verlust und Traurigkeit setzen sich in der Lunge fest: das Leben raubt uns zeitweilig den Atem. Auch die Umweltverschmutzung tr\u00e4gt dazu bei, dass die Infektionen der Atemwege hartn\u00e4ckiger zu sein scheinen \u2013 nicht nur im Winter. Moderne Lebensformen mit zu wenig Bewegung sind leider auch kein Freund unserer Lunge.<span class=\"Apple-converted-space\">\u00a0<\/span><\/p>\n<p>F\u00fcr unsere Atemwege spielen seit jeher die Kr\u00e4uter aus der Hausapotheke der Natur eine wichtige Rolle.<span class=\"Apple-converted-space\">\u00a0<\/span><\/p>\n<p>Im Sommer speichern die Kr\u00e4uter die w\u00e4rmende Kraft f\u00fcr den Winter und geben diesen w\u00e4rmenden und st\u00e4rkenden Charakter in ihren pflanzlichen Wirkstoffen ab.<span class=\"Apple-converted-space\">\u00a0<\/span><\/p>\n<p>Mit unserer Duschlbaur\u00b4s Komplextinktur <b><i>\u201eAtme Dich stark\u201c<\/i><\/b> aus Andrographis, Salbei, Lungenkraut, Kapuzinerkresse und Andorn wird nat\u00fcrlich \u201edurchgel\u00fcftet\u201c und f\u00fcr Frischluft gesorgt. Atmen Sie auf!<\/p>\n","protected":false},"excerpt":{"rendered":"<ul>\n<li>Anwendungsgebiete: Atemwege, Lunge, Bronchien<\/li>\n<li>Reinsubstanz \u2013 nur Wirkstoffe der Kr\u00e4uter enthalten<\/li>\n<li>Arzneimittelqualit\u00e4t der Kr\u00e4uter<\/li>\n<li>Gute Alternative zu Kapseln oder Tee<\/li>\n<li>Ausreichend f\u00fcr 50 Tage Kr\u00e4uterkur<\/li>\n<li>H\u00f6chste Qualit\u00e4tsstandards und Hygienerichtlinien<\/li>\n<li>Frei von k\u00fcnstlichen Zus\u00e4tzen und Farbstoffen<\/li>\n<li>Hergestellt nach traditionellen alchemistischen Grunds\u00e4tzen &#8211; nach Ansicht von Paracelsus<\/li>\n<\/ul>\n<p>Alchemische<strong> nat\u00fcrliche Tropfen, 50 ml<\/strong> Glasflasche<strong><br \/>\n<\/strong><\/p>\n","protected":false},"featured_media":1912,"comment_status":"closed","ping_status":"closed","template":"","meta":{"inline_featured_image":false},"product_cat":[25],"product_tag":[],"acf":[],"yoast_head":"<!-- This site is optimized with the Yoast SEO plugin v20.11 - https:\/\/yoast.com\/wordpress\/plugins\/seo\/ -->\n<title>Atemwege Lunge Bronchien Tinktur Essenz kaufen Kr\u00e4utertropfen<\/title>\n<meta name=\"description\" content=\"Atemwege Lunge Bronchien Tinktur kaufen \u2713 rein pflanzliche Essenz \u2713 Jetzt auf Rechnung bestellen \u2713 versandkostenfrei \u2713 Tropfen aus K\u00e4rnten\" \/>\n<meta name=\"robots\" content=\"index, follow, max-snippet:-1, max-image-preview:large, max-video-preview:-1\" \/>\n<link rel=\"canonical\" href=\"https:\/\/www.naturessenzen.com\/produkt\/atemwege-lunge-bronchien-tinktur-essenz-kraeutertropfen\/\" \/>\n<meta property=\"og:locale\" content=\"de_DE\" \/>\n<meta property=\"og:type\" content=\"article\" \/>\n<meta property=\"og:title\" content=\"Atemwege Lunge Bronchien Tinktur Essenz kaufen Kr\u00e4utertropfen\" \/>\n<meta property=\"og:description\" content=\"Atemwege Lunge Bronchien Tinktur kaufen \u2713 rein pflanzliche Essenz \u2713 Jetzt auf Rechnung bestellen \u2713 versandkostenfrei \u2713 Tropfen aus K\u00e4rnten\" \/>\n<meta property=\"og:url\" content=\"https:\/\/www.naturessenzen.com\/produkt\/atemwege-lunge-bronchien-tinktur-essenz-kraeutertropfen\/\" \/>\n<meta property=\"og:site_name\" content=\"Duschlbaur&#039;s Kr\u00e4uter Shop - Tinktur Kr\u00e4utertinktur kaufen! Qualit\u00e4t seit 1917!\" \/>\n<meta property=\"article:modified_time\" content=\"2023-09-26T10:48:14+00:00\" \/>\n<meta property=\"og:image\" content=\"https:\/\/www.naturessenzen.com\/wp-content\/uploads\/2021\/01\/kraeuteressenz_kraeutertinktur_atmedichstark_atmung_lunge_umwelt_aufatmen.png\" \/>\n\t<meta property=\"og:image:width\" content=\"1000\" \/>\n\t<meta property=\"og:image:height\" content=\"1000\" \/>\n\t<meta property=\"og:image:type\" content=\"image\/png\" \/>\n<meta name=\"twitter:card\" content=\"summary_large_image\" \/>\n<meta name=\"twitter:label1\" content=\"Gesch\u00e4tzte Lesezeit\" \/>\n\t<meta name=\"twitter:data1\" content=\"2\u00a0Minuten\" \/>\n<script type=\"application\/ld+json\" class=\"yoast-schema-graph\">{\"@context\":\"https:\/\/schema.org\",\"@graph\":[{\"@type\":\"WebPage\",\"@id\":\"https:\/\/www.naturessenzen.com\/produkt\/atemwege-lunge-bronchien-tinktur-essenz-kraeutertropfen\/\",\"url\":\"https:\/\/www.naturessenzen.com\/produkt\/atemwege-lunge-bronchien-tinktur-essenz-kraeutertropfen\/\",\"name\":\"Atemwege Lunge Bronchien Tinktur Essenz kaufen Kr\u00e4utertropfen\",\"isPartOf\":{\"@id\":\"https:\/\/www.naturessenzen.com\/#website\"},\"datePublished\":\"2021-01-27T07:29:01+00:00\",\"dateModified\":\"2023-09-26T10:48:14+00:00\",\"description\":\"Atemwege Lunge Bronchien Tinktur kaufen \u2713 rein pflanzliche Essenz \u2713 Jetzt auf Rechnung bestellen \u2713 versandkostenfrei \u2713 Tropfen aus K\u00e4rnten\",\"breadcrumb\":{\"@id\":\"https:\/\/www.naturessenzen.com\/produkt\/atemwege-lunge-bronchien-tinktur-essenz-kraeutertropfen\/#breadcrumb\"},\"inLanguage\":\"de\",\"potentialAction\":[{\"@type\":\"ReadAction\",\"target\":[\"https:\/\/www.naturessenzen.com\/produkt\/atemwege-lunge-bronchien-tinktur-essenz-kraeutertropfen\/\"]}]},{\"@type\":\"BreadcrumbList\",\"@id\":\"https:\/\/www.naturessenzen.com\/produkt\/atemwege-lunge-bronchien-tinktur-essenz-kraeutertropfen\/#breadcrumb\",\"itemListElement\":[{\"@type\":\"ListItem\",\"position\":1,\"name\":\"Startseite\",\"item\":\"https:\/\/www.naturessenzen.com\/\"},{\"@type\":\"ListItem\",\"position\":2,\"name\":\"Shop\",\"item\":\"https:\/\/www.naturessenzen.com\/heilpflanzen-heilkraeuter-online-tinktur-kaufen\/\"},{\"@type\":\"ListItem\",\"position\":3,\"name\":\"Atme Dich Stark Tinktur\"}]},{\"@type\":\"WebSite\",\"@id\":\"https:\/\/www.naturessenzen.com\/#website\",\"url\":\"https:\/\/www.naturessenzen.com\/\",\"name\":\"Duschlbaur&#039;s Kr\u00e4uter Shop - Tinktur Kr\u00e4utertinktur kaufen! Qualit\u00e4t seit 1917!\",\"description\":\"Wir haben einen gro\u00dfe Auswahl an Kr\u00e4utertinkturen in unserem Shop! Tinktur Kr\u00e4utertinktur kaufen!\",\"potentialAction\":[{\"@type\":\"SearchAction\",\"target\":{\"@type\":\"EntryPoint\",\"urlTemplate\":\"https:\/\/www.naturessenzen.com\/?s={search_term_string}\"},\"query-input\":\"required name=search_term_string\"}],\"inLanguage\":\"de\"}]}<\/script>\n<!-- \/ Yoast SEO plugin. -->","yoast_head_json":{"title":"Atemwege Lunge Bronchien Tinktur Essenz kaufen Kr\u00e4utertropfen","description":"Atemwege Lunge Bronchien Tinktur kaufen \u2713 rein pflanzliche Essenz \u2713 Jetzt auf Rechnung bestellen \u2713 versandkostenfrei \u2713 Tropfen aus K\u00e4rnten","robots":{"index":"index","follow":"follow","max-snippet":"max-snippet:-1","max-image-preview":"max-image-preview:large","max-video-preview":"max-video-preview:-1"},"canonical":"https:\/\/www.naturessenzen.com\/produkt\/atemwege-lunge-bronchien-tinktur-essenz-kraeutertropfen\/","og_locale":"de_DE","og_type":"article","og_title":"Atemwege Lunge Bronchien Tinktur Essenz kaufen Kr\u00e4utertropfen","og_description":"Atemwege Lunge Bronchien Tinktur kaufen \u2713 rein pflanzliche Essenz \u2713 Jetzt auf Rechnung bestellen \u2713 versandkostenfrei \u2713 Tropfen aus K\u00e4rnten","og_url":"https:\/\/www.naturessenzen.com\/produkt\/atemwege-lunge-bronchien-tinktur-essenz-kraeutertropfen\/","og_site_name":"Duschlbaur&#039;s Kr\u00e4uter Shop - Tinktur Kr\u00e4utertinktur kaufen! Qualit\u00e4t seit 1917!","article_modified_time":"2023-09-26T10:48:14+00:00","og_image":[{"width":1000,"height":1000,"url":"https:\/\/www.naturessenzen.com\/wp-content\/uploads\/2021\/01\/kraeuteressenz_kraeutertinktur_atmedichstark_atmung_lunge_umwelt_aufatmen.png","type":"image\/png"}],"twitter_card":"summary_large_image","twitter_misc":{"Gesch\u00e4tzte Lesezeit":"2\u00a0Minuten"},"schema":{"@context":"https:\/\/schema.org","@graph":[{"@type":"WebPage","@id":"https:\/\/www.naturessenzen.com\/produkt\/atemwege-lunge-bronchien-tinktur-essenz-kraeutertropfen\/","url":"https:\/\/www.naturessenzen.com\/produkt\/atemwege-lunge-bronchien-tinktur-essenz-kraeutertropfen\/","name":"Atemwege Lunge Bronchien Tinktur Essenz kaufen Kr\u00e4utertropfen","isPartOf":{"@id":"https:\/\/www.naturessenzen.com\/#website"},"datePublished":"2021-01-27T07:29:01+00:00","dateModified":"2023-09-26T10:48:14+00:00","description":"Atemwege Lunge Bronchien Tinktur kaufen \u2713 rein pflanzliche Essenz \u2713 Jetzt auf Rechnung bestellen \u2713 versandkostenfrei \u2713 Tropfen aus K\u00e4rnten","breadcrumb":{"@id":"https:\/\/www.naturessenzen.com\/produkt\/atemwege-lunge-bronchien-tinktur-essenz-kraeutertropfen\/#breadcrumb"},"inLanguage":"de","potentialAction":[{"@type":"ReadAction","target":["https:\/\/www.naturessenzen.com\/produkt\/atemwege-lunge-bronchien-tinktur-essenz-kraeutertropfen\/"]}]},{"@type":"BreadcrumbList","@id":"https:\/\/www.naturessenzen.com\/produkt\/atemwege-lunge-bronchien-tinktur-essenz-kraeutertropfen\/#breadcrumb","itemListElement":[{"@type":"ListItem","position":1,"name":"Startseite","item":"https:\/\/www.naturessenzen.com\/"},{"@type":"ListItem","position":2,"name":"Shop","item":"https:\/\/www.naturessenzen.com\/heilpflanzen-heilkraeuter-online-tinktur-kaufen\/"},{"@type":"ListItem","position":3,"name":"Atme Dich Stark Tinktur"}]},{"@type":"WebSite","@id":"https:\/\/www.naturessenzen.com\/#website","url":"https:\/\/www.naturessenzen.com\/","name":"Duschlbaur&#039;s Kr\u00e4uter Shop - Tinktur Kr\u00e4utertinktur kaufen! Qualit\u00e4t seit 1917!","description":"Wir haben einen gro\u00dfe Auswahl an Kr\u00e4utertinkturen in unserem Shop! Tinktur Kr\u00e4utertinktur kaufen!","potentialAction":[{"@type":"SearchAction","target":{"@type":"EntryPoint","urlTemplate":"https:\/\/www.naturessenzen.com\/?s={search_term_string}"},"query-input":"required name=search_term_string"}],"inLanguage":"de"}]}},"_links":{"self":[{"href":"https:\/\/www.naturessenzen.com\/wp-json\/wp\/v2\/product\/1903"}],"collection":[{"href":"https:\/\/www.naturessenzen.com\/wp-json\/wp\/v2\/product"}],"about":[{"href":"https:\/\/www.naturessenzen.com\/wp-json\/wp\/v2\/types\/product"}],"replies":[{"embeddable":true,"href":"https:\/\/www.naturessenzen.com\/wp-json\/wp\/v2\/comments?post=1903"}],"wp:featuredmedia":[{"embeddable":true,"href":"https:\/\/www.naturessenzen.com\/wp-json\/wp\/v2\/media\/1912"}],"wp:attachment":[{"href":"https:\/\/www.naturessenzen.com\/wp-json\/wp\/v2\/media?parent=1903"}],"wp:term":[{"taxonomy":"product_cat","embeddable":true,"href":"https:\/\/www.naturessenzen.com\/wp-json\/wp\/v2\/product_cat?post=1903"},{"taxonomy":"product_tag","embeddable":true,"href":"https:\/\/www.naturessenzen.com\/wp-json\/wp\/v2\/product_tag?post=1903"}],"curies":[{"name":"wp","href":"https:\/\/api.w.org\/{rel}","templated":true}]}}