{"id":1902,"date":"2021-01-27T08:25:34","date_gmt":"2021-01-27T07:25:34","guid":{"rendered":"https:\/\/www.naturessenzen.com\/?post_type=product&#038;p=1902"},"modified":"2023-09-26T12:47:13","modified_gmt":"2023-09-26T10:47:13","slug":"anti-aging-wohlbefinden-tinktur-essenz-kraeutertropfen","status":"publish","type":"product","link":"https:\/\/www.naturessenzen.com\/produkt\/anti-aging-wohlbefinden-tinktur-essenz-kraeutertropfen\/","title":{"rendered":"Jungbrunnen Tinktur"},"content":{"rendered":"<h2>Duschlbaur\u00b4s &#8222;Jungbrunnen&#8220; &#8211; Anti Aging\u00a0 Wohlbefinden &#8211; Tinktur Tropfen<\/h2>\n<p>Unsere Tinktur <em><strong>&#8222;Jungbrunnen&#8220;<\/strong><\/em> kann einen g\u00fcnstigen Einfluss auf Ihr Wohlbefinden und Anti Aging haben. Die nat\u00fcrlichen Inhaltsstoffe der<em><strong> &#8222;Jungbrunnen&#8220; <\/strong><\/em>Tinktur Tropfen sind: Wasser, Alkohol, Stiefm\u00fctterchen wild, Yamswurzel, Kraut der Unsterblichkeit, Lorbeer, Aloe Vera.<\/p>\n<p>F\u00fcr die Herstellung dieser wertvollen Tropfen verwenden wir beim Stiefm\u00fctterchen wild die ganze Planze mit Bl\u00fcte. Von der Yamswurzel nutzen wir die Wurzel. Beim Kraut der Unsterblichkeit und bei Aloe Vera greifen wir auf die ganze Pflanze zu. Von der Lorbeer-Pflanze nehmen wir die Bl\u00e4tter.<\/p>\n<p>Hand aufs Herz: wer will nicht lange gesund und jugendlich bleiben? Mit zunehmendem Alter gewinnen Gesundheit, Leistungsf\u00e4higkeit und Wohlbefinden an Bedeutung. Steigt die Anzahl der Lebensjahre sendet der K\u00f6rper Signale, dass er besondere Pflege braucht. Wer weit \u00fcber die Lebensmitte hinaus fit sein und bleiben m\u00f6chte, der kann einiges daf\u00fcr tun. Die beste Anti-Aging-Power schenkt uns die Natur. Wer wei\u00df besser Bescheid \u00fcber Werden und Vergehen als die Natur?\u00a0 Nutzen Sie die Weisheit dieser Pflanzenkr\u00e4fte f\u00fcr Ihr Wohlbefinden! In diesen Pflanzen steckt viel Leben &#8230;.. ob Sie fr\u00fchlingsfit, sommerlustig, herbstaktiv oder winterfest sein m\u00f6chten!<\/p>\n<p>In unserer Duschlbaur\u00b4s Komplextinktur <b><i>\u201eJungbrunnen\u201c <\/i><\/b>bauen das wilde Stiefm\u00fctterchen, Yamswurzel, Kraut der Unsterblichkeit, Aloe Vera und Chrysantheme einen frisch sprudelnden Jungbrunnen \u2013 unsere pers\u00f6nlichen Favoriten unter den Anti-Aging-Kr\u00e4utern nur f\u00fcr Sie!<span class=\"Apple-converted-space\">\u00a0<\/span><\/p>\n","protected":false},"excerpt":{"rendered":"<ul>\n<li>Anwendungsgebiete: Jugend, Anti Aging, Wohlbefinden, Fit f\u00fchlen<\/li>\n<li>Reinsubstanz \u2013 nur Wirkstoffe der Kr\u00e4uter enthalten<\/li>\n<li>Arzneimittelqualit\u00e4t der Kr\u00e4uter<\/li>\n<li>Gute Alternative zu Kapseln oder Tee<\/li>\n<li>Ausreichend f\u00fcr 50 Tage Kr\u00e4uterkur<\/li>\n<li>H\u00f6chste Qualit\u00e4tsstandards und Hygienerichtlinien<\/li>\n<li>Frei von k\u00fcnstlichen Zus\u00e4tzen und Farbstoffen<\/li>\n<li>Hergestellt nach traditionellen alchemistischen Grunds\u00e4tzen &#8211; nach Ansicht von Paracelsus<\/li>\n<\/ul>\n<p>Alchemische<strong> nat\u00fcrliche Tropfen, 50 ml<\/strong> Glasflasche<strong><br \/>\n<\/strong><\/p>\n","protected":false},"featured_media":1918,"comment_status":"closed","ping_status":"closed","template":"","meta":{"inline_featured_image":false},"product_cat":[25],"product_tag":[],"acf":[],"yoast_head":"<!-- This site is optimized with the Yoast SEO plugin v20.11 - https:\/\/yoast.com\/wordpress\/plugins\/seo\/ -->\n<title>Anti Aging Wohlbefinden Tinktur Essenz kaufen - Tropfen<\/title>\n<meta name=\"description\" content=\"Anti Aging Wohlbefinden Tinktur kaufen \u2713 rein pflanzliche Essenz \u2713 Jetzt auf Rechnung bestellen \u2713 versandkostenfrei \u2713 Tropfen aus K\u00e4rnten\" \/>\n<meta name=\"robots\" content=\"index, follow, max-snippet:-1, max-image-preview:large, max-video-preview:-1\" \/>\n<link rel=\"canonical\" href=\"https:\/\/www.naturessenzen.com\/produkt\/anti-aging-wohlbefinden-tinktur-essenz-kraeutertropfen\/\" \/>\n<meta property=\"og:locale\" content=\"de_DE\" \/>\n<meta property=\"og:type\" content=\"article\" \/>\n<meta property=\"og:title\" content=\"Anti Aging Wohlbefinden Tinktur Essenz kaufen - Tropfen\" \/>\n<meta property=\"og:description\" content=\"Anti Aging Wohlbefinden Tinktur kaufen \u2713 rein pflanzliche Essenz \u2713 Jetzt auf Rechnung bestellen \u2713 versandkostenfrei \u2713 Tropfen aus K\u00e4rnten\" \/>\n<meta property=\"og:url\" content=\"https:\/\/www.naturessenzen.com\/produkt\/anti-aging-wohlbefinden-tinktur-essenz-kraeutertropfen\/\" \/>\n<meta property=\"og:site_name\" content=\"Duschlbaur&#039;s Kr\u00e4uter Shop - Tinktur Kr\u00e4utertinktur kaufen! Qualit\u00e4t seit 1917!\" \/>\n<meta property=\"article:modified_time\" content=\"2023-09-26T10:47:13+00:00\" \/>\n<meta property=\"og:image\" content=\"https:\/\/www.naturessenzen.com\/wp-content\/uploads\/2021\/01\/kraeuteressenz_kraeutertinktur_jungbrunnen_jugendlich_wohlbefinden_fit_antiaging.png\" \/>\n\t<meta property=\"og:image:width\" content=\"1000\" \/>\n\t<meta property=\"og:image:height\" content=\"1000\" \/>\n\t<meta property=\"og:image:type\" content=\"image\/png\" \/>\n<meta name=\"twitter:card\" content=\"summary_large_image\" \/>\n<meta name=\"twitter:label1\" content=\"Gesch\u00e4tzte Lesezeit\" \/>\n\t<meta name=\"twitter:data1\" content=\"2\u00a0Minuten\" \/>\n<script type=\"application\/ld+json\" class=\"yoast-schema-graph\">{\"@context\":\"https:\/\/schema.org\",\"@graph\":[{\"@type\":\"WebPage\",\"@id\":\"https:\/\/www.naturessenzen.com\/produkt\/anti-aging-wohlbefinden-tinktur-essenz-kraeutertropfen\/\",\"url\":\"https:\/\/www.naturessenzen.com\/produkt\/anti-aging-wohlbefinden-tinktur-essenz-kraeutertropfen\/\",\"name\":\"Anti Aging Wohlbefinden Tinktur Essenz kaufen - Tropfen\",\"isPartOf\":{\"@id\":\"https:\/\/www.naturessenzen.com\/#website\"},\"datePublished\":\"2021-01-27T07:25:34+00:00\",\"dateModified\":\"2023-09-26T10:47:13+00:00\",\"description\":\"Anti Aging Wohlbefinden Tinktur kaufen \u2713 rein pflanzliche Essenz \u2713 Jetzt auf Rechnung bestellen \u2713 versandkostenfrei \u2713 Tropfen aus K\u00e4rnten\",\"breadcrumb\":{\"@id\":\"https:\/\/www.naturessenzen.com\/produkt\/anti-aging-wohlbefinden-tinktur-essenz-kraeutertropfen\/#breadcrumb\"},\"inLanguage\":\"de\",\"potentialAction\":[{\"@type\":\"ReadAction\",\"target\":[\"https:\/\/www.naturessenzen.com\/produkt\/anti-aging-wohlbefinden-tinktur-essenz-kraeutertropfen\/\"]}]},{\"@type\":\"BreadcrumbList\",\"@id\":\"https:\/\/www.naturessenzen.com\/produkt\/anti-aging-wohlbefinden-tinktur-essenz-kraeutertropfen\/#breadcrumb\",\"itemListElement\":[{\"@type\":\"ListItem\",\"position\":1,\"name\":\"Startseite\",\"item\":\"https:\/\/www.naturessenzen.com\/\"},{\"@type\":\"ListItem\",\"position\":2,\"name\":\"Shop\",\"item\":\"https:\/\/www.naturessenzen.com\/heilpflanzen-heilkraeuter-online-tinktur-kaufen\/\"},{\"@type\":\"ListItem\",\"position\":3,\"name\":\"Jungbrunnen Tinktur\"}]},{\"@type\":\"WebSite\",\"@id\":\"https:\/\/www.naturessenzen.com\/#website\",\"url\":\"https:\/\/www.naturessenzen.com\/\",\"name\":\"Duschlbaur&#039;s Kr\u00e4uter Shop - Tinktur Kr\u00e4utertinktur kaufen! Qualit\u00e4t seit 1917!\",\"description\":\"Wir haben einen gro\u00dfe Auswahl an Kr\u00e4utertinkturen in unserem Shop! Tinktur Kr\u00e4utertinktur kaufen!\",\"potentialAction\":[{\"@type\":\"SearchAction\",\"target\":{\"@type\":\"EntryPoint\",\"urlTemplate\":\"https:\/\/www.naturessenzen.com\/?s={search_term_string}\"},\"query-input\":\"required name=search_term_string\"}],\"inLanguage\":\"de\"}]}<\/script>\n<!-- \/ Yoast SEO plugin. -->","yoast_head_json":{"title":"Anti Aging Wohlbefinden Tinktur Essenz kaufen - Tropfen","description":"Anti Aging Wohlbefinden Tinktur kaufen \u2713 rein pflanzliche Essenz \u2713 Jetzt auf Rechnung bestellen \u2713 versandkostenfrei \u2713 Tropfen aus K\u00e4rnten","robots":{"index":"index","follow":"follow","max-snippet":"max-snippet:-1","max-image-preview":"max-image-preview:large","max-video-preview":"max-video-preview:-1"},"canonical":"https:\/\/www.naturessenzen.com\/produkt\/anti-aging-wohlbefinden-tinktur-essenz-kraeutertropfen\/","og_locale":"de_DE","og_type":"article","og_title":"Anti Aging Wohlbefinden Tinktur Essenz kaufen - Tropfen","og_description":"Anti Aging Wohlbefinden Tinktur kaufen \u2713 rein pflanzliche Essenz \u2713 Jetzt auf Rechnung bestellen \u2713 versandkostenfrei \u2713 Tropfen aus K\u00e4rnten","og_url":"https:\/\/www.naturessenzen.com\/produkt\/anti-aging-wohlbefinden-tinktur-essenz-kraeutertropfen\/","og_site_name":"Duschlbaur&#039;s Kr\u00e4uter Shop - Tinktur Kr\u00e4utertinktur kaufen! Qualit\u00e4t seit 1917!","article_modified_time":"2023-09-26T10:47:13+00:00","og_image":[{"width":1000,"height":1000,"url":"https:\/\/www.naturessenzen.com\/wp-content\/uploads\/2021\/01\/kraeuteressenz_kraeutertinktur_jungbrunnen_jugendlich_wohlbefinden_fit_antiaging.png","type":"image\/png"}],"twitter_card":"summary_large_image","twitter_misc":{"Gesch\u00e4tzte Lesezeit":"2\u00a0Minuten"},"schema":{"@context":"https:\/\/schema.org","@graph":[{"@type":"WebPage","@id":"https:\/\/www.naturessenzen.com\/produkt\/anti-aging-wohlbefinden-tinktur-essenz-kraeutertropfen\/","url":"https:\/\/www.naturessenzen.com\/produkt\/anti-aging-wohlbefinden-tinktur-essenz-kraeutertropfen\/","name":"Anti Aging Wohlbefinden Tinktur Essenz kaufen - Tropfen","isPartOf":{"@id":"https:\/\/www.naturessenzen.com\/#website"},"datePublished":"2021-01-27T07:25:34+00:00","dateModified":"2023-09-26T10:47:13+00:00","description":"Anti Aging Wohlbefinden Tinktur kaufen \u2713 rein pflanzliche Essenz \u2713 Jetzt auf Rechnung bestellen \u2713 versandkostenfrei \u2713 Tropfen aus K\u00e4rnten","breadcrumb":{"@id":"https:\/\/www.naturessenzen.com\/produkt\/anti-aging-wohlbefinden-tinktur-essenz-kraeutertropfen\/#breadcrumb"},"inLanguage":"de","potentialAction":[{"@type":"ReadAction","target":["https:\/\/www.naturessenzen.com\/produkt\/anti-aging-wohlbefinden-tinktur-essenz-kraeutertropfen\/"]}]},{"@type":"BreadcrumbList","@id":"https:\/\/www.naturessenzen.com\/produkt\/anti-aging-wohlbefinden-tinktur-essenz-kraeutertropfen\/#breadcrumb","itemListElement":[{"@type":"ListItem","position":1,"name":"Startseite","item":"https:\/\/www.naturessenzen.com\/"},{"@type":"ListItem","position":2,"name":"Shop","item":"https:\/\/www.naturessenzen.com\/heilpflanzen-heilkraeuter-online-tinktur-kaufen\/"},{"@type":"ListItem","position":3,"name":"Jungbrunnen Tinktur"}]},{"@type":"WebSite","@id":"https:\/\/www.naturessenzen.com\/#website","url":"https:\/\/www.naturessenzen.com\/","name":"Duschlbaur&#039;s Kr\u00e4uter Shop - Tinktur Kr\u00e4utertinktur kaufen! Qualit\u00e4t seit 1917!","description":"Wir haben einen gro\u00dfe Auswahl an Kr\u00e4utertinkturen in unserem Shop! Tinktur Kr\u00e4utertinktur kaufen!","potentialAction":[{"@type":"SearchAction","target":{"@type":"EntryPoint","urlTemplate":"https:\/\/www.naturessenzen.com\/?s={search_term_string}"},"query-input":"required name=search_term_string"}],"inLanguage":"de"}]}},"_links":{"self":[{"href":"https:\/\/www.naturessenzen.com\/wp-json\/wp\/v2\/product\/1902"}],"collection":[{"href":"https:\/\/www.naturessenzen.com\/wp-json\/wp\/v2\/product"}],"about":[{"href":"https:\/\/www.naturessenzen.com\/wp-json\/wp\/v2\/types\/product"}],"replies":[{"embeddable":true,"href":"https:\/\/www.naturessenzen.com\/wp-json\/wp\/v2\/comments?post=1902"}],"wp:featuredmedia":[{"embeddable":true,"href":"https:\/\/www.naturessenzen.com\/wp-json\/wp\/v2\/media\/1918"}],"wp:attachment":[{"href":"https:\/\/www.naturessenzen.com\/wp-json\/wp\/v2\/media?parent=1902"}],"wp:term":[{"taxonomy":"product_cat","embeddable":true,"href":"https:\/\/www.naturessenzen.com\/wp-json\/wp\/v2\/product_cat?post=1902"},{"taxonomy":"product_tag","embeddable":true,"href":"https:\/\/www.naturessenzen.com\/wp-json\/wp\/v2\/product_tag?post=1902"}],"curies":[{"name":"wp","href":"https:\/\/api.w.org\/{rel}","templated":true}]}}