{"id":1899,"date":"2021-01-27T08:21:08","date_gmt":"2021-01-27T07:21:08","guid":{"rendered":"https:\/\/www.naturessenzen.com\/?post_type=product&#038;p=1899"},"modified":"2023-09-26T12:46:13","modified_gmt":"2023-09-26T10:46:13","slug":"niere-harnwege-blase-tinktur-essenz-kraeutertropfen","status":"publish","type":"product","link":"https:\/\/www.naturessenzen.com\/produkt\/niere-harnwege-blase-tinktur-essenz-kraeutertropfen\/","title":{"rendered":"Pipiklar Tinktur"},"content":{"rendered":"<h2>Duschlbaur\u00b4s &#8222;Pipiklar&#8220; &#8211; Niere Harnwege Blase &#8211; Tinktur Tropfen<\/h2>\n<p>Unsere Tinktur <em><strong>&#8222;Pipiklar<\/strong><\/em>&#8220; kann sich wohltuend auf Ihre Niere, Harnwege und Blase auswirken. Die nat\u00fcrlichen Inhaltsstoffe der <em><strong>&#8222;Pipiklar&#8220;<\/strong> <\/em>Tinktur Tropfen sind: Wasser, Alkohol, Ackerschachtelhalm, Petersilie, Birke, K\u00fcrbis und Holunder.<\/p>\n<p>F\u00fcr die Herstellung dieser sehr hochwertigen Tropfen verwenden wir beim Ackerschachtelhalm die ganze Pflanze mit Bl\u00fcte. Von der Petersilie und der Birke nehmen wir die Bl\u00e4tter. Bei K\u00fcrbis und Holunder greifen wir auf Pflanze mit Bl\u00fcte und Frucht zu.<\/p>\n<p>Unsere Lebensweise ist nicht immer nierenfreundlich. Ungesunde Ern\u00e4hrung, Schadstoffe aus der Umwelt und Medikamente setzen unserem k\u00f6rperlichen Filtersystem zu.<span class=\"Apple-converted-space\">\u00a0<\/span><\/p>\n<p>Neben der Leber spielt die Niere bei der Entgiftung eine wichtige Rolle. \u00dcber kleinste Filter \u2013 Nephronen \u2013 reinigt die Niere rund tausend Liter Blut pro Tag. Vereinfacht gesagt werden Gift- und Abfallstoffe gefiltert und mit dem Urin aus dem K\u00f6rper geschwemmt.<span class=\"Apple-converted-space\">\u00a0<\/span><\/p>\n<p>Die Nieren helfen bei einem ausgeglichenen S\u00e4ure-Basenhaushalt und produzieren rund um die Uhr die Hormone Erythropoietin, Renin und Calcitriol. Sie helfen bei der Regulation des Blutdrucks, bei der Produktion roter Blutk\u00f6rperchen und der Synthese von Vitamin D. Nicht von ungef\u00e4hr tr\u00e4gt die Niere in der Traditionellen Chinesischen Medizin den Namen \u201eWurzel der Lebensenergie\u201c.<span class=\"Apple-converted-space\">\u00a0<\/span><\/p>\n<p>Da die Nieren zu den selbstreinigenden Organen des K\u00f6rpers z\u00e4hlen, kann man hier gut mit altem Kr\u00e4uterwissen unterst\u00fctzend eingreifen.<span class=\"Apple-converted-space\">\u00a0<\/span><\/p>\n<p>In unserer Duschlbaur\u00b4s Komplextinktur <b><i>\u201ePipiklar\u201c<\/i><\/b> sp\u00fclen sich Birke, Petersilie, K\u00fcrbis, Ackerschachtelhalm und Holunder sauber durch Ihre Wasserwege. Da wird so einiges gekl\u00e4rt, damit es wieder gut l\u00e4uft!<\/p>\n","protected":false},"excerpt":{"rendered":"<ul>\n<li>Anwendungsgebiete: Niere, Harnwege, Blase<\/li>\n<li>Reinsubstanz \u2013 nur Wirkstoffe der Kr\u00e4uter enthalten<\/li>\n<li>Arzneimittelqualit\u00e4t der Kr\u00e4uter<\/li>\n<li>Gute Alternative zu Kapseln oder Tee<\/li>\n<li>Ausreichend f\u00fcr 50 Tage Kr\u00e4uterkur<\/li>\n<li>H\u00f6chste Qualit\u00e4tsstandards und Hygienerichtlinien<\/li>\n<li>Frei von k\u00fcnstlichen Zus\u00e4tzen und Farbstoffen<\/li>\n<li>Hergestellt nach traditionellen alchemistischen Grunds\u00e4tzen &#8211; nach Ansicht von Paracelsus<\/li>\n<\/ul>\n<p>Alchemische<strong> nat\u00fcrliche Tropfen, 50 ml<\/strong> Glasflasche<strong><br \/>\n<\/strong><\/p>\n","protected":false},"featured_media":6678,"comment_status":"closed","ping_status":"closed","template":"","meta":{"inline_featured_image":false},"product_cat":[25],"product_tag":[],"acf":[],"yoast_head":"<!-- This site is optimized with the Yoast SEO plugin v20.11 - https:\/\/yoast.com\/wordpress\/plugins\/seo\/ -->\n<title>Niere Harnwege Blase Tinktur Essenz kaufen - Tropfen<\/title>\n<meta name=\"description\" content=\"Niere Harnwege Blase Tinktur kaufen \u2713 rein pflanzliche Essenz \u2713 Jetzt auf Rechnung bestellen \u2713 versandkostenfrei \u2713 Tropfen aus K\u00e4rnten\" \/>\n<meta name=\"robots\" content=\"index, follow, max-snippet:-1, max-image-preview:large, max-video-preview:-1\" \/>\n<link rel=\"canonical\" href=\"https:\/\/www.naturessenzen.com\/produkt\/niere-harnwege-blase-tinktur-essenz-kraeutertropfen\/\" \/>\n<meta property=\"og:locale\" content=\"de_DE\" \/>\n<meta property=\"og:type\" content=\"article\" \/>\n<meta property=\"og:title\" content=\"Niere Harnwege Blase Tinktur Essenz kaufen - Tropfen\" \/>\n<meta property=\"og:description\" content=\"Niere Harnwege Blase Tinktur kaufen \u2713 rein pflanzliche Essenz \u2713 Jetzt auf Rechnung bestellen \u2713 versandkostenfrei \u2713 Tropfen aus K\u00e4rnten\" \/>\n<meta property=\"og:url\" content=\"https:\/\/www.naturessenzen.com\/produkt\/niere-harnwege-blase-tinktur-essenz-kraeutertropfen\/\" \/>\n<meta property=\"og:site_name\" content=\"Duschlbaur&#039;s Kr\u00e4uter Shop - Tinktur Kr\u00e4utertinktur kaufen! Qualit\u00e4t seit 1917!\" \/>\n<meta property=\"article:modified_time\" content=\"2023-09-26T10:46:13+00:00\" \/>\n<meta property=\"og:image\" content=\"https:\/\/www.naturessenzen.com\/wp-content\/uploads\/2021\/01\/pipiklar_neu_2023.jpg\" \/>\n\t<meta property=\"og:image:width\" content=\"1000\" \/>\n\t<meta property=\"og:image:height\" content=\"1000\" \/>\n\t<meta property=\"og:image:type\" content=\"image\/jpeg\" \/>\n<meta name=\"twitter:card\" content=\"summary_large_image\" \/>\n<meta name=\"twitter:label1\" content=\"Gesch\u00e4tzte Lesezeit\" \/>\n\t<meta name=\"twitter:data1\" content=\"2\u00a0Minuten\" \/>\n<script type=\"application\/ld+json\" class=\"yoast-schema-graph\">{\"@context\":\"https:\/\/schema.org\",\"@graph\":[{\"@type\":\"WebPage\",\"@id\":\"https:\/\/www.naturessenzen.com\/produkt\/niere-harnwege-blase-tinktur-essenz-kraeutertropfen\/\",\"url\":\"https:\/\/www.naturessenzen.com\/produkt\/niere-harnwege-blase-tinktur-essenz-kraeutertropfen\/\",\"name\":\"Niere Harnwege Blase Tinktur Essenz kaufen - Tropfen\",\"isPartOf\":{\"@id\":\"https:\/\/www.naturessenzen.com\/#website\"},\"datePublished\":\"2021-01-27T07:21:08+00:00\",\"dateModified\":\"2023-09-26T10:46:13+00:00\",\"description\":\"Niere Harnwege Blase Tinktur kaufen \u2713 rein pflanzliche Essenz \u2713 Jetzt auf Rechnung bestellen \u2713 versandkostenfrei \u2713 Tropfen aus K\u00e4rnten\",\"breadcrumb\":{\"@id\":\"https:\/\/www.naturessenzen.com\/produkt\/niere-harnwege-blase-tinktur-essenz-kraeutertropfen\/#breadcrumb\"},\"inLanguage\":\"de\",\"potentialAction\":[{\"@type\":\"ReadAction\",\"target\":[\"https:\/\/www.naturessenzen.com\/produkt\/niere-harnwege-blase-tinktur-essenz-kraeutertropfen\/\"]}]},{\"@type\":\"BreadcrumbList\",\"@id\":\"https:\/\/www.naturessenzen.com\/produkt\/niere-harnwege-blase-tinktur-essenz-kraeutertropfen\/#breadcrumb\",\"itemListElement\":[{\"@type\":\"ListItem\",\"position\":1,\"name\":\"Startseite\",\"item\":\"https:\/\/www.naturessenzen.com\/\"},{\"@type\":\"ListItem\",\"position\":2,\"name\":\"Shop\",\"item\":\"https:\/\/www.naturessenzen.com\/heilpflanzen-heilkraeuter-online-tinktur-kaufen\/\"},{\"@type\":\"ListItem\",\"position\":3,\"name\":\"Pipiklar Tinktur\"}]},{\"@type\":\"WebSite\",\"@id\":\"https:\/\/www.naturessenzen.com\/#website\",\"url\":\"https:\/\/www.naturessenzen.com\/\",\"name\":\"Duschlbaur&#039;s Kr\u00e4uter Shop - Tinktur Kr\u00e4utertinktur kaufen! Qualit\u00e4t seit 1917!\",\"description\":\"Wir haben einen gro\u00dfe Auswahl an Kr\u00e4utertinkturen in unserem Shop! Tinktur Kr\u00e4utertinktur kaufen!\",\"potentialAction\":[{\"@type\":\"SearchAction\",\"target\":{\"@type\":\"EntryPoint\",\"urlTemplate\":\"https:\/\/www.naturessenzen.com\/?s={search_term_string}\"},\"query-input\":\"required name=search_term_string\"}],\"inLanguage\":\"de\"}]}<\/script>\n<!-- \/ Yoast SEO plugin. -->","yoast_head_json":{"title":"Niere Harnwege Blase Tinktur Essenz kaufen - Tropfen","description":"Niere Harnwege Blase Tinktur kaufen \u2713 rein pflanzliche Essenz \u2713 Jetzt auf Rechnung bestellen \u2713 versandkostenfrei \u2713 Tropfen aus K\u00e4rnten","robots":{"index":"index","follow":"follow","max-snippet":"max-snippet:-1","max-image-preview":"max-image-preview:large","max-video-preview":"max-video-preview:-1"},"canonical":"https:\/\/www.naturessenzen.com\/produkt\/niere-harnwege-blase-tinktur-essenz-kraeutertropfen\/","og_locale":"de_DE","og_type":"article","og_title":"Niere Harnwege Blase Tinktur Essenz kaufen - Tropfen","og_description":"Niere Harnwege Blase Tinktur kaufen \u2713 rein pflanzliche Essenz \u2713 Jetzt auf Rechnung bestellen \u2713 versandkostenfrei \u2713 Tropfen aus K\u00e4rnten","og_url":"https:\/\/www.naturessenzen.com\/produkt\/niere-harnwege-blase-tinktur-essenz-kraeutertropfen\/","og_site_name":"Duschlbaur&#039;s Kr\u00e4uter Shop - Tinktur Kr\u00e4utertinktur kaufen! Qualit\u00e4t seit 1917!","article_modified_time":"2023-09-26T10:46:13+00:00","og_image":[{"width":1000,"height":1000,"url":"https:\/\/www.naturessenzen.com\/wp-content\/uploads\/2021\/01\/pipiklar_neu_2023.jpg","type":"image\/jpeg"}],"twitter_card":"summary_large_image","twitter_misc":{"Gesch\u00e4tzte Lesezeit":"2\u00a0Minuten"},"schema":{"@context":"https:\/\/schema.org","@graph":[{"@type":"WebPage","@id":"https:\/\/www.naturessenzen.com\/produkt\/niere-harnwege-blase-tinktur-essenz-kraeutertropfen\/","url":"https:\/\/www.naturessenzen.com\/produkt\/niere-harnwege-blase-tinktur-essenz-kraeutertropfen\/","name":"Niere Harnwege Blase Tinktur Essenz kaufen - Tropfen","isPartOf":{"@id":"https:\/\/www.naturessenzen.com\/#website"},"datePublished":"2021-01-27T07:21:08+00:00","dateModified":"2023-09-26T10:46:13+00:00","description":"Niere Harnwege Blase Tinktur kaufen \u2713 rein pflanzliche Essenz \u2713 Jetzt auf Rechnung bestellen \u2713 versandkostenfrei \u2713 Tropfen aus K\u00e4rnten","breadcrumb":{"@id":"https:\/\/www.naturessenzen.com\/produkt\/niere-harnwege-blase-tinktur-essenz-kraeutertropfen\/#breadcrumb"},"inLanguage":"de","potentialAction":[{"@type":"ReadAction","target":["https:\/\/www.naturessenzen.com\/produkt\/niere-harnwege-blase-tinktur-essenz-kraeutertropfen\/"]}]},{"@type":"BreadcrumbList","@id":"https:\/\/www.naturessenzen.com\/produkt\/niere-harnwege-blase-tinktur-essenz-kraeutertropfen\/#breadcrumb","itemListElement":[{"@type":"ListItem","position":1,"name":"Startseite","item":"https:\/\/www.naturessenzen.com\/"},{"@type":"ListItem","position":2,"name":"Shop","item":"https:\/\/www.naturessenzen.com\/heilpflanzen-heilkraeuter-online-tinktur-kaufen\/"},{"@type":"ListItem","position":3,"name":"Pipiklar Tinktur"}]},{"@type":"WebSite","@id":"https:\/\/www.naturessenzen.com\/#website","url":"https:\/\/www.naturessenzen.com\/","name":"Duschlbaur&#039;s Kr\u00e4uter Shop - Tinktur Kr\u00e4utertinktur kaufen! Qualit\u00e4t seit 1917!","description":"Wir haben einen gro\u00dfe Auswahl an Kr\u00e4utertinkturen in unserem Shop! Tinktur Kr\u00e4utertinktur kaufen!","potentialAction":[{"@type":"SearchAction","target":{"@type":"EntryPoint","urlTemplate":"https:\/\/www.naturessenzen.com\/?s={search_term_string}"},"query-input":"required name=search_term_string"}],"inLanguage":"de"}]}},"_links":{"self":[{"href":"https:\/\/www.naturessenzen.com\/wp-json\/wp\/v2\/product\/1899"}],"collection":[{"href":"https:\/\/www.naturessenzen.com\/wp-json\/wp\/v2\/product"}],"about":[{"href":"https:\/\/www.naturessenzen.com\/wp-json\/wp\/v2\/types\/product"}],"replies":[{"embeddable":true,"href":"https:\/\/www.naturessenzen.com\/wp-json\/wp\/v2\/comments?post=1899"}],"wp:featuredmedia":[{"embeddable":true,"href":"https:\/\/www.naturessenzen.com\/wp-json\/wp\/v2\/media\/6678"}],"wp:attachment":[{"href":"https:\/\/www.naturessenzen.com\/wp-json\/wp\/v2\/media?parent=1899"}],"wp:term":[{"taxonomy":"product_cat","embeddable":true,"href":"https:\/\/www.naturessenzen.com\/wp-json\/wp\/v2\/product_cat?post=1899"},{"taxonomy":"product_tag","embeddable":true,"href":"https:\/\/www.naturessenzen.com\/wp-json\/wp\/v2\/product_tag?post=1899"}],"curies":[{"name":"wp","href":"https:\/\/api.w.org\/{rel}","templated":true}]}}