{"id":1898,"date":"2021-01-27T08:18:13","date_gmt":"2021-01-27T07:18:13","guid":{"rendered":"https:\/\/www.naturessenzen.com\/?post_type=product&#038;p=1898"},"modified":"2023-09-26T12:45:19","modified_gmt":"2023-09-26T10:45:19","slug":"nerven-belastungen-tinktur-essenz-kraeutertropfen","status":"publish","type":"product","link":"https:\/\/www.naturessenzen.com\/produkt\/nerven-belastungen-tinktur-essenz-kraeutertropfen\/","title":{"rendered":"Nervenfein Tinktur"},"content":{"rendered":"<h2>Duschlbaur\u00b4s &#8222;Nervenfein&#8220; &#8211; Nerven Belastungen &#8211; Tinktur Tropfen<\/h2>\n<p>Unsere Tinktur<em><strong> &#8222;Nervenfein&#8220;<\/strong><\/em> kann entlastend auf Ihre Nerven und Belastungen wirken. Die nat\u00fcrlichen Inhaltsstoffe der <em><strong>&#8222;Nervenfein&#8220;<\/strong> <\/em>Tinktur Tropfen sind: Wasser, Alkohol, Melisse, Hopfen, Lavendel und S\u00fc\u00dfholz.<\/p>\n<p>F\u00fcr die Herstellung dieser sehr wertvollen Tropfen verwenden wir bei Mellise, Hopfen und Lavendel die ganze Pflanze mit Bl\u00fcte. Bei der S\u00fc\u00dfholz-Pflanze nehmen wir die Wurzel.<\/p>\n<p>Der Alltag kann schnell einmal auf unseren Nerven herumtanzen. Ob \u00dcberbelastung in der Bew\u00e4ltigung der t\u00e4glichen Anforderungen oder Kr\u00e4fte raubender Umgang mit unseren Mitmenschen \u2026.. Ursachen gibt es viele.<span class=\"Apple-converted-space\">\u00a0<\/span><\/p>\n<p>Bleibt man dabei gelassen oder verliert die Nerven, ist von genetischen Faktoren, von den bisherigen Lebenserfahrungen und der jeweiligen Lebenssituation abh\u00e4ngig. Was f\u00fcr den einen stressig ist, empfindet der andere nicht so. Nicht nur gereizte Nerven, auch M\u00fcdigkeit, Konzentrationsschwierigkeiten und erh\u00f6hte Infektanf\u00e4lligkeit sind in Zeiten der nervlichen Anspannung Wegbegleiter. Pers\u00f6nliche Stressbew\u00e4ltigungsstrategien sind von Mensch zu Mensch verschieden. Es ist jedenfalls ein Prozess, der nicht von heute auf morgen die ersehnte Gelassenheit bringt.<span class=\"Apple-converted-space\">\u00a0<\/span><\/p>\n<p>Bei seelischen und k\u00f6rperlichen Belastungen reagiert der K\u00f6rper mit einer erh\u00f6hten Alarmbereitschaft. Er sch\u00fcttet die Stresshormone Adrenalin und Kortisol aus. Das ist evolutionstechnisch gesehen sogar n\u00fctzlich: es sichert das \u00dcberleben in Gefahrensituationen. Dieser Urinstinkt ist nicht f\u00fcr eine Dauersituation angelegt. Daher spricht man von \u201egutem\u201c und \u201enicht gutem\u201c Stress. Guter Stress baut den Sockel, auf dem wir zu H\u00f6chstleistungen f\u00e4hig sind. \u201eNicht guter Stress\u201c entsteht, wenn wir unter \u201eDauerstrom\u201c bleiben und der K\u00f6rper seine ruhende Mitte nicht mehr findet. Wir sp\u00fcren, dass uns das nicht guttut. Wir sind angespannt, der Blutdruck steigt und das Herz schl\u00e4gt schneller. Nach dieser seelischen und k\u00f6rperlichen Anspannung folgt nicht selten eine Phase der bleiernen M\u00fcdigkeit.<\/p>\n<p>In der reich best\u00fcckten Kr\u00e4uter-Schatzkiste der Natur finden sich ausgleichende Gegenpole, die Sie dabei unterst\u00fctzen, ruhig und gelassen zu bleiben. Helfen Sie Ihrem K\u00f6rper, sich von dieser Achterbahnfahrt zu erholen. Verbessern Sie Ihre Nervenst\u00e4rke!<span class=\"Apple-converted-space\"><br \/>\n<\/span><\/p>\n<p>Unsere Duschlbaur\u00b4s Komplextinktur <b><i>\u201eNervenfein\u201c<\/i><\/b> schneidert Ihnen mit Lavendel, Melisse, Hopfen und S\u00fc\u00dfholz ein sch\u00f6nes Nervenkost\u00fcm. So adrett gewandet geht es sich leichter durchs Leben.<span class=\"Apple-converted-space\">\u00a0<\/span><\/p>\n","protected":false},"excerpt":{"rendered":"<ul>\n<li>Anwendungsgebiete: Nerven, Belastungen, Stress, Gereiztheit<\/li>\n<li>Reinsubstanz \u2013 nur Wirkstoffe der Kr\u00e4uter enthalten<\/li>\n<li>Arzneimittelqualit\u00e4t der Kr\u00e4uter<\/li>\n<li>Gute Alternative zu Kapseln oder Tee<\/li>\n<li>Ausreichend f\u00fcr 50 Tage Kr\u00e4uterkur<\/li>\n<li>H\u00f6chste Qualit\u00e4tsstandards und Hygienerichtlinien<\/li>\n<li>Frei von k\u00fcnstlichen Zus\u00e4tzen und Farbstoffen<\/li>\n<li>Hergestellt nach traditionellen alchemistischen Grunds\u00e4tzen &#8211; nach Ansicht von Paracelsus<\/li>\n<\/ul>\n<p>Alchemische<strong> nat\u00fcrliche Tropfen, 50 ml<\/strong> Glasflasche<strong><br \/>\n<\/strong><\/p>\n","protected":false},"featured_media":1920,"comment_status":"closed","ping_status":"closed","template":"","meta":{"inline_featured_image":false},"product_cat":[25],"product_tag":[],"acf":[],"yoast_head":"<!-- This site is optimized with the Yoast SEO plugin v20.11 - https:\/\/yoast.com\/wordpress\/plugins\/seo\/ -->\n<title>Nerven Belastungen Tinktur Essenz kaufen - Tropfen<\/title>\n<meta name=\"description\" content=\"Nerven Belastungen Tinktur kaufen \u2713 rein pflanzliche Essenz \u2713 Jetzt auf Rechnung bestellen \u2713 versandkostenfrei \u2713 Tropfen aus K\u00e4rnten\" \/>\n<meta name=\"robots\" content=\"index, follow, max-snippet:-1, max-image-preview:large, max-video-preview:-1\" \/>\n<link rel=\"canonical\" href=\"https:\/\/www.naturessenzen.com\/produkt\/nerven-belastungen-tinktur-essenz-kraeutertropfen\/\" \/>\n<meta property=\"og:locale\" content=\"de_DE\" \/>\n<meta property=\"og:type\" content=\"article\" \/>\n<meta property=\"og:title\" content=\"Nerven Belastungen Tinktur Essenz kaufen - Tropfen\" \/>\n<meta property=\"og:description\" content=\"Nerven Belastungen Tinktur kaufen \u2713 rein pflanzliche Essenz \u2713 Jetzt auf Rechnung bestellen \u2713 versandkostenfrei \u2713 Tropfen aus K\u00e4rnten\" \/>\n<meta property=\"og:url\" content=\"https:\/\/www.naturessenzen.com\/produkt\/nerven-belastungen-tinktur-essenz-kraeutertropfen\/\" \/>\n<meta property=\"og:site_name\" content=\"Duschlbaur&#039;s Kr\u00e4uter Shop - Tinktur Kr\u00e4utertinktur kaufen! Qualit\u00e4t seit 1917!\" \/>\n<meta property=\"article:modified_time\" content=\"2023-09-26T10:45:19+00:00\" \/>\n<meta property=\"og:image\" content=\"https:\/\/www.naturessenzen.com\/wp-content\/uploads\/2021\/01\/kraeuteressenz_kraeutertinktur_nervenfein_nerven_ueberlastung_anspannung_seelisch_koerperlich.png\" \/>\n\t<meta property=\"og:image:width\" content=\"1000\" \/>\n\t<meta property=\"og:image:height\" content=\"1000\" \/>\n\t<meta property=\"og:image:type\" content=\"image\/png\" \/>\n<meta name=\"twitter:card\" content=\"summary_large_image\" \/>\n<meta name=\"twitter:label1\" content=\"Gesch\u00e4tzte Lesezeit\" \/>\n\t<meta name=\"twitter:data1\" content=\"2\u00a0Minuten\" \/>\n<script type=\"application\/ld+json\" class=\"yoast-schema-graph\">{\"@context\":\"https:\/\/schema.org\",\"@graph\":[{\"@type\":\"WebPage\",\"@id\":\"https:\/\/www.naturessenzen.com\/produkt\/nerven-belastungen-tinktur-essenz-kraeutertropfen\/\",\"url\":\"https:\/\/www.naturessenzen.com\/produkt\/nerven-belastungen-tinktur-essenz-kraeutertropfen\/\",\"name\":\"Nerven Belastungen Tinktur Essenz kaufen - Tropfen\",\"isPartOf\":{\"@id\":\"https:\/\/www.naturessenzen.com\/#website\"},\"datePublished\":\"2021-01-27T07:18:13+00:00\",\"dateModified\":\"2023-09-26T10:45:19+00:00\",\"description\":\"Nerven Belastungen Tinktur kaufen \u2713 rein pflanzliche Essenz \u2713 Jetzt auf Rechnung bestellen \u2713 versandkostenfrei \u2713 Tropfen aus K\u00e4rnten\",\"breadcrumb\":{\"@id\":\"https:\/\/www.naturessenzen.com\/produkt\/nerven-belastungen-tinktur-essenz-kraeutertropfen\/#breadcrumb\"},\"inLanguage\":\"de\",\"potentialAction\":[{\"@type\":\"ReadAction\",\"target\":[\"https:\/\/www.naturessenzen.com\/produkt\/nerven-belastungen-tinktur-essenz-kraeutertropfen\/\"]}]},{\"@type\":\"BreadcrumbList\",\"@id\":\"https:\/\/www.naturessenzen.com\/produkt\/nerven-belastungen-tinktur-essenz-kraeutertropfen\/#breadcrumb\",\"itemListElement\":[{\"@type\":\"ListItem\",\"position\":1,\"name\":\"Startseite\",\"item\":\"https:\/\/www.naturessenzen.com\/\"},{\"@type\":\"ListItem\",\"position\":2,\"name\":\"Shop\",\"item\":\"https:\/\/www.naturessenzen.com\/heilpflanzen-heilkraeuter-online-tinktur-kaufen\/\"},{\"@type\":\"ListItem\",\"position\":3,\"name\":\"Nervenfein Tinktur\"}]},{\"@type\":\"WebSite\",\"@id\":\"https:\/\/www.naturessenzen.com\/#website\",\"url\":\"https:\/\/www.naturessenzen.com\/\",\"name\":\"Duschlbaur&#039;s Kr\u00e4uter Shop - Tinktur Kr\u00e4utertinktur kaufen! Qualit\u00e4t seit 1917!\",\"description\":\"Wir haben einen gro\u00dfe Auswahl an Kr\u00e4utertinkturen in unserem Shop! Tinktur Kr\u00e4utertinktur kaufen!\",\"potentialAction\":[{\"@type\":\"SearchAction\",\"target\":{\"@type\":\"EntryPoint\",\"urlTemplate\":\"https:\/\/www.naturessenzen.com\/?s={search_term_string}\"},\"query-input\":\"required name=search_term_string\"}],\"inLanguage\":\"de\"}]}<\/script>\n<!-- \/ Yoast SEO plugin. -->","yoast_head_json":{"title":"Nerven Belastungen Tinktur Essenz kaufen - Tropfen","description":"Nerven Belastungen Tinktur kaufen \u2713 rein pflanzliche Essenz \u2713 Jetzt auf Rechnung bestellen \u2713 versandkostenfrei \u2713 Tropfen aus K\u00e4rnten","robots":{"index":"index","follow":"follow","max-snippet":"max-snippet:-1","max-image-preview":"max-image-preview:large","max-video-preview":"max-video-preview:-1"},"canonical":"https:\/\/www.naturessenzen.com\/produkt\/nerven-belastungen-tinktur-essenz-kraeutertropfen\/","og_locale":"de_DE","og_type":"article","og_title":"Nerven Belastungen Tinktur Essenz kaufen - Tropfen","og_description":"Nerven Belastungen Tinktur kaufen \u2713 rein pflanzliche Essenz \u2713 Jetzt auf Rechnung bestellen \u2713 versandkostenfrei \u2713 Tropfen aus K\u00e4rnten","og_url":"https:\/\/www.naturessenzen.com\/produkt\/nerven-belastungen-tinktur-essenz-kraeutertropfen\/","og_site_name":"Duschlbaur&#039;s Kr\u00e4uter Shop - Tinktur Kr\u00e4utertinktur kaufen! Qualit\u00e4t seit 1917!","article_modified_time":"2023-09-26T10:45:19+00:00","og_image":[{"width":1000,"height":1000,"url":"https:\/\/www.naturessenzen.com\/wp-content\/uploads\/2021\/01\/kraeuteressenz_kraeutertinktur_nervenfein_nerven_ueberlastung_anspannung_seelisch_koerperlich.png","type":"image\/png"}],"twitter_card":"summary_large_image","twitter_misc":{"Gesch\u00e4tzte Lesezeit":"2\u00a0Minuten"},"schema":{"@context":"https:\/\/schema.org","@graph":[{"@type":"WebPage","@id":"https:\/\/www.naturessenzen.com\/produkt\/nerven-belastungen-tinktur-essenz-kraeutertropfen\/","url":"https:\/\/www.naturessenzen.com\/produkt\/nerven-belastungen-tinktur-essenz-kraeutertropfen\/","name":"Nerven Belastungen Tinktur Essenz kaufen - Tropfen","isPartOf":{"@id":"https:\/\/www.naturessenzen.com\/#website"},"datePublished":"2021-01-27T07:18:13+00:00","dateModified":"2023-09-26T10:45:19+00:00","description":"Nerven Belastungen Tinktur kaufen \u2713 rein pflanzliche Essenz \u2713 Jetzt auf Rechnung bestellen \u2713 versandkostenfrei \u2713 Tropfen aus K\u00e4rnten","breadcrumb":{"@id":"https:\/\/www.naturessenzen.com\/produkt\/nerven-belastungen-tinktur-essenz-kraeutertropfen\/#breadcrumb"},"inLanguage":"de","potentialAction":[{"@type":"ReadAction","target":["https:\/\/www.naturessenzen.com\/produkt\/nerven-belastungen-tinktur-essenz-kraeutertropfen\/"]}]},{"@type":"BreadcrumbList","@id":"https:\/\/www.naturessenzen.com\/produkt\/nerven-belastungen-tinktur-essenz-kraeutertropfen\/#breadcrumb","itemListElement":[{"@type":"ListItem","position":1,"name":"Startseite","item":"https:\/\/www.naturessenzen.com\/"},{"@type":"ListItem","position":2,"name":"Shop","item":"https:\/\/www.naturessenzen.com\/heilpflanzen-heilkraeuter-online-tinktur-kaufen\/"},{"@type":"ListItem","position":3,"name":"Nervenfein Tinktur"}]},{"@type":"WebSite","@id":"https:\/\/www.naturessenzen.com\/#website","url":"https:\/\/www.naturessenzen.com\/","name":"Duschlbaur&#039;s Kr\u00e4uter Shop - Tinktur Kr\u00e4utertinktur kaufen! Qualit\u00e4t seit 1917!","description":"Wir haben einen gro\u00dfe Auswahl an Kr\u00e4utertinkturen in unserem Shop! Tinktur Kr\u00e4utertinktur kaufen!","potentialAction":[{"@type":"SearchAction","target":{"@type":"EntryPoint","urlTemplate":"https:\/\/www.naturessenzen.com\/?s={search_term_string}"},"query-input":"required name=search_term_string"}],"inLanguage":"de"}]}},"_links":{"self":[{"href":"https:\/\/www.naturessenzen.com\/wp-json\/wp\/v2\/product\/1898"}],"collection":[{"href":"https:\/\/www.naturessenzen.com\/wp-json\/wp\/v2\/product"}],"about":[{"href":"https:\/\/www.naturessenzen.com\/wp-json\/wp\/v2\/types\/product"}],"replies":[{"embeddable":true,"href":"https:\/\/www.naturessenzen.com\/wp-json\/wp\/v2\/comments?post=1898"}],"wp:featuredmedia":[{"embeddable":true,"href":"https:\/\/www.naturessenzen.com\/wp-json\/wp\/v2\/media\/1920"}],"wp:attachment":[{"href":"https:\/\/www.naturessenzen.com\/wp-json\/wp\/v2\/media?parent=1898"}],"wp:term":[{"taxonomy":"product_cat","embeddable":true,"href":"https:\/\/www.naturessenzen.com\/wp-json\/wp\/v2\/product_cat?post=1898"},{"taxonomy":"product_tag","embeddable":true,"href":"https:\/\/www.naturessenzen.com\/wp-json\/wp\/v2\/product_tag?post=1898"}],"curies":[{"name":"wp","href":"https:\/\/api.w.org\/{rel}","templated":true}]}}