{"id":1895,"date":"2021-01-27T07:52:54","date_gmt":"2021-01-27T06:52:54","guid":{"rendered":"https:\/\/www.naturessenzen.com\/?post_type=product&#038;p=1895"},"modified":"2023-09-26T12:40:21","modified_gmt":"2023-09-26T10:40:21","slug":"schlaf-einschlafen-durchschlafen-tinktur-essenz-kraeutertropfen","status":"publish","type":"product","link":"https:\/\/www.naturessenzen.com\/produkt\/schlaf-einschlafen-durchschlafen-tinktur-essenz-kraeutertropfen\/","title":{"rendered":"Finde Deine Ruhe Tinktur"},"content":{"rendered":"<h2>Duschlbaur\u00b4s &#8222;Finde Deine Ruhe&#8220; &#8211; Schlaf Einschlafen Durchschlafen &#8211; Tinktur Tropfen<\/h2>\n<p>Unsere Tinktur <em><strong>&#8222;Finde Deine Ruhe&#8220;<\/strong><\/em> kann sich positiv auf Schlaf, Einschlafen und Durchschlafen auswirken. Die nat\u00fcrlichen Inhaltsstoffe der<em><strong> &#8222;Finde Deine Ruhe&#8220;<\/strong><\/em> Tinktur Tropfen sind: Wasser, Alkohol, Baldrian, Steinklee, Waldmeister und Eisenkraut.<\/p>\n<p>F\u00fcr die Herstellung dieser sehr wertvollen Tropfen verwenden wir bei Baldrian, Steinklee, Waldmeister und Eisenkraut die ganze Pflanze mit Bl\u00fcte.<\/p>\n<p>Mit dem \u201eSchlaf\u201c ist es so eine Sache. Manchmal stellt er sich wie von selbst ein, dann wieder qu\u00e4len Momente des sorgenvollen Wachliegens. Die Gedanken kreisen um die Familie, den Beruf, die eigenen Anspr\u00fcche und die Anspr\u00fcche der anderen, um die Aufgaben des n\u00e4chsten Tages und \u00fcberhaupt \u2026.. was wird die Zukunft bringen. Ein nicht enden wollender Gedankenstrom h\u00e4lt wach und der Schlaf l\u00e4sst auf sich warten.<span class=\"Apple-converted-space\">\u00a0<\/span><\/p>\n<p>Schlaf ist ein essenzieller Bestandteil des Lebens. Wir verbringen rund ein Drittel unseres Lebens als \u201eDornr\u00f6schen\u201c. Man geht davon aus, dass ein gesunder Mensch durchschnittlich sieben Stunden Schlaf braucht. Unsere Gene bestimmen, ob wir zu den Kurz- oder Langschl\u00e4fern z\u00e4hlen. Einigen reichen f\u00fcnf Stunden Schlaf, andere wiederum sind unter neun Stunden Schlaf \u201eungenie\u00dfbar\u201c.<span class=\"Apple-converted-space\">\u00a0<\/span><\/p>\n<p>Die st\u00e4ndige Erreichbarkeit und permanenter Zeitdruck haben leider dazu gef\u00fchrt, dass vielen die Selbstwahrnehmung abhandengekommen ist, wieviel Schlaf man eigentlich braucht. Unbewusst gibt man dem Schlaf wenig Zeit \u2026.. \u201ees ist noch so viel zu tun\u201c, um sich im Anschluss einem Schlafdruck auszusetzen: Ich muss jetzt schlafen. Diese Rechnung kann nicht aufgehen und tut es auch nicht. Mit dieser Erkenntnis ist der Schritt zur Selbsthilfe getan. Mutter Natur hat auch f\u00fcr diesen Teil des Menschseins Sorge getragen. Es liegt an Ihnen, diese nat\u00fcrliche Hilfe in Anspruch zu nehmen.<\/p>\n<p>Unserer Duschlbaur\u00b4s Komplextinktur <b><i>\u201eFinde Deine Ruhe\u201c<\/i><\/b> offenbart mit nat\u00fcrlichem Baldrian, Steinklee, Waldmeister und Eisenkraut das Wohlgef\u00fchl einer erholsamen Nacht. Lassen Sie sich mit diesem beruhigenden Gru\u00df aus der Natur in den Schlaf wiegen. Wir w\u00fcnschen Ihnen eine \u201eGute Nacht\u201c \u2013 ohne Sch\u00e4fchenz\u00e4hlen!<\/p>\n","protected":false},"excerpt":{"rendered":"<ul>\n<li>Anwendungsgebiete: Schlaf, Schlaff\u00f6rderung, Einschlafen, Durchschlafen, Entspannung, Erholung<\/li>\n<li>Reinsubstanz \u2013 nur Wirkstoffe der Kr\u00e4uter enthalten<\/li>\n<li>Arzneimittelqualit\u00e4t der Kr\u00e4uter<\/li>\n<li>Gute Alternative zu Kapseln oder Tee<\/li>\n<li>Ausreichend f\u00fcr 50 Tage Kr\u00e4uterkur<\/li>\n<li>H\u00f6chste Qualit\u00e4tsstandards und Hygienerichtlinien<\/li>\n<li>Frei von k\u00fcnstlichen Zus\u00e4tzen und Farbstoffen<\/li>\n<li>Hergestellt nach traditionellen alchemistischen Grunds\u00e4tzen &#8211; nach Ansicht von Paracelsus<\/li>\n<\/ul>\n<p>Alchemische<strong> nat\u00fcrliche Tropfen, 50 ml<\/strong> Glasflasche<strong><br \/>\n<\/strong><\/p>\n","protected":false},"featured_media":1915,"comment_status":"closed","ping_status":"closed","template":"","meta":{"inline_featured_image":false},"product_cat":[25],"product_tag":[],"acf":[],"yoast_head":"<!-- This site is optimized with the Yoast SEO plugin v20.11 - https:\/\/yoast.com\/wordpress\/plugins\/seo\/ -->\n<title>Schlaf Einschlafen Durchschlafen Tinktur Essenz kaufen - Tropfen<\/title>\n<meta name=\"description\" content=\"Schlaf Einschlafen Durchschlafen Tinktur kaufen \u2713 rein pflanzliche Essenz \u2713 auf Rechnung bestellen \u2713 versandkostenfrei \u2713 Tropfen aus K\u00e4rnten\" \/>\n<meta name=\"robots\" content=\"index, follow, max-snippet:-1, max-image-preview:large, max-video-preview:-1\" \/>\n<link rel=\"canonical\" href=\"https:\/\/www.naturessenzen.com\/produkt\/schlaf-einschlafen-durchschlafen-tinktur-essenz-kraeutertropfen\/\" \/>\n<meta property=\"og:locale\" content=\"de_DE\" \/>\n<meta property=\"og:type\" content=\"article\" \/>\n<meta property=\"og:title\" content=\"Schlaf Einschlafen Durchschlafen Tinktur Essenz kaufen - Tropfen\" \/>\n<meta property=\"og:description\" content=\"Schlaf Einschlafen Durchschlafen Tinktur kaufen \u2713 rein pflanzliche Essenz \u2713 auf Rechnung bestellen \u2713 versandkostenfrei \u2713 Tropfen aus K\u00e4rnten\" \/>\n<meta property=\"og:url\" content=\"https:\/\/www.naturessenzen.com\/produkt\/schlaf-einschlafen-durchschlafen-tinktur-essenz-kraeutertropfen\/\" \/>\n<meta property=\"og:site_name\" content=\"Duschlbaur&#039;s Kr\u00e4uter Shop - Tinktur Kr\u00e4utertinktur kaufen! Qualit\u00e4t seit 1917!\" \/>\n<meta property=\"article:modified_time\" content=\"2023-09-26T10:40:21+00:00\" \/>\n<meta property=\"og:image\" content=\"https:\/\/www.naturessenzen.com\/wp-content\/uploads\/2021\/01\/kraeuteressenz_kraeutertinktur_findedeineruhe_schlaf_schlafdruck_entspannen_erholsam.png\" \/>\n\t<meta property=\"og:image:width\" content=\"1000\" \/>\n\t<meta property=\"og:image:height\" content=\"1000\" \/>\n\t<meta property=\"og:image:type\" content=\"image\/png\" \/>\n<meta name=\"twitter:card\" content=\"summary_large_image\" \/>\n<meta name=\"twitter:label1\" content=\"Gesch\u00e4tzte Lesezeit\" \/>\n\t<meta name=\"twitter:data1\" content=\"2\u00a0Minuten\" \/>\n<script type=\"application\/ld+json\" class=\"yoast-schema-graph\">{\"@context\":\"https:\/\/schema.org\",\"@graph\":[{\"@type\":\"WebPage\",\"@id\":\"https:\/\/www.naturessenzen.com\/produkt\/schlaf-einschlafen-durchschlafen-tinktur-essenz-kraeutertropfen\/\",\"url\":\"https:\/\/www.naturessenzen.com\/produkt\/schlaf-einschlafen-durchschlafen-tinktur-essenz-kraeutertropfen\/\",\"name\":\"Schlaf Einschlafen Durchschlafen Tinktur Essenz kaufen - Tropfen\",\"isPartOf\":{\"@id\":\"https:\/\/www.naturessenzen.com\/#website\"},\"datePublished\":\"2021-01-27T06:52:54+00:00\",\"dateModified\":\"2023-09-26T10:40:21+00:00\",\"description\":\"Schlaf Einschlafen Durchschlafen Tinktur kaufen \u2713 rein pflanzliche Essenz \u2713 auf Rechnung bestellen \u2713 versandkostenfrei \u2713 Tropfen aus K\u00e4rnten\",\"breadcrumb\":{\"@id\":\"https:\/\/www.naturessenzen.com\/produkt\/schlaf-einschlafen-durchschlafen-tinktur-essenz-kraeutertropfen\/#breadcrumb\"},\"inLanguage\":\"de\",\"potentialAction\":[{\"@type\":\"ReadAction\",\"target\":[\"https:\/\/www.naturessenzen.com\/produkt\/schlaf-einschlafen-durchschlafen-tinktur-essenz-kraeutertropfen\/\"]}]},{\"@type\":\"BreadcrumbList\",\"@id\":\"https:\/\/www.naturessenzen.com\/produkt\/schlaf-einschlafen-durchschlafen-tinktur-essenz-kraeutertropfen\/#breadcrumb\",\"itemListElement\":[{\"@type\":\"ListItem\",\"position\":1,\"name\":\"Startseite\",\"item\":\"https:\/\/www.naturessenzen.com\/\"},{\"@type\":\"ListItem\",\"position\":2,\"name\":\"Shop\",\"item\":\"https:\/\/www.naturessenzen.com\/heilpflanzen-heilkraeuter-online-tinktur-kaufen\/\"},{\"@type\":\"ListItem\",\"position\":3,\"name\":\"Finde Deine Ruhe Tinktur\"}]},{\"@type\":\"WebSite\",\"@id\":\"https:\/\/www.naturessenzen.com\/#website\",\"url\":\"https:\/\/www.naturessenzen.com\/\",\"name\":\"Duschlbaur&#039;s Kr\u00e4uter Shop - Tinktur Kr\u00e4utertinktur kaufen! Qualit\u00e4t seit 1917!\",\"description\":\"Wir haben einen gro\u00dfe Auswahl an Kr\u00e4utertinkturen in unserem Shop! Tinktur Kr\u00e4utertinktur kaufen!\",\"potentialAction\":[{\"@type\":\"SearchAction\",\"target\":{\"@type\":\"EntryPoint\",\"urlTemplate\":\"https:\/\/www.naturessenzen.com\/?s={search_term_string}\"},\"query-input\":\"required name=search_term_string\"}],\"inLanguage\":\"de\"}]}<\/script>\n<!-- \/ Yoast SEO plugin. -->","yoast_head_json":{"title":"Schlaf Einschlafen Durchschlafen Tinktur Essenz kaufen - Tropfen","description":"Schlaf Einschlafen Durchschlafen Tinktur kaufen \u2713 rein pflanzliche Essenz \u2713 auf Rechnung bestellen \u2713 versandkostenfrei \u2713 Tropfen aus K\u00e4rnten","robots":{"index":"index","follow":"follow","max-snippet":"max-snippet:-1","max-image-preview":"max-image-preview:large","max-video-preview":"max-video-preview:-1"},"canonical":"https:\/\/www.naturessenzen.com\/produkt\/schlaf-einschlafen-durchschlafen-tinktur-essenz-kraeutertropfen\/","og_locale":"de_DE","og_type":"article","og_title":"Schlaf Einschlafen Durchschlafen Tinktur Essenz kaufen - Tropfen","og_description":"Schlaf Einschlafen Durchschlafen Tinktur kaufen \u2713 rein pflanzliche Essenz \u2713 auf Rechnung bestellen \u2713 versandkostenfrei \u2713 Tropfen aus K\u00e4rnten","og_url":"https:\/\/www.naturessenzen.com\/produkt\/schlaf-einschlafen-durchschlafen-tinktur-essenz-kraeutertropfen\/","og_site_name":"Duschlbaur&#039;s Kr\u00e4uter Shop - Tinktur Kr\u00e4utertinktur kaufen! Qualit\u00e4t seit 1917!","article_modified_time":"2023-09-26T10:40:21+00:00","og_image":[{"width":1000,"height":1000,"url":"https:\/\/www.naturessenzen.com\/wp-content\/uploads\/2021\/01\/kraeuteressenz_kraeutertinktur_findedeineruhe_schlaf_schlafdruck_entspannen_erholsam.png","type":"image\/png"}],"twitter_card":"summary_large_image","twitter_misc":{"Gesch\u00e4tzte Lesezeit":"2\u00a0Minuten"},"schema":{"@context":"https:\/\/schema.org","@graph":[{"@type":"WebPage","@id":"https:\/\/www.naturessenzen.com\/produkt\/schlaf-einschlafen-durchschlafen-tinktur-essenz-kraeutertropfen\/","url":"https:\/\/www.naturessenzen.com\/produkt\/schlaf-einschlafen-durchschlafen-tinktur-essenz-kraeutertropfen\/","name":"Schlaf Einschlafen Durchschlafen Tinktur Essenz kaufen - Tropfen","isPartOf":{"@id":"https:\/\/www.naturessenzen.com\/#website"},"datePublished":"2021-01-27T06:52:54+00:00","dateModified":"2023-09-26T10:40:21+00:00","description":"Schlaf Einschlafen Durchschlafen Tinktur kaufen \u2713 rein pflanzliche Essenz \u2713 auf Rechnung bestellen \u2713 versandkostenfrei \u2713 Tropfen aus K\u00e4rnten","breadcrumb":{"@id":"https:\/\/www.naturessenzen.com\/produkt\/schlaf-einschlafen-durchschlafen-tinktur-essenz-kraeutertropfen\/#breadcrumb"},"inLanguage":"de","potentialAction":[{"@type":"ReadAction","target":["https:\/\/www.naturessenzen.com\/produkt\/schlaf-einschlafen-durchschlafen-tinktur-essenz-kraeutertropfen\/"]}]},{"@type":"BreadcrumbList","@id":"https:\/\/www.naturessenzen.com\/produkt\/schlaf-einschlafen-durchschlafen-tinktur-essenz-kraeutertropfen\/#breadcrumb","itemListElement":[{"@type":"ListItem","position":1,"name":"Startseite","item":"https:\/\/www.naturessenzen.com\/"},{"@type":"ListItem","position":2,"name":"Shop","item":"https:\/\/www.naturessenzen.com\/heilpflanzen-heilkraeuter-online-tinktur-kaufen\/"},{"@type":"ListItem","position":3,"name":"Finde Deine Ruhe Tinktur"}]},{"@type":"WebSite","@id":"https:\/\/www.naturessenzen.com\/#website","url":"https:\/\/www.naturessenzen.com\/","name":"Duschlbaur&#039;s Kr\u00e4uter Shop - Tinktur Kr\u00e4utertinktur kaufen! Qualit\u00e4t seit 1917!","description":"Wir haben einen gro\u00dfe Auswahl an Kr\u00e4utertinkturen in unserem Shop! Tinktur Kr\u00e4utertinktur kaufen!","potentialAction":[{"@type":"SearchAction","target":{"@type":"EntryPoint","urlTemplate":"https:\/\/www.naturessenzen.com\/?s={search_term_string}"},"query-input":"required name=search_term_string"}],"inLanguage":"de"}]}},"_links":{"self":[{"href":"https:\/\/www.naturessenzen.com\/wp-json\/wp\/v2\/product\/1895"}],"collection":[{"href":"https:\/\/www.naturessenzen.com\/wp-json\/wp\/v2\/product"}],"about":[{"href":"https:\/\/www.naturessenzen.com\/wp-json\/wp\/v2\/types\/product"}],"replies":[{"embeddable":true,"href":"https:\/\/www.naturessenzen.com\/wp-json\/wp\/v2\/comments?post=1895"}],"wp:featuredmedia":[{"embeddable":true,"href":"https:\/\/www.naturessenzen.com\/wp-json\/wp\/v2\/media\/1915"}],"wp:attachment":[{"href":"https:\/\/www.naturessenzen.com\/wp-json\/wp\/v2\/media?parent=1895"}],"wp:term":[{"taxonomy":"product_cat","embeddable":true,"href":"https:\/\/www.naturessenzen.com\/wp-json\/wp\/v2\/product_cat?post=1895"},{"taxonomy":"product_tag","embeddable":true,"href":"https:\/\/www.naturessenzen.com\/wp-json\/wp\/v2\/product_tag?post=1895"}],"curies":[{"name":"wp","href":"https:\/\/api.w.org\/{rel}","templated":true}]}}