{"id":1890,"date":"2021-01-26T13:40:26","date_gmt":"2021-01-26T12:40:26","guid":{"rendered":"https:\/\/www.naturessenzen.com\/?post_type=product&#038;p=1890"},"modified":"2023-09-26T11:40:17","modified_gmt":"2023-09-26T09:40:17","slug":"leber-galle-tinktur-essenz-kraeutertropfen","status":"publish","type":"product","link":"https:\/\/www.naturessenzen.com\/produkt\/leber-galle-tinktur-essenz-kraeutertropfen\/","title":{"rendered":"Reinige Dein Inneres Tinktur"},"content":{"rendered":"<h2>Duschlbaur\u00b4s &#8222;Reinige Dein Inneres&#8220; &#8211; Leber Galle &#8211; Tinktur Tropfen<\/h2>\n<p>Unsere Tinktur<em><strong> &#8222;Reinige Dein Inneres&#8220;<\/strong><\/em> kann wohltuend Leber und Galle unterst\u00fctzen. Die nat\u00fcrlichen Inhaltsstoffe der <em><strong>&#8222;Reinige Dein Inneres&#8220;<\/strong><\/em> Tinktur Tropfen sind: Wasser, Alkohol, Mariendistel, Curcuma, Berberitze und Odermennig.<\/p>\n<p>F\u00fcr die Herstellung dieser sehr wertvollen Tropfen verwenden wir bei Mariendistel die ganze Pflanze mit Samen. Bei Curcuma greifen wir auf die Wurzel zu. Von der Berberitze-Pflanze nehmen wir das Kraut und die Beeren. Bei Odermennig kommt die ganze Pflanze mit Bl\u00fcte zum Einsatz.<\/p>\n<p>Die Leber ist mit rund 1,5 kg das gr\u00f6\u00dfte Stoffwechselorgan des menschlichen K\u00f6rpers. Sie liegt unter dem Zwergfell und nimmt im rechten Oberbauch einigen Raum ein.<span class=\"Apple-converted-space\">\u00a0<\/span><\/p>\n<p>Zu den lebenserhaltenden Aufgaben der Leber z\u00e4hlen die Entgiftung k\u00f6rpereigener und k\u00f6rperfremder Substanzen, wie Alkohol, Medikamente, Schad- und Giftstoffe. Die Leber erf\u00fcllt Aufgaben der Immunabwehr und baut Fette und Cholesterin ab. Nur eine gesunde Leber kann die f\u00fcr die Verdauung wichtige Gallenfl\u00fcssigkeit bilden, welche die Aufnahme und Verdauung von Fetten reguliert. Das Organ Leber speichert Vitaminen und Spurenelemente. Sie bildet auch Cholesterol f\u00fcr Sexualhormone.<\/p>\n<p>Die vielseitigen T\u00e4tigkeiten der Leber werden von allen Leberzellen erf\u00fcllt. Wie kein zweites Organ verf\u00fcgt die Leber \u00fcber eine immense Regenerationsf\u00e4higkeit. Sie kann akute und chronische Einschr\u00e4nkungen gut bew\u00e4ltigen. Bis zu einer Sch\u00e4digung von rund 80 % ihres Volumens kann die Leber das System Mensch am Leben erhalten. Sie erneuert sich in gewissen Grenzen selbst.<span class=\"Apple-converted-space\">\u00a0<\/span><\/p>\n<p>In unserer Duschlbaur\u00b4s Komplextinktur <b><i>\u201eReinige Dein Inneres\u201c <\/i><\/b>laufen anstatt der sprichw\u00f6rtlichen \u201eLaus\u201c die allseits gesch\u00e4tzte Mariendistel, Kurkuma, Berberitze und Odermennig wohltuend \u00fcber Ihre Leber und hinterlassen entgiftende Spuren. Senden Sie Ihrer Leber mit diesen nat\u00fcrlichen Kr\u00e4uteressenzen ein unterst\u00fctzendes Signal und sch\u00e4tzen Sie so die Arbeit, die Ihre Leber jeden Tag f\u00fcr Sie leistet!<\/p>\n","protected":false},"excerpt":{"rendered":"<ul>\n<li>Anwendungsgebiete: Leber, Galle, Entgiftung<\/li>\n<li>Reinsubstanz \u2013 nur Wirkstoffe der Kr\u00e4uter enthalten<\/li>\n<li>Arzneimittelqualit\u00e4t der Kr\u00e4uter<\/li>\n<li>Gute Alternative zu Kapseln oder Tee<\/li>\n<li>Ausreichend f\u00fcr 50 Tage Kr\u00e4uterkur<\/li>\n<li>H\u00f6chste Qualit\u00e4tsstandards und Hygienerichtlinien<\/li>\n<li>Frei von k\u00fcnstlichen Zus\u00e4tzen und Farbstoffen<\/li>\n<li>Hergestellt nach traditionellen alchemistischen Grunds\u00e4tzen &#8211; nach Ansicht von Paracelsus<\/li>\n<\/ul>\n<p>Alchemische<strong> nat\u00fcrliche Tropfen, 50 ml<\/strong> Glasflasche<strong><br \/>\n<\/strong><\/p>\n","protected":false},"featured_media":1922,"comment_status":"closed","ping_status":"closed","template":"","meta":{"inline_featured_image":false},"product_cat":[25],"product_tag":[],"acf":[],"yoast_head":"<!-- This site is optimized with the Yoast SEO plugin v20.11 - https:\/\/yoast.com\/wordpress\/plugins\/seo\/ -->\n<title>Leber Galle Entgiftung Tinktur Essenz kaufen Tropfen<\/title>\n<meta name=\"description\" content=\"Leber Galle Tinktur kaufen \u2713 rein pflanzliche Essenz \u2713 Jetzt auf Rechnung bestellen \u2713 versandkostenfrei \u2713 beste Tropfen aus K\u00e4rnten\" \/>\n<meta name=\"robots\" content=\"index, follow, max-snippet:-1, max-image-preview:large, max-video-preview:-1\" \/>\n<link rel=\"canonical\" href=\"https:\/\/www.naturessenzen.com\/produkt\/leber-galle-tinktur-essenz-kraeutertropfen\/\" \/>\n<meta property=\"og:locale\" content=\"de_DE\" \/>\n<meta property=\"og:type\" content=\"article\" \/>\n<meta property=\"og:title\" content=\"Leber Galle Entgiftung Tinktur Essenz kaufen Tropfen\" \/>\n<meta property=\"og:description\" content=\"Leber Galle Tinktur kaufen \u2713 rein pflanzliche Essenz \u2713 Jetzt auf Rechnung bestellen \u2713 versandkostenfrei \u2713 beste Tropfen aus K\u00e4rnten\" \/>\n<meta property=\"og:url\" content=\"https:\/\/www.naturessenzen.com\/produkt\/leber-galle-tinktur-essenz-kraeutertropfen\/\" \/>\n<meta property=\"og:site_name\" content=\"Duschlbaur&#039;s Kr\u00e4uter Shop - Tinktur Kr\u00e4utertinktur kaufen! Qualit\u00e4t seit 1917!\" \/>\n<meta property=\"article:modified_time\" content=\"2023-09-26T09:40:17+00:00\" \/>\n<meta property=\"og:image\" content=\"https:\/\/www.naturessenzen.com\/wp-content\/uploads\/2021\/01\/kraeuteressenz_kraeutertinktur_reinigedeininneres_entgiftung_regeneration_leber.png\" \/>\n\t<meta property=\"og:image:width\" content=\"1000\" \/>\n\t<meta property=\"og:image:height\" content=\"1000\" \/>\n\t<meta property=\"og:image:type\" content=\"image\/png\" \/>\n<meta name=\"twitter:card\" content=\"summary_large_image\" \/>\n<meta name=\"twitter:label1\" content=\"Gesch\u00e4tzte Lesezeit\" \/>\n\t<meta name=\"twitter:data1\" content=\"2\u00a0Minuten\" \/>\n<script type=\"application\/ld+json\" class=\"yoast-schema-graph\">{\"@context\":\"https:\/\/schema.org\",\"@graph\":[{\"@type\":\"WebPage\",\"@id\":\"https:\/\/www.naturessenzen.com\/produkt\/leber-galle-tinktur-essenz-kraeutertropfen\/\",\"url\":\"https:\/\/www.naturessenzen.com\/produkt\/leber-galle-tinktur-essenz-kraeutertropfen\/\",\"name\":\"Leber Galle Entgiftung Tinktur Essenz kaufen Tropfen\",\"isPartOf\":{\"@id\":\"https:\/\/www.naturessenzen.com\/#website\"},\"datePublished\":\"2021-01-26T12:40:26+00:00\",\"dateModified\":\"2023-09-26T09:40:17+00:00\",\"description\":\"Leber Galle Tinktur kaufen \u2713 rein pflanzliche Essenz \u2713 Jetzt auf Rechnung bestellen \u2713 versandkostenfrei \u2713 beste Tropfen aus K\u00e4rnten\",\"breadcrumb\":{\"@id\":\"https:\/\/www.naturessenzen.com\/produkt\/leber-galle-tinktur-essenz-kraeutertropfen\/#breadcrumb\"},\"inLanguage\":\"de\",\"potentialAction\":[{\"@type\":\"ReadAction\",\"target\":[\"https:\/\/www.naturessenzen.com\/produkt\/leber-galle-tinktur-essenz-kraeutertropfen\/\"]}]},{\"@type\":\"BreadcrumbList\",\"@id\":\"https:\/\/www.naturessenzen.com\/produkt\/leber-galle-tinktur-essenz-kraeutertropfen\/#breadcrumb\",\"itemListElement\":[{\"@type\":\"ListItem\",\"position\":1,\"name\":\"Startseite\",\"item\":\"https:\/\/www.naturessenzen.com\/\"},{\"@type\":\"ListItem\",\"position\":2,\"name\":\"Shop\",\"item\":\"https:\/\/www.naturessenzen.com\/heilpflanzen-heilkraeuter-online-tinktur-kaufen\/\"},{\"@type\":\"ListItem\",\"position\":3,\"name\":\"Reinige Dein Inneres Tinktur\"}]},{\"@type\":\"WebSite\",\"@id\":\"https:\/\/www.naturessenzen.com\/#website\",\"url\":\"https:\/\/www.naturessenzen.com\/\",\"name\":\"Duschlbaur&#039;s Kr\u00e4uter Shop - Tinktur Kr\u00e4utertinktur kaufen! Qualit\u00e4t seit 1917!\",\"description\":\"Wir haben einen gro\u00dfe Auswahl an Kr\u00e4utertinkturen in unserem Shop! Tinktur Kr\u00e4utertinktur kaufen!\",\"potentialAction\":[{\"@type\":\"SearchAction\",\"target\":{\"@type\":\"EntryPoint\",\"urlTemplate\":\"https:\/\/www.naturessenzen.com\/?s={search_term_string}\"},\"query-input\":\"required name=search_term_string\"}],\"inLanguage\":\"de\"}]}<\/script>\n<!-- \/ Yoast SEO plugin. -->","yoast_head_json":{"title":"Leber Galle Entgiftung Tinktur Essenz kaufen Tropfen","description":"Leber Galle Tinktur kaufen \u2713 rein pflanzliche Essenz \u2713 Jetzt auf Rechnung bestellen \u2713 versandkostenfrei \u2713 beste Tropfen aus K\u00e4rnten","robots":{"index":"index","follow":"follow","max-snippet":"max-snippet:-1","max-image-preview":"max-image-preview:large","max-video-preview":"max-video-preview:-1"},"canonical":"https:\/\/www.naturessenzen.com\/produkt\/leber-galle-tinktur-essenz-kraeutertropfen\/","og_locale":"de_DE","og_type":"article","og_title":"Leber Galle Entgiftung Tinktur Essenz kaufen Tropfen","og_description":"Leber Galle Tinktur kaufen \u2713 rein pflanzliche Essenz \u2713 Jetzt auf Rechnung bestellen \u2713 versandkostenfrei \u2713 beste Tropfen aus K\u00e4rnten","og_url":"https:\/\/www.naturessenzen.com\/produkt\/leber-galle-tinktur-essenz-kraeutertropfen\/","og_site_name":"Duschlbaur&#039;s Kr\u00e4uter Shop - Tinktur Kr\u00e4utertinktur kaufen! Qualit\u00e4t seit 1917!","article_modified_time":"2023-09-26T09:40:17+00:00","og_image":[{"width":1000,"height":1000,"url":"https:\/\/www.naturessenzen.com\/wp-content\/uploads\/2021\/01\/kraeuteressenz_kraeutertinktur_reinigedeininneres_entgiftung_regeneration_leber.png","type":"image\/png"}],"twitter_card":"summary_large_image","twitter_misc":{"Gesch\u00e4tzte Lesezeit":"2\u00a0Minuten"},"schema":{"@context":"https:\/\/schema.org","@graph":[{"@type":"WebPage","@id":"https:\/\/www.naturessenzen.com\/produkt\/leber-galle-tinktur-essenz-kraeutertropfen\/","url":"https:\/\/www.naturessenzen.com\/produkt\/leber-galle-tinktur-essenz-kraeutertropfen\/","name":"Leber Galle Entgiftung Tinktur Essenz kaufen Tropfen","isPartOf":{"@id":"https:\/\/www.naturessenzen.com\/#website"},"datePublished":"2021-01-26T12:40:26+00:00","dateModified":"2023-09-26T09:40:17+00:00","description":"Leber Galle Tinktur kaufen \u2713 rein pflanzliche Essenz \u2713 Jetzt auf Rechnung bestellen \u2713 versandkostenfrei \u2713 beste Tropfen aus K\u00e4rnten","breadcrumb":{"@id":"https:\/\/www.naturessenzen.com\/produkt\/leber-galle-tinktur-essenz-kraeutertropfen\/#breadcrumb"},"inLanguage":"de","potentialAction":[{"@type":"ReadAction","target":["https:\/\/www.naturessenzen.com\/produkt\/leber-galle-tinktur-essenz-kraeutertropfen\/"]}]},{"@type":"BreadcrumbList","@id":"https:\/\/www.naturessenzen.com\/produkt\/leber-galle-tinktur-essenz-kraeutertropfen\/#breadcrumb","itemListElement":[{"@type":"ListItem","position":1,"name":"Startseite","item":"https:\/\/www.naturessenzen.com\/"},{"@type":"ListItem","position":2,"name":"Shop","item":"https:\/\/www.naturessenzen.com\/heilpflanzen-heilkraeuter-online-tinktur-kaufen\/"},{"@type":"ListItem","position":3,"name":"Reinige Dein Inneres Tinktur"}]},{"@type":"WebSite","@id":"https:\/\/www.naturessenzen.com\/#website","url":"https:\/\/www.naturessenzen.com\/","name":"Duschlbaur&#039;s Kr\u00e4uter Shop - Tinktur Kr\u00e4utertinktur kaufen! Qualit\u00e4t seit 1917!","description":"Wir haben einen gro\u00dfe Auswahl an Kr\u00e4utertinkturen in unserem Shop! Tinktur Kr\u00e4utertinktur kaufen!","potentialAction":[{"@type":"SearchAction","target":{"@type":"EntryPoint","urlTemplate":"https:\/\/www.naturessenzen.com\/?s={search_term_string}"},"query-input":"required name=search_term_string"}],"inLanguage":"de"}]}},"_links":{"self":[{"href":"https:\/\/www.naturessenzen.com\/wp-json\/wp\/v2\/product\/1890"}],"collection":[{"href":"https:\/\/www.naturessenzen.com\/wp-json\/wp\/v2\/product"}],"about":[{"href":"https:\/\/www.naturessenzen.com\/wp-json\/wp\/v2\/types\/product"}],"replies":[{"embeddable":true,"href":"https:\/\/www.naturessenzen.com\/wp-json\/wp\/v2\/comments?post=1890"}],"wp:featuredmedia":[{"embeddable":true,"href":"https:\/\/www.naturessenzen.com\/wp-json\/wp\/v2\/media\/1922"}],"wp:attachment":[{"href":"https:\/\/www.naturessenzen.com\/wp-json\/wp\/v2\/media?parent=1890"}],"wp:term":[{"taxonomy":"product_cat","embeddable":true,"href":"https:\/\/www.naturessenzen.com\/wp-json\/wp\/v2\/product_cat?post=1890"},{"taxonomy":"product_tag","embeddable":true,"href":"https:\/\/www.naturessenzen.com\/wp-json\/wp\/v2\/product_tag?post=1890"}],"curies":[{"name":"wp","href":"https:\/\/api.w.org\/{rel}","templated":true}]}}