{"id":1887,"date":"2021-01-26T12:52:32","date_gmt":"2021-01-26T11:52:32","guid":{"rendered":"https:\/\/www.naturessenzen.com\/?post_type=product&#038;p=1887"},"modified":"2023-09-26T11:41:51","modified_gmt":"2023-09-26T09:41:51","slug":"magen-darm-verdauung-tinktur-essenz-kraeutertropfen","status":"publish","type":"product","link":"https:\/\/www.naturessenzen.com\/produkt\/magen-darm-verdauung-tinktur-essenz-kraeutertropfen\/","title":{"rendered":"Gutes Bauchgef\u00fchl Tinktur"},"content":{"rendered":"<h2>Duschlbaur\u00b4s &#8222;Gutes Bauchgef\u00fchl&#8220; &#8211; Magen Darm Verdauung &#8211; Tinktur Tropfen<\/h2>\n<p>Unsere Tinktur <em><strong>&#8222;Gutes Bauchgef\u00fchl&#8220;<\/strong><\/em> kann sich wohltuend auf Ihren Magen, Darm und die Verdauung auswirken. Die nat\u00fcrlichen Inhaltsstoffe der <em><strong>&#8222;Gutes Bauchgef\u00fchl&#8220;<\/strong><\/em> Tinktur Tropfen sind: Wasser, Alkohol, Schafgarbe, Wermut, K\u00fcmmel, L\u00f6wenzahn und Fenchel.<\/p>\n<p>F\u00fcr die Herstellung dieser sehr wertvollen Tropfen verwenden wir bei Schafgarbe, Wermut und L\u00f6wenzahn die ganze Pflanze mit Bl\u00fcte. Bei K\u00fcmmel und Fenchel greifen wir auf die ganze Pflanze mit Frucht zu.<\/p>\n<p>Wussten Sie, dass der Magen-Darm-Trakt mit einer inneren Oberfl\u00e4che von bis zu 500 m<sup>2<\/sup> die gr\u00f6\u00dfte Kontaktfl\u00e4che des K\u00f6rpers ist und somit der Sitz unserer Gesundheit? Zudem wirken mehr als hundert Millionen Nervenzellen im gesamten Verdauungstrakt. \u00dcber diese beiden Organe werden Psyche, das Nerven- und Hormonsystem und andere Organe beeinflusst. Die Wurzel unserer Gesundheit w\u00e4chst im Magen-Darm-Trakt \u2026.. und das jeden Tag!<span class=\"Apple-converted-space\">\u00a0<\/span><\/p>\n<p>Und trotzdem h\u00f6ren wir nicht immer auf unser Bauchgef\u00fchl. Wir schenken den Signalen zu wenig Beachtung. Bl\u00e4hungen, Bauchkr\u00e4mpfe, V\u00f6llegef\u00fchl, Sodbrennen, Unwohlsein \u2026. wer kennt das nicht?! Ungesunde Essgewohnheiten, Alkoholgenuss, Rauchen, bestimmte Medikamente, Infektionen oder chronischer Stress f\u00f6rdern diese ungesunden G\u00e4rungs- und F\u00e4ulnisprozesse.<span class=\"Apple-converted-space\">\u00a0<\/span><\/p>\n<p>In unserer Duschlbaur\u00b4s Komplexessenz <b><i>\u201eGutes Bauchgef\u00fchl\u201c <\/i><\/b>vereinen L\u00f6wenzahn, Wermut, K\u00fcmmel, Schafgarbe und Fenchel ihre milden Kr\u00e4fte f\u00fcr eine gute Magen-Darm-Funktion. Schenken Sie sich diesen guten Vorsatz \u2026.. den Sie nur mehr anzuwenden brauchen. Nach dem Motto: \u201eMan ist, was man isst.\u201c ebnet Ihnen unsere harmonische Komplextinktur den Weg zu einem \u201eleichteren\u201c Bauchgef\u00fchl.<span class=\"Apple-converted-space\">\u00a0<\/span><\/p>\n","protected":false},"excerpt":{"rendered":"<ul>\n<li>Anwendungsgebiete: Magen, Darm, Verdauung, Darmreinigung<\/li>\n<li>Reinsubstanz \u2013 nur Wirkstoffe der Kr\u00e4uter enthalten<\/li>\n<li>Arzneimittelqualit\u00e4t der Kr\u00e4uter<\/li>\n<li>Gute Alternative zu Kapseln oder Tee<\/li>\n<li>Ausreichend f\u00fcr 50 Tage Kr\u00e4uterkur<\/li>\n<li>H\u00f6chste Qualit\u00e4tsstandards und Hygienerichtlinien<\/li>\n<li>Frei von k\u00fcnstlichen Zus\u00e4tzen und Farbstoffen<\/li>\n<li>Hergestellt nach traditionellen alchemistischen Grunds\u00e4tzen &#8211; nach Ansicht von Paracelsus<\/li>\n<\/ul>\n<p>Alchemische<strong> nat\u00fcrliche Tropfen, 50 ml<\/strong> Glasflasche<strong><br \/>\n<\/strong><\/p>\n","protected":false},"featured_media":1916,"comment_status":"closed","ping_status":"closed","template":"","meta":{"inline_featured_image":false},"product_cat":[25],"product_tag":[],"acf":[],"yoast_head":"<!-- This site is optimized with the Yoast SEO plugin v20.11 - https:\/\/yoast.com\/wordpress\/plugins\/seo\/ -->\n<title>Magen Darm Verdauung Tinktur Essenz kaufen - Tropfen<\/title>\n<meta name=\"description\" content=\"Magen Darm Verdauung Tinktur kaufen \u2713 rein pflanzliche Essenz \u2713 Jetzt auf Rechnung bestellen \u2713 versandkostenfrei \u2713 Tropfen aus K\u00e4rnten\" \/>\n<meta name=\"robots\" content=\"index, follow, max-snippet:-1, max-image-preview:large, max-video-preview:-1\" \/>\n<link rel=\"canonical\" href=\"https:\/\/www.naturessenzen.com\/produkt\/magen-darm-verdauung-tinktur-essenz-kraeutertropfen\/\" \/>\n<meta property=\"og:locale\" content=\"de_DE\" \/>\n<meta property=\"og:type\" content=\"article\" \/>\n<meta property=\"og:title\" content=\"Magen Darm Verdauung Tinktur Essenz kaufen - Tropfen\" \/>\n<meta property=\"og:description\" content=\"Magen Darm Verdauung Tinktur kaufen \u2713 rein pflanzliche Essenz \u2713 Jetzt auf Rechnung bestellen \u2713 versandkostenfrei \u2713 Tropfen aus K\u00e4rnten\" \/>\n<meta property=\"og:url\" content=\"https:\/\/www.naturessenzen.com\/produkt\/magen-darm-verdauung-tinktur-essenz-kraeutertropfen\/\" \/>\n<meta property=\"og:site_name\" content=\"Duschlbaur&#039;s Kr\u00e4uter Shop - Tinktur Kr\u00e4utertinktur kaufen! Qualit\u00e4t seit 1917!\" \/>\n<meta property=\"article:modified_time\" content=\"2023-09-26T09:41:51+00:00\" \/>\n<meta property=\"og:image\" content=\"https:\/\/www.naturessenzen.com\/wp-content\/uploads\/2021\/01\/kraeuteressenz_kraeutertinktur_gutesbauchgefuehl_magen_darm_verdauung_blaehungen_bauchkraempfe.png\" \/>\n\t<meta property=\"og:image:width\" content=\"1000\" \/>\n\t<meta property=\"og:image:height\" content=\"1000\" \/>\n\t<meta property=\"og:image:type\" content=\"image\/png\" \/>\n<meta name=\"twitter:card\" content=\"summary_large_image\" \/>\n<meta name=\"twitter:label1\" content=\"Gesch\u00e4tzte Lesezeit\" \/>\n\t<meta name=\"twitter:data1\" content=\"2\u00a0Minuten\" \/>\n<script type=\"application\/ld+json\" class=\"yoast-schema-graph\">{\"@context\":\"https:\/\/schema.org\",\"@graph\":[{\"@type\":\"WebPage\",\"@id\":\"https:\/\/www.naturessenzen.com\/produkt\/magen-darm-verdauung-tinktur-essenz-kraeutertropfen\/\",\"url\":\"https:\/\/www.naturessenzen.com\/produkt\/magen-darm-verdauung-tinktur-essenz-kraeutertropfen\/\",\"name\":\"Magen Darm Verdauung Tinktur Essenz kaufen - Tropfen\",\"isPartOf\":{\"@id\":\"https:\/\/www.naturessenzen.com\/#website\"},\"datePublished\":\"2021-01-26T11:52:32+00:00\",\"dateModified\":\"2023-09-26T09:41:51+00:00\",\"description\":\"Magen Darm Verdauung Tinktur kaufen \u2713 rein pflanzliche Essenz \u2713 Jetzt auf Rechnung bestellen \u2713 versandkostenfrei \u2713 Tropfen aus K\u00e4rnten\",\"breadcrumb\":{\"@id\":\"https:\/\/www.naturessenzen.com\/produkt\/magen-darm-verdauung-tinktur-essenz-kraeutertropfen\/#breadcrumb\"},\"inLanguage\":\"de\",\"potentialAction\":[{\"@type\":\"ReadAction\",\"target\":[\"https:\/\/www.naturessenzen.com\/produkt\/magen-darm-verdauung-tinktur-essenz-kraeutertropfen\/\"]}]},{\"@type\":\"BreadcrumbList\",\"@id\":\"https:\/\/www.naturessenzen.com\/produkt\/magen-darm-verdauung-tinktur-essenz-kraeutertropfen\/#breadcrumb\",\"itemListElement\":[{\"@type\":\"ListItem\",\"position\":1,\"name\":\"Startseite\",\"item\":\"https:\/\/www.naturessenzen.com\/\"},{\"@type\":\"ListItem\",\"position\":2,\"name\":\"Shop\",\"item\":\"https:\/\/www.naturessenzen.com\/heilpflanzen-heilkraeuter-online-tinktur-kaufen\/\"},{\"@type\":\"ListItem\",\"position\":3,\"name\":\"Gutes Bauchgef\u00fchl Tinktur\"}]},{\"@type\":\"WebSite\",\"@id\":\"https:\/\/www.naturessenzen.com\/#website\",\"url\":\"https:\/\/www.naturessenzen.com\/\",\"name\":\"Duschlbaur&#039;s Kr\u00e4uter Shop - Tinktur Kr\u00e4utertinktur kaufen! Qualit\u00e4t seit 1917!\",\"description\":\"Wir haben einen gro\u00dfe Auswahl an Kr\u00e4utertinkturen in unserem Shop! Tinktur Kr\u00e4utertinktur kaufen!\",\"potentialAction\":[{\"@type\":\"SearchAction\",\"target\":{\"@type\":\"EntryPoint\",\"urlTemplate\":\"https:\/\/www.naturessenzen.com\/?s={search_term_string}\"},\"query-input\":\"required name=search_term_string\"}],\"inLanguage\":\"de\"}]}<\/script>\n<!-- \/ Yoast SEO plugin. -->","yoast_head_json":{"title":"Magen Darm Verdauung Tinktur Essenz kaufen - Tropfen","description":"Magen Darm Verdauung Tinktur kaufen \u2713 rein pflanzliche Essenz \u2713 Jetzt auf Rechnung bestellen \u2713 versandkostenfrei \u2713 Tropfen aus K\u00e4rnten","robots":{"index":"index","follow":"follow","max-snippet":"max-snippet:-1","max-image-preview":"max-image-preview:large","max-video-preview":"max-video-preview:-1"},"canonical":"https:\/\/www.naturessenzen.com\/produkt\/magen-darm-verdauung-tinktur-essenz-kraeutertropfen\/","og_locale":"de_DE","og_type":"article","og_title":"Magen Darm Verdauung Tinktur Essenz kaufen - Tropfen","og_description":"Magen Darm Verdauung Tinktur kaufen \u2713 rein pflanzliche Essenz \u2713 Jetzt auf Rechnung bestellen \u2713 versandkostenfrei \u2713 Tropfen aus K\u00e4rnten","og_url":"https:\/\/www.naturessenzen.com\/produkt\/magen-darm-verdauung-tinktur-essenz-kraeutertropfen\/","og_site_name":"Duschlbaur&#039;s Kr\u00e4uter Shop - Tinktur Kr\u00e4utertinktur kaufen! Qualit\u00e4t seit 1917!","article_modified_time":"2023-09-26T09:41:51+00:00","og_image":[{"width":1000,"height":1000,"url":"https:\/\/www.naturessenzen.com\/wp-content\/uploads\/2021\/01\/kraeuteressenz_kraeutertinktur_gutesbauchgefuehl_magen_darm_verdauung_blaehungen_bauchkraempfe.png","type":"image\/png"}],"twitter_card":"summary_large_image","twitter_misc":{"Gesch\u00e4tzte Lesezeit":"2\u00a0Minuten"},"schema":{"@context":"https:\/\/schema.org","@graph":[{"@type":"WebPage","@id":"https:\/\/www.naturessenzen.com\/produkt\/magen-darm-verdauung-tinktur-essenz-kraeutertropfen\/","url":"https:\/\/www.naturessenzen.com\/produkt\/magen-darm-verdauung-tinktur-essenz-kraeutertropfen\/","name":"Magen Darm Verdauung Tinktur Essenz kaufen - Tropfen","isPartOf":{"@id":"https:\/\/www.naturessenzen.com\/#website"},"datePublished":"2021-01-26T11:52:32+00:00","dateModified":"2023-09-26T09:41:51+00:00","description":"Magen Darm Verdauung Tinktur kaufen \u2713 rein pflanzliche Essenz \u2713 Jetzt auf Rechnung bestellen \u2713 versandkostenfrei \u2713 Tropfen aus K\u00e4rnten","breadcrumb":{"@id":"https:\/\/www.naturessenzen.com\/produkt\/magen-darm-verdauung-tinktur-essenz-kraeutertropfen\/#breadcrumb"},"inLanguage":"de","potentialAction":[{"@type":"ReadAction","target":["https:\/\/www.naturessenzen.com\/produkt\/magen-darm-verdauung-tinktur-essenz-kraeutertropfen\/"]}]},{"@type":"BreadcrumbList","@id":"https:\/\/www.naturessenzen.com\/produkt\/magen-darm-verdauung-tinktur-essenz-kraeutertropfen\/#breadcrumb","itemListElement":[{"@type":"ListItem","position":1,"name":"Startseite","item":"https:\/\/www.naturessenzen.com\/"},{"@type":"ListItem","position":2,"name":"Shop","item":"https:\/\/www.naturessenzen.com\/heilpflanzen-heilkraeuter-online-tinktur-kaufen\/"},{"@type":"ListItem","position":3,"name":"Gutes Bauchgef\u00fchl Tinktur"}]},{"@type":"WebSite","@id":"https:\/\/www.naturessenzen.com\/#website","url":"https:\/\/www.naturessenzen.com\/","name":"Duschlbaur&#039;s Kr\u00e4uter Shop - Tinktur Kr\u00e4utertinktur kaufen! Qualit\u00e4t seit 1917!","description":"Wir haben einen gro\u00dfe Auswahl an Kr\u00e4utertinkturen in unserem Shop! Tinktur Kr\u00e4utertinktur kaufen!","potentialAction":[{"@type":"SearchAction","target":{"@type":"EntryPoint","urlTemplate":"https:\/\/www.naturessenzen.com\/?s={search_term_string}"},"query-input":"required name=search_term_string"}],"inLanguage":"de"}]}},"_links":{"self":[{"href":"https:\/\/www.naturessenzen.com\/wp-json\/wp\/v2\/product\/1887"}],"collection":[{"href":"https:\/\/www.naturessenzen.com\/wp-json\/wp\/v2\/product"}],"about":[{"href":"https:\/\/www.naturessenzen.com\/wp-json\/wp\/v2\/types\/product"}],"replies":[{"embeddable":true,"href":"https:\/\/www.naturessenzen.com\/wp-json\/wp\/v2\/comments?post=1887"}],"wp:featuredmedia":[{"embeddable":true,"href":"https:\/\/www.naturessenzen.com\/wp-json\/wp\/v2\/media\/1916"}],"wp:attachment":[{"href":"https:\/\/www.naturessenzen.com\/wp-json\/wp\/v2\/media?parent=1887"}],"wp:term":[{"taxonomy":"product_cat","embeddable":true,"href":"https:\/\/www.naturessenzen.com\/wp-json\/wp\/v2\/product_cat?post=1887"},{"taxonomy":"product_tag","embeddable":true,"href":"https:\/\/www.naturessenzen.com\/wp-json\/wp\/v2\/product_tag?post=1887"}],"curies":[{"name":"wp","href":"https:\/\/api.w.org\/{rel}","templated":true}]}}