{"id":30,"date":"2019-08-13T22:10:38","date_gmt":"2019-08-13T20:10:38","guid":{"rendered":"https:\/\/www.naturessenzen.com\/?page_id=30"},"modified":"2021-04-21T12:03:41","modified_gmt":"2021-04-21T10:03:41","slug":"impressum","status":"publish","type":"page","link":"https:\/\/www.naturessenzen.com\/impressum\/","title":{"rendered":"Impressum"},"content":{"rendered":"<section class=\"wpb-content-wrapper\"><p>[vc_row full_width=&#8220;stretch_row&#8220; content_placement=&#8220;middle&#8220; css=&#8220;.vc_custom_1566570385705{background-image: url(https:\/\/www.naturessenzen.com\/wp-content\/uploads\/2019\/08\/ossiachersee_feldkirchen_nockberge-zuschnitt.jpg?id=98) !important;background-position: center !important;background-repeat: no-repeat !important;background-size: cover !important;}&#8220; el_id=&#8220;ts-shop-header&#8220;][vc_column][vc_empty_space height=&#8220;150px&#8220;][vc_column_text]<\/p>\n<h1 style=\"text-align: left;\">Impressum<\/h1>\n<p>[\/vc_column_text][\/vc_column][\/vc_row][vc_row][vc_column][vc_column_text]<\/p>\n<h2>Informationen gem\u00e4\u00df Mediengesetz und E-Commerce Gesetz<\/h2>\n<h3><\/h3>\n<h4>Impressum: Vertrieb und medienrechtlich verantwortlicher Seitenbetreiber von Duschlbaur\u00b4s Kr\u00e4utertinktur Tinktur Kr\u00e4uteressenz Essenz Kr\u00e4utertropfen<\/h4>\n<p>&nbsp;<\/p>\n<p>Firma<\/p>\n<p>Naturkost Duschlbaur GmbH<br \/>\n<span class=\"section-info-text\"><span class=\"widget-pane-link\">Obere Tiebelgasse 6<br \/>\n9560 Feldkirch in K\u00e4rnten<br \/>\n<\/span><\/span>\u00d6sterreich<br \/>\nTel: <a href=\"tel:+43427637710\">+43 427 63 77 10<\/a><br \/>\nMail: <a href=\"mailto:kontakt@naturessenzen.com\">kontakt@naturessenzen.com<\/a><\/p>\n<h3><\/h3>\n<h3><\/h3>\n<h3>Gesch\u00e4ftsf\u00fchrung<\/h3>\n<p>Duschlbaur\u00b4s Kr\u00e4utertinkturen Tinkturen Kr\u00e4uteressenzen Essenzen Kr\u00e4utertropfen<\/p>\n<p>Naturkost Duschlbaur GmbH<br \/>\nChristian Telsnig, MSc<br \/>\nFlughafenstra\u00dfe 8, 9020 Klagenfurt am W\u00f6rthersee, \u00d6sterreich<br \/>\nInfos, Datenausk\u00fcnfte u. Beschwerden unter: kontakt@naturessenzen.com<br \/>\n\u00d6ffnungszeiten B\u00fcro Flughafenstra\u00dfe 8:\u00a0 9-12 Uhr 13-15 Uhr<\/p>\n<h3><\/h3>\n<h3>Unternehmensinformationen<\/h3>\n<p>Mitgliedschaft bei der Wirtschaftskammer K\u00e4rnten, Fachgruppe Lebensmittelhandel<br \/>\nGewerberechtliche Vorschriften: Gewerbeordnung\u00a0http:\/\/www.ris.bka.gv.at<br \/>\nGewerbebeh\u00f6rde: Magistrat Klagenfurt, Bezirkshauptmannschaft Feldkirchen in K\u00e4rnten<br \/>\nUnternehmensgegenstand: Lebensmittelhandel<\/p>\n<p>Firmenbuchnummer: FN473642b<br \/>\nFirmenbuchgericht: Landesgericht Klagenfurt am W\u00f6rthersee<br \/>\nUID-Nummer: ATU 72347123<\/p>\n<p>Grundlegende Richtung des Mediums: Diese Webseite stellt Informationen zu Produkten und Leistungen unseres Unternehmens dar. Anwendbare Gewerbe Vorschriften &#8222;\u00d6sterreichische Gewerbeordnung (GewO)&#8220;. Weitere Informationen unter\u00a0http:\/\/www.ris.bka.gv.at<br \/>\nMedieninhaber, Herausgeber und Verleger: Naturkost Duschlbaur GmbH<br \/>\nDas Unternehmen unterliegt den Gesetzen der Europ\u00e4ischen Union.<br \/>\nDie Europ\u00e4ische Kommission stellt eine Plattform zur Online-Streitbeilegung (OS) bereit:\u00a0http:\/\/ec.europa.eu\/consumers\/odr\/\u00a0(gem\u00e4\u00df Art. 14 Abs. 1 ODR-VO)<\/p>\n<h3>Webseite-Produktion<\/h3>\n<p>IFNH &#8211; Institut f\u00fcr Nachhaltigkeit <a href=\"https:\/\/ifnh.at\/\">https:\/\/ifnh.at\/<\/a><\/p>\n<h3>Fotos<\/h3>\n<p>Freepik von www.flaticon.com[\/vc_column_text][\/vc_column][\/vc_row]<\/p>\n<\/section>","protected":false},"excerpt":{"rendered":"<p>[vc_row full_width=&#8220;stretch_row&#8220; content_placement=&#8220;middle&#8220; css=&#8220;.vc_custom_1566570385705{background-image: url(https:\/\/www.naturessenzen.com\/wp-content\/uploads\/2019\/08\/ossiachersee_feldkirchen_nockberge-zuschnitt.jpg?id=98) !important;background-position: center !important;background-repeat: no-repeat !important;background-size: cover !important;}&#8220; el_id=&#8220;ts-shop-header&#8220;][vc_column][vc_empty_space height=&#8220;150px&#8220;][vc_column_text] Impressum [\/vc_column_text][\/vc_column][\/vc_row][vc_row][vc_column][vc_column_text] Informationen gem\u00e4\u00df Mediengesetz und E-Commerce Gesetz Impressum: Vertrieb und medienrechtlich verantwortlicher Seitenbetreiber von Duschlbaur\u00b4s Kr\u00e4utertinktur Tinktur Kr\u00e4uteressenz Essenz Kr\u00e4utertropfen &nbsp; Firma Naturkost Duschlbaur GmbH Obere Tiebelgasse 6 9560 Feldkirch in K\u00e4rnten \u00d6sterreich Tel: +43 427 63 77 10 Mail:&hellip;<\/p>\n","protected":false},"author":1,"featured_media":0,"parent":0,"menu_order":0,"comment_status":"closed","ping_status":"closed","template":"","meta":{"inline_featured_image":false},"acf":[],"yoast_head":"<!-- This site is optimized with the Yoast SEO plugin v20.11 - https:\/\/yoast.com\/wordpress\/plugins\/seo\/ -->\n<title>Impressum Duschlbaur\u00b4s Kr\u00e4utertinkturen<\/title>\n<meta name=\"description\" content=\"Hier finden Sie das Impressum von Duschlbaur\u00b4s Kr\u00e4utertinktur, Tinkturen, Essenzen, Kr\u00e4uteressenz und Kr\u00e4utertropfen\" \/>\n<meta name=\"robots\" content=\"index, follow, max-snippet:-1, max-image-preview:large, max-video-preview:-1\" \/>\n<link rel=\"canonical\" href=\"https:\/\/www.naturessenzen.com\/impressum\/\" \/>\n<meta property=\"og:locale\" content=\"de_DE\" \/>\n<meta property=\"og:type\" content=\"article\" \/>\n<meta property=\"og:title\" content=\"Impressum Duschlbaur\u00b4s Kr\u00e4utertinkturen\" \/>\n<meta property=\"og:description\" content=\"Hier finden Sie das Impressum von Duschlbaur\u00b4s Kr\u00e4utertinktur, Tinkturen, Essenzen, Kr\u00e4uteressenz und Kr\u00e4utertropfen\" \/>\n<meta property=\"og:url\" content=\"https:\/\/www.naturessenzen.com\/impressum\/\" \/>\n<meta property=\"og:site_name\" content=\"Duschlbaur&#039;s Kr\u00e4uter Shop - Tinktur Kr\u00e4utertinktur kaufen! Qualit\u00e4t seit 1917!\" \/>\n<meta property=\"article:modified_time\" content=\"2021-04-21T10:03:41+00:00\" \/>\n<meta name=\"twitter:card\" content=\"summary_large_image\" \/>\n<meta name=\"twitter:label1\" content=\"Gesch\u00e4tzte Lesezeit\" \/>\n\t<meta name=\"twitter:data1\" content=\"1\u00a0Minute\" \/>\n<script type=\"application\/ld+json\" class=\"yoast-schema-graph\">{\"@context\":\"https:\/\/schema.org\",\"@graph\":[{\"@type\":\"WebPage\",\"@id\":\"https:\/\/www.naturessenzen.com\/impressum\/\",\"url\":\"https:\/\/www.naturessenzen.com\/impressum\/\",\"name\":\"Impressum Duschlbaur\u00b4s Kr\u00e4utertinkturen\",\"isPartOf\":{\"@id\":\"https:\/\/www.naturessenzen.com\/#website\"},\"datePublished\":\"2019-08-13T20:10:38+00:00\",\"dateModified\":\"2021-04-21T10:03:41+00:00\",\"description\":\"Hier finden Sie das Impressum von Duschlbaur\u00b4s Kr\u00e4utertinktur, Tinkturen, Essenzen, Kr\u00e4uteressenz und Kr\u00e4utertropfen\",\"breadcrumb\":{\"@id\":\"https:\/\/www.naturessenzen.com\/impressum\/#breadcrumb\"},\"inLanguage\":\"de\",\"potentialAction\":[{\"@type\":\"ReadAction\",\"target\":[\"https:\/\/www.naturessenzen.com\/impressum\/\"]}]},{\"@type\":\"BreadcrumbList\",\"@id\":\"https:\/\/www.naturessenzen.com\/impressum\/#breadcrumb\",\"itemListElement\":[{\"@type\":\"ListItem\",\"position\":1,\"name\":\"Startseite\",\"item\":\"https:\/\/www.naturessenzen.com\/\"},{\"@type\":\"ListItem\",\"position\":2,\"name\":\"Impressum\"}]},{\"@type\":\"WebSite\",\"@id\":\"https:\/\/www.naturessenzen.com\/#website\",\"url\":\"https:\/\/www.naturessenzen.com\/\",\"name\":\"Duschlbaur&#039;s Kr\u00e4uter Shop - Tinktur Kr\u00e4utertinktur kaufen! Qualit\u00e4t seit 1917!\",\"description\":\"Wir haben einen gro\u00dfe Auswahl an Kr\u00e4utertinkturen in unserem Shop! Tinktur Kr\u00e4utertinktur kaufen!\",\"potentialAction\":[{\"@type\":\"SearchAction\",\"target\":{\"@type\":\"EntryPoint\",\"urlTemplate\":\"https:\/\/www.naturessenzen.com\/?s={search_term_string}\"},\"query-input\":\"required name=search_term_string\"}],\"inLanguage\":\"de\"}]}<\/script>\n<!-- \/ Yoast SEO plugin. -->","yoast_head_json":{"title":"Impressum Duschlbaur\u00b4s Kr\u00e4utertinkturen","description":"Hier finden Sie das Impressum von Duschlbaur\u00b4s Kr\u00e4utertinktur, Tinkturen, Essenzen, Kr\u00e4uteressenz und Kr\u00e4utertropfen","robots":{"index":"index","follow":"follow","max-snippet":"max-snippet:-1","max-image-preview":"max-image-preview:large","max-video-preview":"max-video-preview:-1"},"canonical":"https:\/\/www.naturessenzen.com\/impressum\/","og_locale":"de_DE","og_type":"article","og_title":"Impressum Duschlbaur\u00b4s Kr\u00e4utertinkturen","og_description":"Hier finden Sie das Impressum von Duschlbaur\u00b4s Kr\u00e4utertinktur, Tinkturen, Essenzen, Kr\u00e4uteressenz und Kr\u00e4utertropfen","og_url":"https:\/\/www.naturessenzen.com\/impressum\/","og_site_name":"Duschlbaur&#039;s Kr\u00e4uter Shop - Tinktur Kr\u00e4utertinktur kaufen! Qualit\u00e4t seit 1917!","article_modified_time":"2021-04-21T10:03:41+00:00","twitter_card":"summary_large_image","twitter_misc":{"Gesch\u00e4tzte Lesezeit":"1\u00a0Minute"},"schema":{"@context":"https:\/\/schema.org","@graph":[{"@type":"WebPage","@id":"https:\/\/www.naturessenzen.com\/impressum\/","url":"https:\/\/www.naturessenzen.com\/impressum\/","name":"Impressum Duschlbaur\u00b4s Kr\u00e4utertinkturen","isPartOf":{"@id":"https:\/\/www.naturessenzen.com\/#website"},"datePublished":"2019-08-13T20:10:38+00:00","dateModified":"2021-04-21T10:03:41+00:00","description":"Hier finden Sie das Impressum von Duschlbaur\u00b4s Kr\u00e4utertinktur, Tinkturen, Essenzen, Kr\u00e4uteressenz und Kr\u00e4utertropfen","breadcrumb":{"@id":"https:\/\/www.naturessenzen.com\/impressum\/#breadcrumb"},"inLanguage":"de","potentialAction":[{"@type":"ReadAction","target":["https:\/\/www.naturessenzen.com\/impressum\/"]}]},{"@type":"BreadcrumbList","@id":"https:\/\/www.naturessenzen.com\/impressum\/#breadcrumb","itemListElement":[{"@type":"ListItem","position":1,"name":"Startseite","item":"https:\/\/www.naturessenzen.com\/"},{"@type":"ListItem","position":2,"name":"Impressum"}]},{"@type":"WebSite","@id":"https:\/\/www.naturessenzen.com\/#website","url":"https:\/\/www.naturessenzen.com\/","name":"Duschlbaur&#039;s Kr\u00e4uter Shop - Tinktur Kr\u00e4utertinktur kaufen! Qualit\u00e4t seit 1917!","description":"Wir haben einen gro\u00dfe Auswahl an Kr\u00e4utertinkturen in unserem Shop! Tinktur Kr\u00e4utertinktur kaufen!","potentialAction":[{"@type":"SearchAction","target":{"@type":"EntryPoint","urlTemplate":"https:\/\/www.naturessenzen.com\/?s={search_term_string}"},"query-input":"required name=search_term_string"}],"inLanguage":"de"}]}},"_links":{"self":[{"href":"https:\/\/www.naturessenzen.com\/wp-json\/wp\/v2\/pages\/30"}],"collection":[{"href":"https:\/\/www.naturessenzen.com\/wp-json\/wp\/v2\/pages"}],"about":[{"href":"https:\/\/www.naturessenzen.com\/wp-json\/wp\/v2\/types\/page"}],"author":[{"embeddable":true,"href":"https:\/\/www.naturessenzen.com\/wp-json\/wp\/v2\/users\/1"}],"replies":[{"embeddable":true,"href":"https:\/\/www.naturessenzen.com\/wp-json\/wp\/v2\/comments?post=30"}],"version-history":[{"count":11,"href":"https:\/\/www.naturessenzen.com\/wp-json\/wp\/v2\/pages\/30\/revisions"}],"predecessor-version":[{"id":2598,"href":"https:\/\/www.naturessenzen.com\/wp-json\/wp\/v2\/pages\/30\/revisions\/2598"}],"wp:attachment":[{"href":"https:\/\/www.naturessenzen.com\/wp-json\/wp\/v2\/media?parent=30"}],"curies":[{"name":"wp","href":"https:\/\/api.w.org\/{rel}","templated":true}]}}