{"id":28,"date":"2019-08-13T22:10:15","date_gmt":"2019-08-13T20:10:15","guid":{"rendered":"https:\/\/www.naturessenzen.com\/?page_id=28"},"modified":"2024-02-19T11:36:33","modified_gmt":"2024-02-19T10:36:33","slug":"kontakt","status":"publish","type":"page","link":"https:\/\/www.naturessenzen.com\/kontakt\/","title":{"rendered":"Kontakt"},"content":{"rendered":"<section class=\"wpb-content-wrapper\"><p>[vc_row full_width=&#8220;stretch_row&#8220; content_placement=&#8220;middle&#8220; css=&#8220;.vc_custom_1695884601077{background-position: center !important;background-repeat: no-repeat !important;background-size: cover !important;}&#8220; el_id=&#8220;ts-shop-header&#8220;][vc_column][vc_empty_space height=&#8220;150px&#8220;][vc_column_text]<\/p>\n<h1 style=\"text-align: left;\">Kontakt<\/h1>\n<p>[\/vc_column_text][\/vc_column][\/vc_row][vc_row][vc_column][vc_empty_space height=&#8220;50px&#8220;][vc_column_text]<\/p>\n<h2 style=\"text-align: center;\">So finden Sie zu Duschlbaur\u00b4s Kr\u00e4uter-Tinkturen<\/h2>\n<p>[\/vc_column_text][vc_empty_space height=&#8220;25px&#8220;][vc_row_inner][vc_column_inner width=&#8220;1\/2&#8243;][vc_column_text]<\/p>\n<h3>Naturkost Duschlbaur<\/h3>\n<p><span class=\"section-info-text\"><span class=\"widget-pane-link\">Obere Tiebelgasse 6<br \/>\n9560 Feldkirchen in K\u00e4rnten<br \/>\n<\/span><\/span>\u00d6sterreich<\/p>\n<p>Telefon Bestellung\/Rechnung: <a href=\"tel:+43463203960\">+43 463 203960<\/a><\/p>\n<p>Mail: <a href=\"mailto:kontakt@naturessenzen.com\">kontakt@naturessenzen.com<\/a><\/p>\n<h3><\/h3>\n<p>[\/vc_column_text][vc_empty_space height=&#8220;19px&#8220;][vc_single_image image=&#8220;53&#8243; img_size=&#8220;full&#8220;][vc_empty_space][\/vc_column_inner][vc_column_inner width=&#8220;1\/2&#8243;][vc_empty_space height=&#8220;58px&#8220;][vc_column_text]\n<div class=\"wpcf7 no-js\" id=\"wpcf7-f13-o1\" lang=\"de-DE\" dir=\"ltr\">\n<div class=\"screen-reader-response\"><p role=\"status\" aria-live=\"polite\" aria-atomic=\"true\"><\/p> <ul><\/ul><\/div>\n<form action=\"\/wp-json\/wp\/v2\/pages\/28#wpcf7-f13-o1\" method=\"post\" class=\"wpcf7-form init\" aria-label=\"Kontaktformular\" novalidate=\"novalidate\" data-status=\"init\">\n<div style=\"display: none;\">\n<input type=\"hidden\" name=\"_wpcf7\" value=\"13\" \/>\n<input type=\"hidden\" name=\"_wpcf7_version\" value=\"5.7.7\" \/>\n<input type=\"hidden\" name=\"_wpcf7_locale\" value=\"de_DE\" \/>\n<input type=\"hidden\" name=\"_wpcf7_unit_tag\" value=\"wpcf7-f13-o1\" \/>\n<input type=\"hidden\" name=\"_wpcf7_container_post\" value=\"0\" \/>\n<input type=\"hidden\" name=\"_wpcf7_posted_data_hash\" value=\"\" \/>\n<\/div>\n<p><label> Ihr Name (Pflichtfeld)<br \/>\n<span class=\"wpcf7-form-control-wrap\" data-name=\"your-name\"><input size=\"40\" class=\"wpcf7-form-control wpcf7-text wpcf7-validates-as-required\" aria-required=\"true\" aria-invalid=\"false\" value=\"\" type=\"text\" name=\"your-name\" \/><\/span> <\/label>\n<\/p>\n<p><label> Ihre E-Mail-Adresse (Pflichtfeld)<br \/>\n<span class=\"wpcf7-form-control-wrap\" data-name=\"your-email\"><input size=\"40\" class=\"wpcf7-form-control wpcf7-text wpcf7-email wpcf7-validates-as-required wpcf7-validates-as-email\" aria-required=\"true\" aria-invalid=\"false\" value=\"\" type=\"email\" name=\"your-email\" \/><\/span> <\/label>\n<\/p>\n<p><label> Betreff<br \/>\n<span class=\"wpcf7-form-control-wrap\" data-name=\"your-subject\"><input size=\"40\" class=\"wpcf7-form-control wpcf7-text\" aria-invalid=\"false\" value=\"\" type=\"text\" name=\"your-subject\" \/><\/span> <\/label>\n<\/p>\n<p><label> Ihr Anliegen<br \/>\n<span class=\"wpcf7-form-control-wrap\" data-name=\"your-message\"><textarea cols=\"40\" rows=\"10\" class=\"wpcf7-form-control wpcf7-textarea\" aria-invalid=\"false\" name=\"your-message\"><\/textarea><\/span> <\/label>\n<\/p>\n<p><span class=\"wpcf7-form-control-wrap\" data-name=\"acceptance-690\"><span class=\"wpcf7-form-control wpcf7-acceptance\"><span class=\"wpcf7-list-item\"><label><input type=\"checkbox\" name=\"acceptance-690\" value=\"1\" aria-invalid=\"false\" \/><span class=\"wpcf7-list-item-label\">Ich akzeptiere die <a href=\"\/agbs\">AGBs<\/a> und <a href=\"\/datenschutz\">Datenschutzbedingungen<\/a><\/span><\/label><\/span><\/span><\/span>\n<\/p>\n<p><input class=\"wpcf7-form-control has-spinner wpcf7-submit\" type=\"submit\" value=\"Senden\" \/>\n<\/p><p style=\"display: none !important;\"><label>&#916;<textarea name=\"_wpcf7_ak_hp_textarea\" cols=\"45\" rows=\"8\" maxlength=\"100\"><\/textarea><\/label><input type=\"hidden\" id=\"ak_js_1\" name=\"_wpcf7_ak_js\" value=\"136\"\/><script>document.getElementById( \"ak_js_1\" ).setAttribute( \"value\", ( new Date() ).getTime() );<\/script><\/p><div class=\"wpcf7-response-output\" aria-hidden=\"true\"><\/div>\n<\/form>\n<\/div>\n[\/vc_column_text][\/vc_column_inner][\/vc_row_inner][\/vc_column][\/vc_row][vc_row full_width=&#8220;stretch_row&#8220; css=&#8220;.vc_custom_1566986325246{background: #fff4e6 url(https:\/\/www.naturessenzen.com\/wp-content\/uploads\/2019\/08\/kategorien-03.jpg?id=100) !important;background-position: center !important;background-repeat: no-repeat !important;background-size: cover !important;}&#8220;][vc_column][vc_empty_space height=&#8220;20px&#8220;][\/vc_column][vc_column width=&#8220;1\/3&#8243;]<style type=\"text\/css\" data-type=\"the7_shortcodes-inline-css\">#default-btn-c7f8ae5e9f7d180ccc702c4f4a54818e:not(:hover) {\n  color: #ffffff;\n}\n#default-btn-c7f8ae5e9f7d180ccc702c4f4a54818e:not(:hover).default-btn-bg-on {\n  background: #004a39 !important;\n}\n#default-btn-c7f8ae5e9f7d180ccc702c4f4a54818e:not(:hover).default-btn-bg-off {\n  background: none;\n}\n#default-btn-c7f8ae5e9f7d180ccc702c4f4a54818e:not(:hover) * {\n  color: #ffffff;\n}\n.btn-3d #default-btn-c7f8ae5e9f7d180ccc702c4f4a54818e:not(:hover) {\n  box-shadow: 0px 2px 0px 0px #010c09;\n}\n#default-btn-c7f8ae5e9f7d180ccc702c4f4a54818e:hover.default-btn-bg-hover-on {\n  background: #000000 !important;\n}\n#default-btn-c7f8ae5e9f7d180ccc702c4f4a54818e:hover.default-btn-bg-hover-off {\n  background: none;\n}\n.btn-3d #default-btn-c7f8ae5e9f7d180ccc702c4f4a54818e:hover {\n  box-shadow: 0px 2px 0px 0px #000000;\n}\n#default-btn-c7f8ae5e9f7d180ccc702c4f4a54818e > i {\n  font-size: 11px;\n}\n#default-btn-c7f8ae5e9f7d180ccc702c4f4a54818e * {\n  vertical-align: middle;\n}\n<\/style><div class=\"btn-align-center\"><a href=\"https:\/\/goo.gl\/maps\/ZXrEEc3qMkCC5qyB9\" class=\"default-btn-shortcode dt-btn dt-btn-l default-btn-bg-on default-btn-bg-hover-on \" target=\"_blank\" id=\"default-btn-c7f8ae5e9f7d180ccc702c4f4a54818e\" rel=\"nofollow\"><span>Routenplaner<\/span><\/a><\/div>[\/vc_column][vc_column width=&#8220;1\/3&#8243;]<style type=\"text\/css\" data-type=\"the7_shortcodes-inline-css\">#default-btn-bc31e0eebbe85daab767686faa71778d:not(:hover) {\n  color: #ffffff;\n}\n#default-btn-bc31e0eebbe85daab767686faa71778d:not(:hover).default-btn-bg-on {\n  background: #004a39 !important;\n}\n#default-btn-bc31e0eebbe85daab767686faa71778d:not(:hover).default-btn-bg-off {\n  background: none;\n}\n#default-btn-bc31e0eebbe85daab767686faa71778d:not(:hover) * {\n  color: #ffffff;\n}\n.btn-3d #default-btn-bc31e0eebbe85daab767686faa71778d:not(:hover) {\n  box-shadow: 0px 2px 0px 0px #010c09;\n}\n#default-btn-bc31e0eebbe85daab767686faa71778d:hover.default-btn-bg-hover-on {\n  background: #000000 !important;\n}\n#default-btn-bc31e0eebbe85daab767686faa71778d:hover.default-btn-bg-hover-off {\n  background: none;\n}\n.btn-3d #default-btn-bc31e0eebbe85daab767686faa71778d:hover {\n  box-shadow: 0px 2px 0px 0px #000000;\n}\n#default-btn-bc31e0eebbe85daab767686faa71778d > i {\n  font-size: 11px;\n}\n#default-btn-bc31e0eebbe85daab767686faa71778d * {\n  vertical-align: middle;\n}\n<\/style><div class=\"btn-align-center\"><a href=\"tel:+43427637710\" class=\"default-btn-shortcode dt-btn dt-btn-l default-btn-bg-on default-btn-bg-hover-on \" id=\"default-btn-bc31e0eebbe85daab767686faa71778d\"><span>Jetzt anrufen<\/span><\/a><\/div>[\/vc_column][vc_column width=&#8220;1\/3&#8243;]<style type=\"text\/css\" data-type=\"the7_shortcodes-inline-css\">#default-btn-14c1a754707a4a4fdca59b55ca6d42f1:not(:hover) {\n  color: #ffffff;\n}\n#default-btn-14c1a754707a4a4fdca59b55ca6d42f1:not(:hover).default-btn-bg-on {\n  background: #004a39 !important;\n}\n#default-btn-14c1a754707a4a4fdca59b55ca6d42f1:not(:hover).default-btn-bg-off {\n  background: none;\n}\n#default-btn-14c1a754707a4a4fdca59b55ca6d42f1:not(:hover) * {\n  color: #ffffff;\n}\n.btn-3d #default-btn-14c1a754707a4a4fdca59b55ca6d42f1:not(:hover) {\n  box-shadow: 0px 2px 0px 0px #010c09;\n}\n#default-btn-14c1a754707a4a4fdca59b55ca6d42f1:hover.default-btn-bg-hover-on {\n  background: #000000 !important;\n}\n#default-btn-14c1a754707a4a4fdca59b55ca6d42f1:hover.default-btn-bg-hover-off {\n  background: none;\n}\n.btn-3d #default-btn-14c1a754707a4a4fdca59b55ca6d42f1:hover {\n  box-shadow: 0px 2px 0px 0px #000000;\n}\n#default-btn-14c1a754707a4a4fdca59b55ca6d42f1 > i {\n  font-size: 11px;\n}\n#default-btn-14c1a754707a4a4fdca59b55ca6d42f1 * {\n  vertical-align: middle;\n}\n<\/style><div class=\"btn-align-center\"><a href=\"mailto:kontakt@naturessenzen.com\" class=\"default-btn-shortcode dt-btn dt-btn-l default-btn-bg-on default-btn-bg-hover-on \" id=\"default-btn-14c1a754707a4a4fdca59b55ca6d42f1\"><span>E-Mail schreiben<\/span><\/a><\/div>[\/vc_column][vc_column][vc_empty_space height=&#8220;50px&#8220;][\/vc_column][\/vc_row][vc_row full_width=&#8220;stretch_row_content_no_spaces&#8220; el_id=&#8220;ts-google-maps&#8220;][vc_column][vc_gmaps link=&#8220;#E-8_JTNDaWZyYW1lJTIwc3JjJTNEJTIyaHR0cHMlM0ElMkYlMkZ3d3cuZ29vZ2xlLmNvbSUyRm1hcHMlMkZlbWJlZCUzRnBiJTNEJTIxMW0xNCUyMTFtOCUyMTFtMyUyMTFkMjg2OS4zNDA2MzQ4Njk5MTclMjEyZDE0LjA5Nzg1ODU5MjM1MzM3NiUyMTNkNDYuNzI0ODg2MDE0OTMxOSUyMTNtMiUyMTFpMTAyNCUyMTJpNzY4JTIxNGYxMy4xJTIxM20zJTIxMW0yJTIxMXMweDAlMjUzQTB4OWJiOTBlMGU3ODY5ZmFkNiUyMTJzTmF0dXJrb3N0JTI1MjBEdXNjaGxiYXVyJTI1MjAtJTI1MjBSZWZvcm1oYXVzJTI1MkZCaW8tTGFkZW4lMjE1ZTAlMjEzbTIlMjExc2RlJTIxMnNhdCUyMTR2MTU2Njk4NTU5NjgxMSUyMTVtMiUyMTFzZGUlMjEyc2F0JTIyJTIwd2lkdGglM0QlMjI2MDAlMjIlMjBoZWlnaHQlM0QlMjI0NTAlMjIlMjBmcmFtZWJvcmRlciUzRCUyMjAlMjIlMjBzdHlsZSUzRCUyMmJvcmRlciUzQTAlM0IlMjIlMjBhbGxvd2Z1bGxzY3JlZW4lM0QlMjIlMjIlM0UlM0MlMkZpZnJhbWUlM0U=&#8220;][\/vc_column][\/vc_row]<\/p>\n<\/section>","protected":false},"excerpt":{"rendered":"<p>[vc_row full_width=&#8220;stretch_row&#8220; content_placement=&#8220;middle&#8220; css=&#8220;.vc_custom_1695884601077{background-position: center !important;background-repeat: no-repeat !important;background-size: cover !important;}&#8220; el_id=&#8220;ts-shop-header&#8220;][vc_column][vc_empty_space height=&#8220;150px&#8220;][vc_column_text] Kontakt [\/vc_column_text][\/vc_column][\/vc_row][vc_row][vc_column][vc_empty_space height=&#8220;50px&#8220;][vc_column_text] So finden Sie zu Duschlbaur\u00b4s Kr\u00e4uter-Tinkturen [\/vc_column_text][vc_empty_space height=&#8220;25px&#8220;][vc_row_inner][vc_column_inner width=&#8220;1\/2&#8243;][vc_column_text] Naturkost Duschlbaur Obere Tiebelgasse 6 9560 Feldkirchen in K\u00e4rnten \u00d6sterreich Telefon Bestellung\/Rechnung: +43 463 203960 Mail: kontakt@naturessenzen.com [\/vc_column_text][vc_empty_space height=&#8220;19px&#8220;][vc_single_image image=&#8220;53&#8243; img_size=&#8220;full&#8220;][vc_empty_space][\/vc_column_inner][vc_column_inner width=&#8220;1\/2&#8243;][vc_empty_space height=&#8220;58px&#8220;][vc_column_text][\/vc_column_text][\/vc_column_inner][\/vc_row_inner][\/vc_column][\/vc_row][vc_row full_width=&#8220;stretch_row&#8220; css=&#8220;.vc_custom_1566986325246{background: #fff4e6 url(https:\/\/www.naturessenzen.com\/wp-content\/uploads\/2019\/08\/kategorien-03.jpg?id=100) !important;background-position: center !important;background-repeat: no-repeat&hellip;<\/p>\n","protected":false},"author":1,"featured_media":0,"parent":0,"menu_order":0,"comment_status":"closed","ping_status":"closed","template":"","meta":{"inline_featured_image":false},"acf":[],"yoast_head":"<!-- This site is optimized with the Yoast SEO plugin v20.11 - https:\/\/yoast.com\/wordpress\/plugins\/seo\/ -->\n<title>Kontakt Duschlbaur\u00b4s Kr\u00e4utertinkturen Feldkirchen K\u00e4rnten<\/title>\n<meta name=\"description\" content=\"Hier finden Sie den Kontakt von Duschlbaur\u00b4s Kr\u00e4utertinktur, Tinktur, Kr\u00e4uteressenz, Essenz, Kr\u00e4utertropfen\" \/>\n<meta name=\"robots\" content=\"index, follow, max-snippet:-1, max-image-preview:large, max-video-preview:-1\" \/>\n<link rel=\"canonical\" href=\"https:\/\/www.naturessenzen.com\/kontakt\/\" \/>\n<meta property=\"og:locale\" content=\"de_DE\" \/>\n<meta property=\"og:type\" content=\"article\" \/>\n<meta property=\"og:title\" content=\"Kontakt Duschlbaur\u00b4s Kr\u00e4utertinkturen Feldkirchen K\u00e4rnten\" \/>\n<meta property=\"og:description\" content=\"Hier finden Sie den Kontakt von Duschlbaur\u00b4s Kr\u00e4utertinktur, Tinktur, Kr\u00e4uteressenz, Essenz, Kr\u00e4utertropfen\" \/>\n<meta property=\"og:url\" content=\"https:\/\/www.naturessenzen.com\/kontakt\/\" \/>\n<meta property=\"og:site_name\" content=\"Duschlbaur&#039;s Kr\u00e4uter Shop - Tinktur Kr\u00e4utertinktur kaufen! Qualit\u00e4t seit 1917!\" \/>\n<meta property=\"article:modified_time\" content=\"2024-02-19T10:36:33+00:00\" \/>\n<meta name=\"twitter:card\" content=\"summary_large_image\" \/>\n<meta name=\"twitter:label1\" content=\"Gesch\u00e4tzte Lesezeit\" \/>\n\t<meta name=\"twitter:data1\" content=\"1\u00a0Minute\" \/>\n<script type=\"application\/ld+json\" class=\"yoast-schema-graph\">{\"@context\":\"https:\/\/schema.org\",\"@graph\":[{\"@type\":\"WebPage\",\"@id\":\"https:\/\/www.naturessenzen.com\/kontakt\/\",\"url\":\"https:\/\/www.naturessenzen.com\/kontakt\/\",\"name\":\"Kontakt Duschlbaur\u00b4s Kr\u00e4utertinkturen Feldkirchen K\u00e4rnten\",\"isPartOf\":{\"@id\":\"https:\/\/www.naturessenzen.com\/#website\"},\"datePublished\":\"2019-08-13T20:10:15+00:00\",\"dateModified\":\"2024-02-19T10:36:33+00:00\",\"description\":\"Hier finden Sie den Kontakt von Duschlbaur\u00b4s Kr\u00e4utertinktur, Tinktur, Kr\u00e4uteressenz, Essenz, Kr\u00e4utertropfen\",\"breadcrumb\":{\"@id\":\"https:\/\/www.naturessenzen.com\/kontakt\/#breadcrumb\"},\"inLanguage\":\"de\",\"potentialAction\":[{\"@type\":\"ReadAction\",\"target\":[\"https:\/\/www.naturessenzen.com\/kontakt\/\"]}]},{\"@type\":\"BreadcrumbList\",\"@id\":\"https:\/\/www.naturessenzen.com\/kontakt\/#breadcrumb\",\"itemListElement\":[{\"@type\":\"ListItem\",\"position\":1,\"name\":\"Startseite\",\"item\":\"https:\/\/www.naturessenzen.com\/\"},{\"@type\":\"ListItem\",\"position\":2,\"name\":\"Kontakt\"}]},{\"@type\":\"WebSite\",\"@id\":\"https:\/\/www.naturessenzen.com\/#website\",\"url\":\"https:\/\/www.naturessenzen.com\/\",\"name\":\"Duschlbaur&#039;s Kr\u00e4uter Shop - Tinktur Kr\u00e4utertinktur kaufen! Qualit\u00e4t seit 1917!\",\"description\":\"Wir haben einen gro\u00dfe Auswahl an Kr\u00e4utertinkturen in unserem Shop! Tinktur Kr\u00e4utertinktur kaufen!\",\"potentialAction\":[{\"@type\":\"SearchAction\",\"target\":{\"@type\":\"EntryPoint\",\"urlTemplate\":\"https:\/\/www.naturessenzen.com\/?s={search_term_string}\"},\"query-input\":\"required name=search_term_string\"}],\"inLanguage\":\"de\"}]}<\/script>\n<!-- \/ Yoast SEO plugin. -->","yoast_head_json":{"title":"Kontakt Duschlbaur\u00b4s Kr\u00e4utertinkturen Feldkirchen K\u00e4rnten","description":"Hier finden Sie den Kontakt von Duschlbaur\u00b4s Kr\u00e4utertinktur, Tinktur, Kr\u00e4uteressenz, Essenz, Kr\u00e4utertropfen","robots":{"index":"index","follow":"follow","max-snippet":"max-snippet:-1","max-image-preview":"max-image-preview:large","max-video-preview":"max-video-preview:-1"},"canonical":"https:\/\/www.naturessenzen.com\/kontakt\/","og_locale":"de_DE","og_type":"article","og_title":"Kontakt Duschlbaur\u00b4s Kr\u00e4utertinkturen Feldkirchen K\u00e4rnten","og_description":"Hier finden Sie den Kontakt von Duschlbaur\u00b4s Kr\u00e4utertinktur, Tinktur, Kr\u00e4uteressenz, Essenz, Kr\u00e4utertropfen","og_url":"https:\/\/www.naturessenzen.com\/kontakt\/","og_site_name":"Duschlbaur&#039;s Kr\u00e4uter Shop - Tinktur Kr\u00e4utertinktur kaufen! Qualit\u00e4t seit 1917!","article_modified_time":"2024-02-19T10:36:33+00:00","twitter_card":"summary_large_image","twitter_misc":{"Gesch\u00e4tzte Lesezeit":"1\u00a0Minute"},"schema":{"@context":"https:\/\/schema.org","@graph":[{"@type":"WebPage","@id":"https:\/\/www.naturessenzen.com\/kontakt\/","url":"https:\/\/www.naturessenzen.com\/kontakt\/","name":"Kontakt Duschlbaur\u00b4s Kr\u00e4utertinkturen Feldkirchen K\u00e4rnten","isPartOf":{"@id":"https:\/\/www.naturessenzen.com\/#website"},"datePublished":"2019-08-13T20:10:15+00:00","dateModified":"2024-02-19T10:36:33+00:00","description":"Hier finden Sie den Kontakt von Duschlbaur\u00b4s Kr\u00e4utertinktur, Tinktur, Kr\u00e4uteressenz, Essenz, Kr\u00e4utertropfen","breadcrumb":{"@id":"https:\/\/www.naturessenzen.com\/kontakt\/#breadcrumb"},"inLanguage":"de","potentialAction":[{"@type":"ReadAction","target":["https:\/\/www.naturessenzen.com\/kontakt\/"]}]},{"@type":"BreadcrumbList","@id":"https:\/\/www.naturessenzen.com\/kontakt\/#breadcrumb","itemListElement":[{"@type":"ListItem","position":1,"name":"Startseite","item":"https:\/\/www.naturessenzen.com\/"},{"@type":"ListItem","position":2,"name":"Kontakt"}]},{"@type":"WebSite","@id":"https:\/\/www.naturessenzen.com\/#website","url":"https:\/\/www.naturessenzen.com\/","name":"Duschlbaur&#039;s Kr\u00e4uter Shop - Tinktur Kr\u00e4utertinktur kaufen! Qualit\u00e4t seit 1917!","description":"Wir haben einen gro\u00dfe Auswahl an Kr\u00e4utertinkturen in unserem Shop! Tinktur Kr\u00e4utertinktur kaufen!","potentialAction":[{"@type":"SearchAction","target":{"@type":"EntryPoint","urlTemplate":"https:\/\/www.naturessenzen.com\/?s={search_term_string}"},"query-input":"required name=search_term_string"}],"inLanguage":"de"}]}},"_links":{"self":[{"href":"https:\/\/www.naturessenzen.com\/wp-json\/wp\/v2\/pages\/28"}],"collection":[{"href":"https:\/\/www.naturessenzen.com\/wp-json\/wp\/v2\/pages"}],"about":[{"href":"https:\/\/www.naturessenzen.com\/wp-json\/wp\/v2\/types\/page"}],"author":[{"embeddable":true,"href":"https:\/\/www.naturessenzen.com\/wp-json\/wp\/v2\/users\/1"}],"replies":[{"embeddable":true,"href":"https:\/\/www.naturessenzen.com\/wp-json\/wp\/v2\/comments?post=28"}],"version-history":[{"count":36,"href":"https:\/\/www.naturessenzen.com\/wp-json\/wp\/v2\/pages\/28\/revisions"}],"predecessor-version":[{"id":9617,"href":"https:\/\/www.naturessenzen.com\/wp-json\/wp\/v2\/pages\/28\/revisions\/9617"}],"wp:attachment":[{"href":"https:\/\/www.naturessenzen.com\/wp-json\/wp\/v2\/media?parent=28"}],"curies":[{"name":"wp","href":"https:\/\/api.w.org\/{rel}","templated":true}]}}