{"id":178,"date":"2019-08-28T10:36:33","date_gmt":"2019-08-28T08:36:33","guid":{"rendered":"https:\/\/www.naturessenzen.com\/?page_id=178"},"modified":"2023-05-04T09:25:35","modified_gmt":"2023-05-04T07:25:35","slug":"agbs","status":"publish","type":"page","link":"https:\/\/www.naturessenzen.com\/agbs\/","title":{"rendered":"AGBs"},"content":{"rendered":"<section class=\"wpb-content-wrapper\"><p>[vc_row full_width=&#8220;stretch_row&#8220; content_placement=&#8220;middle&#8220; css=&#8220;.vc_custom_1566570385705{background-image: url(https:\/\/www.naturessenzen.com\/wp-content\/uploads\/2019\/08\/ossiachersee_feldkirchen_nockberge-zuschnitt.jpg?id=98) !important;background-position: center !important;background-repeat: no-repeat !important;background-size: cover !important;}&#8220; el_id=&#8220;ts-shop-header&#8220;][vc_column][vc_empty_space height=&#8220;150px&#8220;][vc_column_text]<\/p>\n<h1 style=\"text-align: left;\">AGBs<\/h1>\n<p>[\/vc_column_text][\/vc_column][\/vc_row][vc_row][vc_column][vc_column_text]<\/p>\n<h2>Allgemeine Gesch\u00e4ftsbedingungen<\/h2>\n<p><strong>Geltungsbereich<\/strong><br \/>\nF\u00fcr die Gesch\u00e4ftsbeziehungen zwischen der Naturkost Duschlbaur GmbH und dem Kunden gelten ausschlie\u00dflich diese allgemeinen Gesch\u00e4ftsbedingungen. Entgegenstehende oder von diesen AGB abweichende Bedingungen erkennt Naturkost Duschlbaur GmbH nicht an und widerspricht ihnen hiermit ausdr\u00fccklich. Entgegenstehende Gesch\u00e4ftsbedingungen des Kunden sind nur g\u00fcltig, wenn die Naturkost Duschlbaur GmbH ausdr\u00fccklich und schriftlich zustimmt.<\/p>\n<p><strong>Zeitpunkt des Vertragsschlusses<\/strong><br \/>\nDurch Anklicken des Buttons &#8222;Jetzt kaufen&#8220;, \u201cBestellung abschicken\u201d bzw. &#8222;Weiter zu PayPal&#8220; (oder \u00e4hnlicher Bezeichnung zu weiterf\u00fchrenden Zahlungsarten bzw. die eine Kaufabsicht vermittelt) geben Sie eine verbindliche Bestellung der im Warenkorb enthaltenen Waren ab. Die Best\u00e4tigung des Eingangs der Bestellung folgt unmittelbar nach dem Absenden der Bestellung. Der Kaufvertrag kommt mit unserer Auslieferungsbest\u00e4tigung oder Lieferung der Waren zustande.<\/p>\n<p><strong>Einsicht in den Vertragstext<\/strong><br \/>\nDer Vertragstext wird gespeichert. Sie k\u00f6nnen die allgemeinen Vertragsbedingungen jederzeit auf dieser Seite einsehen. Ihre konkreten Bestelldaten k\u00f6nnen Sie in unter Mein Konto einsehen.<\/p>\n<p><strong>Lieferzeiten<\/strong><br \/>\nDie voraussichtliche Lieferzeit entnehmen Sie bitte der Produktbeschreibung. Falls dort keine Angaben gemacht werden, erfolgt die Lieferung bei Bestellannahme innerhalb von 5 Werktagen nach Zahlungseingang. Die Vereinbarung l\u00e4ngerer Lieferzeiten auf Ihren Wunsch ist m\u00f6glich.<\/p>\n<p><strong>Widerrufsbelehrung\/Widerrufsrecht<\/strong><br \/>\nSie k\u00f6nnen Ihre Vertragserkl\u00e4rung innerhalb von zwei Wochen ohne Angabe von Gr\u00fcnden in Textform (z.B. Brief, Fax, E-Mail) oder durch R\u00fccksendung der Ware\u00a0widerrufen. Die Frist beginnt fr\u00fchestens mit Erhalt dieser Belehrung. Zur Wahrung der Widerrufsfrist gen\u00fcgt die rechtzeitige Absendung des Widerrufs oder der Sache. Der Widerruf ist zu richten an:<\/p>\n<div>\n<p>Naturkost Duschlbaur GmbH<br \/>\n<span class=\"section-info-text\"><span class=\"widget-pane-link\">Obere Tiebelgasse 6<br \/>\n9560 Feldkirch in K\u00e4rnten<br \/>\n<\/span><\/span>\u00d6sterreich<br \/>\nTel: <a href=\"tel:+43427637710\">+43 427 63 77 10<\/a><br \/>\nMail: <a href=\"mailto:kontakt@naturessenzen.com\">kontakt@naturessenzen.com<\/a><\/p>\n<\/div>\n<p>Das Widerrufsrecht besteht, soweit die Parteien nichts anderes vereinbart haben, nicht bei folgenden Vertr\u00e4gen:<\/p>\n<p>\u2013 Vertr\u00e4ge zur Lieferung von Waren, die nicht vorgefertigt sind und f\u00fcr deren Herstellung eine individuelle Auswahl zur Bestimmung durch den Verbraucher ma\u00dfgeblich ist oder die eindeutig auf die pers\u00f6nlichen Bed\u00fcrfnisse des Verbrauchers zugeschnitten sind,<\/p>\n<p>\u2013 Vertr\u00e4ge zur Lieferung versiegelter Waren, die aus Gr\u00fcnden des Gesundheitsschutzes oder der Hygiene nicht zur R\u00fcckgabe geeignet sind. Darunter z\u00e4hlen in unserem Sortiment die Tinkturen und Gemmo Mazerate). Aura Spay\u00b4s und Cremen sind ausgenommen.<\/p>\n<p>\u2013 Vertr\u00e4ge zur Lieferung von Waren, wenn diese nach der Lieferung auf Grund ihrer Beschaffenheit untrennbar mit anderen G\u00fctern vermischt wurden.<\/p>\n<p>Die R\u00fccksendung ist nicht kostenfrei und muss vom K\u00e4ufer \u00fcbernommen werden.<\/p>\n<p><strong>Widerrufsfolgen<\/strong><br \/>\nIm Falle eines wirksamen Widerrufs sind die beiderseits empfangenen Leistungen zur\u00fcckzugew\u00e4hren und ggf. gezogene Nutzungen (z.B. Zinsen) herauszugeben. K\u00f6nnen Sie uns die empfangene Leistung ganz oder teilweise nicht oder nur in verschlechtertem Zustand zur\u00fcckgew\u00e4hren, m\u00fcssen Sie uns insoweit ggf. Wertersatz leisten. Bei der \u00dcberlassung von Ware\u00a0gilt dies nicht, wenn die Verschlechterung der Ware ausschlie\u00dflich auf deren Pr\u00fcfung \u2013 wie sie Ihnen etwa im Ladengesch\u00e4ft m\u00f6glich gewesen w\u00e4re \u2013 zur\u00fcckzuf\u00fchren ist. Im \u00dcbrigen k\u00f6nnen Sie die Wertersatzpflicht vermeiden, indem Sie die Sache nicht wie ihr Eigentum in Gebrauch nehmen und alles unterlassen, was deren Wert beeintr\u00e4chtigt. Paketversandf\u00e4hige Ware\u00a0ist zur\u00fcckzusenden. \u00a0Sie haben die Kosten der R\u00fccksendung zu tragen. Verpflichtungen zur Erstattung von Zahlungen m\u00fcssen Sie innerhalb von 30 Tagen nach Absendung ihrer Widerrufserkl\u00e4rung erf\u00fcllen.<\/p>\n<p><strong>Besondere Hinweise<\/strong><br \/>\nIhr Widerrufsrecht erlischt vorzeitig, wenn Ihr Vertragspartner mit der Ausf\u00fchrung der Dienstleistung mit Ihrer ausdr\u00fccklichen Zustimmung vor Ende der Widerrufsfrist begonnen hat oder Sie diese selbst veranlasst haben (z.B. durch Download etc.).<\/p>\n<p><strong>Gew\u00e4hrleistung<\/strong><br \/>\nDie Gew\u00e4hrleistung erfolgt nach den gesetzlichen Bestimmungen, wobei wir im Falle eines Mangels der Ware nach Ihrer Wahl zun\u00e4chst nachliefern oder nachbessern. Schl\u00e4gt die Nachbesserung fehl oder ist die nachgelieferte Ware ebenfalls mangelbehaftet, so k\u00f6nnen Sie die Ware gegen R\u00fcckerstattung des vollen Kaufpreises zur\u00fcck geben oder die Ware behalten und den Kaufpreis mindern. Informationen \u00fcber eventuelle Herstellergarantien entnehmen Sie bitte der Produktdokumentation.\u00a0Die Haftung beschr\u00e4nkt sich au\u00dfer bei Vorsatz auf den Artikelpreis.<\/p>\n<p><strong>Eigentumsvorbehalt<\/strong><br \/>\nDie gelieferte Ware bleibt bis zur vollst\u00e4ndigen Bezahlung unser Eigentum.<\/p>\n<p><strong>Gerichtsstand<\/strong><br \/>\nDer Gerichtsstand f\u00fcr alle Rechtsstreitigkeiten aus diesem Vertrag ist das\u00a0Landesgericht Klagenfurt am W\u00f6rthersee.<\/p>\n<p><strong>Datenschutzerkl\u00e4rung<\/strong><br \/>\nWir verwenden Ihre Bestandsdaten ausschlie\u00dflich zur Abwicklung Ihrer Bestellung. Alle Kundendaten werden unter Beachtung der einschl\u00e4gigen Vorschriften der Bundesdatenschutzgesetze (BDSG) und des Teledienstdatenschutzgesetzes (TDDSG) von uns gespeichert und verarbeitet.\u00a0Sie haben jederzeit ein Recht auf kostenlose Auskunft, Berichtigung, Sperrung und L\u00f6schung Ihrer gespeicherten Daten. Bitte wenden Sie sich an kontakt@naturkost-duschlbaur.at oder senden Sie uns Ihr Verlangen per Post oder Fax.<\/p>\n<p>Wir geben Ihre personenbezogenen Daten einschlie\u00dflich Ihrer Haus-Adresse und E-Mail-Adresse nicht ohne Ihre ausdr\u00fcckliche und jederzeit widerrufliche Einwilligung an Dritte weiter. Ausgenommen hiervon sind unsere Dienstleistungspartner, die zur Bestellabwicklung die \u00dcbermittlung von Daten ben\u00f6tigen (z.B. das mit der Lieferung beauftragte Versandunternehmen und das mit der Zahlungsabwicklung beauftragte Kreditinstitut). In diesen F\u00e4llen beschr\u00e4nkt sich der Umfang der \u00fcbermittelten Daten jedoch nur auf das erforderliche Minimum.[\/vc_column_text][\/vc_column][\/vc_row]<\/p>\n<\/section>","protected":false},"excerpt":{"rendered":"<p>[vc_row full_width=&#8220;stretch_row&#8220; content_placement=&#8220;middle&#8220; css=&#8220;.vc_custom_1566570385705{background-image: url(https:\/\/www.naturessenzen.com\/wp-content\/uploads\/2019\/08\/ossiachersee_feldkirchen_nockberge-zuschnitt.jpg?id=98) !important;background-position: center !important;background-repeat: no-repeat !important;background-size: cover !important;}&#8220; el_id=&#8220;ts-shop-header&#8220;][vc_column][vc_empty_space height=&#8220;150px&#8220;][vc_column_text] AGBs [\/vc_column_text][\/vc_column][\/vc_row][vc_row][vc_column][vc_column_text] Allgemeine Gesch\u00e4ftsbedingungen Geltungsbereich F\u00fcr die Gesch\u00e4ftsbeziehungen zwischen der Naturkost Duschlbaur GmbH und dem Kunden gelten ausschlie\u00dflich diese allgemeinen Gesch\u00e4ftsbedingungen. Entgegenstehende oder von diesen AGB abweichende Bedingungen erkennt Naturkost Duschlbaur GmbH nicht an und widerspricht ihnen hiermit ausdr\u00fccklich. Entgegenstehende Gesch\u00e4ftsbedingungen&hellip;<\/p>\n","protected":false},"author":1,"featured_media":0,"parent":0,"menu_order":0,"comment_status":"closed","ping_status":"closed","template":"","meta":{"inline_featured_image":false},"acf":[],"yoast_head":"<!-- This site is optimized with the Yoast SEO plugin v20.11 - https:\/\/yoast.com\/wordpress\/plugins\/seo\/ -->\n<title>AGBs - Duschlbaur&#039;s Kr\u00e4uter Shop - Tinktur Kr\u00e4utertinktur kaufen! Qualit\u00e4t seit 1917!<\/title>\n<meta name=\"robots\" content=\"index, follow, max-snippet:-1, max-image-preview:large, max-video-preview:-1\" \/>\n<link rel=\"canonical\" href=\"https:\/\/www.naturessenzen.com\/agbs\/\" \/>\n<meta property=\"og:locale\" content=\"de_DE\" \/>\n<meta property=\"og:type\" content=\"article\" \/>\n<meta property=\"og:title\" content=\"AGBs - Duschlbaur&#039;s Kr\u00e4uter Shop - Tinktur Kr\u00e4utertinktur kaufen! Qualit\u00e4t seit 1917!\" \/>\n<meta property=\"og:description\" content=\"[vc_row full_width=&#8220;stretch_row&#8220; content_placement=&#8220;middle&#8220; css=&#8220;.vc_custom_1566570385705{background-image: url(https:\/\/www.naturessenzen.com\/wp-content\/uploads\/2019\/08\/ossiachersee_feldkirchen_nockberge-zuschnitt.jpg?id=98) !important;background-position: center !important;background-repeat: no-repeat !important;background-size: cover !important;}&#8220; el_id=&#8220;ts-shop-header&#8220;][vc_column][vc_empty_space height=&#8220;150px&#8220;][vc_column_text] AGBs [\/vc_column_text][\/vc_column][\/vc_row][vc_row][vc_column][vc_column_text] Allgemeine Gesch\u00e4ftsbedingungen Geltungsbereich F\u00fcr die Gesch\u00e4ftsbeziehungen zwischen der Naturkost Duschlbaur GmbH und dem Kunden gelten ausschlie\u00dflich diese allgemeinen Gesch\u00e4ftsbedingungen. Entgegenstehende oder von diesen AGB abweichende Bedingungen erkennt Naturkost Duschlbaur GmbH nicht an und widerspricht ihnen hiermit ausdr\u00fccklich. Entgegenstehende Gesch\u00e4ftsbedingungen&hellip;\" \/>\n<meta property=\"og:url\" content=\"https:\/\/www.naturessenzen.com\/agbs\/\" \/>\n<meta property=\"og:site_name\" content=\"Duschlbaur&#039;s Kr\u00e4uter Shop - Tinktur Kr\u00e4utertinktur kaufen! Qualit\u00e4t seit 1917!\" \/>\n<meta property=\"article:modified_time\" content=\"2023-05-04T07:25:35+00:00\" \/>\n<meta name=\"twitter:card\" content=\"summary_large_image\" \/>\n<meta name=\"twitter:label1\" content=\"Gesch\u00e4tzte Lesezeit\" \/>\n\t<meta name=\"twitter:data1\" content=\"4\u00a0Minuten\" \/>\n<script type=\"application\/ld+json\" class=\"yoast-schema-graph\">{\"@context\":\"https:\/\/schema.org\",\"@graph\":[{\"@type\":\"WebPage\",\"@id\":\"https:\/\/www.naturessenzen.com\/agbs\/\",\"url\":\"https:\/\/www.naturessenzen.com\/agbs\/\",\"name\":\"AGBs - Duschlbaur&#039;s Kr\u00e4uter Shop - Tinktur Kr\u00e4utertinktur kaufen! Qualit\u00e4t seit 1917!\",\"isPartOf\":{\"@id\":\"https:\/\/www.naturessenzen.com\/#website\"},\"datePublished\":\"2019-08-28T08:36:33+00:00\",\"dateModified\":\"2023-05-04T07:25:35+00:00\",\"breadcrumb\":{\"@id\":\"https:\/\/www.naturessenzen.com\/agbs\/#breadcrumb\"},\"inLanguage\":\"de\",\"potentialAction\":[{\"@type\":\"ReadAction\",\"target\":[\"https:\/\/www.naturessenzen.com\/agbs\/\"]}]},{\"@type\":\"BreadcrumbList\",\"@id\":\"https:\/\/www.naturessenzen.com\/agbs\/#breadcrumb\",\"itemListElement\":[{\"@type\":\"ListItem\",\"position\":1,\"name\":\"Startseite\",\"item\":\"https:\/\/www.naturessenzen.com\/\"},{\"@type\":\"ListItem\",\"position\":2,\"name\":\"AGBs\"}]},{\"@type\":\"WebSite\",\"@id\":\"https:\/\/www.naturessenzen.com\/#website\",\"url\":\"https:\/\/www.naturessenzen.com\/\",\"name\":\"Duschlbaur&#039;s Kr\u00e4uter Shop - Tinktur Kr\u00e4utertinktur kaufen! Qualit\u00e4t seit 1917!\",\"description\":\"Wir haben einen gro\u00dfe Auswahl an Kr\u00e4utertinkturen in unserem Shop! Tinktur Kr\u00e4utertinktur kaufen!\",\"potentialAction\":[{\"@type\":\"SearchAction\",\"target\":{\"@type\":\"EntryPoint\",\"urlTemplate\":\"https:\/\/www.naturessenzen.com\/?s={search_term_string}\"},\"query-input\":\"required name=search_term_string\"}],\"inLanguage\":\"de\"}]}<\/script>\n<!-- \/ Yoast SEO plugin. -->","yoast_head_json":{"title":"AGBs - Duschlbaur&#039;s Kr\u00e4uter Shop - Tinktur Kr\u00e4utertinktur kaufen! Qualit\u00e4t seit 1917!","robots":{"index":"index","follow":"follow","max-snippet":"max-snippet:-1","max-image-preview":"max-image-preview:large","max-video-preview":"max-video-preview:-1"},"canonical":"https:\/\/www.naturessenzen.com\/agbs\/","og_locale":"de_DE","og_type":"article","og_title":"AGBs - Duschlbaur&#039;s Kr\u00e4uter Shop - Tinktur Kr\u00e4utertinktur kaufen! Qualit\u00e4t seit 1917!","og_description":"[vc_row full_width=&#8220;stretch_row&#8220; content_placement=&#8220;middle&#8220; css=&#8220;.vc_custom_1566570385705{background-image: url(https:\/\/www.naturessenzen.com\/wp-content\/uploads\/2019\/08\/ossiachersee_feldkirchen_nockberge-zuschnitt.jpg?id=98) !important;background-position: center !important;background-repeat: no-repeat !important;background-size: cover !important;}&#8220; el_id=&#8220;ts-shop-header&#8220;][vc_column][vc_empty_space height=&#8220;150px&#8220;][vc_column_text] AGBs [\/vc_column_text][\/vc_column][\/vc_row][vc_row][vc_column][vc_column_text] Allgemeine Gesch\u00e4ftsbedingungen Geltungsbereich F\u00fcr die Gesch\u00e4ftsbeziehungen zwischen der Naturkost Duschlbaur GmbH und dem Kunden gelten ausschlie\u00dflich diese allgemeinen Gesch\u00e4ftsbedingungen. Entgegenstehende oder von diesen AGB abweichende Bedingungen erkennt Naturkost Duschlbaur GmbH nicht an und widerspricht ihnen hiermit ausdr\u00fccklich. Entgegenstehende Gesch\u00e4ftsbedingungen&hellip;","og_url":"https:\/\/www.naturessenzen.com\/agbs\/","og_site_name":"Duschlbaur&#039;s Kr\u00e4uter Shop - Tinktur Kr\u00e4utertinktur kaufen! Qualit\u00e4t seit 1917!","article_modified_time":"2023-05-04T07:25:35+00:00","twitter_card":"summary_large_image","twitter_misc":{"Gesch\u00e4tzte Lesezeit":"4\u00a0Minuten"},"schema":{"@context":"https:\/\/schema.org","@graph":[{"@type":"WebPage","@id":"https:\/\/www.naturessenzen.com\/agbs\/","url":"https:\/\/www.naturessenzen.com\/agbs\/","name":"AGBs - Duschlbaur&#039;s Kr\u00e4uter Shop - Tinktur Kr\u00e4utertinktur kaufen! Qualit\u00e4t seit 1917!","isPartOf":{"@id":"https:\/\/www.naturessenzen.com\/#website"},"datePublished":"2019-08-28T08:36:33+00:00","dateModified":"2023-05-04T07:25:35+00:00","breadcrumb":{"@id":"https:\/\/www.naturessenzen.com\/agbs\/#breadcrumb"},"inLanguage":"de","potentialAction":[{"@type":"ReadAction","target":["https:\/\/www.naturessenzen.com\/agbs\/"]}]},{"@type":"BreadcrumbList","@id":"https:\/\/www.naturessenzen.com\/agbs\/#breadcrumb","itemListElement":[{"@type":"ListItem","position":1,"name":"Startseite","item":"https:\/\/www.naturessenzen.com\/"},{"@type":"ListItem","position":2,"name":"AGBs"}]},{"@type":"WebSite","@id":"https:\/\/www.naturessenzen.com\/#website","url":"https:\/\/www.naturessenzen.com\/","name":"Duschlbaur&#039;s Kr\u00e4uter Shop - Tinktur Kr\u00e4utertinktur kaufen! Qualit\u00e4t seit 1917!","description":"Wir haben einen gro\u00dfe Auswahl an Kr\u00e4utertinkturen in unserem Shop! Tinktur Kr\u00e4utertinktur kaufen!","potentialAction":[{"@type":"SearchAction","target":{"@type":"EntryPoint","urlTemplate":"https:\/\/www.naturessenzen.com\/?s={search_term_string}"},"query-input":"required name=search_term_string"}],"inLanguage":"de"}]}},"_links":{"self":[{"href":"https:\/\/www.naturessenzen.com\/wp-json\/wp\/v2\/pages\/178"}],"collection":[{"href":"https:\/\/www.naturessenzen.com\/wp-json\/wp\/v2\/pages"}],"about":[{"href":"https:\/\/www.naturessenzen.com\/wp-json\/wp\/v2\/types\/page"}],"author":[{"embeddable":true,"href":"https:\/\/www.naturessenzen.com\/wp-json\/wp\/v2\/users\/1"}],"replies":[{"embeddable":true,"href":"https:\/\/www.naturessenzen.com\/wp-json\/wp\/v2\/comments?post=178"}],"version-history":[{"count":6,"href":"https:\/\/www.naturessenzen.com\/wp-json\/wp\/v2\/pages\/178\/revisions"}],"predecessor-version":[{"id":6688,"href":"https:\/\/www.naturessenzen.com\/wp-json\/wp\/v2\/pages\/178\/revisions\/6688"}],"wp:attachment":[{"href":"https:\/\/www.naturessenzen.com\/wp-json\/wp\/v2\/media?parent=178"}],"curies":[{"name":"wp","href":"https:\/\/api.w.org\/{rel}","templated":true}]}}